{"id":1222,"date":"2024-12-17T00:09:32","date_gmt":"2024-12-17T00:09:32","guid":{"rendered":"http:\/\/vapenex.com\/?post_type=product&#038;p=1222"},"modified":"2026-04-06T14:29:57","modified_gmt":"2026-04-06T14:29:57","slug":"savage-stars-engangs-vape-20000-puffs","status":"publish","type":"product","link":"https:\/\/vapenex.com\/da\/savage-stars-disposable-vape-20000-puffs\/","title":{"rendered":"Savage Stars Engangs Vape 20000 Puffs"},"content":{"rendered":"<div data-elementor-type=\"product-post\" data-elementor-id=\"1222\" class=\"elementor elementor-1222\" data-elementor-post-type=\"product\">\n\t\t\t\t<div class=\"elementor-element elementor-element-1ebca356 e-flex e-con-boxed e-con e-parent\" data-id=\"1ebca356\" data-element_type=\"container\" data-e-type=\"container\" data-settings=\"{&quot;ekit_has_onepagescroll_dot&quot;:&quot;yes&quot;}\">\n\t\t\t\t\t<div class=\"e-con-inner\">\n\t\t\t\t<div class=\"elementor-element elementor-element-4deacb8b elementor-widget elementor-widget-text-editor\" data-id=\"4deacb8b\" data-element_type=\"widget\" data-e-type=\"widget\" data-settings=\"{&quot;ekit_we_effect_on&quot;:&quot;none&quot;}\" data-widget_type=\"text-editor.default\">\n\t\t\t\t\t\t\t\t\t<h2>SAVAGE STARS 20000 Puffs - Lys op i din vaping-oplevelse!<\/h2><h3>\u00a0<\/h3><h3>Stilfuldt design, smarte funktioner og uforglemmelige smagsoplevelser!<\/h3><p>Den <strong>SAVAGE STARS 20000 Puffs<\/strong> er en banebrydende vaping-enhed, der kombinerer avanceret teknologi med slankt design. Med fuldsk\u00e6rmsdisplay, dual mesh coil-system og et bredt udvalg af dristige smagsvarianter er denne enhed perfekt til dampere, der vil have stil og ydeevne i \u00e9n pakke.<\/p><p>\u00a0<\/p><h3>Fordele ved SAVAGE STARS 20000 Puffs<\/h3><p>\u2705 <strong>20.000 Puffs<\/strong> - Bygget til langvarig nydelse uden afbrydelser.<br \/>\u2705 <strong>29 ml e-v\u00e6ske-kapacitet<\/strong> - Forudfyldt til l\u00e6ngere tids brug.<br \/>\u2705 <strong>0\/20\/30\/50mg Nic Salt muligheder<\/strong> - Skr\u00e6ddersy din nikotinstyrke efter dine pr\u00e6ferencer.<br \/>\u2705 <strong>Dual Mesh Coil-teknologi<\/strong> - Forbedret smag og j\u00e6vn dampproduktion.<br \/>\u2705 <strong>Smart vaping-timer<\/strong> - Hold styr p\u00e5 dine sessioner med pr\u00e6cision.<br \/>\u2705 <strong>Fuldsk\u00e6rmsvisning<\/strong> - Slankt og moderne design for nem overv\u00e5gning.<br \/>\u2705 <strong>USB-C hurtigopladning (45 minutter)<\/strong> - Hurtig og p\u00e5lidelig str\u00f8m, n\u00e5r du har brug for det.<br \/>\u2705 <strong>Letv\u00e6gt p\u00e5 100 g<\/strong> - B\u00e6rbar og praktisk til dampning p\u00e5 farten.<\/p><p>\u00a0<\/p><h3>Smagsmuligheder, der begejstrer<\/h3><p>\u2714 \ud83c\udf47\u2744\ufe0f <strong>Grape Ice<\/strong> - S\u00f8de druer med en k\u00f8lig finish.<br \/>\u2714 \ud83c\udf53\ud83c\udf49 <strong>Jordb\u00e6r vandmelon<\/strong> - En forfriskende sommerduo.<br \/>\u2714 \ud83e\udd64\ud83c\udf52 <strong>Cherry Cola<\/strong> - Klassisk cola med et twist af kirseb\u00e6r.<br \/>\u2714 \ud83c\udf4a\ud83e\udd6d <strong>Passionsfrugt Orange Guava<\/strong> - En tropisk paradisisk blanding.<br \/>\u2714 \ud83e\uded0\u2744\ufe0f <strong>Bl\u00e5b\u00e6ris<\/strong> - S\u00f8de bl\u00e5b\u00e6r med et iskoldt kick.<br \/>\u2714 \ud83c\udf51\ud83e\udd6d\ud83c\udf49 <strong>Fersken Mango Vandmelon<\/strong> - En tredobbelt frugtsensation.<br \/>\u2714 \ud83c\udf49\u2744\ufe0f <strong>Vandmelon is<\/strong> - Saftig vandmelon med en k\u00f8lig finish.<br \/>\u2714 \ud83e\udd5d\ud83c\udf4d\ud83c\udf51 <strong>Kiwi ananas fersken<\/strong> - En eksotisk frugtblanding.<br \/>\u2714 \ud83e\uded0\u2744\ufe0f <strong>Blue Razz Ice<\/strong> - Syrlig bl\u00e5 hindb\u00e6r med en k\u00f8lig finish.<br \/>\u2714 \ud83c\udf4d\ud83d\udc09 <strong>Ananas Dragonfruit Grapefrugt<\/strong> - En fed citrusfusion.<\/p><p>\u00a0<\/p><h3>Tekniske specifikationer<\/h3><p>\ud83d\udd0b <strong>Batteri:<\/strong> USB-C genopladelig (45 minutters hurtig opladning)<br \/>\ud83d\udca7 <strong>E-v\u00e6ske kapacitet:<\/strong> 29 ml (forudfyldt)<br \/>\u2699\ufe0f <strong>Spole:<\/strong> Dual Mesh Coil Technology giver forbedret smag og dampproduktion<br \/>\ud83d\udcf1 <strong>Sk\u00e6rm:<\/strong> Fuldsk\u00e6rmsdisplay med smart damptimer<br \/>\ud83d\udce6 <strong>Hurtig levering fra EU-lager:<\/strong> Levering inden for kun <em>3-5 dage<\/em>!<\/p><p>\u00a0<\/p><p>SAVAGE STARS 20000 er det ultimative valg for dampere, der \u00f8nsker at kombinere banebrydende teknologi, elegant design og l\u00e6kre smagsoplevelser i \u00e9n enhed. Bestil din i dag, og str\u00e5l med hvert eneste pust!<\/p>\t\t\t\t\t\t\t\t<\/div>\n\t\t\t\t\t<\/div>\n\t\t\t\t<\/div>\n\t\t\t\t<\/div>","protected":false},"excerpt":{"rendered":"<p>Den <strong>SAVAGE STARS 20000 Puffs<\/strong> er designet til dampere, der \u00f8nsker ydeevne og stil. Med sin fuldsk\u00e6rmsvisning, dual mesh coil-teknologi og et bredt udvalg af smagsvarianter er denne enhed perfekt til dem, der \u00f8nsker at h\u00e6ve deres dampniveau.<\/p>","protected":false},"featured_media":1268,"comment_status":"open","ping_status":"closed","template":"","meta":[],"product_brand":[230],"product_cat":[2267,237],"product_tag":[],"class_list":{"0":"post-1222","1":"product","2":"type-product","3":"status-publish","4":"has-post-thumbnail","6":"product_brand-savage-vape","7":"product_cat-savage-disposable-vapes","8":"product_cat-disposable-vapes","9":"pa_battery-capacity-650-mah","10":"pa_charging-type-fast-charging","11":"pa_charging-type-usb-c","12":"pa_e-liquid-capacity-29ml","13":"pa_puff-count-approx-20000","14":"pa_timer-smart-timer","16":"first","17":"instock","18":"shipping-taxable","19":"purchasable","20":"product-type-variable"},"_links":{"self":[{"href":"https:\/\/vapenex.com\/da\/wp-json\/wp\/v2\/product\/1222","targetHints":{"allow":["GET"]}}],"collection":[{"href":"https:\/\/vapenex.com\/da\/wp-json\/wp\/v2\/product"}],"about":[{"href":"https:\/\/vapenex.com\/da\/wp-json\/wp\/v2\/types\/product"}],"replies":[{"embeddable":true,"href":"https:\/\/vapenex.com\/da\/wp-json\/wp\/v2\/comments?post=1222"}],"version-history":[{"count":1,"href":"https:\/\/vapenex.com\/da\/wp-json\/wp\/v2\/product\/1222\/revisions"}],"predecessor-version":[{"id":3678,"href":"https:\/\/vapenex.com\/da\/wp-json\/wp\/v2\/product\/1222\/revisions\/3678"}],"wp:featuredmedia":[{"embeddable":true,"href":"https:\/\/vapenex.com\/da\/wp-json\/wp\/v2\/media\/1268"}],"wp:attachment":[{"href":"https:\/\/vapenex.com\/da\/wp-json\/wp\/v2\/media?parent=1222"}],"wp:term":[{"taxonomy":"product_brand","embeddable":true,"href":"https:\/\/vapenex.com\/da\/wp-json\/wp\/v2\/product_brand?post=1222"},{"taxonomy":"product_cat","embeddable":true,"href":"https:\/\/vapenex.com\/da\/wp-json\/wp\/v2\/product_cat?post=1222"},{"taxonomy":"product_tag","embeddable":true,"href":"https:\/\/vapenex.com\/da\/wp-json\/wp\/v2\/product_tag?post=1222"}],"curies":[{"name":"wp","href":"https:\/\/api.w.org\/{rel}","templated":true}]}}