{"id":1381,"date":"2024-12-17T18:35:54","date_gmt":"2024-12-17T18:35:54","guid":{"rendered":"http:\/\/vapenex.com\/?post_type=product&#038;p=1381"},"modified":"2026-04-06T14:29:57","modified_gmt":"2026-04-06T14:29:57","slug":"savage-fitness-engangs-vape-30000-puffs","status":"publish","type":"product","link":"https:\/\/vapenex.com\/da\/savage-fitness-disposable-vape-30000-puffs\/","title":{"rendered":"Savage Fitness Engangs Vape 30000 Puffs"},"content":{"rendered":"<div data-elementor-type=\"product-post\" data-elementor-id=\"1381\" class=\"elementor elementor-1381\" data-elementor-post-type=\"product\">\n\t\t\t\t<div class=\"elementor-element elementor-element-18c9317 e-flex e-con-boxed e-con e-parent\" data-id=\"18c9317\" data-element_type=\"container\" data-e-type=\"container\" data-settings=\"{&quot;ekit_has_onepagescroll_dot&quot;:&quot;yes&quot;}\">\n\t\t\t\t\t<div class=\"e-con-inner\">\n\t\t\t\t<div class=\"elementor-element elementor-element-7e27506f elementor-widget elementor-widget-text-editor\" data-id=\"7e27506f\" data-element_type=\"widget\" data-e-type=\"widget\" data-settings=\"{&quot;ekit_we_effect_on&quot;:&quot;none&quot;}\" data-widget_type=\"text-editor.default\">\n\t\t\t\t\t\t\t\t\t<h2>SAVAGE FITNESS 30000 Puffs - hvor stil m\u00f8der pr\u00e6station!<\/h2><h3>\u00a0<\/h3><h3>Slip innovationskraften l\u00f8s med hvert eneste pust!<\/h3><p>Den <strong>SAVAGE FITNESS 30000 Puffs<\/strong> er mere end bare et dampapparat - det er en erkl\u00e6ring om stil og funktionalitet. Med sit unikke fidget spinner-ringdesign, sin enorme puff-kapacitet og uimodst\u00e5elige smagsvarianter er denne enhed perfekt til dampere, der \u00f8nsker at skille sig ud og samtidig nyde en f\u00f8rsteklasses ydeevne.<\/p><p>\u00a0<\/p><h3>Funktioner, der adskiller SAVAGE FITNESS 30000 fra andre<\/h3><p>\u2705 <strong>30.000 Puffs<\/strong> - Nyd langvarig ydeevne uden afbrydelser.<br \/>\u2705 <strong>30 ml e-v\u00e6ske-kapacitet<\/strong> - Forudfyldt til udvidet brug og bekvemmelighed.<br \/>\u2705 <strong>0\/20\/30\/50mg Nic Salt muligheder<\/strong> - Skr\u00e6ddersy din nikotinstyrke efter dine pr\u00e6ferencer.<br \/>\u2705 <strong>Ring i fidget spinner-stil<\/strong> - En sjov og stilfuld tilf\u00f8jelse til din dampoplevelse.<br \/>\u2705 <strong>150 g letv\u00e6gtsdesign<\/strong> - B\u00e6rbar og nem at have med overalt.<\/p><p>\u00a0<\/p><h3>Smagsoplevelser, der f\u00e5r dig til at vende tilbage<\/h3><p>\u2714 \ud83c\udf53 <strong>Blandede b\u00e6r sorte<\/strong> - En rig blanding af s\u00f8de og syrlige b\u00e6r.<br \/>\u2714 \u2744\ufe0f <strong>Ribs Is<\/strong> - Fed solb\u00e6r med et forfriskende iskoldt twist.<br \/>\u2714 \ud83e\uded0\ud83c\udf6c <strong>Blueberry Gum Blue Razz<\/strong> - En frugtig eksplosion af bl\u00e5b\u00e6r og bl\u00e5 hindb\u00e6r med en finish af tyggegummi.<br \/>\u2714 \ud83c\udf4b\ud83e\udd64 <strong>Limonade<\/strong> - Syrlig og forfriskende citrusl\u00e6kkerhed.<br \/>\u2714 \ud83c\udf52\ud83c\udf89 <strong>Cherry Fiesta<\/strong> - En s\u00f8d og syrlig kirseb\u00e6rfest i hvert eneste pust.<\/p><p>\u00a0<\/p><h3>Tekniske specifikationer<\/h3><p>\ud83d\udd0b Batteri: Langvarig ydeevne til l\u00e6ngerevarende sessioner<br \/>\ud83d\udca7 E-v\u00e6ske-kapacitet: 30 ml (forudfyldt)<br \/>\u2699\ufe0f Design: Ring i fidget spinner-stil for ekstra funktionalitet<br \/>\ud83d\udce6 <strong>Hurtig levering fra EU-lager:<\/strong> Levering p\u00e5 bare <em>3-5 dage<\/em>!<\/p><p>\u00a0<\/p><p>Lav en dristig erkl\u00e6ring med SAVAGE FITNESS 30000! Denne enhed kombinerer innovativt design, f\u00f8rsteklasses smagsvarianter og uovertruffen ydeevne og er perfekt til dampere, der vil have det hele. Bestil nu, og l\u00f8ft din dampoplevelse i dag!<\/p>\t\t\t\t\t\t\t\t<\/div>\n\t\t\t\t\t<\/div>\n\t\t\t\t<\/div>\n\t\t\t\t<\/div>","protected":false},"excerpt":{"rendered":"<p>Den <strong>SAVAGE FITNESS 30000 Puffs<\/strong> er mere end bare et dampapparat - det er en erkl\u00e6ring om stil og funktionalitet. Med sit unikke fidget spinner-ringdesign, sin enorme puff-kapacitet og uimodst\u00e5elige smagsvarianter er denne enhed perfekt til dampere, der \u00f8nsker at skille sig ud og samtidig nyde en f\u00f8rsteklasses ydeevne.<\/p>","protected":false},"featured_media":1391,"comment_status":"open","ping_status":"closed","template":"","meta":[],"product_brand":[230],"product_cat":[2267,237],"product_tag":[],"class_list":{"0":"post-1381","1":"product","2":"type-product","3":"status-publish","4":"has-post-thumbnail","6":"product_brand-savage-vape","7":"product_cat-savage-disposable-vapes","8":"product_cat-disposable-vapes","9":"pa_battery-capacity-650-mah","10":"pa_charging-type-usb-c","11":"pa_e-liquid-capacity-30ml","12":"pa_puff-count-approx-30000","14":"first","15":"instock","16":"shipping-taxable","17":"purchasable","18":"product-type-variable"},"_links":{"self":[{"href":"https:\/\/vapenex.com\/da\/wp-json\/wp\/v2\/product\/1381","targetHints":{"allow":["GET"]}}],"collection":[{"href":"https:\/\/vapenex.com\/da\/wp-json\/wp\/v2\/product"}],"about":[{"href":"https:\/\/vapenex.com\/da\/wp-json\/wp\/v2\/types\/product"}],"replies":[{"embeddable":true,"href":"https:\/\/vapenex.com\/da\/wp-json\/wp\/v2\/comments?post=1381"}],"version-history":[{"count":1,"href":"https:\/\/vapenex.com\/da\/wp-json\/wp\/v2\/product\/1381\/revisions"}],"predecessor-version":[{"id":3676,"href":"https:\/\/vapenex.com\/da\/wp-json\/wp\/v2\/product\/1381\/revisions\/3676"}],"wp:featuredmedia":[{"embeddable":true,"href":"https:\/\/vapenex.com\/da\/wp-json\/wp\/v2\/media\/1391"}],"wp:attachment":[{"href":"https:\/\/vapenex.com\/da\/wp-json\/wp\/v2\/media?parent=1381"}],"wp:term":[{"taxonomy":"product_brand","embeddable":true,"href":"https:\/\/vapenex.com\/da\/wp-json\/wp\/v2\/product_brand?post=1381"},{"taxonomy":"product_cat","embeddable":true,"href":"https:\/\/vapenex.com\/da\/wp-json\/wp\/v2\/product_cat?post=1381"},{"taxonomy":"product_tag","embeddable":true,"href":"https:\/\/vapenex.com\/da\/wp-json\/wp\/v2\/product_tag?post=1381"}],"curies":[{"name":"wp","href":"https:\/\/api.w.org\/{rel}","templated":true}]}}