{"id":1437,"date":"2024-12-17T19:09:10","date_gmt":"2024-12-17T19:09:10","guid":{"rendered":"http:\/\/vapenex.com\/?post_type=product&#038;p=1437"},"modified":"2026-04-06T14:29:57","modified_gmt":"2026-04-06T14:29:57","slug":"savage-s-power-engangs-vape-30000-puffs","status":"publish","type":"product","link":"https:\/\/vapenex.com\/da\/savage-s-power-disposable-vape-30000-puffs\/","title":{"rendered":"Savage S Power Engangs Vape 30000 Puffs"},"content":{"rendered":"<div data-elementor-type=\"product-post\" data-elementor-id=\"1437\" class=\"elementor elementor-1437\" data-elementor-post-type=\"product\">\n\t\t\t\t<div class=\"elementor-element elementor-element-3ac0b305 e-flex e-con-boxed e-con e-parent\" data-id=\"3ac0b305\" data-element_type=\"container\" data-e-type=\"container\" data-settings=\"{&quot;ekit_has_onepagescroll_dot&quot;:&quot;yes&quot;}\">\n\t\t\t\t\t<div class=\"e-con-inner\">\n\t\t\t\t<div class=\"elementor-element elementor-element-79fcd3de elementor-widget elementor-widget-text-editor\" data-id=\"79fcd3de\" data-element_type=\"widget\" data-e-type=\"widget\" data-settings=\"{&quot;ekit_we_effect_on&quot;:&quot;none&quot;}\" data-widget_type=\"text-editor.default\">\n\t\t\t\t\t\t\t\t\t<h2>SAVAGE S POWER 30000 Puffs - Kraft m\u00f8der pr\u00e6cision!<\/h2><h3>\u00a0<\/h3><h3>Smagseksplosion, avancerede funktioner og ustoppelig ydeevne!<\/h3><p>G\u00f8r dig klar til at omdefinere din dampoplevelse med <strong>SAVAGE S POWER 30000 Puffs<\/strong>. Denne enhed er skabt til dampere, der kr\u00e6ver den perfekte balance mellem stil, kraft og innovation. Uanset om du er smagskender eller cloud-entusiast, leverer SAVAGE S POWER 30000 p\u00e5 alle fronter.<\/p><h3>\u00a0<\/h3><h3>Hvad g\u00f8r SAVAGE S POWER 30000 enest\u00e5ende?<\/h3><p>\u2705 <strong>30.000 Puffs<\/strong> - Designet til langvarig brug uden at g\u00e5 p\u00e5 kompromis.<br \/>\u2705 <strong>29 ml e-v\u00e6ske-kapacitet<\/strong> - Forudfyldt til uafbrudte dampsessioner.<br \/>\u2705 <strong>0\/20\/30\/50mg Nic Salt muligheder<\/strong> - V\u00e6lg den nikotinstyrke, der passer til dine behov.<br \/>\u2705 <strong>Fire opvarmningstilstande<\/strong> - Skr\u00e6ddersy hver eneste puff til lige pr\u00e6cis dine pr\u00e6ferencer.<br \/>\u2705 <strong>Mesh-spiralteknologi<\/strong> - L\u00e5s op for intense smagsoplevelser og j\u00e6vn dampproduktion.<br \/>\u2705 <strong>Justerbar luftstr\u00f8m<\/strong> - Tilpas din ind\u00e5nding, s\u00e5 du f\u00e5r det perfekte tr\u00e6k.<br \/>\u2705 <strong>B\u00f8rnesikret l\u00e5sefunktion<\/strong> - Sikkerhed og bekvemmelighed kombineret.<br \/>\u2705 <strong>120 g letv\u00e6gtsdesign<\/strong> - B\u00e6rbar og elegant til brug p\u00e5 farten.<\/p><h3>\u00a0<\/h3><h3>Smagsoplevelser, der f\u00e5r dig til at vende tilbage<\/h3><p>\u2714 \ud83c\udf53\ud83e\udd6d <strong>Jordb\u00e6r Mango<\/strong> - En tropisk blanding af s\u00f8de jordb\u00e6r og modne mangoer.<br \/>\u2714 \ud83c\udf49\u2744\ufe0f <strong>Vandmelon is<\/strong> - Saftig vandmelon med en k\u00f8lig fornemmelse.<br \/>\u2714 \ud83c\udf53\ud83e\udd5d <strong>Jordb\u00e6r Kiwi<\/strong> - En syrlig-s\u00f8d duo af klassiske frugter.<br \/>\u2714 \ud83e\uded0\u2744\ufe0f <strong>Bl\u00e5b\u00e6ris<\/strong> - S\u00f8de bl\u00e5b\u00e6r med en iskold kant.<br \/>\u2714 \ud83e\uded0\u2744\ufe0f <strong>Bl\u00e5 hindb\u00e6ris<\/strong> - En syrlig bl\u00e5 hindb\u00e6reksplosion med en forfriskende k\u00f8lighed.<br \/>\u2714 \ud83c\udf47\ud83c\udf38 <strong>Sakura-druer<\/strong> - En delikat blanding af blomstrende sakura og saftige druer.<br \/>\u2714 \ud83c\udf52\ud83c\udf4e <strong>Kirseb\u00e6r granat\u00e6ble<\/strong> - En fed blanding af s\u00f8de kirseb\u00e6r og syrlige granat\u00e6bler.<br \/>\u2714 \ud83c\udf53\ud83c\udf52 <strong>Blandede b\u00e6r<\/strong> - En blanding af b\u00e6r, der er spr\u00e6ngfyldt med smag.<br \/>\u2714 \ud83e\udd64\u2744\ufe0f <strong>Cola is<\/strong> - Klassisk cola med en k\u00f8lig finish.<br \/>\u2714 \ud83c\udf53\ud83c\udf49 <strong>Jordb\u00e6r vandmelon<\/strong> - En saftig kombination af sommerens yndlingsfrugter.<\/p><p>\u00a0<\/p><h3>Tekniske specifikationer<\/h3><p>\ud83d\udd0b Batteri: 700 mAh (genopladeligt via Type-C)<br \/>\ud83d\udca7 E-v\u00e6ske-kapacitet: 29 ml (forudfyldt)<br \/>\u2699\ufe0f Spole: Mesh-spole for overlegen ydeevne<br \/>\ud83c\udf2c\ufe0f Luftstr\u00f8m: Justerbar, s\u00e5 den passer til dine pr\u00e6ferencer<br \/>\ud83d\udce6 <strong>Hurtig levering fra EU-lager:<\/strong> Levering p\u00e5 bare <em>3-5 dage<\/em>!<\/p><p>\u00a0<\/p><p>S\u00e6t skub i dit dampspil med SAVAGE S POWER 30000 Puffs! Denne enhed er fyldt med avancerede funktioner og uimodst\u00e5elige smage og er bygget til at imponere og pr\u00e6stere p\u00e5 alle niveauer. Vent ikke - bestil din i dag, og oplev dampning som aldrig f\u00f8r!<\/p>\t\t\t\t\t\t\t\t<\/div>\n\t\t\t\t\t<\/div>\n\t\t\t\t<\/div>\n\t\t\t\t<\/div>","protected":false},"excerpt":{"rendered":"<p>G\u00f8r dig klar til at omdefinere din dampoplevelse med <strong>SAVAGE S POWER 30000<\/strong>. Denne enhed er skabt til dampere, der kr\u00e6ver den perfekte balance mellem stil, kraft og innovation. Uanset om du er smagskender eller cloud-entusiast, leverer SAVAGE S POWER 30000 p\u00e5 alle fronter.<\/p>","protected":false},"featured_media":1439,"comment_status":"open","ping_status":"closed","template":"","meta":[],"product_brand":[230],"product_cat":[2267,237],"product_tag":[],"class_list":{"0":"post-1437","1":"product","2":"type-product","3":"status-publish","4":"has-post-thumbnail","6":"product_brand-savage-vape","7":"product_cat-savage-disposable-vapes","8":"product_cat-disposable-vapes","9":"pa_battery-capacity-650-mah","10":"pa_charging-type-usb-c","11":"pa_e-liquid-capacity-29ml","12":"pa_puff-count-approx-30000","14":"first","15":"instock","16":"shipping-taxable","17":"purchasable","18":"product-type-variable"},"_links":{"self":[{"href":"https:\/\/vapenex.com\/da\/wp-json\/wp\/v2\/product\/1437","targetHints":{"allow":["GET"]}}],"collection":[{"href":"https:\/\/vapenex.com\/da\/wp-json\/wp\/v2\/product"}],"about":[{"href":"https:\/\/vapenex.com\/da\/wp-json\/wp\/v2\/types\/product"}],"replies":[{"embeddable":true,"href":"https:\/\/vapenex.com\/da\/wp-json\/wp\/v2\/comments?post=1437"}],"version-history":[{"count":1,"href":"https:\/\/vapenex.com\/da\/wp-json\/wp\/v2\/product\/1437\/revisions"}],"predecessor-version":[{"id":3675,"href":"https:\/\/vapenex.com\/da\/wp-json\/wp\/v2\/product\/1437\/revisions\/3675"}],"wp:featuredmedia":[{"embeddable":true,"href":"https:\/\/vapenex.com\/da\/wp-json\/wp\/v2\/media\/1439"}],"wp:attachment":[{"href":"https:\/\/vapenex.com\/da\/wp-json\/wp\/v2\/media?parent=1437"}],"wp:term":[{"taxonomy":"product_brand","embeddable":true,"href":"https:\/\/vapenex.com\/da\/wp-json\/wp\/v2\/product_brand?post=1437"},{"taxonomy":"product_cat","embeddable":true,"href":"https:\/\/vapenex.com\/da\/wp-json\/wp\/v2\/product_cat?post=1437"},{"taxonomy":"product_tag","embeddable":true,"href":"https:\/\/vapenex.com\/da\/wp-json\/wp\/v2\/product_tag?post=1437"}],"curies":[{"name":"wp","href":"https:\/\/api.w.org\/{rel}","templated":true}]}}