{"id":1491,"date":"2024-12-18T19:55:19","date_gmt":"2024-12-18T19:55:19","guid":{"rendered":"http:\/\/vapenex.com\/?post_type=product&#038;p=1491"},"modified":"2026-04-06T14:29:57","modified_gmt":"2026-04-06T14:29:57","slug":"savage-monster-z-engangs-vape-30000-puffs","status":"publish","type":"product","link":"https:\/\/vapenex.com\/da\/savage-monster-z-disposable-vape-30000-puffs\/","title":{"rendered":"Savage Monster Z Engangs Vape 30000 Puffs"},"content":{"rendered":"<div data-elementor-type=\"product-post\" data-elementor-id=\"1491\" class=\"elementor elementor-1491\" data-elementor-post-type=\"product\">\n\t\t\t\t<div class=\"elementor-element elementor-element-542ba5c9 e-flex e-con-boxed e-con e-parent\" data-id=\"542ba5c9\" data-element_type=\"container\" data-e-type=\"container\" data-settings=\"{&quot;ekit_has_onepagescroll_dot&quot;:&quot;yes&quot;}\">\n\t\t\t\t\t<div class=\"e-con-inner\">\n\t\t\t\t<div class=\"elementor-element elementor-element-35acdedc elementor-widget elementor-widget-text-editor\" data-id=\"35acdedc\" data-element_type=\"widget\" data-e-type=\"widget\" data-settings=\"{&quot;ekit_we_effect_on&quot;:&quot;none&quot;}\" data-widget_type=\"text-editor.default\">\n\t\t\t\t\t\t\t\t\t<h2>SAVAGE MONSTER Z 30000 Puffs - Slip b\u00e6stet indeni l\u00f8s!<\/h2><h3>\u00a0<\/h3><h3>Kraftig ydeevne, fed smag og banebrydende design!<\/h3><p>Den <strong>SAVAGE MONSTER Z 30000 Puffs<\/strong> er ikke bare en vape; det er et statement. Denne enhed er udviklet til dem, der kr\u00e6ver det bedste, og leverer massive skyer, intense smagsoplevelser og overlegen funktionalitet. Uanset om du er smagsentusiast eller skyj\u00e6ger, er dette kraftv\u00e6rk bygget til at tilfredsstille.<\/p><p>\u00a0<\/p><h3>Hvorfor v\u00e6lge SAVAGE MONSTER Z 30000?<\/h3><p>\u2705 <strong>30.000 Puffs<\/strong> - Designet til lang levetid og uafbrudt nydelse.<br \/>\u2705 <strong>30 ml e-v\u00e6ske-kapacitet<\/strong> - Forfyldt til l\u00e6ngerevarende dampsessioner.<br \/>\u2705 <strong>0\/20\/30\/50mg Nic Salt muligheder<\/strong> - Skr\u00e6ddersy din nikotinstyrke til dine behov.<br \/>\u2705 <strong>Fire str\u00f8mtilstande<\/strong> - Tilpas nemt din dampoplevelse.<br \/>\u2705 <strong>Dual Mesh Coil-teknologi<\/strong> - Forbedret smag og t\u00e6t dampproduktion.<br \/>\u2705 <strong>Justerbar luftstr\u00f8m<\/strong> - Styr din ind\u00e5nding perfekt, s\u00e5 du f\u00e5r et j\u00e6vnt tr\u00e6k.<br \/>\u2705 <strong>700mAh Type-C genopladeligt batteri<\/strong> - P\u00e5lidelig str\u00f8m med hurtig opladning til brug hele dagen.<br \/>\u2705 <strong>Letv\u00e6gt p\u00e5 120 g<\/strong> - B\u00e6rbar og nem at have med overalt.<\/p><p>\u00a0<\/p><h3>Smage, der t\u00e6nder dine sanser<\/h3><p>\u2714 \ud83c\udf51\u2744\ufe0f <strong>Fersken is<\/strong> - S\u00f8d fersken med en k\u00f8lig finish.<br \/>\u2714 \ud83c\udf4b\ud83d\udc9a <strong>Lime Romance<\/strong> - Et syrligt citrusudbrud med et forfriskende twist.<br \/>\u2714 \ud83c\udf31\u2744\ufe0f <strong>Cool mynte<\/strong> - Spr\u00f8d og forfriskende mintk\u00f8lighed.<br \/>\u2714 \ud83c\udf53\ud83c\udf4c <strong>Jordb\u00e6r banan<\/strong> - En cremet blanding af s\u00f8de jordb\u00e6r og modne bananer.<br \/>\u2714 \ud83e\uded0\u2744\ufe0f <strong>Bl\u00e5 Raz-is<\/strong> - En syrlig bl\u00e5 hindb\u00e6reksplosion med en iskold kant.<br \/>\u2714 \ud83c\udf53\ud83e\udd6d <strong>Jordb\u00e6r Mango<\/strong> - En tropisk blanding af saftige jordb\u00e6r og modne mangoer.<br \/>\u2714 \ud83c\udf49\ud83c\udf6c <strong>Saftig vandmelon<\/strong> - Forfriskende vandmelon med et strejf af s\u00f8dme.<br \/>\u2714 \ud83c\udf53\ud83c\udf49 <strong>Jordb\u00e6r vandmelon<\/strong> - En klassisk kombination af sommerens yndlingsfrugter.<br \/>\u2714 \ud83e\uded0\u2744\ufe0f <strong>Bl\u00e5 hindb\u00e6ris<\/strong> - Fed b\u00e6rsmag med en k\u00f8lig fornemmelse.<br \/>\u2714 \ud83c\udf51\ud83c\udf49\u2744\ufe0f <strong>Vandmelon Sour Peach<\/strong> - En syrlig-s\u00f8d blanding med en forfriskende finish.<\/p><p>\u00a0<\/p><h3>Tekniske specifikationer<\/h3><p>\ud83d\udd0b Batteri: 700 mAh (genopladeligt via Type-C)<br \/>\ud83d\udca7 E-v\u00e6ske-kapacitet: 30 ml (forudfyldt)<br \/>\u2699\ufe0f Spole: Dual Mesh Coil for overlegen ydeevne<br \/>\ud83c\udf2c\ufe0f Luftstr\u00f8m: Justerbar, s\u00e5 den passer til dine pr\u00e6ferencer<br \/>\ud83d\udce6 <strong>Hurtig levering fra EU-lager:<\/strong> Levering p\u00e5 bare <em>3-5 dage<\/em>!<\/p><p>\u00a0<\/p><p>Er du klar til at tage din dampoplevelse til det n\u00e6ste niveau? Den <strong>SAVAGE MONSTER Z 30000 Puffs<\/strong> kombinerer stil, ydeevne og smagsvariation som ingen anden enhed p\u00e5 markedet. Vent ikke - bestil din i dag, og slip dyret indeni l\u00f8s!<\/p>\t\t\t\t\t\t\t\t<\/div>\n\t\t\t\t\t<\/div>\n\t\t\t\t<\/div>\n\t\t\t\t<\/div>","protected":false},"excerpt":{"rendered":"<p>Den <strong>SAVAGE MONSTER Z 30000<\/strong> er ikke bare en vape; det er et statement. Denne enhed er udviklet til dem, der kr\u00e6ver det bedste, og leverer massive skyer, intense smagsoplevelser og overlegen funktionalitet. Uanset om du er smagsentusiast eller skyj\u00e6ger, er dette kraftv\u00e6rk bygget til at tilfredsstille.<\/p>","protected":false},"featured_media":1503,"comment_status":"open","ping_status":"closed","template":"","meta":[],"product_brand":[230],"product_cat":[2267,237],"product_tag":[],"class_list":{"0":"post-1491","1":"product","2":"type-product","3":"status-publish","4":"has-post-thumbnail","6":"product_brand-savage-vape","7":"product_cat-savage-disposable-vapes","8":"product_cat-disposable-vapes","9":"pa_battery-capacity-700-mah","10":"pa_charging-type-usb-c","11":"pa_e-liquid-capacity-30ml","12":"pa_power-modes-eco","13":"pa_power-modes-max","14":"pa_power-modes-plus","15":"pa_power-modes-pro","16":"pa_puff-count-approx-30000","18":"first","19":"instock","20":"shipping-taxable","21":"purchasable","22":"product-type-variable"},"_links":{"self":[{"href":"https:\/\/vapenex.com\/da\/wp-json\/wp\/v2\/product\/1491","targetHints":{"allow":["GET"]}}],"collection":[{"href":"https:\/\/vapenex.com\/da\/wp-json\/wp\/v2\/product"}],"about":[{"href":"https:\/\/vapenex.com\/da\/wp-json\/wp\/v2\/types\/product"}],"replies":[{"embeddable":true,"href":"https:\/\/vapenex.com\/da\/wp-json\/wp\/v2\/comments?post=1491"}],"version-history":[{"count":1,"href":"https:\/\/vapenex.com\/da\/wp-json\/wp\/v2\/product\/1491\/revisions"}],"predecessor-version":[{"id":3674,"href":"https:\/\/vapenex.com\/da\/wp-json\/wp\/v2\/product\/1491\/revisions\/3674"}],"wp:featuredmedia":[{"embeddable":true,"href":"https:\/\/vapenex.com\/da\/wp-json\/wp\/v2\/media\/1503"}],"wp:attachment":[{"href":"https:\/\/vapenex.com\/da\/wp-json\/wp\/v2\/media?parent=1491"}],"wp:term":[{"taxonomy":"product_brand","embeddable":true,"href":"https:\/\/vapenex.com\/da\/wp-json\/wp\/v2\/product_brand?post=1491"},{"taxonomy":"product_cat","embeddable":true,"href":"https:\/\/vapenex.com\/da\/wp-json\/wp\/v2\/product_cat?post=1491"},{"taxonomy":"product_tag","embeddable":true,"href":"https:\/\/vapenex.com\/da\/wp-json\/wp\/v2\/product_tag?post=1491"}],"curies":[{"name":"wp","href":"https:\/\/api.w.org\/{rel}","templated":true}]}}