{"id":2273,"date":"2024-12-23T22:21:55","date_gmt":"2024-12-23T22:21:55","guid":{"rendered":"http:\/\/vapenex.com\/?post_type=product&#038;p=2273"},"modified":"2026-04-06T14:29:56","modified_gmt":"2026-04-06T14:29:56","slug":"savage-nana-snap-engangs-vape-udskiftelig-pod-20000-puffs","status":"publish","type":"product","link":"https:\/\/vapenex.com\/da\/savage-nana-snap-disposable-vape-replaceable-pod-20000-puffs\/","title":{"rendered":"Savage Nanasnap Engangs Vape Udskiftelig Pod 20000 Puffs"},"content":{"rendered":"<div data-elementor-type=\"product-post\" data-elementor-id=\"2273\" class=\"elementor elementor-2273\" data-elementor-post-type=\"product\">\n\t\t\t\t<div class=\"elementor-element elementor-element-27bf783d e-flex e-con-boxed e-con e-parent\" data-id=\"27bf783d\" data-element_type=\"container\" data-e-type=\"container\" data-settings=\"{&quot;ekit_has_onepagescroll_dot&quot;:&quot;yes&quot;}\">\n\t\t\t\t\t<div class=\"e-con-inner\">\n\t\t\t\t<div class=\"elementor-element elementor-element-570b12ff elementor-widget elementor-widget-text-editor\" data-id=\"570b12ff\" data-element_type=\"widget\" data-e-type=\"widget\" data-settings=\"{&quot;ekit_we_effect_on&quot;:&quot;none&quot;}\" data-widget_type=\"text-editor.default\">\n\t\t\t\t\t\t\t\t\t<h2>NANASNAP DTL 20000 Puffs udskiftelig pod - Forl\u00e6ng din dampning!<\/h2><h3>\u00a0<\/h3><h3>Store skyer, fede smage og uovertruffen bekvemmelighed!<\/h3><p>Den <strong>NANASNAP DTL 20000<\/strong> er din go-to enhed til en f\u00f8rsteklasses dampoplevelse. Denne engangsdamper er designet til DTL-entusiaster (Direct-to-Lung) og kombinerer enest\u00e5ende ydeevne, rige smagsoplevelser og et slankt design for at give tilfredshed med hvert eneste pust.<\/p><p>\u00a0<\/p><h3>Hvorfor v\u00e6lge NANASNAP DTL 20000?<\/h3><p>\u2705 <strong>20.000 Puffs<\/strong> - Langvarig nydelse uden afbrydelser.<br \/>\u2705 <strong>20 ml e-v\u00e6ske-kapacitet<\/strong> - Forfyldt og klar til brug i l\u00e6ngere tid.<br \/>\u2705 <strong>6 mg nikotinstyrke<\/strong> - Et glat og tilfredsstillende nikotinhit.<br \/>\u2705 <strong>Genopladeligt batteri p\u00e5 650 mAh<\/strong> - P\u00e5lidelig str\u00f8m med Type-C-hurtigopladning.<br \/>\u2705 <strong>Engangsudskifteligt pod-system<\/strong> - Praktisk og problemfri dampning.<br \/>\u2705 <strong>DTL Big Cloud-teknologi<\/strong> - Perfekt til massiv dampproduktion og glatte hits.<\/p><p>\u00a0<\/p><h3>Tilg\u00e6ngelige smagsvarianter til at tilfredsstille din trang<\/h3><p>\u2714 \ud83c\udf31\u2744\ufe0f <strong>Cool mynte<\/strong> - Spr\u00f8d og forfriskende mintk\u00f8lighed.<br \/>\u2714 \ud83e\uded0\u2744\ufe0f <strong>Blue Razz Ice<\/strong> - Et syrligt udbrud af bl\u00e5 hindb\u00e6r med en iskold finish.<br \/>\u2714 \ud83c\udf4f\u2744\ufe0f <strong>Syrlig \u00e6bleis<\/strong> - Syrligt gr\u00f8nt \u00e6ble parret med en k\u00f8lig fornemmelse.<br \/>\u2714 \ud83c\udf49\ud83c\udf6c <strong>Vandmelon tyggegummi<\/strong> - Saftig vandmelon m\u00f8der klassisk tyggegummis\u00f8dme.<br \/>\u2714 \u26a1 <strong>Red Bull<\/strong> - Den ikoniske smag af energidrik i dampform.<br \/>\u2714 \ud83c\udf51\ud83c\udf49 <strong>Fersken Mango Vandmelon<\/strong> - En tropisk trio af frugtagtig godhed.<br \/>\u2714 \ud83c\udf4a\u2744\ufe0f <strong>Grapefrugt is<\/strong> - Syrlig grapefrugt med et k\u00f8ligt, forfriskende twist.<br \/>\u2714 \ud83e\udd64 <strong>Cherry Cola<\/strong> - Klassisk cola tilsat s\u00f8de kirseb\u00e6rnoter.<br \/>\u2714 \ud83c\udf51\u2744\ufe0f <strong>Fersken is<\/strong> - S\u00f8d fersken med en k\u00f8lig finish.<br \/>\u2714 \ud83c\udf53\ud83c\udf52 <strong>Jordb\u00e6r hindb\u00e6r kirseb\u00e6r<\/strong> - En fed blanding af s\u00f8de og syrlige b\u00e6r.<\/p><p>\u00a0<\/p><h3>Tekniske specifikationer<\/h3><p>\ud83d\udd0b Batteri: 650mAh (genopladeligt)<br \/>\ud83d\udca7 E-v\u00e6ske-kapacitet: 20 ml (forudfyldt)<br \/>\u2699\ufe0f Pod-system: Engangsudskiftelige pods for brugervenlighed<br \/>\ud83d\udce6 <strong>Hurtig levering fra EU-lager:<\/strong> Levering inden for kun <em>3-5 dage<\/em>!<\/p><p>\u00a0<\/p><p>L\u00f8ft din dampoplevelse med NANASNAP DTL 20000! Denne enhed er designet til b\u00e5de smagsj\u00e6gere og cloud-entusiaster og tilbyder uovertruffen ydeevne og stil. Bestil nu, og tag dit dampspil til det n\u00e6ste niveau!<\/p>\t\t\t\t\t\t\t\t<\/div>\n\t\t\t\t\t<\/div>\n\t\t\t\t<\/div>\n\t\t\t\t<\/div>","protected":false},"excerpt":{"rendered":"<p>Den\u00a0<strong>NANASNAP DTL 20000 Puffs udskiftelig pod<\/strong>\u00a0er din go-to enhed til en f\u00f8rsteklasses dampoplevelse. Denne engangsdamper er designet til DTL-entusiaster (Direct-to-Lung) og kombinerer enest\u00e5ende ydeevne, rige smagsoplevelser og et slankt design for at give tilfredshed med hvert eneste pust.<\/p>","protected":false},"featured_media":2291,"comment_status":"open","ping_status":"closed","template":"","meta":[],"product_brand":[230],"product_cat":[2267,237],"product_tag":[],"class_list":{"0":"post-2273","1":"product","2":"type-product","3":"status-publish","4":"has-post-thumbnail","6":"product_brand-savage-vape","7":"product_cat-savage-disposable-vapes","8":"product_cat-disposable-vapes","9":"pa_battery-capacity-650-mah","10":"pa_charging-type-usb-c","11":"pa_puff-count-approx-20000","13":"first","14":"instock","15":"shipping-taxable","16":"purchasable","17":"product-type-variable"},"_links":{"self":[{"href":"https:\/\/vapenex.com\/da\/wp-json\/wp\/v2\/product\/2273","targetHints":{"allow":["GET"]}}],"collection":[{"href":"https:\/\/vapenex.com\/da\/wp-json\/wp\/v2\/product"}],"about":[{"href":"https:\/\/vapenex.com\/da\/wp-json\/wp\/v2\/types\/product"}],"replies":[{"embeddable":true,"href":"https:\/\/vapenex.com\/da\/wp-json\/wp\/v2\/comments?post=2273"}],"version-history":[{"count":1,"href":"https:\/\/vapenex.com\/da\/wp-json\/wp\/v2\/product\/2273\/revisions"}],"predecessor-version":[{"id":3671,"href":"https:\/\/vapenex.com\/da\/wp-json\/wp\/v2\/product\/2273\/revisions\/3671"}],"wp:featuredmedia":[{"embeddable":true,"href":"https:\/\/vapenex.com\/da\/wp-json\/wp\/v2\/media\/2291"}],"wp:attachment":[{"href":"https:\/\/vapenex.com\/da\/wp-json\/wp\/v2\/media?parent=2273"}],"wp:term":[{"taxonomy":"product_brand","embeddable":true,"href":"https:\/\/vapenex.com\/da\/wp-json\/wp\/v2\/product_brand?post=2273"},{"taxonomy":"product_cat","embeddable":true,"href":"https:\/\/vapenex.com\/da\/wp-json\/wp\/v2\/product_cat?post=2273"},{"taxonomy":"product_tag","embeddable":true,"href":"https:\/\/vapenex.com\/da\/wp-json\/wp\/v2\/product_tag?post=2273"}],"curies":[{"name":"wp","href":"https:\/\/api.w.org\/{rel}","templated":true}]}}