{"id":2341,"date":"2024-12-23T23:39:09","date_gmt":"2024-12-23T23:39:09","guid":{"rendered":"http:\/\/vapenex.com\/?post_type=product&#038;p=2341"},"modified":"2025-08-29T16:26:37","modified_gmt":"2025-08-29T16:26:37","slug":"fire-vape-dobbelt-engangs-vape-20000-30000-puffs","status":"publish","type":"product","link":"https:\/\/vapenex.com\/da\/fire-vape-dual-disposable-vape-20000-30000-puffs\/","title":{"rendered":"Fire Vape Dual Engangs Vape 20000\/30000 Puffs"},"content":{"rendered":"<div data-elementor-type=\"product-post\" data-elementor-id=\"2341\" class=\"elementor elementor-2341\" data-elementor-post-type=\"product\">\n\t\t\t\t<div class=\"elementor-element elementor-element-2ba9a00e e-flex e-con-boxed e-con e-parent\" data-id=\"2ba9a00e\" data-element_type=\"container\" data-e-type=\"container\" data-settings=\"{&quot;ekit_has_onepagescroll_dot&quot;:&quot;yes&quot;}\">\n\t\t\t\t\t<div class=\"e-con-inner\">\n\t\t\t\t<div class=\"elementor-element elementor-element-2b43904d elementor-widget elementor-widget-text-editor\" data-id=\"2b43904d\" data-element_type=\"widget\" data-e-type=\"widget\" data-settings=\"{&quot;ekit_we_effect_on&quot;:&quot;none&quot;}\" data-widget_type=\"text-editor.default\">\n\t\t\t\t\t\t\t\t\t<h2 class=\"wp-block-heading\">FIRE VAPE VOLCANO 20000\/30000 Puffs - Omdefiner din dampoplevelse!<\/h2><h3>\u00a0<\/h3><h3>Uovertruffen ydeevne, utrolige smagsoplevelser og langvarig tilfredshed!<\/h3><p>Den <strong>ILD VAPE VULKAN<\/strong><strong> 20000\/30000<\/strong> er den ultimative enhed til dampere, der kr\u00e6ver kraft, smag og bekvemmelighed. Med sine banebrydende funktioner og slanke design er denne enhed perfekt til b\u00e5de begyndere og erfarne entusiaster.<\/p><p>\u00a0<\/p><h3 class=\"wp-block-heading\">Hvorfor v\u00e6lge FIRE VAPE VOLCANO?<\/h3><p>\u2705 <strong>30.000 pust i almindelig tilstand og 20.000 pust i boost-tilstand<\/strong> - Uovertruffen lang levetid for uafbrudt nydelse.<br \/>\u2705 <strong>30 ml e-v\u00e6ske-kapacitet<\/strong> - Ingen grund til at bekymre sig om konstante genopfyldninger.<br \/>\u2705 <strong>Justerbare str\u00f8mindstillinger<\/strong> - Tilpas din dampintensitet, s\u00e5 den passer til dit hum\u00f8r.<br \/>\u2705 <strong>Genopladeligt batteri p\u00e5 650 mAh<\/strong> - Hurtig og praktisk Type-C-opladning til brug hele dagen.<br \/>\u2705 <strong>Indbygget smart sk\u00e6rm<\/strong> - Overv\u00e5g nemt batteriets levetid og antallet af pust.<br \/>\u2705 <strong>Dual Mesh Coil-teknologi<\/strong> - Forbedret smag og j\u00e6vnere dampproduktion.<br \/>\u2705 <strong>Sikkerhedsfunktion med b\u00f8rnesikring<\/strong> - Ro i sindet til sikker brug.<\/p><p>\u00a0<\/p><h3 class=\"wp-block-heading\">L\u00e6kre smagsvarianter at v\u00e6lge imellem<\/h3><p>\u2714 \ud83e\uded0 <strong>Bl\u00e5b\u00e6r hindb\u00e6r<\/strong> - En perfekt balance mellem s\u00f8de og syrlige b\u00e6r.<br \/>\u2714 \ud83e\udd64 <strong>Cherry Cola<\/strong> - Klassisk cola med et twist af kirseb\u00e6r.<br \/>\u2714 \ud83c\udf47\ud83c\udf53 <strong>Jordb\u00e6rdrue<\/strong> - En l\u00e6kker blanding af saftige jordb\u00e6r og vindruer.<br \/>\u2714 \u2744\ufe0f\ud83c\udf53 <strong>Triple Berry Ice<\/strong> - En forfriskende blanding af b\u00e6r med en k\u00f8lig finish.<br \/>\u2714 \ud83e\uded0\u2744\ufe0f <strong>Bl\u00e5b\u00e6ris<\/strong> - S\u00f8de bl\u00e5b\u00e6r med en isnende kulde.<br \/>\u2714 \ud83c\udf53\ud83e\udd5d <strong>Jordb\u00e6r Kiwi<\/strong> - En tropisk blanding af jordb\u00e6r og kiwi.<br \/>\u2714 \ud83c\udf49\u2744\ufe0f <strong>Vandmelon is<\/strong> - Saftig vandmelon med en k\u00f8lende fornemmelse.<br \/>\u2714 \ud83c\udf4f\ud83c\udf47 <strong>Syrlig \u00e6bledrue<\/strong> - En syrlig-s\u00f8d kombination, der giver et punch.<br \/>\u2714 \u26a1 <strong>Red Bull<\/strong> - Den ikoniske smag af energidrik i dampform.<br \/>\u2714 \ud83c\udf53\ud83c\udf49 <strong>Jordb\u00e6r vandmelon<\/strong> - En saftig duo af sommerens yndlingsfrugter.<br \/>\u2714 \ud83c\udf47\u2744\ufe0f <strong>Triple Grape Ice<\/strong> - Fed druesmag med en iskold kant.<br \/>\u2714 \ud83c\udf53\ud83d\udc09 <strong>12 Jordb\u00e6r og dragefrugt<\/strong> - Eksotisk dragefrugt parret med s\u00f8de jordb\u00e6r.<\/p><p>\u00a0<\/p><h3 class=\"wp-block-heading\">Tekniske specifikationer<\/h3><p>\ud83d\udd0b Batteri: 650mAh (genopladeligt)<br \/>\ud83d\udca7 E-v\u00e6ske-kapacitet: 30 ml<br \/>\u2699\ufe0f Spole: Dual Mesh Coil for overlegen ydeevne<br \/>\ud83d\udcca Sk\u00e6rm: Smart sk\u00e6rm for nem overv\u00e5gning<br \/>\ud83e\uddd2 Sikkerhed: B\u00f8rnesikring inkluderet<br \/>\ud83d\udce6 <strong>Hurtig levering fra EU-lager:<\/strong> Levering inden for kun <em>3-5 dage<\/em>!<\/p><p>\u00a0<\/p><p>Lad dig ikke n\u00f8jes med mindre, n\u00e5r du kan f\u00e5 det hele! FIRE VAPE VOLCANO er din indgang til enest\u00e5ende smag, massive skyer og uovertruffen ydeevne. Bestil nu, og oplev det n\u00e6ste niveau af dampning!<\/p>\t\t\t\t\t\t\t\t<\/div>\n\t\t\t\t\t<\/div>\n\t\t\t\t<\/div>\n\t\t\t\t<\/div>","protected":false},"excerpt":{"rendered":"<p>Den\u00a0<strong>FIRE VAPE VOLCANO 20000\/30000<\/strong>\u00a0er den ultimative enhed til dampere, der kr\u00e6ver kraft, smag og bekvemmelighed. Med sine banebrydende funktioner og slanke design er denne enhed perfekt til b\u00e5de begyndere og erfarne entusiaster.<\/p>","protected":false},"featured_media":2392,"comment_status":"open","ping_status":"closed","template":"","meta":[],"product_brand":[231],"product_cat":[237],"product_tag":[],"class_list":{"0":"post-2341","1":"product","2":"type-product","3":"status-publish","4":"has-post-thumbnail","6":"product_brand-fire-vape","7":"product_cat-disposable-vapes","8":"pa_battery-capacity-650-mah","9":"pa_charging-type-usb-c","10":"pa_e-liquid-capacity-30ml","11":"pa_power-modes-eco","12":"pa_power-modes-max","13":"pa_puff-count-approx-20000","14":"pa_puff-count-approx-30000","16":"first","17":"instock","18":"shipping-taxable","19":"purchasable","20":"product-type-variable"},"_links":{"self":[{"href":"https:\/\/vapenex.com\/da\/wp-json\/wp\/v2\/product\/2341","targetHints":{"allow":["GET"]}}],"collection":[{"href":"https:\/\/vapenex.com\/da\/wp-json\/wp\/v2\/product"}],"about":[{"href":"https:\/\/vapenex.com\/da\/wp-json\/wp\/v2\/types\/product"}],"replies":[{"embeddable":true,"href":"https:\/\/vapenex.com\/da\/wp-json\/wp\/v2\/comments?post=2341"}],"version-history":[{"count":1,"href":"https:\/\/vapenex.com\/da\/wp-json\/wp\/v2\/product\/2341\/revisions"}],"predecessor-version":[{"id":3669,"href":"https:\/\/vapenex.com\/da\/wp-json\/wp\/v2\/product\/2341\/revisions\/3669"}],"wp:featuredmedia":[{"embeddable":true,"href":"https:\/\/vapenex.com\/da\/wp-json\/wp\/v2\/media\/2392"}],"wp:attachment":[{"href":"https:\/\/vapenex.com\/da\/wp-json\/wp\/v2\/media?parent=2341"}],"wp:term":[{"taxonomy":"product_brand","embeddable":true,"href":"https:\/\/vapenex.com\/da\/wp-json\/wp\/v2\/product_brand?post=2341"},{"taxonomy":"product_cat","embeddable":true,"href":"https:\/\/vapenex.com\/da\/wp-json\/wp\/v2\/product_cat?post=2341"},{"taxonomy":"product_tag","embeddable":true,"href":"https:\/\/vapenex.com\/da\/wp-json\/wp\/v2\/product_tag?post=2341"}],"curies":[{"name":"wp","href":"https:\/\/api.w.org\/{rel}","templated":true}]}}