{"id":2420,"date":"2024-12-24T02:27:53","date_gmt":"2024-12-24T02:27:53","guid":{"rendered":"http:\/\/vapenex.com\/?post_type=product&#038;p=2420"},"modified":"2025-08-29T16:26:35","modified_gmt":"2025-08-29T16:26:35","slug":"pilot-engangs-vape-14000-28000-puffs","status":"publish","type":"product","link":"https:\/\/vapenex.com\/da\/pilot-disposable-vape-14000-28000-puffs\/","title":{"rendered":"Pilot Engangs Vape 14000\/28000 Puffs"},"content":{"rendered":"<div data-elementor-type=\"product-post\" data-elementor-id=\"2420\" class=\"elementor elementor-2420\" data-elementor-post-type=\"product\">\n\t\t\t\t<div class=\"elementor-element elementor-element-39a352f5 e-flex e-con-boxed e-con e-parent\" data-id=\"39a352f5\" data-element_type=\"container\" data-e-type=\"container\" data-settings=\"{&quot;ekit_has_onepagescroll_dot&quot;:&quot;yes&quot;}\">\n\t\t\t\t\t<div class=\"e-con-inner\">\n\t\t\t\t<div class=\"elementor-element elementor-element-5a4e4167 elementor-widget elementor-widget-text-editor\" data-id=\"5a4e4167\" data-element_type=\"widget\" data-e-type=\"widget\" data-settings=\"{&quot;ekit_we_effect_on&quot;:&quot;none&quot;}\" data-widget_type=\"text-editor.default\">\n\t\t\t\t\t\t\t\t\t<h2>Pilot Engangsdamp 28000 pust - kraft, ydeevne og ren smag!<\/h2>\n<p><br \/>S\u00e6t skub i dit dampspil med <strong>Pilot 28000<\/strong>Den ultimative engangs vape designet til dem, der kr\u00e6ver <strong>enest\u00e5ende ydeevne, langvarig tilfredshed og uovertruffen smag.<\/strong> Med en massiv <strong>28.000 pust<\/strong>, en gener\u00f8s <strong>28 ml e-v\u00e6ske-kapacitet<\/strong>og en kraftfuld <strong>850mAh Type-C genopladeligt batteri<\/strong>Denne vape er bygget til at holde dig i gang uden afbrydelser.<\/p>\n<h3><br \/>Hvorfor v\u00e6lge Pilot Vape 28000 Puffs?<\/h3>\n<p>\ud83d\udd25 <strong>Massivt antal pust<\/strong> - Nyd op til <strong>28.000 pust<\/strong> til l\u00e6ngere tids dampning uden at bekymre sig om at l\u00f8be t\u00f8r.<br \/>\ud83d\udd0b <strong>Genopladelig bekvemmelighed<\/strong> - Udstyret med <strong>850 mAh batteri og Type-C-opladning<\/strong> for hurtige og effektive power-ups.<br \/>\ud83c\udf2a <strong>Mesh-spiralteknologi<\/strong> - Leverer <strong>Rigere smag<\/strong> og <strong>J\u00e6vnere hits<\/strong> med hvert pust.<br \/>\ud83d\udca1 <strong>Smart LED-sk\u00e6rm<\/strong> - Overv\u00e5g batteriets levetid og e-v\u00e6skens niveau i realtid.<\/p>\n<p>\u00a0<\/p>\n<p><strong>Dobbelte tilstande:<\/strong><\/p>\n<p>\u267b\ufe0f <strong>ECO-tilstand<\/strong> (28.000 pust) til l\u00e6ngere tids brug.<br \/>\u26a1 <strong>MAX-tilstand<\/strong> (14.000 pust) for intense og kraftige skyer.<\/p>\n<p>\u00a0<\/p>\n<h3>Oplev et udvalg af f\u00f8rsteklasses smagsvarianter, der tilfredsstiller enhver trang<\/h3>\n<p>\u2705 <strong>Gummy Bj\u00f8rn<\/strong> - S\u00f8de, seje og dejligt nostalgiske.<br \/>\u2705 <strong>Citron Lime<\/strong> - Et pikant citrusudbrud med en forfriskende finish.<br \/>\u2705 <strong>Bl\u00e5b\u00e6r Kirseb\u00e6r Traneb\u00e6r<\/strong> - En dynamisk blanding af syrlig, s\u00f8d og syrlig.<br \/>\u2705 <strong>Dobbelt \u00e6ble<\/strong> - Spr\u00f8d, saftig \u00e6bleperfektion.<br \/>\u2705 <strong>Orange Peach Mango<\/strong> - En tropisk fusion, der giver en bl\u00f8d og eksotisk damp.<br \/>\u2705 <strong>Jordb\u00e6r-kirseb\u00e6r-tyggegummi<\/strong> - En sjov og frugtagtig blanding med et twist af tyggegummi.<br \/>\u2705 <strong>Bl\u00e5b\u00e6r Razz Ice<\/strong> - En k\u00f8lig, forfriskende b\u00e6rfornemmelse.<br \/>\u2705 <strong>Jordb\u00e6r vandmelon is<\/strong> - En saftig sommerblanding med et iskoldt touch.<br \/>\u2705 <strong>Bl\u00e5b\u00e6r sur hindb\u00e6r<\/strong> - S\u00f8dt m\u00f8der surt i denne dristige b\u00e6rkombination.<br \/>\u2705 <strong>Vandmelon is<\/strong> - Et forfriskende og k\u00f8lende vandmelon-hit.<\/p>\n<p><br \/><strong>Eksklusive priser - de bedste tilbud p\u00e5 massebestillinger!<\/strong>\u00a0<\/p>\n<p>\u00a0<\/p>\n<p>\ud83d\ude80 <strong>Hurtig og p\u00e5lidelig levering<\/strong> - Vi sender direkte fra vores <strong>EU-lager<\/strong>, med levering i <strong>kun 3-5 dage!<\/strong><\/p>\n<p><br \/>Uanset om du er en forhandler, der \u00f8nsker at fylde op med de hotteste engangsdampere, eller en vaper, der er p\u00e5 udkig efter det bedste inden for kvalitet og ydeevne, <strong>Pilot 28000<\/strong> er dit perfekte valg.<\/p>\t\t\t\t\t\t\t\t<\/div>\n\t\t\t\t\t<\/div>\n\t\t\t\t<\/div>\n\t\t\t\t<\/div>","protected":false},"excerpt":{"rendered":"<p>Pilot DisposaStep up your vaping game with the <strong>Pilot 28000<\/strong>Den ultimative engangs vape designet til dem, der kr\u00e6ver <strong>enest\u00e5ende ydeevne, langvarig tilfredshed og uovertruffen smag.<\/strong><\/p>","protected":false},"featured_media":2441,"comment_status":"open","ping_status":"closed","template":"","meta":[],"product_brand":[232],"product_cat":[237],"product_tag":[],"class_list":{"0":"post-2420","1":"product","2":"type-product","3":"status-publish","4":"has-post-thumbnail","6":"product_brand-pilot-vape","7":"product_cat-disposable-vapes","8":"pa_battery-capacity-850-mah","9":"pa_charging-type-usb-c","10":"pa_power-modes-eco","11":"pa_power-modes-max","12":"pa_puff-count-approx-14000","13":"pa_puff-count-approx-28000","15":"first","16":"instock","17":"shipping-taxable","18":"purchasable","19":"product-type-variable"},"_links":{"self":[{"href":"https:\/\/vapenex.com\/da\/wp-json\/wp\/v2\/product\/2420","targetHints":{"allow":["GET"]}}],"collection":[{"href":"https:\/\/vapenex.com\/da\/wp-json\/wp\/v2\/product"}],"about":[{"href":"https:\/\/vapenex.com\/da\/wp-json\/wp\/v2\/types\/product"}],"replies":[{"embeddable":true,"href":"https:\/\/vapenex.com\/da\/wp-json\/wp\/v2\/comments?post=2420"}],"version-history":[{"count":1,"href":"https:\/\/vapenex.com\/da\/wp-json\/wp\/v2\/product\/2420\/revisions"}],"predecessor-version":[{"id":3667,"href":"https:\/\/vapenex.com\/da\/wp-json\/wp\/v2\/product\/2420\/revisions\/3667"}],"wp:featuredmedia":[{"embeddable":true,"href":"https:\/\/vapenex.com\/da\/wp-json\/wp\/v2\/media\/2441"}],"wp:attachment":[{"href":"https:\/\/vapenex.com\/da\/wp-json\/wp\/v2\/media?parent=2420"}],"wp:term":[{"taxonomy":"product_brand","embeddable":true,"href":"https:\/\/vapenex.com\/da\/wp-json\/wp\/v2\/product_brand?post=2420"},{"taxonomy":"product_cat","embeddable":true,"href":"https:\/\/vapenex.com\/da\/wp-json\/wp\/v2\/product_cat?post=2420"},{"taxonomy":"product_tag","embeddable":true,"href":"https:\/\/vapenex.com\/da\/wp-json\/wp\/v2\/product_tag?post=2420"}],"curies":[{"name":"wp","href":"https:\/\/api.w.org\/{rel}","templated":true}]}}