{"id":1104,"date":"2024-12-16T23:18:04","date_gmt":"2024-12-16T23:18:04","guid":{"rendered":"http:\/\/vapenex.com\/?post_type=product&#038;p=1104"},"modified":"2026-04-06T14:29:57","modified_gmt":"2026-04-06T14:29:57","slug":"wilde-kamera-einweg-vape-18000-puffs","status":"publish","type":"product","link":"https:\/\/vapenex.com\/de\/savage-camera-disposable-vape-18000-puffs\/","title":{"rendered":"Savage Kamera Einweg Vape 18000 Puffs"},"content":{"rendered":"<div data-elementor-type=\"product-post\" data-elementor-id=\"1104\" class=\"elementor elementor-1104\" data-elementor-post-type=\"product\">\n\t\t\t\t<div class=\"elementor-element elementor-element-1bad4d1e e-flex e-con-boxed e-con e-parent\" data-id=\"1bad4d1e\" data-element_type=\"container\" data-e-type=\"container\" data-settings=\"{&quot;ekit_has_onepagescroll_dot&quot;:&quot;yes&quot;}\">\n\t\t\t\t\t<div class=\"e-con-inner\">\n\t\t\t\t<div class=\"elementor-element elementor-element-6f42892c elementor-widget elementor-widget-text-editor\" data-id=\"6f42892c\" data-element_type=\"widget\" data-e-type=\"widget\" data-settings=\"{&quot;ekit_we_effect_on&quot;:&quot;none&quot;}\" data-widget_type=\"text-editor.default\">\n\t\t\t\t\t\t\t\t\t<h2>SAVAGE CAMERA 18000 Puffs - Halten Sie jeden Vaping-Moment fest!<\/h2><p>\u00a0<\/p><h3>Ein stilvolles Design, vollgepackt mit Leistung und Geschmack!<\/h3><p>Die <strong>WILDE KAMERA 18000<\/strong> ist ein revolution\u00e4res Ger\u00e4t, das modernste Technologie mit einem schlanken, von einer Kamera inspirierten Design kombiniert. Mit seinen fortschrittlichen Funktionen, der erweiterten Puff-Kapazit\u00e4t und einer Vielzahl von unwiderstehlichen Geschmacksrichtungen ist dieses Ger\u00e4t perfekt f\u00fcr Dampfer, die Stil und Substanz verlangen.<\/p><p>\u00a0<\/p><h3>Vorteile von SAVAGE CAMERA 18000 Puffs<\/h3><p>\u2705 <strong>18.000 Puffs<\/strong> - Genie\u00dfen Sie lang anhaltende Sitzungen ohne Unterbrechungen.<br \/>\u2705 <strong>28ml E-Liquid Kapazit\u00e4t<\/strong> - Gro\u00dfes Fassungsverm\u00f6gen f\u00fcr m\u00fcheloses Dampfen.<br \/>\u2705 <strong>20mg \/ 50mg Nik-Salz Optionen<\/strong> - Passen Sie die Nikotinst\u00e4rke an Ihre Vorlieben an.<br \/>\u2705 <strong>Mesh-Spulen-Technologie<\/strong> - Erleben Sie ein verbessertes Aroma und eine sanfte Dampfproduktion.<br \/>\u2705 <strong>Digitaler Bildschirm<\/strong> - \u00dcberwachen Sie Ihre Nutzung mit Leichtigkeit und Pr\u00e4zision.<br \/>\u2705 <strong>650mAh Typ-C wiederaufladbarer Akku<\/strong> - Schnellladung f\u00fcr ganzt\u00e4gige Leistung.<br \/>\u2705 <strong>Kompakte Bauweise (24 x 44 x 85 mm)<\/strong> - Leicht und tragbar f\u00fcr ultimativen Komfort.<\/p><p>\u00a0<\/p><h3>Geschmacksoptionen, die begeistern<\/h3><p>\u2714 \ud83c\udf53\ud83c\udf4c <strong>Erdbeere Banane<\/strong> - Eine cremige Mischung aus s\u00fc\u00dfen Erdbeeren und reifen Bananen.<br \/>\u2714 \ud83e\uded0\u2744\ufe0f <strong>Blaues Razz-Eis<\/strong> - Eine spritzige Explosion von blauen Himbeeren mit einem eisigen Abgang.<br \/>\u2714 \ud83d\udc09\u2744\ufe0f <strong>Schwarzes Dracheneis<\/strong> - Kr\u00e4ftige Drachenfrucht mit einer frostigen Note.<br \/>\u2714 \ud83c\udf49\ud83c\udf6c <strong>Wassermelone Kaugummi<\/strong> - Saftige Wassermelone trifft auf klassische Kaugummi-S\u00fc\u00dfe.<br \/>\u2714 \ud83c\udf53\ud83e\udd5d <strong>Erdbeer-Kiwi<\/strong> - Eine tropische Mischung aus s\u00fc\u00dfen Erdbeeren und s\u00e4uerlicher Kiwi.<br \/>\u2714 \ud83c\udf53\ud83c\udf49 <strong>Erdbeere Wassermelone<\/strong> - Ein saftiges Duo aus den Lieblingsfr\u00fcchten des Sommers.<br \/>\u2714 \ud83c\udf53\ud83c\udf79 <strong>Erdbeersaft<\/strong> - Purer Erdbeergenuss in jedem Zug.<br \/>\u2714 \ud83c\udf4f\u2744\ufe0f <strong>Saurer Apfel-Himbeere<\/strong> - Eine spritzig-s\u00fc\u00dfe Mischung aus gr\u00fcnem Apfel und Himbeere mit einer erfrischenden K\u00fchle.<br \/>\u2714 \ud83e\uded0\u2744\ufe0f <strong>Blaubeereis<\/strong> - S\u00fc\u00dfe Blaubeeren gepaart mit eisiger K\u00fchle.<br \/>\u2714 \ud83c\udf4a\ud83e\udd64 <strong>Orangenlimonade<\/strong> - Pikanter Orangengeschmack mit einem Hauch von Limonade.<\/p><p>\u00a0<\/p><h3>Technische Daten<\/h3><p>\ud83d\udd0b <strong>Batterie:<\/strong> 650mAh (Wiederaufladbar \u00fcber Typ-C, Schnellladung)<br \/>\ud83d\udca7 <strong>E-Liquid Kapazit\u00e4t:<\/strong> 28ml (Vorgef\u00fcllt)<br \/>\u2699\ufe0f <strong>Spule:<\/strong> Mesh Coil Technologie f\u00fcr verbesserten Geschmack und gleichm\u00e4\u00dfige Dampfproduktion<br \/>\ud83d\udcf1 <strong>Anzeige:<\/strong> Digitaler Bildschirm zur einfachen \u00dcberwachung der Nutzung<br \/>\ud83d\udcd0 <strong>Abmessungen:<\/strong> 24 x 44 x 85 mm<br \/>\ud83d\udce6 <strong>Schneller Versand aus dem EU-Lager:<\/strong> Lieferung innerhalb von nur <em>3-5 Tage<\/em>!<\/p><p>\u00a0<\/p><p>Die SAVAGE CAMERA 18000 kombiniert innovatives Design, fortschrittliche Technologie und k\u00fchne Aromen, um ein au\u00dfergew\u00f6hnliches Dampferlebnis zu bieten. Warten Sie nicht - bestellen Sie jetzt und lassen Sie jeden Zug Ihre Geschichte erz\u00e4hlen!<\/p>\t\t\t\t\t\t\t\t<\/div>\n\t\t\t\t\t<\/div>\n\t\t\t\t<\/div>\n\t\t\t\t<\/div>","protected":false},"excerpt":{"rendered":"<p>Die <strong>WILDE KAMERA 18000<\/strong> ist ein revolution\u00e4res Ger\u00e4t, das modernste Technologie mit einem schlanken, von einer Kamera inspirierten Design kombiniert. Mit seinen fortschrittlichen Funktionen, der erweiterten Puff-Kapazit\u00e4t und einer Vielzahl von unwiderstehlichen Geschmacksrichtungen ist dieses Ger\u00e4t perfekt f\u00fcr Dampfer, die Stil und Substanz verlangen.<\/p>","protected":false},"featured_media":1171,"comment_status":"open","ping_status":"closed","template":"","meta":[],"product_brand":[230],"product_cat":[2267,237],"product_tag":[],"class_list":{"0":"post-1104","1":"product","2":"type-product","3":"status-publish","4":"has-post-thumbnail","6":"product_brand-savage-vape","7":"product_cat-savage-disposable-vapes","8":"product_cat-disposable-vapes","9":"pa_battery-capacity-650-mah","10":"pa_charging-type-usb-c","11":"pa_e-liquid-capacity-28ml","12":"pa_puff-count-approx-18000","14":"first","15":"instock","16":"shipping-taxable","17":"purchasable","18":"product-type-variable"},"_links":{"self":[{"href":"https:\/\/vapenex.com\/de\/wp-json\/wp\/v2\/product\/1104","targetHints":{"allow":["GET"]}}],"collection":[{"href":"https:\/\/vapenex.com\/de\/wp-json\/wp\/v2\/product"}],"about":[{"href":"https:\/\/vapenex.com\/de\/wp-json\/wp\/v2\/types\/product"}],"replies":[{"embeddable":true,"href":"https:\/\/vapenex.com\/de\/wp-json\/wp\/v2\/comments?post=1104"}],"version-history":[{"count":1,"href":"https:\/\/vapenex.com\/de\/wp-json\/wp\/v2\/product\/1104\/revisions"}],"predecessor-version":[{"id":3679,"href":"https:\/\/vapenex.com\/de\/wp-json\/wp\/v2\/product\/1104\/revisions\/3679"}],"wp:featuredmedia":[{"embeddable":true,"href":"https:\/\/vapenex.com\/de\/wp-json\/wp\/v2\/media\/1171"}],"wp:attachment":[{"href":"https:\/\/vapenex.com\/de\/wp-json\/wp\/v2\/media?parent=1104"}],"wp:term":[{"taxonomy":"product_brand","embeddable":true,"href":"https:\/\/vapenex.com\/de\/wp-json\/wp\/v2\/product_brand?post=1104"},{"taxonomy":"product_cat","embeddable":true,"href":"https:\/\/vapenex.com\/de\/wp-json\/wp\/v2\/product_cat?post=1104"},{"taxonomy":"product_tag","embeddable":true,"href":"https:\/\/vapenex.com\/de\/wp-json\/wp\/v2\/product_tag?post=1104"}],"curies":[{"name":"wp","href":"https:\/\/api.w.org\/{rel}","templated":true}]}}