{"id":1222,"date":"2024-12-17T00:09:32","date_gmt":"2024-12-17T00:09:32","guid":{"rendered":"http:\/\/vapenex.com\/?post_type=product&#038;p=1222"},"modified":"2026-04-06T14:29:57","modified_gmt":"2026-04-06T14:29:57","slug":"wilde-sterne-einweg-vape-20000-zuge","status":"publish","type":"product","link":"https:\/\/vapenex.com\/de\/savage-stars-disposable-vape-20000-puffs\/","title":{"rendered":"Savage Stars Einweg Vape 20000 Puffs"},"content":{"rendered":"<div data-elementor-type=\"product-post\" data-elementor-id=\"1222\" class=\"elementor elementor-1222\" data-elementor-post-type=\"product\">\n\t\t\t\t<div class=\"elementor-element elementor-element-1ebca356 e-flex e-con-boxed e-con e-parent\" data-id=\"1ebca356\" data-element_type=\"container\" data-e-type=\"container\" data-settings=\"{&quot;ekit_has_onepagescroll_dot&quot;:&quot;yes&quot;}\">\n\t\t\t\t\t<div class=\"e-con-inner\">\n\t\t\t\t<div class=\"elementor-element elementor-element-4deacb8b elementor-widget elementor-widget-text-editor\" data-id=\"4deacb8b\" data-element_type=\"widget\" data-e-type=\"widget\" data-settings=\"{&quot;ekit_we_effect_on&quot;:&quot;none&quot;}\" data-widget_type=\"text-editor.default\">\n\t\t\t\t\t\t\t\t\t<h2>SAVAGE STARS 20000 Puffs - Light Up Your Vaping Experience!<\/h2><h3>\u00a0<\/h3><h3>Elegantes Design, intelligente Funktionen und unvergessliche Geschmackserlebnisse!<\/h3><p>Die <strong>SAVAGE STARS 20000 Puffs<\/strong> ist ein hochmodernes Ger\u00e4t, das fortschrittliche Technologie mit schlankem Design kombiniert. Mit seinem Vollbild-Display, dem Dual-Mesh-Coil-System und einer gro\u00dfen Auswahl an k\u00fchnen Geschmacksrichtungen ist dieses Ger\u00e4t perfekt f\u00fcr Dampfer, die Stil und Leistung in einem Paket wollen.<\/p><p>\u00a0<\/p><h3>Vorteile von SAVAGE STARS 20000 Puffs<\/h3><p>\u2705 <strong>20.000 Puffs<\/strong> - Gebaut f\u00fcr lang anhaltendes Vergn\u00fcgen ohne Unterbrechungen.<br \/>\u2705 <strong>29ml E-Liquid Kapazit\u00e4t<\/strong> - Vorgef\u00fcllt f\u00fcr l\u00e4ngeren Gebrauch.<br \/>\u2705 <strong>0\/20\/30\/50mg Nik-Salz Optionen<\/strong> - Passen Sie die Nikotinst\u00e4rke an Ihre Vorlieben an.<br \/>\u2705 <strong>Doppelmaschige Spulentechnologie<\/strong> - Verbesserter Geschmack und sanfte Dampfproduktion.<br \/>\u2705 <strong>Intelligenter Vaping-Timer<\/strong> - Behalten Sie den \u00dcberblick \u00fcber Ihre Sitzungen mit Pr\u00e4zision.<br \/>\u2705 <strong>Vollbild-Display<\/strong> - Schlankes und modernes Design f\u00fcr eine einfache \u00dcberwachung.<br \/>\u2705 <strong>USB-C-Schnellaufladung (45 Minuten)<\/strong> - Schnelle und zuverl\u00e4ssige Energie, wann immer Sie sie brauchen.<br \/>\u2705 <strong>Leichtes Gewicht von 100 g<\/strong> - Tragbar und bequem f\u00fcr das Vaping unterwegs.<\/p><p>\u00a0<\/p><h3>Geschmacksoptionen, die begeistern<\/h3><p>\u2714 \ud83c\udf47\u2744\ufe0f <strong>Traubeneis<\/strong> - S\u00fc\u00dfe Trauben mit k\u00fchlem Abgang.<br \/>\u2714 \ud83c\udf53\ud83c\udf49 <strong>Erdbeere Wassermelone<\/strong> - Ein erfrischendes Sommer-Duo.<br \/>\u2714 \ud83e\udd64\ud83c\udf52 <strong>Kirsch-Cola<\/strong> - Klassische Cola mit einem Hauch von Kirsche.<br \/>\u2714 \ud83c\udf4a\ud83e\udd6d <strong>Passionsfrucht, Orange, Guave<\/strong> - Eine Mischung aus dem tropischen Paradies.<br \/>\u2714 \ud83e\uded0\u2744\ufe0f <strong>Blaubeereis<\/strong> - S\u00fc\u00dfe Blaubeeren mit einem eisigen Kick.<br \/>\u2714 \ud83c\udf51\ud83e\udd6d\ud83c\udf49 <strong>Pfirsich Mango Wassermelone<\/strong> - Eine dreifache Fruchtsensation.<br \/>\u2714 \ud83c\udf49\u2744\ufe0f <strong>Wassermeloneneis<\/strong> - Saftige Wassermelone mit einem frostigen Abgang.<br \/>\u2714 \ud83e\udd5d\ud83c\udf4d\ud83c\udf51 <strong>Kiwi Ananas Pfirsich<\/strong> - Eine Mischung aus exotischen Fr\u00fcchten.<br \/>\u2714 \ud83e\uded0\u2744\ufe0f <strong>Blaues Razz-Eis<\/strong> - Spritzige blaue Himbeere mit k\u00fchlem Abgang.<br \/>\u2714 \ud83c\udf4d\ud83d\udc09 <strong>Ananas Drachenfrucht Grapefruit<\/strong> - Eine k\u00fchne Zitrusfrucht-Fusion.<\/p><p>\u00a0<\/p><h3>Technische Daten<\/h3><p>\ud83d\udd0b <strong>Batterie:<\/strong> USB-C wiederaufladbar (45 Minuten Schnellladung)<br \/>\ud83d\udca7 <strong>E-Liquid Kapazit\u00e4t:<\/strong> 29ml (Vorgef\u00fcllt)<br \/>\u2699\ufe0f <strong>Spule:<\/strong> Dual Mesh Coil Technologie f\u00fcr verbesserten Geschmack und Dampfproduktion<br \/>\ud83d\udcf1 <strong>Anzeige:<\/strong> Vollbild-Display mit intelligentem Vaping-Timer<br \/>\ud83d\udce6 <strong>Schneller Versand aus dem EU-Lager:<\/strong> Lieferung innerhalb von nur <em>3-5 Tage<\/em>!<\/p><p>\u00a0<\/p><p>Der SAVAGE STARS 20000 ist die ultimative Wahl f\u00fcr Dampfer, die modernste Technologie, schlankes Design und k\u00f6stliche Aromen in einem Ger\u00e4t kombinieren m\u00f6chten. Bestellen Sie ihn noch heute und strahlen Sie mit jedem Zug!<\/p>\t\t\t\t\t\t\t\t<\/div>\n\t\t\t\t\t<\/div>\n\t\t\t\t<\/div>\n\t\t\t\t<\/div>","protected":false},"excerpt":{"rendered":"<p>Die <strong>SAVAGE STARS 20000 Puffs<\/strong> wurde f\u00fcr Dampfer entwickelt, die sich nach Leistung und Stil sehnen. Mit seinem Vollbild-Display, der Dual-Mesh-Coil-Technologie und einer gro\u00dfen Auswahl an Geschmacksrichtungen ist dieses Ger\u00e4t perfekt f\u00fcr alle, die ihr Dampferlebnis verbessern wollen.<\/p>","protected":false},"featured_media":1268,"comment_status":"open","ping_status":"closed","template":"","meta":[],"product_brand":[230],"product_cat":[2267,237],"product_tag":[],"class_list":{"0":"post-1222","1":"product","2":"type-product","3":"status-publish","4":"has-post-thumbnail","6":"product_brand-savage-vape","7":"product_cat-savage-disposable-vapes","8":"product_cat-disposable-vapes","9":"pa_battery-capacity-650-mah","10":"pa_charging-type-fast-charging","11":"pa_charging-type-usb-c","12":"pa_e-liquid-capacity-29ml","13":"pa_puff-count-approx-20000","14":"pa_timer-smart-timer","16":"first","17":"instock","18":"shipping-taxable","19":"purchasable","20":"product-type-variable"},"_links":{"self":[{"href":"https:\/\/vapenex.com\/de\/wp-json\/wp\/v2\/product\/1222","targetHints":{"allow":["GET"]}}],"collection":[{"href":"https:\/\/vapenex.com\/de\/wp-json\/wp\/v2\/product"}],"about":[{"href":"https:\/\/vapenex.com\/de\/wp-json\/wp\/v2\/types\/product"}],"replies":[{"embeddable":true,"href":"https:\/\/vapenex.com\/de\/wp-json\/wp\/v2\/comments?post=1222"}],"version-history":[{"count":1,"href":"https:\/\/vapenex.com\/de\/wp-json\/wp\/v2\/product\/1222\/revisions"}],"predecessor-version":[{"id":3678,"href":"https:\/\/vapenex.com\/de\/wp-json\/wp\/v2\/product\/1222\/revisions\/3678"}],"wp:featuredmedia":[{"embeddable":true,"href":"https:\/\/vapenex.com\/de\/wp-json\/wp\/v2\/media\/1268"}],"wp:attachment":[{"href":"https:\/\/vapenex.com\/de\/wp-json\/wp\/v2\/media?parent=1222"}],"wp:term":[{"taxonomy":"product_brand","embeddable":true,"href":"https:\/\/vapenex.com\/de\/wp-json\/wp\/v2\/product_brand?post=1222"},{"taxonomy":"product_cat","embeddable":true,"href":"https:\/\/vapenex.com\/de\/wp-json\/wp\/v2\/product_cat?post=1222"},{"taxonomy":"product_tag","embeddable":true,"href":"https:\/\/vapenex.com\/de\/wp-json\/wp\/v2\/product_tag?post=1222"}],"curies":[{"name":"wp","href":"https:\/\/api.w.org\/{rel}","templated":true}]}}