{"id":1437,"date":"2024-12-17T19:09:10","date_gmt":"2024-12-17T19:09:10","guid":{"rendered":"http:\/\/vapenex.com\/?post_type=product&#038;p=1437"},"modified":"2026-04-06T14:29:57","modified_gmt":"2026-04-06T14:29:57","slug":"savage-s-macht-einweg-vape-30000-zuge","status":"publish","type":"product","link":"https:\/\/vapenex.com\/de\/savage-s-power-disposable-vape-30000-puffs\/","title":{"rendered":"Savage S Power Einweg Vape 30000 Puffs"},"content":{"rendered":"<div data-elementor-type=\"product-post\" data-elementor-id=\"1437\" class=\"elementor elementor-1437\" data-elementor-post-type=\"product\">\n\t\t\t\t<div class=\"elementor-element elementor-element-3ac0b305 e-flex e-con-boxed e-con e-parent\" data-id=\"3ac0b305\" data-element_type=\"container\" data-e-type=\"container\" data-settings=\"{&quot;ekit_has_onepagescroll_dot&quot;:&quot;yes&quot;}\">\n\t\t\t\t\t<div class=\"e-con-inner\">\n\t\t\t\t<div class=\"elementor-element elementor-element-79fcd3de elementor-widget elementor-widget-text-editor\" data-id=\"79fcd3de\" data-element_type=\"widget\" data-e-type=\"widget\" data-settings=\"{&quot;ekit_we_effect_on&quot;:&quot;none&quot;}\" data-widget_type=\"text-editor.default\">\n\t\t\t\t\t\t\t\t\t<h2>SAVAGE S POWER 30000 Puffs - Kraft trifft auf Pr\u00e4zision!<\/h2><h3>\u00a0<\/h3><h3>Geschmacksexplosion, erweiterte Funktionen und unaufhaltsame Leistung!<\/h3><p>Machen Sie sich bereit, Ihr Dampferlebnis neu zu definieren mit dem <strong>SAVAGE S POWER 30000 Puffs<\/strong>. Dieses Ger\u00e4t ist f\u00fcr Dampfer, die die perfekte Balance von Stil, Leistung und Innovation verlangen. Ob Sie ein Geschmackskenner oder ein Cloud-Enthusiast sind, der SAVAGE S POWER 30000 liefert an allen Fronten.<\/p><h3>\u00a0<\/h3><h3>Was macht SAVAGE S POWER 30000 so au\u00dfergew\u00f6hnlich?<\/h3><p>\u2705 <strong>30.000 Puffs<\/strong> - Konzipiert f\u00fcr den erweiterten Einsatz ohne Kompromisse.<br \/>\u2705 <strong>29ml E-Liquid Kapazit\u00e4t<\/strong> - Vorgef\u00fcllt f\u00fcr ununterbrochene Vaping-Sessions.<br \/>\u2705 <strong>0\/20\/30\/50mg Nik-Salz Optionen<\/strong> - W\u00e4hlen Sie die Nikotinst\u00e4rke, die Ihren Bed\u00fcrfnissen entspricht.<br \/>\u2705 <strong>Vier Heizmodi<\/strong> - Schneiden Sie jeden Puff genau auf Ihre Vorlieben zu.<br \/>\u2705 <strong>Mesh-Spulen-Technologie<\/strong> - Entdecke intensive Aromen und eine sanfte Dampfproduktion.<br \/>\u2705 <strong>Einstellbarer Luftstrom<\/strong> - Passen Sie Ihr Inhalieren f\u00fcr den perfekten Zug an.<br \/>\u2705 <strong>Kindersicherungsfunktion<\/strong> - Sicherheit und Komfort in einem.<br \/>\u2705 <strong>120g Leichtes Design<\/strong> - Tragbar und schlank f\u00fcr den Einsatz unterwegs.<\/p><h3>\u00a0<\/h3><h3>Aromen, die Sie wiederkommen lassen<\/h3><p>\u2714 \ud83c\udf53\ud83e\udd6d <strong>Erdbeer-Mango<\/strong> - Eine tropische Verschmelzung von s\u00fc\u00dfen Erdbeeren und reifen Mangos.<br \/>\u2714 \ud83c\udf49\u2744\ufe0f <strong>Wassermeloneneis<\/strong> - Saftige Wassermelone mit frostiger K\u00fchle.<br \/>\u2714 \ud83c\udf53\ud83e\udd5d <strong>Erdbeer-Kiwi<\/strong> - Ein spritzig-s\u00fc\u00dfes Duo aus klassischen Fr\u00fcchten.<br \/>\u2714 \ud83e\uded0\u2744\ufe0f <strong>Blaubeereis<\/strong> - S\u00fc\u00dfe Blaubeeren mit einer eisigen Note.<br \/>\u2714 \ud83e\uded0\u2744\ufe0f <strong>Blaues Himbeereis<\/strong> - Eine spritzige blaue Himbeerexplosion mit einer erfrischenden K\u00fchle.<br \/>\u2714 \ud83c\udf47\ud83c\udf38 <strong>Sakura-Trauben<\/strong> - Eine delikate Mischung aus blumigem Sakura und saftigen Trauben.<br \/>\u2714 \ud83c\udf52\ud83c\udf4e <strong>Kirsche Granatapfel<\/strong> - Eine gewagte Mischung aus s\u00fc\u00dfen Kirschen und herbem Granatapfel.<br \/>\u2714 \ud83c\udf53\ud83c\udf52 <strong>Beerenmischung<\/strong> - Ein Medley aus Beeren, die vor Geschmack nur so strotzen.<br \/>\u2714 \ud83e\udd64\u2744\ufe0f <strong>Cola-Eis<\/strong> - Klassische Cola mit einem frostigen Abgang.<br \/>\u2714 \ud83c\udf53\ud83c\udf49 <strong>Erdbeere Wassermelone<\/strong> - Eine saftige Kombination aus den beliebtesten Fr\u00fcchten des Sommers.<\/p><p>\u00a0<\/p><h3>Technische Daten<\/h3><p>\ud83d\udd0b Akku: 700mAh (wiederaufladbar \u00fcber Typ-C)<br \/>\ud83d\udca7 E-Liquid Kapazit\u00e4t: 29ml (vorgef\u00fcllt)<br \/>\u2699\ufe0f Spule: Mesh-Spule f\u00fcr \u00fcberlegene Leistung<br \/>\ud83c\udf2c\ufe0f Luftstrom: Einstellbar, um Ihre Vorlieben zu erf\u00fcllen<br \/>\ud83d\udce6 <strong>Schneller Versand aus dem EU-Lager:<\/strong> Lieferung in nur <em>3-5 Tage<\/em>!<\/p><p>\u00a0<\/p><p>Verbessern Sie Ihr Dampfspiel mit dem SAVAGE S POWER 30000 Puffs! Vollgepackt mit fortschrittlichen Funktionen und unwiderstehlichen Aromen, ist dieses Ger\u00e4t gebaut, um zu beeindrucken und auf jeder Ebene durchzuf\u00fchren. Warten Sie nicht - bestellen Sie ihn noch heute und erleben Sie das Dampfen wie nie zuvor!<\/p>\t\t\t\t\t\t\t\t<\/div>\n\t\t\t\t\t<\/div>\n\t\t\t\t<\/div>\n\t\t\t\t<\/div>","protected":false},"excerpt":{"rendered":"<p>Machen Sie sich bereit, Ihr Dampferlebnis neu zu definieren mit dem <strong>SAVAGE S POWER 30000<\/strong>. Dieses Ger\u00e4t ist f\u00fcr Dampfer, die die perfekte Balance von Stil, Leistung und Innovation verlangen. Ob Sie ein Geschmackskenner oder ein Cloud-Enthusiast sind, der SAVAGE S POWER 30000 liefert an allen Fronten.<\/p>","protected":false},"featured_media":1439,"comment_status":"open","ping_status":"closed","template":"","meta":[],"product_brand":[230],"product_cat":[2267,237],"product_tag":[],"class_list":{"0":"post-1437","1":"product","2":"type-product","3":"status-publish","4":"has-post-thumbnail","6":"product_brand-savage-vape","7":"product_cat-savage-disposable-vapes","8":"product_cat-disposable-vapes","9":"pa_battery-capacity-650-mah","10":"pa_charging-type-usb-c","11":"pa_e-liquid-capacity-29ml","12":"pa_puff-count-approx-30000","14":"first","15":"instock","16":"shipping-taxable","17":"purchasable","18":"product-type-variable"},"_links":{"self":[{"href":"https:\/\/vapenex.com\/de\/wp-json\/wp\/v2\/product\/1437","targetHints":{"allow":["GET"]}}],"collection":[{"href":"https:\/\/vapenex.com\/de\/wp-json\/wp\/v2\/product"}],"about":[{"href":"https:\/\/vapenex.com\/de\/wp-json\/wp\/v2\/types\/product"}],"replies":[{"embeddable":true,"href":"https:\/\/vapenex.com\/de\/wp-json\/wp\/v2\/comments?post=1437"}],"version-history":[{"count":1,"href":"https:\/\/vapenex.com\/de\/wp-json\/wp\/v2\/product\/1437\/revisions"}],"predecessor-version":[{"id":3675,"href":"https:\/\/vapenex.com\/de\/wp-json\/wp\/v2\/product\/1437\/revisions\/3675"}],"wp:featuredmedia":[{"embeddable":true,"href":"https:\/\/vapenex.com\/de\/wp-json\/wp\/v2\/media\/1439"}],"wp:attachment":[{"href":"https:\/\/vapenex.com\/de\/wp-json\/wp\/v2\/media?parent=1437"}],"wp:term":[{"taxonomy":"product_brand","embeddable":true,"href":"https:\/\/vapenex.com\/de\/wp-json\/wp\/v2\/product_brand?post=1437"},{"taxonomy":"product_cat","embeddable":true,"href":"https:\/\/vapenex.com\/de\/wp-json\/wp\/v2\/product_cat?post=1437"},{"taxonomy":"product_tag","embeddable":true,"href":"https:\/\/vapenex.com\/de\/wp-json\/wp\/v2\/product_tag?post=1437"}],"curies":[{"name":"wp","href":"https:\/\/api.w.org\/{rel}","templated":true}]}}