{"id":1491,"date":"2024-12-18T19:55:19","date_gmt":"2024-12-18T19:55:19","guid":{"rendered":"http:\/\/vapenex.com\/?post_type=product&#038;p=1491"},"modified":"2026-04-06T14:29:57","modified_gmt":"2026-04-06T14:29:57","slug":"savage-monster-z-einweg-vape-30000-puffs","status":"publish","type":"product","link":"https:\/\/vapenex.com\/de\/savage-monster-z-disposable-vape-30000-puffs\/","title":{"rendered":"Savage Monster Z Einweg Vape 30000 Puffs"},"content":{"rendered":"<div data-elementor-type=\"product-post\" data-elementor-id=\"1491\" class=\"elementor elementor-1491\" data-elementor-post-type=\"product\">\n\t\t\t\t<div class=\"elementor-element elementor-element-542ba5c9 e-flex e-con-boxed e-con e-parent\" data-id=\"542ba5c9\" data-element_type=\"container\" data-e-type=\"container\" data-settings=\"{&quot;ekit_has_onepagescroll_dot&quot;:&quot;yes&quot;}\">\n\t\t\t\t\t<div class=\"e-con-inner\">\n\t\t\t\t<div class=\"elementor-element elementor-element-35acdedc elementor-widget elementor-widget-text-editor\" data-id=\"35acdedc\" data-element_type=\"widget\" data-e-type=\"widget\" data-settings=\"{&quot;ekit_we_effect_on&quot;:&quot;none&quot;}\" data-widget_type=\"text-editor.default\">\n\t\t\t\t\t\t\t\t\t<h2>SAVAGE MONSTER Z 30000 Puffs - Entfessle die Bestie in dir!<\/h2><h3>\u00a0<\/h3><h3>Starke Leistung, kr\u00e4ftige Geschmacksrichtungen und modernes Design!<\/h3><p>Die <strong>SAVAGE MONSTER Z 30000 Puffs<\/strong> ist nicht nur ein Verdampfer; es ist ein Statement. Entwickelt f\u00fcr diejenigen, die das Beste verlangen, liefert dieses Ger\u00e4t massive Wolken, intensive Aromen und \u00fcberlegene Funktionalit\u00e4t. Egal, ob Sie ein Geschmacksenthusiast oder ein Wolkenj\u00e4ger sind, dieses Kraftpaket ist gebaut, um zu befriedigen.<\/p><p>\u00a0<\/p><h3>Warum sollten Sie sich f\u00fcr SAVAGE MONSTER Z 30000 entscheiden?<\/h3><p>\u2705 <strong>30.000 Puffs<\/strong> - Entwickelt f\u00fcr Langlebigkeit und ununterbrochenes Vergn\u00fcgen.<br \/>\u2705 <strong>30ml E-Liquid Kapazit\u00e4t<\/strong> - Vorgef\u00fcllt f\u00fcr l\u00e4ngere Vaping-Sessions.<br \/>\u2705 <strong>0\/20\/30\/50mg Nik-Salz Optionen<\/strong> - Passen Sie die Nikotinst\u00e4rke an Ihre Bed\u00fcrfnisse an.<br \/>\u2705 <strong>Vier Leistungsmodi<\/strong> - Passen Sie Ihr Dampferlebnis ganz einfach an.<br \/>\u2705 <strong>Doppelmaschige Spulentechnologie<\/strong> - Verbessertes Aroma und dichte Dampfproduktion.<br \/>\u2705 <strong>Einstellbarer Luftstrom<\/strong> - Perfekte Kontrolle des Inhalierens f\u00fcr sanfte Z\u00fcge.<br \/>\u2705 <strong>700mAh Typ-C-Akku<\/strong> - Zuverl\u00e4ssige Stromversorgung mit Schnellladung f\u00fcr den ganzt\u00e4gigen Einsatz.<br \/>\u2705 <strong>Leichtes Gewicht von 120 g<\/strong> - Tragbar und leicht zu transportieren, wo immer Sie hingehen.<\/p><p>\u00a0<\/p><h3>Geschmacksrichtungen, die Ihre Sinne anregen<\/h3><p>\u2714 \ud83c\udf51\u2744\ufe0f <strong>Pfirsicheis<\/strong> - S\u00fc\u00dfer Pfirsich mit frostigem Abgang.<br \/>\u2714 \ud83c\udf4b\ud83d\udc9a <strong>Limetten-Romanze<\/strong> - Eine spritzige Zitrusfrucht mit einem erfrischenden Twist.<br \/>\u2714 \ud83c\udf31\u2744\ufe0f <strong>K\u00fchle Minze<\/strong> - Knackige und belebende minzige K\u00fchle.<br \/>\u2714 \ud83c\udf53\ud83c\udf4c <strong>Erdbeere Banane<\/strong> - Eine cremige Mischung aus s\u00fc\u00dfen Erdbeeren und reifen Bananen.<br \/>\u2714 \ud83e\uded0\u2744\ufe0f <strong>Blaues Raz-Eis<\/strong> - Eine spritzige blaue Himbeerexplosion mit einem eisigen Rand.<br \/>\u2714 \ud83c\udf53\ud83e\udd6d <strong>Erdbeer-Mango<\/strong> - Eine tropische Verschmelzung von saftigen Erdbeeren und reifen Mangos.<br \/>\u2714 \ud83c\udf49\ud83c\udf6c <strong>Saftige Wassermelone<\/strong> - Erfrischende Wassermelone mit einem Hauch von S\u00fc\u00dfe.<br \/>\u2714 \ud83c\udf53\ud83c\udf49 <strong>Erdbeere Wassermelone<\/strong> - Eine klassische Kombination aus den beliebtesten Fr\u00fcchten des Sommers.<br \/>\u2714 \ud83e\uded0\u2744\ufe0f <strong>Blaues Himbeereis<\/strong> - Kr\u00e4ftiger Beerengeschmack mit einer frostigen K\u00fchle.<br \/>\u2714 \ud83c\udf51\ud83c\udf49\u2744\ufe0f <strong>Wassermelone Saurer Pfirsich<\/strong> - Eine spritzig-s\u00fc\u00dfe Mischung mit einem erfrischenden Abgang.<\/p><p>\u00a0<\/p><h3>Technische Daten<\/h3><p>\ud83d\udd0b Akku: 700mAh (wiederaufladbar \u00fcber Typ-C)<br \/>\ud83d\udca7 E-Liquid Kapazit\u00e4t: 30ml (vorgef\u00fcllt)<br \/>\u2699\ufe0f Spule: Dual Mesh Coil f\u00fcr \u00fcberlegene Leistung<br \/>\ud83c\udf2c\ufe0f Luftstrom: Einstellbar, um Ihre Vorlieben zu erf\u00fcllen<br \/>\ud83d\udce6 <strong>Schneller Versand aus dem EU-Lager:<\/strong> Lieferung in nur <em>3-5 Tage<\/em>!<\/p><p>\u00a0<\/p><p>Sind Sie bereit, Ihr Vaping-Erlebnis auf die n\u00e4chste Stufe zu heben? Die <strong>SAVAGE MONSTER Z 30000 Puffs<\/strong> kombiniert Stil, Leistung und Geschmacksvielfalt wie kein anderes Ger\u00e4t auf dem Markt. Warten Sie nicht - bestellen Sie Ihren noch heute und entfesseln Sie das Biest in sich!<\/p>\t\t\t\t\t\t\t\t<\/div>\n\t\t\t\t\t<\/div>\n\t\t\t\t<\/div>\n\t\t\t\t<\/div>","protected":false},"excerpt":{"rendered":"<p>Die <strong>WILDES MONSTER Z 30000<\/strong> ist nicht nur ein Verdampfer; es ist ein Statement. Entwickelt f\u00fcr diejenigen, die das Beste verlangen, liefert dieses Ger\u00e4t massive Wolken, intensive Aromen und \u00fcberlegene Funktionalit\u00e4t. Egal, ob Sie ein Geschmacksenthusiast oder ein Wolkenj\u00e4ger sind, dieses Kraftpaket ist gebaut, um zu befriedigen.<\/p>","protected":false},"featured_media":1503,"comment_status":"open","ping_status":"closed","template":"","meta":[],"product_brand":[230],"product_cat":[2267,237],"product_tag":[],"class_list":{"0":"post-1491","1":"product","2":"type-product","3":"status-publish","4":"has-post-thumbnail","6":"product_brand-savage-vape","7":"product_cat-savage-disposable-vapes","8":"product_cat-disposable-vapes","9":"pa_battery-capacity-700-mah","10":"pa_charging-type-usb-c","11":"pa_e-liquid-capacity-30ml","12":"pa_power-modes-eco","13":"pa_power-modes-max","14":"pa_power-modes-plus","15":"pa_power-modes-pro","16":"pa_puff-count-approx-30000","18":"first","19":"instock","20":"shipping-taxable","21":"purchasable","22":"product-type-variable"},"_links":{"self":[{"href":"https:\/\/vapenex.com\/de\/wp-json\/wp\/v2\/product\/1491","targetHints":{"allow":["GET"]}}],"collection":[{"href":"https:\/\/vapenex.com\/de\/wp-json\/wp\/v2\/product"}],"about":[{"href":"https:\/\/vapenex.com\/de\/wp-json\/wp\/v2\/types\/product"}],"replies":[{"embeddable":true,"href":"https:\/\/vapenex.com\/de\/wp-json\/wp\/v2\/comments?post=1491"}],"version-history":[{"count":1,"href":"https:\/\/vapenex.com\/de\/wp-json\/wp\/v2\/product\/1491\/revisions"}],"predecessor-version":[{"id":3674,"href":"https:\/\/vapenex.com\/de\/wp-json\/wp\/v2\/product\/1491\/revisions\/3674"}],"wp:featuredmedia":[{"embeddable":true,"href":"https:\/\/vapenex.com\/de\/wp-json\/wp\/v2\/media\/1503"}],"wp:attachment":[{"href":"https:\/\/vapenex.com\/de\/wp-json\/wp\/v2\/media?parent=1491"}],"wp:term":[{"taxonomy":"product_brand","embeddable":true,"href":"https:\/\/vapenex.com\/de\/wp-json\/wp\/v2\/product_brand?post=1491"},{"taxonomy":"product_cat","embeddable":true,"href":"https:\/\/vapenex.com\/de\/wp-json\/wp\/v2\/product_cat?post=1491"},{"taxonomy":"product_tag","embeddable":true,"href":"https:\/\/vapenex.com\/de\/wp-json\/wp\/v2\/product_tag?post=1491"}],"curies":[{"name":"wp","href":"https:\/\/api.w.org\/{rel}","templated":true}]}}