{"id":1545,"date":"2024-12-18T21:13:11","date_gmt":"2024-12-18T21:13:11","guid":{"rendered":"http:\/\/vapenex.com\/?post_type=product&#038;p=1545"},"modified":"2026-04-06T14:29:56","modified_gmt":"2026-04-06T14:29:56","slug":"savage-vape-fort-shisha-einweg-vape-45000-puffs","status":"publish","type":"product","link":"https:\/\/vapenex.com\/de\/savage-vape-fort-shisha-disposable-vape-45000-puffs\/","title":{"rendered":"Savage Vape Fort Shisha Einweg Vape 45000 Puffs"},"content":{"rendered":"<div data-elementor-type=\"product-post\" data-elementor-id=\"1545\" class=\"elementor elementor-1545\" data-elementor-post-type=\"product\">\n\t\t\t\t<div class=\"elementor-element elementor-element-5ebcf080 e-flex e-con-boxed e-con e-parent\" data-id=\"5ebcf080\" data-element_type=\"container\" data-e-type=\"container\" data-settings=\"{&quot;ekit_has_onepagescroll_dot&quot;:&quot;yes&quot;}\">\n\t\t\t\t\t<div class=\"e-con-inner\">\n\t\t\t\t<div class=\"elementor-element elementor-element-29f93ab6 elementor-widget elementor-widget-text-editor\" data-id=\"29f93ab6\" data-element_type=\"widget\" data-e-type=\"widget\" data-settings=\"{&quot;ekit_we_effect_on&quot;:&quot;none&quot;}\" data-widget_type=\"text-editor.default\">\n\t\t\t\t\t\t\t\t\t<h2>FORT SHISHA 45000 - Kraft, Geschmack und Stil in jedem Zug!<\/h2><h3>\u00a0<\/h3><h3>Entfessle die Bestie - gro\u00dfe Wolken, fette Aromen und unaufhaltsame Leistung!<\/h3><p>Treten Sie ein in die Zukunft des Dampfens mit dem <strong>FORT SHISHA 45000<\/strong>. Dieses Ger\u00e4t wurde f\u00fcr diejenigen entwickelt, die Exzellenz verlangen, und kombiniert modernste Technologie mit einem exotischen Design, das sich abhebt. Egal, ob Sie auf der Jagd nach massiven Wolken sind oder reichhaltige Aromen genie\u00dfen wollen, der FORT SHISHA 45000 ist Ihr ultimativer Begleiter.<\/p><p>\u00a0<\/p><h3>Warum FORT SHISHA 45000 w\u00e4hlen?<\/h3><p>\u2705 <strong>45.000 Puffs<\/strong> - Gebaut, um lange Freude zu haben.<br \/>\u2705 <strong>30ml E-Liquid Kapazit\u00e4t<\/strong> - Vorgef\u00fcllt f\u00fcr l\u00e4ngere Vaping-Sessions.<br \/>\u2705 <strong>3mg Nikotin St\u00e4rke<\/strong> - Sanfte und dennoch befriedigende Nikotinabgabe.<br \/>\u2705 <strong>Mesh-Spulen-Technologie<\/strong> - Entriegeln Sie intensive Aromen und dichte Wolken.<br \/>\u2705 <strong>Einstellbarer Luftstrom<\/strong> - Schneiden Sie Ihr Einatmen perfekt zu.<br \/>\u2705 <strong>650mAh wiederaufladbare Batterie<\/strong> - Zuverl\u00e4ssige Stromversorgung mit Typ-C-Schnellladung.<br \/>\u2705 <strong>150g Leichtes Design<\/strong> - Tragbar und elegant f\u00fcr den Einsatz unterwegs.<\/p><p>\u00a0<\/p><h3>Geschmacksrichtungen, die Ihre Sinne anregen<\/h3><p>\u2714 \u26a1Red Bull - Beleben Sie Ihre Geschmacksknospen mit dieser kultigen Geschmacksrichtung.<br \/>\u2714 \ud83c\udf53\ud83c\udf52 <strong>Beerenmischung<\/strong> - Eine s\u00fc\u00dfe und spritzige Explosion von Beeren.<br \/>\u2714 \ud83e\udd64\u2744\ufe0f <strong>Cola-Eis<\/strong> - Klassische Cola mit einem frostigen Abgang.<br \/>\u2714 \ud83c\udf53\u2744\ufe0f <strong>Erdbeereis<\/strong> - Saftige Erdbeeren mit einem eisigen Touch.<br \/>\u2714 \ud83e\uded0\u2744\ufe0f <strong>Blaues Razz-Eis<\/strong> - Eine spritzige blaue Himbeerexplosion mit einer k\u00fchlenden Note.<br \/>\u2714 \ud83e\uded0\u2744\ufe0f <strong>Blaubeereis<\/strong> - S\u00fc\u00dfe Blaubeeren gepaart mit einer erfrischenden Abk\u00fchlung.<br \/>\u2714 \ud83c\udf49\u2744\ufe0f <strong>Wassermeloneneis<\/strong> - Saftige Wassermelone trifft auf eisige K\u00fchle.<br \/>\u2714 \ud83c\udf51\ud83c\udf49 <strong>Mango Pfirsich Wassermelone<\/strong> - Ein Medley aus tropischen Fr\u00fcchten, das genau die richtigen T\u00f6ne trifft.<br \/>\u2714 \ud83c\udf47\u2744\ufe0f <strong>Traubeneis<\/strong> - Kr\u00e4ftiger Traubengeschmack mit einem frostigen Kick.<br \/>\u2714 \ud83c\udf53\ud83c\udf49 <strong>Erdbeere Wassermelone<\/strong> - Eine klassische Kombination aus den besten Fr\u00fcchten des Sommers.<\/p><p>\u00a0<\/p><h3>Technische Daten<\/h3><p>\ud83d\udd0b Akku: 650mAh (wiederaufladbar)<br \/>\ud83d\udca7 E-Liquid Kapazit\u00e4t: 30ml (vorgef\u00fcllt)<br \/>\u2699\ufe0f Spule: Mesh-Spule f\u00fcr \u00fcberlegene Leistung<br \/>\ud83c\udf2c\ufe0f Luftstrom: Einstellbar f\u00fcr individuelles Ziehen<br \/>\ud83d\udce6 <strong>Schneller Versand aus dem EU-Lager:<\/strong> Lieferung innerhalb von nur <em>3-5 Tage<\/em>!<\/p><p>\u00a0<\/p><p>Entdecken Sie die perfekte Balance zwischen Leistung und Eleganz mit dem FORT SHISHA 45000! Egal, ob Sie eine Wolke Chaser oder ein Aroma-Enthusiasten sind, ist dieses Ger\u00e4t gebaut, um zu beeindrucken und durchzuf\u00fchren. Warten Sie nicht - holen Sie sich Ihre noch heute und machen Sie jeden Zug au\u00dfergew\u00f6hnlich!<\/p>\t\t\t\t\t\t\t\t<\/div>\n\t\t\t\t\t<\/div>\n\t\t\t\t<\/div>\n\t\t\t\t<\/div>","protected":false},"excerpt":{"rendered":"<p>Treten Sie ein in die Zukunft des Dampfens mit dem <strong>FORT SHISHA 45000<\/strong>. Dieses Ger\u00e4t wurde f\u00fcr diejenigen entwickelt, die Exzellenz verlangen, und kombiniert modernste Technologie mit einem exotischen Design, das sich abhebt. Egal, ob Sie auf der Jagd nach massiven Wolken sind oder reichhaltige Aromen genie\u00dfen wollen, der FORT SHISHA 45000 ist Ihr ultimativer Begleiter.<\/p>","protected":false},"featured_media":1547,"comment_status":"open","ping_status":"closed","template":"","meta":[],"product_brand":[230],"product_cat":[2267,237],"product_tag":[],"class_list":{"0":"post-1545","1":"product","2":"type-product","3":"status-publish","4":"has-post-thumbnail","6":"product_brand-savage-vape","7":"product_cat-savage-disposable-vapes","8":"product_cat-disposable-vapes","9":"pa_battery-capacity-650-mah","10":"pa_charging-type-usb-c","11":"pa_e-liquid-capacity-30ml","12":"pa_puff-count-approx-45000","14":"first","15":"instock","16":"shipping-taxable","17":"purchasable","18":"product-type-variable"},"_links":{"self":[{"href":"https:\/\/vapenex.com\/de\/wp-json\/wp\/v2\/product\/1545","targetHints":{"allow":["GET"]}}],"collection":[{"href":"https:\/\/vapenex.com\/de\/wp-json\/wp\/v2\/product"}],"about":[{"href":"https:\/\/vapenex.com\/de\/wp-json\/wp\/v2\/types\/product"}],"replies":[{"embeddable":true,"href":"https:\/\/vapenex.com\/de\/wp-json\/wp\/v2\/comments?post=1545"}],"version-history":[{"count":1,"href":"https:\/\/vapenex.com\/de\/wp-json\/wp\/v2\/product\/1545\/revisions"}],"predecessor-version":[{"id":3673,"href":"https:\/\/vapenex.com\/de\/wp-json\/wp\/v2\/product\/1545\/revisions\/3673"}],"wp:featuredmedia":[{"embeddable":true,"href":"https:\/\/vapenex.com\/de\/wp-json\/wp\/v2\/media\/1547"}],"wp:attachment":[{"href":"https:\/\/vapenex.com\/de\/wp-json\/wp\/v2\/media?parent=1545"}],"wp:term":[{"taxonomy":"product_brand","embeddable":true,"href":"https:\/\/vapenex.com\/de\/wp-json\/wp\/v2\/product_brand?post=1545"},{"taxonomy":"product_cat","embeddable":true,"href":"https:\/\/vapenex.com\/de\/wp-json\/wp\/v2\/product_cat?post=1545"},{"taxonomy":"product_tag","embeddable":true,"href":"https:\/\/vapenex.com\/de\/wp-json\/wp\/v2\/product_tag?post=1545"}],"curies":[{"name":"wp","href":"https:\/\/api.w.org\/{rel}","templated":true}]}}