{"id":206,"date":"2024-12-03T21:30:48","date_gmt":"2024-12-03T21:30:48","guid":{"rendered":"http:\/\/vapenex.com\/?post_type=product&#038;p=206"},"modified":"2026-04-06T14:29:57","modified_gmt":"2026-04-06T14:29:57","slug":"savage-crystal-600-einweg-vape","status":"publish","type":"product","link":"https:\/\/vapenex.com\/de\/savage-crystal-600-disposable-vape\/","title":{"rendered":"Savage Crystal Einweg Vape 600 Puffs"},"content":{"rendered":"<div data-elementor-type=\"product-post\" data-elementor-id=\"206\" class=\"elementor elementor-206\" data-elementor-post-type=\"product\">\n\t\t\t\t<div class=\"elementor-element elementor-element-30650af6 e-flex e-con-boxed e-con e-parent\" data-id=\"30650af6\" data-element_type=\"container\" data-e-type=\"container\" data-settings=\"{&quot;ekit_has_onepagescroll_dot&quot;:&quot;yes&quot;}\">\n\t\t\t\t\t<div class=\"e-con-inner\">\n\t\t\t\t<div class=\"elementor-element elementor-element-4fa516a6 elementor-widget elementor-widget-text-editor\" data-id=\"4fa516a6\" data-element_type=\"widget\" data-e-type=\"widget\" data-settings=\"{&quot;ekit_we_effect_on&quot;:&quot;none&quot;}\" data-widget_type=\"text-editor.default\">\n\t\t\t\t\t\t\t\t\t<h3>SAVAGE CRYSTAL 600 Puffs - Kompakt, stilvoll und erfrischend!<\/h3><h4>\u00a0<\/h4><h4>Der perfekte Vape im Taschenformat f\u00fcr Geschmacksliebhaber!<\/h4><p>Die <strong>SAVAGE CRYSTAL 600 Puffs<\/strong> ist das ultimative, kompakte Ger\u00e4t f\u00fcr alle, die Wert auf Komfort und Stil legen, ohne Kompromisse bei der Leistung einzugehen. Mit seinem schlanken Design, der zufriedenstellenden Zugkapazit\u00e4t und einer Vielzahl von k\u00fchnen Geschmacksrichtungen ist dieses Ger\u00e4t perfekt f\u00fcr Anf\u00e4nger und erfahrene Dampfer.<\/p><p>\u00a0<\/p><h3>Warum SAVAGE CRYSTAL 600 Puffs w\u00e4hlen?<\/h3><p>\u2705 <strong>600 Puffs<\/strong> - Ideal f\u00fcr schnelle, befriedigende Vaping-Sessions.<br \/>\u2705 <strong>2ml E-Liquid Kapazit\u00e4t<\/strong> - Vorgef\u00fcllt f\u00fcr problemlose Anwendung.<br \/>\u2705 <strong>20mg Nik-Salz St\u00e4rke<\/strong> - Sanfte und befriedigende Nikotinabgabe.<br \/>\u2705 <strong>Mesh-Spulen-Technologie<\/strong> - Verbesserter Geschmack und sanfte Dampfproduktion.<br \/>\u2705 <strong>Eingebauter 550mAh-Akku<\/strong> - Zuverl\u00e4ssige Leistung f\u00fcr den ganzen Tag.<br \/>\u2705 <strong>Leichtes Gewicht von 34 g<\/strong> - Ultra-portabel und leicht \u00fcberall hin mitzunehmen.<\/p><p>\u00a0<\/p><h3>Geschmacksoptionen, die begeistern<\/h3><p>\u2714 \ud83c\udf4e\ud83c\udf51 <strong>Apfel Pfirsich<\/strong> - Eine s\u00fc\u00dfe und saftige Mischung aus knackigen \u00c4pfeln und reifen Pfirsichen.<br \/>\u2714 \ud83c\udf4d\ud83c\udf51\ud83e\udd6d <strong>Ananas Pfirsich Mango<\/strong> - Ein tropisches Trio, das vor Fruchtigkeit nur so strotzt.<br \/>\u2714 \ud83c\udf31\u2744\ufe0f <strong>Gr\u00fcne Minze<\/strong> - Ein erfrischender Ausbruch von k\u00fchler Minzfrische.<br \/>\u2714 \ud83c\udf49\ud83c\udf6c\u2744\ufe0f <strong>Wassermelonen-Kaugummi-Eis<\/strong> - Saftige Wassermelone mit einem frostigen Bubblegum-Twist.<br \/>\u2714 \ud83c\udf4c\u2744\ufe0f <strong>Bananeneis<\/strong> - Cremige Banane gepaart mit einer erfrischenden Abk\u00fchlung.<br \/>\u2714 \ud83e\uded0\ud83c\udf52 <strong>Blaubeere Cranberry Kirsche<\/strong> - Eine k\u00fchne Mischung aus s\u00fc\u00dfen und herben Beeren.<br \/>\u2714 \ud83c\udf4a <strong>Rosa Grapefruit<\/strong> - W\u00fcrzige Grapefruit mit einem spritzig-s\u00fc\u00dfen Kick.<br \/>\u2714 \ud83d\udfe9\ud83d\udc3b <strong>Gr\u00fcner Gummib\u00e4r<\/strong> - Eine spielerische Explosion von S\u00fc\u00dfigkeiten inspirierter S\u00fc\u00dfe.<br \/>\u2714 \ud83c\udf34\u2744\ufe0f <strong>Litschi-Eis<\/strong> - Exotische Lychee gepaart mit einem eisigen Abgang.<\/p><p>\u00a0<\/p><h3>Technische Daten<\/h3><p><br \/>\ud83d\udd0b <strong>Batterie:<\/strong> 550mAh Built-In f\u00fcr zuverl\u00e4ssige Leistung<br \/>\ud83d\udca7 <strong>E-Liquid Kapazit\u00e4t:<\/strong> 2ml (Vorgef\u00fcllt)<br \/>\u2699\ufe0f <strong>Spule:<\/strong> Mesh Coil Technologie f\u00fcr verbesserten Geschmack und Dampfproduktion<br \/>\u2696\ufe0f <strong>Gewicht:<\/strong> 34g<br \/>\ud83d\udce6 <strong>Schneller Versand aus dem EU-Lager:<\/strong> Lieferung innerhalb von nur <em>3-5 Tage<\/em>!<\/p><p>\u00a0<\/p><p>Der SAVAGE CRYSTAL 600 Puffs kombiniert Tragbarkeit, Stil und k\u00fchne Aromen in einem schlanken Paket. Perfekt f\u00fcr das Dampfen unterwegs oder als t\u00e4glicher Begleiter ist dieses Ger\u00e4t ein Muss f\u00fcr jeden Vape-Enthusiasten. Bestellen Sie Ihren noch heute und genie\u00dfen Sie jedes Mal den perfekten Zug!<\/p>\t\t\t\t\t\t\t\t<\/div>\n\t\t\t\t\t<\/div>\n\t\t\t\t<\/div>\n\t\t\t\t<\/div>","protected":false},"excerpt":{"rendered":"<p><em>Der perfekte Vape im Taschenformat f\u00fcr Geschmacksliebhaber!<\/em><br \/>Die <strong>SAVAGE CRYSTAL 600 Puffs<\/strong> ist das ultimative, kompakte Ger\u00e4t f\u00fcr alle, die Wert auf Komfort und Stil legen, ohne Kompromisse bei der Leistung einzugehen. Mit seinem schlanken Design, der zufriedenstellenden Zugkapazit\u00e4t und einer Vielzahl von k\u00fchnen Geschmacksrichtungen ist dieses Ger\u00e4t perfekt f\u00fcr Anf\u00e4nger und erfahrene Dampfer.<\/p>","protected":false},"featured_media":3112,"comment_status":"open","ping_status":"closed","template":"","meta":[],"product_brand":[230],"product_cat":[2267,237],"product_tag":[],"class_list":{"0":"post-206","1":"product","2":"type-product","3":"status-publish","4":"has-post-thumbnail","6":"product_brand-savage-vape","7":"product_cat-savage-disposable-vapes","8":"product_cat-disposable-vapes","9":"pa_battery-capacity-500-mah","10":"pa_e-liquid-capacity-2ml","11":"pa_puff-count-approx-600","13":"first","14":"instock","15":"shipping-taxable","16":"purchasable","17":"product-type-variable"},"_links":{"self":[{"href":"https:\/\/vapenex.com\/de\/wp-json\/wp\/v2\/product\/206","targetHints":{"allow":["GET"]}}],"collection":[{"href":"https:\/\/vapenex.com\/de\/wp-json\/wp\/v2\/product"}],"about":[{"href":"https:\/\/vapenex.com\/de\/wp-json\/wp\/v2\/types\/product"}],"replies":[{"embeddable":true,"href":"https:\/\/vapenex.com\/de\/wp-json\/wp\/v2\/comments?post=206"}],"version-history":[{"count":1,"href":"https:\/\/vapenex.com\/de\/wp-json\/wp\/v2\/product\/206\/revisions"}],"predecessor-version":[{"id":3683,"href":"https:\/\/vapenex.com\/de\/wp-json\/wp\/v2\/product\/206\/revisions\/3683"}],"wp:featuredmedia":[{"embeddable":true,"href":"https:\/\/vapenex.com\/de\/wp-json\/wp\/v2\/media\/3112"}],"wp:attachment":[{"href":"https:\/\/vapenex.com\/de\/wp-json\/wp\/v2\/media?parent=206"}],"wp:term":[{"taxonomy":"product_brand","embeddable":true,"href":"https:\/\/vapenex.com\/de\/wp-json\/wp\/v2\/product_brand?post=206"},{"taxonomy":"product_cat","embeddable":true,"href":"https:\/\/vapenex.com\/de\/wp-json\/wp\/v2\/product_cat?post=206"},{"taxonomy":"product_tag","embeddable":true,"href":"https:\/\/vapenex.com\/de\/wp-json\/wp\/v2\/product_tag?post=206"}],"curies":[{"name":"wp","href":"https:\/\/api.w.org\/{rel}","templated":true}]}}