{"id":2297,"date":"2024-12-23T22:40:40","date_gmt":"2024-12-23T22:40:40","guid":{"rendered":"http:\/\/vapenex.com\/?post_type=product&#038;p=2297"},"modified":"2026-04-06T14:29:56","modified_gmt":"2026-04-06T14:29:56","slug":"savage-nana-snap-einweg-vape-30000-puffs","status":"publish","type":"product","link":"https:\/\/vapenex.com\/de\/savage-nana-snap-disposable-vape-30000-puffs\/","title":{"rendered":"Savage Nanasnap Einweg Vape 30000 Puffs"},"content":{"rendered":"<div data-elementor-type=\"product-post\" data-elementor-id=\"2297\" class=\"elementor elementor-2297\" data-elementor-post-type=\"product\">\n\t\t\t\t<div class=\"elementor-element elementor-element-1ec47bf0 e-flex e-con-boxed e-con e-parent\" data-id=\"1ec47bf0\" data-element_type=\"container\" data-e-type=\"container\" data-settings=\"{&quot;ekit_has_onepagescroll_dot&quot;:&quot;yes&quot;}\">\n\t\t\t\t\t<div class=\"e-con-inner\">\n\t\t\t\t<div class=\"elementor-element elementor-element-2c6bc0a elementor-widget elementor-widget-text-editor\" data-id=\"2c6bc0a\" data-element_type=\"widget\" data-e-type=\"widget\" data-settings=\"{&quot;ekit_we_effect_on&quot;:&quot;none&quot;}\" data-widget_type=\"text-editor.default\">\n\t\t\t\t\t\t\t\t\t<h2>NANASNAP DTL 30000 Puffs - Ihr Tor zu gro\u00dfen Wolken und fetten Geschmacksrichtungen!<\/h2><h3>\u00a0<\/h3><h3>Erleben Sie un\u00fcbertroffene Leistung, Geschmacksvielfalt und langanhaltende Befriedigung!<\/h3><p>Die <strong>NANASNAP DTL 30000 Puffs<\/strong>\u00a0wurde f\u00fcr Dampfer entwickelt, die die ultimative Kombination aus Leistung, Geschmack und Stil suchen. Perfekt f\u00fcr Direct-to-Lung (DTL) Enthusiasten, sorgt dieses Ger\u00e4t f\u00fcr massive Wolken, glatte Hits und ein Premium-Vaping-Erlebnis.<\/p><p>\u00a0<\/p><h3>Warum NANASNAP DTL 30000 Puffs w\u00e4hlen?<\/h3><p>\u2705 <strong>30.000 Puffs<\/strong> - Au\u00dfergew\u00f6hnliche Langlebigkeit f\u00fcr ununterbrochenes Vergn\u00fcgen.<br \/>\u2705 <strong>30ml E-Liquid Kapazit\u00e4t<\/strong> - Verabschieden Sie sich von h\u00e4ufigem Nachf\u00fcllen.<br \/>\u2705 <strong>6mg Nikotin St\u00e4rke<\/strong> - Perfekt ausgewogen f\u00fcr ein befriedigendes Dampferlebnis.<br \/>\u2705 <strong>Doppelmaschige Spulentechnologie<\/strong> - Verbessertes Aroma und dichte Dampfproduktion.<br \/>\u2705 <strong>Einstellbarer Luftstrom<\/strong> - Passen Sie Ihr Inhalieren f\u00fcr den perfekten Zug an.<br \/>\u2705 <strong>Fidget Spinner Style Ring<\/strong> - Eine lustige und stilvolle Erg\u00e4nzung zu Ihrem Vaping-Erlebnis.<br \/>\u2705 <strong>650mAh wiederaufladbare Batterie<\/strong> - Bequemes Typ-C-Schnellladen f\u00fcr den ganzt\u00e4gigen Einsatz.<\/p><p>\u00a0<\/p><h3 class=\"wp-block-heading\">Geschmacksrichtungen f\u00fcr jeden Gaumen:<\/h3><p>\u2714 \ud83c\udf47 <strong>Traubeneis<\/strong> - Eine frostige Explosion von saftigen Trauben.<br \/>\u2714 \ud83c\udf53\ud83c\udf4c <strong>Erdbeere Banane<\/strong> - Eine cremige Mischung aus s\u00fc\u00dfen Erdbeeren und reifen Bananen.<br \/>\u2714 \ud83c\udf51\ud83c\udf49 <strong>Pfirsich Mango Wassermelone<\/strong> - Ein tropisches Trio voller fruchtiger K\u00f6stlichkeiten.<br \/>\u2714 \ud83c\udf52 <strong>Brombeere-Kirsche<\/strong> - Eine k\u00fchne Mischung aus herben Brombeeren und s\u00fc\u00dfen Kirschen.<br \/>\u2714 \ud83c\udf49\u2744\ufe0f <strong>Wassermeloneneis<\/strong> - Erfrischende Wassermelone mit einem eisigen Touch.<br \/>\u2714 \ud83c\udf4a\ud83c\udf3a <strong>Grapefruit Passionsfrucht<\/strong> - Ein spritzig-s\u00fc\u00dfer tropischer Genuss.<br \/>\u2714 \ud83e\uded0\ud83c\udf4b <strong>Blue Razz Limonade<\/strong> - Spritzige Limonade mit blauer Himbeerbowle.<br \/>\u2714 \ud83c\udf31\u2744\ufe0f <strong>Pfefferminz<\/strong> - Knackige und erfrischende minzige K\u00fchle.<br \/>\u2714 \ud83e\udd5d\ud83c\udf34\ud83c\udf48 <strong>Kiwi Passionsfrucht Guave<\/strong> - Ein tropisches Medley aus exotischen Fr\u00fcchten.<br \/>\u2714 \ud83c\udf4d\ud83d\udc09\ud83c\udf4a <strong>Ananas Drachenfrucht Grapefruit<\/strong> - Eine k\u00fchne Verschmelzung tropischer Aromen.<\/p><p>\u00a0<\/p><h3>Technische Daten<\/h3><p>\ud83d\udd0b Akku: 650mAh (wiederaufladbar)<br \/>\ud83d\udca7 E-Liquid Kapazit\u00e4t: 30ml<br \/>\u2699\ufe0f Spule: Dual Mesh Coil f\u00fcr \u00fcberlegene Leistung<br \/>\ud83c\udf2c\ufe0f Luftstrom: Einstellbar f\u00fcr individuelles Ziehen<\/p><p>\ud83d\udce6 <strong>Schneller Versand aus dem EU-Lager:<\/strong> Lieferung innerhalb von nur <em>3-5 Tage<\/em>!<\/p><p>\u00a0<\/p><p>Mit dem NANASNAP DTL 30000 Puffs k\u00f6nnen Sie Ihr Dampfspiel aufwerten! Egal, ob Sie auf der Jagd nach Wolken sind oder k\u00fchne Aromen genie\u00dfen wollen, dieses Ger\u00e4t ist Ihr perfekter Begleiter. Bestellen Sie jetzt und erleben Sie das Dampfen wie nie zuvor!<\/p>\t\t\t\t\t\t\t\t<\/div>\n\t\t\t\t\t<\/div>\n\t\t\t\t<\/div>\n\t\t\t\t<\/div>","protected":false},"excerpt":{"rendered":"<p>Die <strong>NANASNAP DTL 30000<\/strong> wurde f\u00fcr Dampfer entwickelt, die die ultimative Kombination aus Leistung, Geschmack und Stil suchen. Perfekt f\u00fcr Direct-to-Lung (DTL) Enthusiasten, sorgt dieses Ger\u00e4t f\u00fcr massive Wolken, glatte Hits und ein Premium-Vaping-Erlebnis.<\/p>","protected":false},"featured_media":2308,"comment_status":"open","ping_status":"closed","template":"","meta":[],"product_brand":[230],"product_cat":[2267,237],"product_tag":[],"class_list":{"0":"post-2297","1":"product","2":"type-product","3":"status-publish","4":"has-post-thumbnail","6":"product_brand-savage-vape","7":"product_cat-savage-disposable-vapes","8":"product_cat-disposable-vapes","9":"pa_battery-capacity-650-mah","10":"pa_charging-type-usb-c","11":"pa_puff-count-approx-20000","13":"first","14":"instock","15":"shipping-taxable","16":"purchasable","17":"product-type-variable"},"_links":{"self":[{"href":"https:\/\/vapenex.com\/de\/wp-json\/wp\/v2\/product\/2297","targetHints":{"allow":["GET"]}}],"collection":[{"href":"https:\/\/vapenex.com\/de\/wp-json\/wp\/v2\/product"}],"about":[{"href":"https:\/\/vapenex.com\/de\/wp-json\/wp\/v2\/types\/product"}],"replies":[{"embeddable":true,"href":"https:\/\/vapenex.com\/de\/wp-json\/wp\/v2\/comments?post=2297"}],"version-history":[{"count":1,"href":"https:\/\/vapenex.com\/de\/wp-json\/wp\/v2\/product\/2297\/revisions"}],"predecessor-version":[{"id":3670,"href":"https:\/\/vapenex.com\/de\/wp-json\/wp\/v2\/product\/2297\/revisions\/3670"}],"wp:featuredmedia":[{"embeddable":true,"href":"https:\/\/vapenex.com\/de\/wp-json\/wp\/v2\/media\/2308"}],"wp:attachment":[{"href":"https:\/\/vapenex.com\/de\/wp-json\/wp\/v2\/media?parent=2297"}],"wp:term":[{"taxonomy":"product_brand","embeddable":true,"href":"https:\/\/vapenex.com\/de\/wp-json\/wp\/v2\/product_brand?post=2297"},{"taxonomy":"product_cat","embeddable":true,"href":"https:\/\/vapenex.com\/de\/wp-json\/wp\/v2\/product_cat?post=2297"},{"taxonomy":"product_tag","embeddable":true,"href":"https:\/\/vapenex.com\/de\/wp-json\/wp\/v2\/product_tag?post=2297"}],"curies":[{"name":"wp","href":"https:\/\/api.w.org\/{rel}","templated":true}]}}