{"id":2341,"date":"2024-12-23T23:39:09","date_gmt":"2024-12-23T23:39:09","guid":{"rendered":"http:\/\/vapenex.com\/?post_type=product&#038;p=2341"},"modified":"2025-08-29T16:26:37","modified_gmt":"2025-08-29T16:26:37","slug":"feuer-vape-dual-einweg-vape-20000-30000-puffs","status":"publish","type":"product","link":"https:\/\/vapenex.com\/de\/fire-vape-dual-disposable-vape-20000-30000-puffs\/","title":{"rendered":"Feuer Vape Dual Einweg Vape 20000\/30000 Puffs"},"content":{"rendered":"<div data-elementor-type=\"product-post\" data-elementor-id=\"2341\" class=\"elementor elementor-2341\" data-elementor-post-type=\"product\">\n\t\t\t\t<div class=\"elementor-element elementor-element-2ba9a00e e-flex e-con-boxed e-con e-parent\" data-id=\"2ba9a00e\" data-element_type=\"container\" data-e-type=\"container\" data-settings=\"{&quot;ekit_has_onepagescroll_dot&quot;:&quot;yes&quot;}\">\n\t\t\t\t\t<div class=\"e-con-inner\">\n\t\t\t\t<div class=\"elementor-element elementor-element-2b43904d elementor-widget elementor-widget-text-editor\" data-id=\"2b43904d\" data-element_type=\"widget\" data-e-type=\"widget\" data-settings=\"{&quot;ekit_we_effect_on&quot;:&quot;none&quot;}\" data-widget_type=\"text-editor.default\">\n\t\t\t\t\t\t\t\t\t<h2 class=\"wp-block-heading\">FIRE VAPE VOLCANO 20000\/30000 Puffs - Definieren Sie Ihr Vaping-Erlebnis neu!<\/h2><h3>\u00a0<\/h3><h3>Unerreichte Leistung, unglaubliche Geschmacksrichtungen und lang anhaltende Zufriedenheit!<\/h3><p>Die <strong>FEUER-VAMPIR-VULKAN<\/strong><strong> 20000\/30000<\/strong> ist das ultimative Ger\u00e4t f\u00fcr Dampfer, die Leistung, Geschmack und Komfort verlangen. Mit seinen hochmodernen Funktionen und seinem schlanken Design ist dieses Ger\u00e4t sowohl f\u00fcr Anf\u00e4nger als auch f\u00fcr erfahrene Enthusiasten perfekt geeignet.<\/p><p>\u00a0<\/p><h3 class=\"wp-block-heading\">Warum FIRE VAPE VOLCANO w\u00e4hlen?<\/h3><p>\u2705 <strong>30.000 Puffs im normalen Modus und 20.000 Puffs im Boost-Modus<\/strong> - Unerreichte Langlebigkeit f\u00fcr ununterbrochenes Vergn\u00fcgen.<br \/>\u2705 <strong>30ml E-Liquid Kapazit\u00e4t<\/strong> - Sie m\u00fcssen sich nicht um st\u00e4ndiges Nachf\u00fcllen k\u00fcmmern.<br \/>\u2705 <strong>Einstellbare Leistungseinstellungen<\/strong> - Passen Sie die Intensit\u00e4t des Dampfens an Ihre Stimmung an.<br \/>\u2705 <strong>650mAh wiederaufladbare Batterie<\/strong> - Schnelles und bequemes Typ-C-Laden f\u00fcr den ganzt\u00e4gigen Gebrauch.<br \/>\u2705 <strong>Eingebauter Smart-Display-Bildschirm<\/strong> - \u00dcberwachen Sie ganz einfach die Akkulaufzeit und die Anzahl der Puffs.<br \/>\u2705 <strong>Doppelmaschige Spulentechnologie<\/strong> - Verbesserter Geschmack und sanftere Dampferzeugung.<br \/>\u2705 <strong>Sicherheitsfunktion Kindersicherung<\/strong> - Sorglosigkeit f\u00fcr eine sichere Nutzung.<\/p><p>\u00a0<\/p><h3 class=\"wp-block-heading\">K\u00f6stliche Geschmacksrichtungen zur Auswahl<\/h3><p>\u2714 \ud83e\uded0 <strong>Heidelbeere Himbeere<\/strong> - Ein perfektes Gleichgewicht von s\u00fc\u00dfen und herben Beeren.<br \/>\u2714 \ud83e\udd64 <strong>Kirsch-Cola<\/strong> - Klassische Cola mit einem Hauch von Kirsche.<br \/>\u2714 \ud83c\udf47\ud83c\udf53 <strong>Erdbeere Traube<\/strong> - Eine \u00fcppige Mischung aus saftigen Erdbeeren und Trauben.<br \/>\u2714 \u2744\ufe0f\ud83c\udf53 <strong>Dreifaches Beereneis<\/strong> - Eine erfrischende Mischung aus Beeren mit einem frostigen Abgang.<br \/>\u2714 \ud83e\uded0\u2744\ufe0f <strong>Blaubeereis<\/strong> - S\u00fc\u00dfe Blaubeeren mit einer eisigen K\u00fchle.<br \/>\u2714 \ud83c\udf53\ud83e\udd5d <strong>Erdbeer-Kiwi<\/strong> - Eine tropische Verschmelzung von Erdbeere und Kiwi.<br \/>\u2714 \ud83c\udf49\u2744\ufe0f <strong>Wassermeloneneis<\/strong> - Saftige Wassermelone mit einem k\u00fchlenden Gef\u00fchl.<br \/>\u2714 \ud83c\udf4f\ud83c\udf47 <strong>Saure Apfeltraube<\/strong> - Eine spritzig-s\u00fc\u00dfe Kombination, die es in sich hat.<br \/>\u2714 \u26a1 <strong>Red Bull<\/strong> - Der kultige Energy-Drink-Geschmack in Vape-Form.<br \/>\u2714 \ud83c\udf53\ud83c\udf49 <strong>Erdbeere Wassermelone<\/strong> - Ein saftiges Duo aus den Lieblingsfr\u00fcchten des Sommers.<br \/>\u2714 \ud83c\udf47\u2744\ufe0f <strong>Dreifaches Traubeneis<\/strong> - Kr\u00e4ftiger Traubengeschmack mit eisiger Note.<br \/>\u2714 \ud83c\udf53\ud83d\udc09 <strong>12 Erdbeer-Drachenfrucht<\/strong> - Exotische Drachenfrucht gepaart mit s\u00fc\u00dfen Erdbeeren.<\/p><p>\u00a0<\/p><h3 class=\"wp-block-heading\">Technische Daten<\/h3><p>\ud83d\udd0b Akku: 650mAh (wiederaufladbar)<br \/>\ud83d\udca7 E-Liquid Kapazit\u00e4t: 30ml<br \/>\u2699\ufe0f Spule: Dual Mesh Coil f\u00fcr \u00fcberlegene Leistung<br \/>\ud83d\udcca Anzeige: Smart Screen f\u00fcr einfache \u00dcberwachung<br \/>\ud83e\uddd2 Sicherheit: Inklusive Kindersicherung<br \/>\ud83d\udce6 <strong>Schneller Versand aus dem EU-Lager:<\/strong> Lieferung innerhalb von nur <em>3-5 Tage<\/em>!<\/p><p>\u00a0<\/p><p>Geben Sie sich nicht mit weniger zufrieden, wenn Sie alles haben k\u00f6nnen! Der FIRE VAPE VOLCANO ist Ihr Tor zu au\u00dfergew\u00f6hnlichem Geschmack, massiven Wolken und unschlagbarer Leistung. Bestellen Sie jetzt und erleben Sie die n\u00e4chste Stufe des Verdampfens!<\/p>\t\t\t\t\t\t\t\t<\/div>\n\t\t\t\t\t<\/div>\n\t\t\t\t<\/div>\n\t\t\t\t<\/div>","protected":false},"excerpt":{"rendered":"<p>Die\u00a0<strong>FEUER VAPE VOLCANO 20000\/30000<\/strong>\u00a0ist das ultimative Ger\u00e4t f\u00fcr Dampfer, die Leistung, Geschmack und Komfort verlangen. Mit seinen hochmodernen Funktionen und seinem schlanken Design ist dieses Ger\u00e4t sowohl f\u00fcr Anf\u00e4nger als auch f\u00fcr erfahrene Enthusiasten perfekt geeignet.<\/p>","protected":false},"featured_media":2392,"comment_status":"open","ping_status":"closed","template":"","meta":[],"product_brand":[231],"product_cat":[237],"product_tag":[],"class_list":{"0":"post-2341","1":"product","2":"type-product","3":"status-publish","4":"has-post-thumbnail","6":"product_brand-fire-vape","7":"product_cat-disposable-vapes","8":"pa_battery-capacity-650-mah","9":"pa_charging-type-usb-c","10":"pa_e-liquid-capacity-30ml","11":"pa_power-modes-eco","12":"pa_power-modes-max","13":"pa_puff-count-approx-20000","14":"pa_puff-count-approx-30000","16":"first","17":"instock","18":"shipping-taxable","19":"purchasable","20":"product-type-variable"},"_links":{"self":[{"href":"https:\/\/vapenex.com\/de\/wp-json\/wp\/v2\/product\/2341","targetHints":{"allow":["GET"]}}],"collection":[{"href":"https:\/\/vapenex.com\/de\/wp-json\/wp\/v2\/product"}],"about":[{"href":"https:\/\/vapenex.com\/de\/wp-json\/wp\/v2\/types\/product"}],"replies":[{"embeddable":true,"href":"https:\/\/vapenex.com\/de\/wp-json\/wp\/v2\/comments?post=2341"}],"version-history":[{"count":1,"href":"https:\/\/vapenex.com\/de\/wp-json\/wp\/v2\/product\/2341\/revisions"}],"predecessor-version":[{"id":3669,"href":"https:\/\/vapenex.com\/de\/wp-json\/wp\/v2\/product\/2341\/revisions\/3669"}],"wp:featuredmedia":[{"embeddable":true,"href":"https:\/\/vapenex.com\/de\/wp-json\/wp\/v2\/media\/2392"}],"wp:attachment":[{"href":"https:\/\/vapenex.com\/de\/wp-json\/wp\/v2\/media?parent=2341"}],"wp:term":[{"taxonomy":"product_brand","embeddable":true,"href":"https:\/\/vapenex.com\/de\/wp-json\/wp\/v2\/product_brand?post=2341"},{"taxonomy":"product_cat","embeddable":true,"href":"https:\/\/vapenex.com\/de\/wp-json\/wp\/v2\/product_cat?post=2341"},{"taxonomy":"product_tag","embeddable":true,"href":"https:\/\/vapenex.com\/de\/wp-json\/wp\/v2\/product_tag?post=2341"}],"curies":[{"name":"wp","href":"https:\/\/api.w.org\/{rel}","templated":true}]}}