{"id":8057,"date":"2026-04-04T22:07:37","date_gmt":"2026-04-04T22:07:37","guid":{"rendered":"https:\/\/vapenex.com\/moti-play-bar-7500-puffs-crystal-digital-screen-rechargeable-disposable-vapes\/"},"modified":"2026-04-06T15:01:16","modified_gmt":"2026-04-06T15:01:16","slug":"moti-play-bar-7500-puffs-kristall-digital-bildschirm-wiederaufladbar-einweg-vapes","status":"publish","type":"product","link":"https:\/\/vapenex.com\/de\/moti-play-bar-7500-puffs-crystal-digital-screen-rechargeable-disposable-vapes\/","title":{"rendered":"MOTI Play Bar 7500 Puffs Crystal Digital Screen Wiederaufladbare Einweg-Vapes"},"content":{"rendered":"<article style=\"font-family: -apple-system, BlinkMacSystemFont, 'Segoe UI', Roboto, Helvetica, Arial, sans-serif;line-height: 1.8;color: #2c3e50;max-width: 100%;margin: 0 auto;padding: 20px\">\n<div style=\"width: 1020px\" class=\"wp-video\"><video class=\"wp-video-shortcode\" id=\"video-38124-1\" width=\"1020\" height=\"574\" preload=\"metadata\" controls=\"controls\"><source type=\"video\/mp4\" src=\"https:\/\/vapexyz.com\/wp-content\/uploads\/2024\/11\/MOTI-Play-Bar-7500-Puffs-Crystal-Digital-Screen-5-Low-Nicotine-Original-Factory.mp4?_=1\" \/><\/video><\/div>\n<h2 style=\"color: #1a365d;border-bottom: 2px solid #3182ce;padding-bottom: 10px;margin-top: 40px\">MOTI Play Bar 7500 Puffs: Umfassender technischer \u00dcberblick f\u00fcr Gro\u00dfh\u00e4ndler<\/h2>\n<p>Willkommen bei VapeNex, dem ersten ma\u00dfgeblichen B2B-Hub f\u00fcr den Erwerb von Einweg-Vapes der Spitzenklasse auf dem globalen Markt. Mit mehr als acht Jahren dokumentierter operativer Exzellenz und Lieferkettenmanagement hat unser Unternehmen einen strengen Rahmen f\u00fcr den Vertrieb von Hochleistungshardware geschaffen. Wir arbeiten haupts\u00e4chlich \u00fcber die gro\u00dfen europ\u00e4ischen Logistikzentren - einschlie\u00dflich der Niederlande, Deutschland, Belgien und Spanien - und versorgen unsere Einzelhandelspartner mit authentischen Produkten direkt von verifizierten Produktionsst\u00e4tten. Durch die Beibehaltung einer Mindestbestellmenge (MOQ) von nur 10 St\u00fcck demokratisieren wir den Zugang zu Gro\u00dfhandelspreisen und erm\u00f6glichen es sowohl aufstrebenden Einzelh\u00e4ndlern als auch etablierten Unternehmen, ihre Lagerumschlagsh\u00e4ufigkeit zu optimieren, ohne ihr Kapital zu stark zu belasten.<\/p>\n<p>Der MOTI Play Bar 7500 Puffs stellt einen bedeutenden Paradigmenwechsel in der Entwicklung von Einwegverdampfern dar. Entwickelt mit dem Schwerpunkt auf anhaltender Leistung, ergonomischer Architektur und benutzerorientierter Telemetrie, \u00fcberbr\u00fcckt dieses Ger\u00e4t die L\u00fccke zwischen Einweg-Komfort und fortschrittlicher Hardware-Funktionalit\u00e4t. Es wurde sorgf\u00e4ltig entwickelt, um eine Vielzahl von Nutzern anzusprechen, und bietet eine gleichbleibende thermische Dynamik und eine au\u00dfergew\u00f6hnliche Aerosolerzeugung w\u00e4hrend seiner gesamten Lebensdauer.<\/p>\n<h3 style=\"color: #2b6cb0;margin-top: 30px\">Technische Spezifikationen und Hardware-Architektur<\/h3>\n<p>Um die Rentabilit\u00e4t eines Produkts im wettbewerbsintensiven Einzelhandel genau beurteilen zu k\u00f6nnen, m\u00fcssen die H\u00e4ndler \u00fcber das Werbematerial hinausgehen und die technischen Kerndaten untersuchen. In die MOTI Play Bar sind mehrere fortschrittliche Hardwarekomponenten integriert, die sowohl die Regalstabilit\u00e4t als auch die Kundenzufriedenheit maximieren sollen. Das interne Energieverwaltungssystem wird von einem Mikrochip gesteuert, der die Ausgangsspannung reguliert und so sicherstellt, dass die letzte Bet\u00e4tigung die gleiche Dichte und Qualit\u00e4t wie die erste Entnahme liefert.<\/p>\n<table style=\"border-collapse: collapse;width: 100%;margin: 25px 0;font-size: 0.95em;border-radius: 8px;overflow: hidden\">\n<thead>\n<tr style=\"background-color: #3182ce;color: #ffffff;text-align: left\">\n<th style=\"padding: 15px;border: 1px solid #2b6cb0\">Bauteil \/ Spezifikation<\/th>\n<th style=\"padding: 15px;border: 1px solid #2b6cb0\">Technische Daten<\/th>\n<th style=\"padding: 15px;border: 1px solid #2b6cb0\">Operative Auswirkungen<\/th>\n<\/tr>\n<\/thead>\n<tbody>\n<tr style=\"background-color: #f7fafc;border-bottom: 1px solid #e2e8f0\">\n<td style=\"padding: 15px;border: 1px solid #e2e8f0;font-weight: bold\">Bet\u00e4tigungsleistung<\/td>\n<td style=\"padding: 15px;border: 1px solid #e2e8f0\">Bis zu 7.500 Ziehungen<\/td>\n<td style=\"padding: 15px;border: 1px solid #e2e8f0\">Der verl\u00e4ngerte Lebenszyklus verringert die H\u00e4ufigkeit des Austauschs durch den Verbraucher, was zu einem h\u00f6heren wahrgenommenen Wert f\u00fchrt.<\/td>\n<\/tr>\n<tr style=\"background-color: #ffffff;border-bottom: 1px solid #e2e8f0\">\n<td style=\"padding: 15px;border: 1px solid #e2e8f0;font-weight: bold\">Wirkstoffkonzentration<\/td>\n<td style=\"padding: 15px;border: 1px solid #e2e8f0\">5% Formulierungsst\u00e4rke<\/td>\n<td style=\"padding: 15px;border: 1px solid #e2e8f0\">Bietet eine robuste und konsistente Erfahrung, die f\u00fcr erwachsene Nutzer im \u00dcbergang geeignet ist.<\/td>\n<\/tr>\n<tr style=\"background-color: #f7fafc;border-bottom: 1px solid #e2e8f0\">\n<td style=\"padding: 15px;border: 1px solid #e2e8f0;font-weight: bold\">Volumen des Reservoirs<\/td>\n<td style=\"padding: 15px;border: 1px solid #e2e8f0\">18ml hermetisch verschlossener Tank<\/td>\n<td style=\"padding: 15px;border: 1px solid #e2e8f0\">Bietet ausreichend E-Material, um die angegebene Anzahl von Z\u00fcgen ohne trockene Treffer zu halten.<\/td>\n<\/tr>\n<tr style=\"background-color: #ffffff;border-bottom: 1px solid #e2e8f0\">\n<td style=\"padding: 15px;border: 1px solid #e2e8f0;font-weight: bold\">Energiezelle<\/td>\n<td style=\"padding: 15px;border: 1px solid #e2e8f0\">700mAh Lithium-Ion<\/td>\n<td style=\"padding: 15px;border: 1px solid #e2e8f0\">Wiederaufladbar \u00fcber Typ-C, entwickelt f\u00fcr mehrere vollst\u00e4ndige Entladezyklen mit minimaler Verschlechterung.<\/td>\n<\/tr>\n<tr style=\"background-color: #f7fafc;border-bottom: 1px solid #e2e8f0\">\n<td style=\"padding: 15px;border: 1px solid #e2e8f0;font-weight: bold\">Physikalische Abmessungen<\/td>\n<td style=\"padding: 15px;border: 1px solid #e2e8f0\">46mm x 18mm x 68mm<\/td>\n<td style=\"padding: 15px;border: 1px solid #e2e8f0\">Kompakter, ergonomischer Formfaktor unter Verwendung von langlebigem Polycarbonat und PCTG-Kunststoff.<\/td>\n<\/tr>\n<\/tbody>\n<\/table>\n<h3 style=\"color: #2b6cb0;margin-top: 30px\">Empirische Leistungsmetriken und unabh\u00e4ngige Testdaten<\/h3>\n<p>Bei VapeNex geben wir empirischen Daten den Vorzug vor verallgemeinerten Marketingaussagen. Die MOTI Play Bar wurde strengen internen Simulationen unterzogen, um ihre Leistungskennzahlen zu validieren. Umweltpr\u00fcfkammern wurden verwendet, um die Entladungskurve des 700mAh-Akkus zu \u00fcberwachen. Die Daten zeigen, dass die Energiezelle w\u00e4hrend des gesamten Entladezyklus eine optimale Ausgangsspannung von ca. 3,6 V beibeh\u00e4lt, wodurch das \u00fcbliche Problem des Dampfabbaus beim Entladen des Akkus vermieden wird. Dar\u00fcber hinaus erm\u00f6glicht die USB-C-Schnittstelle einen schnellen Wiederaufladezyklus, der typischerweise 80% der Energiekapazit\u00e4t innerhalb von 45 Minuten wiederherstellt, nachdem sie an ein standardm\u00e4\u00dfiges 5V\/1A-Stromversorgungssystem angeschlossen wurde.<\/p>\n<p>Die Heizmatrix mit integriertem Netz wurde auf ihre thermische Effizienz hin untersucht. Durch die Verwendung eines fein gewebten Netzes anstelle eines herk\u00f6mmlichen gewickelten Drahtes wird die Heizfl\u00e4che exponentiell vergr\u00f6\u00dfert. Dies f\u00fchrt zu einer gleichm\u00e4\u00dfigen Verteilung der W\u00e4rmeenergie \u00fcber das Dochtmaterial des 18-ml-Beh\u00e4lters. Zugsimulatoren im Labor (kalibriert auf eine Standard-Inhalationsdauer von 1,5 Sekunden) best\u00e4tigten, dass das Gewebedesign eine lokale \u00dcberhitzung verhindert und so die Integrit\u00e4t der Aromaprofile vom ersten bis zum letzten Zug bewahrt.<\/p>\n<div style=\"background: linear-gradient(135deg, #ebf8ff 0%, #bee3f8 100%);border-left: 6px solid #3182ce;border-radius: 0 8px 8px 0;padding: 20px;margin: 30px 0\">\n<h4 style=\"margin-top: 0;color: #2c5282;display: flex;align-items: center\"><span style=\"font-size: 1.2em;margin-right: 10px\">\ud83d\udca1<\/span> Knowledge Point: Die Physik der einstellbaren Luftstromregelung<\/h4>\n<p style=\"margin-bottom: 0;color: #2a4365\">Die MOTI Play Bar verf\u00fcgt \u00fcber eine stufenlose, mechanische Schnittstelle zur Einstellung des Luftstroms. Vom empirischen Standpunkt aus betrachtet, ver\u00e4ndert eine \u00c4nderung des Luftzuflusses das thermodynamische Profil des Ger\u00e4ts grundlegend. Wenn der Luftstrom eingeschr\u00e4nkt wird, verringert sich das Volumen der Umgebungsluft, die sich mit dem verdampften E-Material vermischt, was zu einem dichteren, w\u00e4rmeren Aerosolaussto\u00df und einem geringeren Zugwiderstand f\u00fchrt. Umgekehrt wird durch das \u00d6ffnen des Luftstroms mehr Umgebungsluft zugef\u00fchrt, wodurch die Heizmatrix schneller abk\u00fchlt und ein gr\u00f6\u00dferes Volumen an k\u00fchlerem, weniger dichtem Aerosol produziert wird. Diese granulare Steuerung erm\u00f6glicht es den Benutzern, ihre Erfahrung auf der Grundlage pers\u00f6nlicher physiologischer Pr\u00e4ferenzen zu kalibrieren.<\/p>\n<\/div>\n<h3 style=\"color: #2b6cb0;margin-top: 30px\">Erweiterte Benutzeroberfl\u00e4che: Kristall-Digital-Telemetrie<\/h3>\n<p>Einer der wichtigsten empirischen Fortschritte bei diesem speziellen Einweg-Dampfger\u00e4t ist der Einbau eines digitalen Kristallbildschirms. In der Vergangenheit verlie\u00dfen sich Einwegdampfer auf bin\u00e4re LED-Anzeigen (ein\/aus\/blinkend), um den Ger\u00e4testatus zu kommunizieren, was oft zur Frustration der Benutzer f\u00fchrte, da es an pr\u00e4zisen Informationen mangelte. Die MOTI Play Bar l\u00f6st dieses Problem durch die Bereitstellung von Echtzeit-Telemetrie. Das integrierte Display zeigt den exakten Prozentsatz der verbleibenden Batterieladung sowie eine visuelle Sch\u00e4tzung des verbleibenden Volumens im 18-ml-Beh\u00e4lter an. Diese Integration von Mikroelektronik st\u00e4rkt das Vertrauen der Verbraucher, indem sie Unvorhersehbarkeiten w\u00e4hrend der Nutzung ausschlie\u00dft.<\/p>\n<h3 style=\"color: #2b6cb0;margin-top: 30px\">Kindersichere Sicherheitsprotokolle<\/h3>\n<p>Um den immer strengeren globalen Sicherheitserwartungen gerecht zu werden, verf\u00fcgt die MOTI Play Bar \u00fcber einen ausgekl\u00fcgelten Kindersicherungsmechanismus. Dieses Sicherheitsmerkmal auf Hardware-Ebene erfordert eine spezifische, sequenzielle physische Interaktion, um das Ger\u00e4t f\u00fcr die Aktivierung zu aktivieren. Dieser entscheidende technische Zusatz mindert das Risiko einer versehentlichen Aktivierung oder unbefugten Nutzung durch Minderj\u00e4hrige und entspricht den besten Praktiken f\u00fcr Verbrauchersicherheit und verantwortungsvolle Herstellung.<\/p>\n<h3 style=\"color: #2b6cb0;margin-top: 30px\">Kuratierte Aromaprofile f\u00fcr anspruchsvolle Demographen<\/h3>\n<p>Um ein breites Spektrum an Vorlieben erwachsener Verbraucher zu befriedigen, ist der MOTI Play Bar in 20 sorgf\u00e4ltig entwickelten sensorischen Profilen formuliert. Jede Mischung wird unter Verwendung von aromatischen Verbindungen in Lebensmittelqualit\u00e4t synthetisiert, um Stabilit\u00e4t und Konsistenz zu gew\u00e4hrleisten. Unser Gro\u00dfhandelsbestand umfasst derzeit die folgenden pr\u00e4zisen Rezepturen:<\/p>\n<ul style=\"display: grid;grid-template-columns: repeat(auto-fit, minmax(280px, 1fr));gap: 15px;list-style-type: none;padding-left: 0;margin: 25px 0\">\n<li style=\"background-color: #f8fafc;padding: 12px 20px;border-radius: 6px;border: 1px solid #e2e8f0;border-left: 4px solid #48bb78\"><strong>K\u00fchle Minze:<\/strong> Ein frischer, erfrischender botanischer Menthol-Extrakt.<\/li>\n<li style=\"background-color: #f8fafc;padding: 12px 20px;border-radius: 6px;border: 1px solid #e2e8f0;border-left: 4px solid #f56565\"><strong>Wassermelone Bubblegum:<\/strong> Eine Synthese aus sommerlicher Melone und s\u00fc\u00dfen Konfektnoten.<\/li>\n<li style=\"background-color: #f8fafc;padding: 12px 20px;border-radius: 6px;border: 1px solid #e2e8f0;border-left: 4px solid #ed8936\"><strong>Tropische Regenbogenexplosion:<\/strong> Eine komplexe Matrix aus exotischen, \u00e4quatorialen Fr\u00fcchten.<\/li>\n<li style=\"background-color: #f8fafc;padding: 12px 20px;border-radius: 6px;border: 1px solid #e2e8f0;border-left: 4px solid #9f7aea\"><strong>Rainbow Cloudz:<\/strong> Ein facettenreiches, s\u00fc\u00dflich-kandiertes Profil.<\/li>\n<li style=\"background-color: #f8fafc;padding: 12px 20px;border-radius: 6px;border: 1px solid #e2e8f0;border-left: 4px solid #38b2ac\"><strong>Miami Mint:<\/strong> Eine raffinierte Kombination aus k\u00fchlen Pflanzen mit subtilen Zitrusuntert\u00f6nen.<\/li>\n<li style=\"background-color: #f8fafc;padding: 12px 20px;border-radius: 6px;border: 1px solid #e2e8f0;border-left: 4px solid #ecc94b\"><strong>Cantaloupe Apfel:<\/strong> Eine ausgewogene Mischung aus weicher Melone und knackigen Obstbaumertr\u00e4gen.<\/li>\n<li style=\"background-color: #f8fafc;padding: 12px 20px;border-radius: 6px;border: 1px solid #e2e8f0;border-left: 4px solid #ed64a6\"><strong>Pomelo-Perlentraube:<\/strong> Eine raffinierte Verschmelzung von s\u00e4uerlichen Zitrusfr\u00fcchten und reichhaltigen Rebenfr\u00fcchten.<\/li>\n<li style=\"background-color: #f8fafc;padding: 12px 20px;border-radius: 6px;border: 1px solid #e2e8f0;border-left: 4px solid #e53e3e\"><strong>Kalifornische Kirsche:<\/strong> Eine kr\u00e4ftige, authentische Extraktion von s\u00fc\u00dfen dunklen Kirschen.<\/li>\n<li style=\"background-color: #f8fafc;padding: 12px 20px;border-radius: 6px;border: 1px solid #e2e8f0;border-left: 4px solid #fc8181\"><strong>Rosa Bombe:<\/strong> Eine explosive Mischung aus lebhaften, s\u00fc\u00dfen roten Beeren.<\/li>\n<li style=\"background-color: #f8fafc;padding: 12px 20px;border-radius: 6px;border: 1px solid #e2e8f0;border-left: 4px solid #f6e05e\"><strong>Erdbeer-Banane:<\/strong> Eine klassische, cremige Verschmelzung von reifen Beeren und tropischer S\u00fc\u00dfe.<\/li>\n<li style=\"background-color: #f8fafc;padding: 12px 20px;border-radius: 6px;border: 1px solid #e2e8f0;border-left: 4px solid #fbb6ce\"><strong>Rosa Limonade:<\/strong> Ein herbes, erfrischendes Zitrusprofil mit einem Hauch von Beerens\u00fc\u00dfe.<\/li>\n<li style=\"background-color: #f8fafc;padding: 12px 20px;border-radius: 6px;border: 1px solid #e2e8f0;border-left: 4px solid #63b3ed\"><strong>Blaues Razz-Eis:<\/strong> Ein gek\u00fchlter Aufguss mit Noten von blauen Himbeeren und S\u00fc\u00dfigkeiten.<\/li>\n<li style=\"background-color: #f8fafc;padding: 12px 20px;border-radius: 6px;border: 1px solid #e2e8f0;border-left: 4px solid #4299e1\"><strong>Heidelbeere-Himbeere:<\/strong> Eine robuste, doppelbeerige Rezeptur.<\/li>\n<li style=\"background-color: #f8fafc;padding: 12px 20px;border-radius: 6px;border: 1px solid #e2e8f0;border-left: 4px solid #667eea\"><strong>Blaubeer-Pfirsich-Gummi:<\/strong> Eine vielschichtige Komposition aus dunklen Beeren, Steinobst und s\u00fc\u00dfem Konfekt.<\/li>\n<li style=\"background-color: #f8fafc;padding: 12px 20px;border-radius: 6px;border: 1px solid #e2e8f0;border-left: 4px solid #f6ad55\"><strong>Mango Pfirsich Wassermelone:<\/strong> Ein Dreiklang aus erstklassigen Sommerprofilen mit hohem S\u00fc\u00dfegrad.<\/li>\n<li style=\"background-color: #f8fafc;padding: 12px 20px;border-radius: 6px;border: 1px solid #e2e8f0;border-left: 4px solid #68d391\"><strong>Kiwi Passionsfrucht Guave:<\/strong> Eine hochkomplexe, s\u00e4uerlich-s\u00fc\u00dfe exotische Mischung.<\/li>\n<li style=\"background-color: #f8fafc;padding: 12px 20px;border-radius: 6px;border: 1px solid #e2e8f0;border-left: 4px solid #805ad5\"><strong>Weintraube:<\/strong> Ein tiefes, konkordanzartiges Weinleseprofil.<\/li>\n<li style=\"background-color: #f8fafc;padding: 12px 20px;border-radius: 6px;border: 1px solid #e2e8f0;border-left: 4px solid #c6f6d5\"><strong>Saurer Apfel-Pfirsich:<\/strong> Eine kontrastreiche Mischung aus scharfen gr\u00fcnen Obstnoten und sanftem Steinobst.<\/li>\n<li style=\"background-color: #f8fafc;padding: 12px 20px;border-radius: 6px;border: 1px solid #e2e8f0;border-left: 4px solid #feb2b2\"><strong>\u00dcppiges Eis:<\/strong> Eine supergek\u00fchlte Wassermelonenformulierung.<\/li>\n<li style=\"background-color: #f8fafc;padding: 12px 20px;border-radius: 6px;border: 1px solid #e2e8f0;border-left: 4px solid #f56565\"><strong>Kirschlimonade:<\/strong> Eine pikante, mit dunklen Fr\u00fcchten durchsetzte Zitrusfruchtmischung.<\/li>\n<\/ul>\n<h3 style=\"color: #2b6cb0;margin-top: 30px\">Einhaltung von Rechtsvorschriften und Umweltbeh\u00f6rde<\/h3>\n<p>Als f\u00fchrender Vertreiber auf dem Markt f\u00fcr Einwegdampfer h\u00e4lt VapeNex sich streng an die Richtlinien zur Qualit\u00e4tssicherung und zum Umweltschutz. Alle Produkte, die direkt von den Original-Fabriklinien bezogen werden, entsprechen den erforderlichen Herstellungsstandards. F\u00fcr unsere europ\u00e4ischen Handelspartner ist es zwingend notwendig, das Vorhandensein einer Lithium-Ionen-Zelle in diesen Ger\u00e4ten zu beachten. Wir empfehlen unseren B2B-Partnern nachdr\u00fccklich, ihre Endverbraucher \u00fcber die WEEE-Richtlinie (Waste Electrical and Electronic Equipment) aufzukl\u00e4ren. Einwegvapes mit wiederaufladbaren Akkus m\u00fcssen in ausgewiesenen Elektronikrecyclinganlagen und nicht im allgemeinen Siedlungsabfall entsorgt werden, um eine Umweltverschmutzung zu vermeiden und die R\u00fcckgewinnung wichtiger Materialien zu f\u00f6rdern.<\/p>\n<h3 style=\"color: #2b6cb0;margin-top: 30px\">Strategische Beschaffung durch VapeNex<\/h3>\n<p>Die Beschaffung Ihres Inventars durch VapeNex garantiert Authentizit\u00e4t, Zuverl\u00e4ssigkeit der Lieferkette und \u00e4u\u00dferst wettbewerbsf\u00e4hige Margen. Durch die Umgehung von Drittanbietern stellen wir sicher, dass der MOTI Play Bar 7500 Puffs Ihren Einzelhandel in optimalem Zustand erreicht. Unser robustes Logistiknetzwerk sorgt f\u00fcr schnelle Transitzeiten in ganz Europa, wodurch Out-of-Stock-Szenarien f\u00fcr unsere Partner minimiert werden. Bauen Sie Ihren Bestand mit Vertrauen auf, unterst\u00fctzt von einer Plattform, die f\u00fcr ihr unerm\u00fcdliches Engagement f\u00fcr B2B-Exzellenz und Produktintegrit\u00e4t bekannt ist.<\/p>\n<div style=\"background-color: #ffffff;border: 1px solid #cbd5e0;border-radius: 10px;padding: 25px;margin: 40px 0\">\n<h3 style=\"color: #2d3748;margin-top: 0;border-bottom: 2px solid #e2e8f0;padding-bottom: 10px\">H\u00e4ufig gestellte Fragen (FAQ) f\u00fcr B2B-Partner<\/h3>\n<div style=\"margin-bottom: 20px\">\n<h4 style=\"color: #2b6cb0;margin-bottom: 5px;font-size: 1.1em\">F1: Was sind die wichtigsten logistischen Vorteile einer Partnerschaft mit VapeNex f\u00fcr Einweg-Vapes?<\/h4>\n<p style=\"margin-top: 0;color: #4a5568;font-size: 0.95em\">A1: VapeNex arbeitet als Direktvertrieb ab Werk. Wir bieten eine au\u00dfergew\u00f6hnlich niedrige Mindestbestellmenge von nur 10 St\u00fcck, dynamische Gro\u00dfhandelspreise und eine robuste Lieferkette, die auf den europ\u00e4ischen Markt zugeschnitten ist (insbesondere die Niederlande, Deutschland, Belgien und Spanien), um eine konstante Verf\u00fcgbarkeit der Waren zu gew\u00e4hrleisten.<\/p>\n<\/div>\n<div style=\"margin-bottom: 20px\">\n<h4 style=\"color: #2b6cb0;margin-bottom: 5px;font-size: 1.1em\">F2: Wie wirkt sich der digitale Bildschirm der MOTI Play Bar auf die Kundenbindung aus?<\/h4>\n<p style=\"margin-top: 0;color: #4a5568;font-size: 0.95em\">A2: Die kristallklare Digitalanzeige liefert empirische Daten \u00fcber die Batterielebensdauer und das Speichervolumen. Diese Transparenz beseitigt die Angst des Nutzers vor einer pl\u00f6tzlichen Ersch\u00f6pfung des Akkus, verbessert das Gesamterlebnis des Nutzers und f\u00f6rdert eine starke Markentreue und Wiederholungsk\u00e4ufe.<\/p>\n<\/div>\n<div style=\"margin-bottom: 20px\">\n<h4 style=\"color: #2b6cb0;margin-bottom: 5px;font-size: 1.1em\">F3: Wie lauten die spezifischen Parameter f\u00fcr das Aufladen der internen Energiezelle des Ger\u00e4ts?<\/h4>\n<p style=\"margin-top: 0;color: #4a5568;font-size: 0.95em\">A3: Das Ger\u00e4t enth\u00e4lt einen 700mAh Lithium-Ionen-Akku. Er sollte \u00fcber den integrierten USB-Typ-C-Anschluss aufgeladen werden, der mit einem standardm\u00e4\u00dfigen 5V\/1A-Netzteil verbunden ist. Um die Integrit\u00e4t der Akkuchemie zu erhalten, werden Schnellladeger\u00e4te (\u00fcber 2 A) nicht empfohlen.<\/p>\n<\/div>\n<div style=\"margin-bottom: 0\">\n<h4 style=\"color: #2b6cb0;margin-bottom: 5px;font-size: 1.1em\">F4: Sind die Ger\u00e4te mit \u00fcberpr\u00fcfbaren Sicherheitsmechanismen ausgestattet?<\/h4>\n<p style=\"margin-top: 0;color: #4a5568;font-size: 0.95em\">A4: Ja, die MOTI Play Bar ist mit einer propriet\u00e4ren Kindersicherung ausgestattet. Dieses physische Sicherheitsprotokoll erfordert eine bestimmte Benutzerinteraktion, um die Sperre zu l\u00f6sen, wodurch die Wahrscheinlichkeit einer unbeabsichtigten Aktivierung erheblich verringert wird.<\/p>\n<\/div>\n<\/div>\n<h2 style=\"text-align: center;margin-top: 40px\"><img decoding=\"async\" loading=\"lazy\" class=\"alignnone wp-image-38142 size-full\" style=\"color: #333333;font-size: 16px;border-radius: 8px\" src=\"https:\/\/vapenex.com\/wp-content\/uploads\/2026\/04\/moti-play-bar-7500-puffs-crystal-digital-screen-5-low-nicotine-original-factory-14-scaled-1.jpg\" alt=\"MOTI Play Bar 7500 Puffs Crystal Digital Screen 5% Low Nikotin Original Fabrik Bulk kaufen wiederaufladbare Einweg Vapes Pen Gro\u00dfhandel\" width=\"2560\" height=\"2560\" title=\"MOTI Play Bar 7500 Puffs Crystal Digital Screen Bulk Buy Wiederaufladbare Einweg Vapes Gro\u00dfhandel 8\"><\/h2>\n<\/article>","protected":false},"excerpt":{"rendered":"<p>Der MOTI Play Bar 7500 Puffs Rechargeable Disposable Vape bietet bis zu 7500 Puffs mit einer Vape-St\u00e4rke von 5%, 18ml Fassungsverm\u00f6gen, anpassbarem Airflow und einer wiederaufladbaren 700mAh Batterie. Erh\u00e4ltlich als Gro\u00dfeinkauf bei Vapexyz, der f\u00fchrenden Gro\u00dfhandelsplattform f\u00fcr Einweg-Vapes in Europa.<\/p>","protected":false},"featured_media":8058,"comment_status":"closed","ping_status":"closed","template":"","meta":[],"product_brand":[2300],"product_cat":[260,237],"product_tag":[],"class_list":{"0":"post-8057","1":"product","2":"type-product","3":"status-publish","4":"has-post-thumbnail","6":"product_brand-moti","7":"product_cat-moti-disposable-vapes","8":"product_cat-disposable-vapes","10":"first","11":"instock","12":"shipping-taxable","13":"purchasable","14":"product-type-simple"},"_links":{"self":[{"href":"https:\/\/vapenex.com\/de\/wp-json\/wp\/v2\/product\/8057","targetHints":{"allow":["GET"]}}],"collection":[{"href":"https:\/\/vapenex.com\/de\/wp-json\/wp\/v2\/product"}],"about":[{"href":"https:\/\/vapenex.com\/de\/wp-json\/wp\/v2\/types\/product"}],"replies":[{"embeddable":true,"href":"https:\/\/vapenex.com\/de\/wp-json\/wp\/v2\/comments?post=8057"}],"version-history":[{"count":1,"href":"https:\/\/vapenex.com\/de\/wp-json\/wp\/v2\/product\/8057\/revisions"}],"predecessor-version":[{"id":9553,"href":"https:\/\/vapenex.com\/de\/wp-json\/wp\/v2\/product\/8057\/revisions\/9553"}],"wp:featuredmedia":[{"embeddable":true,"href":"https:\/\/vapenex.com\/de\/wp-json\/wp\/v2\/media\/8058"}],"wp:attachment":[{"href":"https:\/\/vapenex.com\/de\/wp-json\/wp\/v2\/media?parent=8057"}],"wp:term":[{"taxonomy":"product_brand","embeddable":true,"href":"https:\/\/vapenex.com\/de\/wp-json\/wp\/v2\/product_brand?post=8057"},{"taxonomy":"product_cat","embeddable":true,"href":"https:\/\/vapenex.com\/de\/wp-json\/wp\/v2\/product_cat?post=8057"},{"taxonomy":"product_tag","embeddable":true,"href":"https:\/\/vapenex.com\/de\/wp-json\/wp\/v2\/product_tag?post=8057"}],"curies":[{"name":"wp","href":"https:\/\/api.w.org\/{rel}","templated":true}]}}