{"id":989,"date":"2024-12-16T21:35:17","date_gmt":"2024-12-16T21:35:17","guid":{"rendered":"http:\/\/vapenex.com\/?post_type=product&#038;p=989"},"modified":"2026-04-06T14:29:57","modified_gmt":"2026-04-06T14:29:57","slug":"savage-blase-einweg-vape-15000-puffs","status":"publish","type":"product","link":"https:\/\/vapenex.com\/de\/savage-bubble-disposable-vape-15000-puffs\/","title":{"rendered":"Savage Bubble Einweg Vape 15000 Puffs"},"content":{"rendered":"<div data-elementor-type=\"product-post\" data-elementor-id=\"989\" class=\"elementor elementor-989\" data-elementor-post-type=\"product\">\n\t\t\t\t<div class=\"elementor-element elementor-element-2ec1d44d e-flex e-con-boxed e-con e-parent\" data-id=\"2ec1d44d\" data-element_type=\"container\" data-e-type=\"container\" data-settings=\"{&quot;ekit_has_onepagescroll_dot&quot;:&quot;yes&quot;}\">\n\t\t\t\t\t<div class=\"e-con-inner\">\n\t\t\t\t<div class=\"elementor-element elementor-element-409c262b elementor-widget elementor-widget-text-editor\" data-id=\"409c262b\" data-element_type=\"widget\" data-e-type=\"widget\" data-settings=\"{&quot;ekit_we_effect_on&quot;:&quot;none&quot;}\" data-widget_type=\"text-editor.default\">\n\t\t\t\t\t\t\t\t\t<h2>SAVAGE BUBBLE 15000 Puffs - Kompaktes Design, gro\u00dfe Wirkung!<\/h2><h3>\u00a0<\/h3><h3>Effortless Vaping mit Stil und Leistung!<\/h3><p>Die <strong>SAVAGE BUBBLE 15000 Puffs<\/strong> ist die ultimative Wahl f\u00fcr Dampfer, die schlankes Design, Tragbarkeit und au\u00dfergew\u00f6hnliche Leistung verlangen. Mit seinen fortschrittlichen Funktionen, k\u00fchnen Aromen und der kompakten Bauweise sorgt dieses Ger\u00e4t jedes Mal f\u00fcr ein erstklassiges Dampferlebnis.<\/p><p>\u00a0<\/p><h3>Vorteile von SAVAGE BUBBLE 15000 Puffs<\/h3><p>\u2705 <strong>15.000 Puffs<\/strong> - Gebaut f\u00fcr l\u00e4ngere Nutzung ohne Unterbrechungen.<br \/>\u2705 <strong>26ml E-Liquid Kapazit\u00e4t<\/strong> - Vorgef\u00fcllt f\u00fcr m\u00fcheloses Dampfen.<br \/>\u2705 <strong>20mg \/ 30mg \/ 50mg Nik-Salz Optionen<\/strong> - Passen Sie Ihre Nikotinst\u00e4rke an Ihre Bed\u00fcrfnisse an.<br \/>\u2705 <strong>Mesh-Spulen-Technologie<\/strong> - Verbesserter Geschmack und sanfte Dampfproduktion.<br \/>\u2705 <strong>Eingebauter Smart-Display-Bildschirm<\/strong> - \u00dcberwachen Sie ganz einfach Ihre Nutzung und Akkulaufzeit.<br \/>\u2705 <strong>650mAh Typ-C wiederaufladbarer Akku<\/strong> - Schnelles und zuverl\u00e4ssiges Aufladen f\u00fcr den ganzt\u00e4gigen Gebrauch.<br \/>\u2705 <strong>Kompakt und leicht (21 x 97 x 44 mm, 110 g)<\/strong> - Konzipiert f\u00fcr den Einsatz unterwegs.<\/p><p>\u00a0<\/p><h3>Geschmacksoptionen, die begeistern<\/h3><p>\u2714 \ud83c\udf51\ud83c\udf49\ud83e\udd6d <strong>Pfirsich Mango Wassermelone<\/strong> - Ein tropisches Trio voller fruchtiger K\u00f6stlichkeiten.<br \/>\u2714 \ud83c\udf0c\u2728 <strong>Wilder Traum<\/strong> - Eine einzigartige Mischung aus kr\u00e4ftigen und s\u00fc\u00dfen Geschmacksrichtungen.<br \/>\u2714 \ud83e\uded0\u2744\ufe0f <strong>Blaues Razz-Eis<\/strong> - Spritzige blaue Himbeere mit einem frostigen Abgang.<br \/>\u2714 \ud83c\udf49\u2744\ufe0f <strong>Wassermeloneneis<\/strong> - Saftige Wassermelone gepaart mit einer eisigen Abk\u00fchlung.<br \/>\u2714 \ud83c\udf53\ud83c\udf47 <strong>Verr\u00fcckte Beeren<\/strong> - Ein Medley aus s\u00fc\u00dfen und spritzigen Beeren.<br \/>\u2714 \ud83d\udd35\u2744\ufe0f\ud83d\udd34 <strong>Blau Rot Minze<\/strong> - Eine erfrischende Mischung aus Minze mit kr\u00e4ftigen Beerent\u00f6nen.<br \/>\u2714 \ud83c\udf47\ud83c\udf3f <strong>Lila Aufn\u00e4her<\/strong> - Ein reichhaltiges und lebendiges, von Trauben inspiriertes Erlebnis.<br \/>\u2714 \ud83c\udf53\ud83c\udf66 <strong>Erdbeereis<\/strong> - S\u00fc\u00dfe Erdbeeren mit einer cremigen Note.<br \/>\u2714 \ud83e\udd64\u2744\ufe0f <strong>Cola-Eis<\/strong> - Klassischer Cola-Geschmack mit einem frostigen Rand.<\/p><p>\u00a0<\/p><h3>Technische Daten<\/h3><p>\ud83d\udd0b <strong>Batterie:<\/strong> 650mAh (Wiederaufladbar \u00fcber Typ-C)<br \/>\ud83d\udca7 <strong>E-Liquid Kapazit\u00e4t:<\/strong> 26ml (Vorgef\u00fcllt)<br \/>\u2699\ufe0f <strong>Spule:<\/strong> Mesh Coil Technologie f\u00fcr verbesserten Geschmack und gleichm\u00e4\u00dfige Dampfproduktion<br \/>\ud83d\udcf1 <strong>Anzeige:<\/strong> Eingebauter Smart Display Screen zur einfachen \u00dcberwachung von Nutzung und Akkulaufzeit<br \/>\ud83d\udcd0 <strong>Abmessungen:<\/strong> 21 x 97 x 44 mm<br \/>\u2696\ufe0f <strong>Gewicht:<\/strong> 110g<br \/>\ud83d\udce6 <strong>Schneller Versand aus dem EU-Lager:<\/strong> Lieferung innerhalb von nur <em>3-5 Tage<\/em>!<\/p><p>\u00a0<\/p><p>Der SAVAGE BUBBLE 15000 kombiniert fortschrittliche Technologie, unwiderstehliche Aromen und ein schlankes Design, um ein unvergleichliches Dampferlebnis zu bieten. Bestellen Sie ihn noch heute und genie\u00dfen Sie jeden Zug in vollen Z\u00fcgen!<\/p>\t\t\t\t\t\t\t\t<\/div>\n\t\t\t\t\t<\/div>\n\t\t\t\t<\/div>\n\t\t\t\t<\/div>","protected":false},"excerpt":{"rendered":"<p>Die <strong>SAVAGE BUBBLE 15000 Puffs<\/strong> ist die ultimative Wahl f\u00fcr Dampfer, die schlankes Design, Tragbarkeit und au\u00dfergew\u00f6hnliche Leistung verlangen. Mit seinen fortschrittlichen Funktionen, k\u00fchnen Aromen und der kompakten Bauweise sorgt dieses Ger\u00e4t jedes Mal f\u00fcr ein erstklassiges Dampferlebnis.<\/p>","protected":false},"featured_media":1009,"comment_status":"open","ping_status":"closed","template":"","meta":[],"product_brand":[230],"product_cat":[2267,237],"product_tag":[],"class_list":{"0":"post-989","1":"product","2":"type-product","3":"status-publish","4":"has-post-thumbnail","6":"product_brand-savage-vape","7":"product_cat-savage-disposable-vapes","8":"product_cat-disposable-vapes","9":"pa_battery-capacity-650-mah","10":"pa_charging-type-usb-c","11":"pa_e-liquid-capacity-26ml","12":"pa_puff-count-approx-15000","14":"first","15":"instock","16":"shipping-taxable","17":"purchasable","18":"product-type-variable"},"_links":{"self":[{"href":"https:\/\/vapenex.com\/de\/wp-json\/wp\/v2\/product\/989","targetHints":{"allow":["GET"]}}],"collection":[{"href":"https:\/\/vapenex.com\/de\/wp-json\/wp\/v2\/product"}],"about":[{"href":"https:\/\/vapenex.com\/de\/wp-json\/wp\/v2\/types\/product"}],"replies":[{"embeddable":true,"href":"https:\/\/vapenex.com\/de\/wp-json\/wp\/v2\/comments?post=989"}],"version-history":[{"count":1,"href":"https:\/\/vapenex.com\/de\/wp-json\/wp\/v2\/product\/989\/revisions"}],"predecessor-version":[{"id":3680,"href":"https:\/\/vapenex.com\/de\/wp-json\/wp\/v2\/product\/989\/revisions\/3680"}],"wp:featuredmedia":[{"embeddable":true,"href":"https:\/\/vapenex.com\/de\/wp-json\/wp\/v2\/media\/1009"}],"wp:attachment":[{"href":"https:\/\/vapenex.com\/de\/wp-json\/wp\/v2\/media?parent=989"}],"wp:term":[{"taxonomy":"product_brand","embeddable":true,"href":"https:\/\/vapenex.com\/de\/wp-json\/wp\/v2\/product_brand?post=989"},{"taxonomy":"product_cat","embeddable":true,"href":"https:\/\/vapenex.com\/de\/wp-json\/wp\/v2\/product_cat?post=989"},{"taxonomy":"product_tag","embeddable":true,"href":"https:\/\/vapenex.com\/de\/wp-json\/wp\/v2\/product_tag?post=989"}],"curies":[{"name":"wp","href":"https:\/\/api.w.org\/{rel}","templated":true}]}}