{"id":1222,"date":"2024-12-17T00:09:32","date_gmt":"2024-12-17T00:09:32","guid":{"rendered":"http:\/\/vapenex.com\/?post_type=product&#038;p=1222"},"modified":"2026-04-06T14:29:57","modified_gmt":"2026-04-06T14:29:57","slug":"savage-stars-vape-desechable-20000-puffs","status":"publish","type":"product","link":"https:\/\/vapenex.com\/es\/savage-stars-disposable-vape-20000-puffs\/","title":{"rendered":"Savage Stars Vape Desechable 20000 Caladas"},"content":{"rendered":"<div data-elementor-type=\"product-post\" data-elementor-id=\"1222\" class=\"elementor elementor-1222\" data-elementor-post-type=\"product\">\n\t\t\t\t<div class=\"elementor-element elementor-element-1ebca356 e-flex e-con-boxed e-con e-parent\" data-id=\"1ebca356\" data-element_type=\"container\" data-e-type=\"container\" data-settings=\"{&quot;ekit_has_onepagescroll_dot&quot;:&quot;yes&quot;}\">\n\t\t\t\t\t<div class=\"e-con-inner\">\n\t\t\t\t<div class=\"elementor-element elementor-element-4deacb8b elementor-widget elementor-widget-text-editor\" data-id=\"4deacb8b\" data-element_type=\"widget\" data-e-type=\"widget\" data-settings=\"{&quot;ekit_we_effect_on&quot;:&quot;none&quot;}\" data-widget_type=\"text-editor.default\">\n\t\t\t\t\t\t\t\t\t<h2>SAVAGE STARS 20000 Puffs - \u00a1Ilumina tu experiencia de vapeo!<\/h2><h3>\u00a0<\/h3><h3>Dise\u00f1o elegante, funciones inteligentes y sabores inolvidables.<\/h3><p>En <strong>SAVAGE STARS 20000 Puffs<\/strong> es un dispositivo de vapeo de vanguardia que combina tecnolog\u00eda avanzada con un dise\u00f1o elegante. Con su pantalla completa, sistema de bobina de malla dual, y una amplia selecci\u00f3n de sabores audaces, este dispositivo es perfecto para los vapers que quieren estilo y rendimiento en un solo paquete.<\/p><p>\u00a0<\/p><h3>Ventajas de SAVAGE STARS 20000 Puffs<\/h3><p>\u2705 <strong>20.000 Puffs<\/strong> - Dise\u00f1ado para disfrutar durante mucho tiempo sin interrupciones.<br \/>\u2705 <strong>Capacidad de 29 ml de E-l\u00edquido<\/strong> - Precargado para un uso prolongado.<br \/>\u2705 <strong>Opciones de sales de nic de 0\/20\/30\/50 mg<\/strong> - Adapte la potencia de nicotina a sus preferencias.<br \/>\u2705 <strong>Tecnolog\u00eda de doble bobina de malla<\/strong> - Sabor mejorado y suave producci\u00f3n de vapor.<br \/>\u2705 <strong>Temporizador de vapeo inteligente<\/strong> - Realiza un seguimiento preciso de tus sesiones.<br \/>\u2705 <strong>Pantalla completa<\/strong> - Dise\u00f1o elegante y moderno para facilitar la supervisi\u00f3n.<br \/>\u2705 <strong>Carga r\u00e1pida USB-C (45 minutos)<\/strong> - Potencia r\u00e1pida y fiable siempre que la necesite.<br \/>\u2705 <strong>Peso ligero de 100 g<\/strong> - Port\u00e1til y pr\u00e1ctico para vapear sobre la marcha.<\/p><p>\u00a0<\/p><h3>Opciones de sabor que entusiasman<\/h3><p>\u2714 \ud83c\udf47\u2744\ufe0f <strong>Hielo de uva<\/strong> - Uvas dulces con un final refrescante.<br \/>\u2714 \ud83c\udf53\ud83c\udf49 <strong>Fresa Sand\u00eda<\/strong> - Un refrescante d\u00fao veraniego.<br \/>\u2714 \ud83e\udd64\ud83c\udf52 <strong>Cola de cereza<\/strong> - Cola cl\u00e1sica con un toque de cereza.<br \/>\u2714 \ud83c\udf4a\ud83e\udd6d <strong>Maracuy\u00e1 Naranja Guayaba<\/strong> - Una mezcla de para\u00edso tropical.<br \/>\u2714 \ud83e\uded0\u2744\ufe0f <strong>Helado de ar\u00e1ndanos<\/strong> - Ar\u00e1ndanos dulces con un toque helado.<br \/>\u2714 \ud83c\udf51\ud83e\udd6d\ud83c\udf49 <strong>Melocot\u00f3n Mango Sand\u00eda<\/strong> - Una sensaci\u00f3n de triple fruta.<br \/>\u2714 \ud83c\udf49\u2744\ufe0f <strong>Helado de sand\u00eda<\/strong> - Jugosa sand\u00eda con un final helado.<br \/>\u2714 \ud83e\udd5d\ud83c\udf4d\ud83c\udf51 <strong>Kiwi Pi\u00f1a Melocot\u00f3n<\/strong> - Una mezcla de frutas ex\u00f3ticas.<br \/>\u2714 \ud83e\uded0\u2744\ufe0f <strong>Hielo de frambuesa azul<\/strong> - Frambuesa azul \u00e1cida con un final fresco.<br \/>\u2714 \ud83c\udf4d\ud83d\udc09 <strong>Pi\u00f1a Pitaya Pomelo<\/strong> - Una atrevida fusi\u00f3n de c\u00edtricos.<\/p><p>\u00a0<\/p><h3>Especificaciones t\u00e9cnicas<\/h3><p>\ud83d\udd0b <strong>Bater\u00eda:<\/strong> Recargable por USB-C (carga r\u00e1pida en 45 minutos)<br \/>\ud83d\udca7 <strong>Capacidad de e-l\u00edquido:<\/strong> 29 ml (precargada)<br \/>\u2699\ufe0f <strong>Bobina:<\/strong> Tecnolog\u00eda Dual Mesh Coil para mejorar el sabor y la producci\u00f3n de vapor<br \/>\ud83d\udcf1 <strong>Pantalla:<\/strong> Pantalla completa con temporizador de vapeo inteligente<br \/>\ud83d\udce6 <strong>Env\u00edo r\u00e1pido desde el almac\u00e9n de la UE:<\/strong> Entrega en s\u00f3lo <em>3-5 d\u00edas<\/em>!<\/p><p>\u00a0<\/p><p>El SAVAGE STARS 20000 es la elecci\u00f3n definitiva para los vapeadores que quieren combinar tecnolog\u00eda de vanguardia, dise\u00f1o elegante y sabores deliciosos en un solo dispositivo. Pide el tuyo hoy y \u00a1brilla con cada calada!<\/p>\t\t\t\t\t\t\t\t<\/div>\n\t\t\t\t\t<\/div>\n\t\t\t\t<\/div>\n\t\t\t\t<\/div>","protected":false},"excerpt":{"rendered":"<p>En <strong>SAVAGE STARS 20000 Puffs<\/strong> est\u00e1 dise\u00f1ado para los vapeadores que buscan rendimiento y estilo. Con su pantalla completa, la tecnolog\u00eda de doble bobina de malla, y una amplia variedad de sabores, este dispositivo es perfecto para aquellos que quieren elevar su juego vaping.<\/p>","protected":false},"featured_media":1268,"comment_status":"open","ping_status":"closed","template":"","meta":[],"product_brand":[230],"product_cat":[2267,237],"product_tag":[],"class_list":{"0":"post-1222","1":"product","2":"type-product","3":"status-publish","4":"has-post-thumbnail","6":"product_brand-savage-vape","7":"product_cat-savage-disposable-vapes","8":"product_cat-disposable-vapes","9":"pa_battery-capacity-650-mah","10":"pa_charging-type-fast-charging","11":"pa_charging-type-usb-c","12":"pa_e-liquid-capacity-29ml","13":"pa_puff-count-approx-20000","14":"pa_timer-smart-timer","16":"first","17":"instock","18":"shipping-taxable","19":"purchasable","20":"product-type-variable"},"_links":{"self":[{"href":"https:\/\/vapenex.com\/es\/wp-json\/wp\/v2\/product\/1222","targetHints":{"allow":["GET"]}}],"collection":[{"href":"https:\/\/vapenex.com\/es\/wp-json\/wp\/v2\/product"}],"about":[{"href":"https:\/\/vapenex.com\/es\/wp-json\/wp\/v2\/types\/product"}],"replies":[{"embeddable":true,"href":"https:\/\/vapenex.com\/es\/wp-json\/wp\/v2\/comments?post=1222"}],"version-history":[{"count":1,"href":"https:\/\/vapenex.com\/es\/wp-json\/wp\/v2\/product\/1222\/revisions"}],"predecessor-version":[{"id":3678,"href":"https:\/\/vapenex.com\/es\/wp-json\/wp\/v2\/product\/1222\/revisions\/3678"}],"wp:featuredmedia":[{"embeddable":true,"href":"https:\/\/vapenex.com\/es\/wp-json\/wp\/v2\/media\/1268"}],"wp:attachment":[{"href":"https:\/\/vapenex.com\/es\/wp-json\/wp\/v2\/media?parent=1222"}],"wp:term":[{"taxonomy":"product_brand","embeddable":true,"href":"https:\/\/vapenex.com\/es\/wp-json\/wp\/v2\/product_brand?post=1222"},{"taxonomy":"product_cat","embeddable":true,"href":"https:\/\/vapenex.com\/es\/wp-json\/wp\/v2\/product_cat?post=1222"},{"taxonomy":"product_tag","embeddable":true,"href":"https:\/\/vapenex.com\/es\/wp-json\/wp\/v2\/product_tag?post=1222"}],"curies":[{"name":"wp","href":"https:\/\/api.w.org\/{rel}","templated":true}]}}