{"id":1282,"date":"2024-12-17T01:58:20","date_gmt":"2024-12-17T01:58:20","guid":{"rendered":"http:\/\/vapenex.com\/?post_type=product&#038;p=1282"},"modified":"2026-04-06T14:29:57","modified_gmt":"2026-04-06T14:29:57","slug":"savage-monster-vape-desechable-20000-caladas","status":"publish","type":"product","link":"https:\/\/vapenex.com\/es\/savage-monster-disposable-vape-20000-puffs\/","title":{"rendered":"Savage Monster+ Vape Desechable 20000 Caladas"},"content":{"rendered":"<div data-elementor-type=\"product-post\" data-elementor-id=\"1282\" class=\"elementor elementor-1282\" data-elementor-post-type=\"product\">\n\t\t\t\t<div class=\"elementor-element elementor-element-51afa936 e-flex e-con-boxed e-con e-parent\" data-id=\"51afa936\" data-element_type=\"container\" data-e-type=\"container\" data-settings=\"{&quot;ekit_has_onepagescroll_dot&quot;:&quot;yes&quot;}\">\n\t\t\t\t\t<div class=\"e-con-inner\">\n\t\t\t\t<div class=\"elementor-element elementor-element-669269bd elementor-widget elementor-widget-text-editor\" data-id=\"669269bd\" data-element_type=\"widget\" data-e-type=\"widget\" data-settings=\"{&quot;ekit_we_effect_on&quot;:&quot;none&quot;}\" data-widget_type=\"text-editor.default\">\n\t\t\t\t\t\t\t\t\t<h2>SAVAGE MONSTER+ 20000 Puffs - \u00a1Construido para un vapeo audaz!<\/h2><h3>\u00a0<\/h3><h3>Dise\u00f1o compacto, gran rendimiento y sabores irresistibles.<\/h3><p>En <strong>MONSTRUO SALVAJE+ 20000 <strong>Puffs<\/strong><\/strong> est\u00e1 dise\u00f1ado para ofrecer una experiencia de vapeo perfecta gracias a su elegante dise\u00f1o, su potente rendimiento y su excepcional variedad de sabores. Perfecto para aquellos que valoran la comodidad y el estilo, este dispositivo ofrece todo lo que necesita en un paquete compacto.<\/p><h3>\u00a0<\/h3><h3>\u00bfPor qu\u00e9 destaca SAVAGE MONSTER+ 20000?<\/h3><p>\u2705 <strong>20.000 Puffs<\/strong> - Disfruta de un uso prolongado sin interrupciones.<br \/>\u2705 <strong>Capacidad de 20 ml de E-l\u00edquido<\/strong> - Precargado para vapear sin complicaciones.<br \/>\u2705 <strong>Opciones de sales de nic de 0\/20\/30\/50 mg<\/strong> - Ajuste la potencia de nicotina a su gusto.<br \/>\u2705 <strong>Sistema de c\u00e1psulas desechables sustituibles<\/strong> - F\u00e1cil de usar y mantener.<br \/>\u2705 <strong>Bater\u00eda recargable de 650 mAh<\/strong> - Energ\u00eda fiable con carga r\u00e1pida Type-C.<br \/>\u2705 <strong>Peso ligero de 110 g<\/strong> - Dise\u00f1ado para ser port\u00e1til y c\u00f3modo.<\/p><h3>\u00a0<\/h3><h3>Opciones de sabor que entusiasman<\/h3><p>\u2714 \ud83c\udf31\u2744\ufe0f <strong>Casa de la Moneda de Miami<\/strong> - Una refrescante explosi\u00f3n de menta fresca.<br \/>\u2714 \ud83e\uded0\ud83c\udf4b <strong>Limonada Blue Razz<\/strong> - El sabor de la frambuesa azul se combina con el de la limonada.<br \/>\u2714 \ud83c\udf4b\u2744\ufe0f <strong>Lima lim\u00f3n<\/strong> - Un d\u00fao c\u00edtrico de lim\u00f3n y lima.<br \/>\u2714 \ud83c\udf49\u2744\ufe0f <strong>Helado de sand\u00eda<\/strong> - Jugosa sand\u00eda con un final helado.<br \/>\u2714 \ud83e\udd6d\u2744\ufe0f <strong>Helado de mango<\/strong> - Mango dulce combinado con un fr\u00edo helado.<br \/>\u2714 \ud83c\udf66\ud83c\udf3f <strong>Tabaco Vanicreme<\/strong> - Suave crema de vainilla mezclada con tabaco robusto.<br \/>\u2714 \ud83c\udf47\u2744\ufe0f <strong>Hielo de uva<\/strong> - Atrevido sabor a uva con un refrescante toque helado.<br \/>\u2714 \ud83d\udc09\ud83c\udf4c\ud83c\udf52 <strong>Fruta del drag\u00f3n Pl\u00e1tano Cereza<\/strong> - Una mezcla tropical de frutas ex\u00f3ticas.<br \/>\u2714 \ud83c\udf53\ud83c\udf52 <strong>Bayas mixtas<\/strong> - Una explosi\u00f3n de bayas dulces y \u00e1cidas.<br \/>\u2714 \ud83e\udd64\ud83c\udf52 <strong>Cola de cereza<\/strong> - Cola cl\u00e1sica infusionada con notas dulces de cereza.<\/p><h3>\u00a0<\/h3><h3>Especificaciones t\u00e9cnicas<\/h3><p>\ud83d\udd0b Bater\u00eda: 650mAh (recargable mediante Type-C)<br \/>\ud83d\udca7 Capacidad de E-l\u00edquido: 20ml (Pre-llenado)<br \/>\u2699\ufe0f Sistema Pod: Pods desechables reemplazables<br \/>\ud83d\udce6 <strong>Env\u00edo r\u00e1pido desde el almac\u00e9n de la UE:<\/strong> Entrega en s\u00f3lo <em>3-5 d\u00edas<\/em>!<\/p><p>\u00a0<\/p><p>El SAVAGE MONSTER+ 20000 es la elecci\u00f3n perfecta para los vapeadores que exigen comodidad, estilo y un rendimiento excepcional en un solo dispositivo. \u00a1P\u00eddelo ahora y eleva tu experiencia de vapeo hoy mismo!<\/p>\t\t\t\t\t\t\t\t<\/div>\n\t\t\t\t\t<\/div>\n\t\t\t\t<\/div>\n\t\t\t\t<\/div>","protected":false},"excerpt":{"rendered":"<p>En <strong>MONSTRUO SALVAJE+ 20000<\/strong> est\u00e1 dise\u00f1ado para ofrecer una experiencia de vapeo perfecta gracias a su elegante dise\u00f1o, su potente rendimiento y su excepcional variedad de sabores. Perfecto para aquellos que valoran la comodidad y el estilo, este dispositivo ofrece todo lo que necesita en un paquete compacto.<\/p>","protected":false},"featured_media":1326,"comment_status":"open","ping_status":"closed","template":"","meta":[],"product_brand":[230],"product_cat":[2267,237],"product_tag":[],"class_list":{"0":"post-1282","1":"product","2":"type-product","3":"status-publish","4":"has-post-thumbnail","6":"product_brand-savage-vape","7":"product_cat-savage-disposable-vapes","8":"product_cat-disposable-vapes","9":"pa_battery-capacity-650-mah","10":"pa_charging-type-usb-c","11":"pa_e-liquid-capacity-20ml","12":"pa_puff-count-approx-20000","14":"first","15":"instock","16":"shipping-taxable","17":"purchasable","18":"product-type-variable"},"_links":{"self":[{"href":"https:\/\/vapenex.com\/es\/wp-json\/wp\/v2\/product\/1282","targetHints":{"allow":["GET"]}}],"collection":[{"href":"https:\/\/vapenex.com\/es\/wp-json\/wp\/v2\/product"}],"about":[{"href":"https:\/\/vapenex.com\/es\/wp-json\/wp\/v2\/types\/product"}],"replies":[{"embeddable":true,"href":"https:\/\/vapenex.com\/es\/wp-json\/wp\/v2\/comments?post=1282"}],"version-history":[{"count":1,"href":"https:\/\/vapenex.com\/es\/wp-json\/wp\/v2\/product\/1282\/revisions"}],"predecessor-version":[{"id":3677,"href":"https:\/\/vapenex.com\/es\/wp-json\/wp\/v2\/product\/1282\/revisions\/3677"}],"wp:featuredmedia":[{"embeddable":true,"href":"https:\/\/vapenex.com\/es\/wp-json\/wp\/v2\/media\/1326"}],"wp:attachment":[{"href":"https:\/\/vapenex.com\/es\/wp-json\/wp\/v2\/media?parent=1282"}],"wp:term":[{"taxonomy":"product_brand","embeddable":true,"href":"https:\/\/vapenex.com\/es\/wp-json\/wp\/v2\/product_brand?post=1282"},{"taxonomy":"product_cat","embeddable":true,"href":"https:\/\/vapenex.com\/es\/wp-json\/wp\/v2\/product_cat?post=1282"},{"taxonomy":"product_tag","embeddable":true,"href":"https:\/\/vapenex.com\/es\/wp-json\/wp\/v2\/product_tag?post=1282"}],"curies":[{"name":"wp","href":"https:\/\/api.w.org\/{rel}","templated":true}]}}