{"id":1381,"date":"2024-12-17T18:35:54","date_gmt":"2024-12-17T18:35:54","guid":{"rendered":"http:\/\/vapenex.com\/?post_type=product&#038;p=1381"},"modified":"2026-04-06T14:29:57","modified_gmt":"2026-04-06T14:29:57","slug":"savage-fitness-vape-desechable-30000-puffs","status":"publish","type":"product","link":"https:\/\/vapenex.com\/es\/savage-fitness-disposable-vape-30000-puffs\/","title":{"rendered":"Savage Fitness Vape Desechable 30000 Caladas"},"content":{"rendered":"<div data-elementor-type=\"product-post\" data-elementor-id=\"1381\" class=\"elementor elementor-1381\" data-elementor-post-type=\"product\">\n\t\t\t\t<div class=\"elementor-element elementor-element-18c9317 e-flex e-con-boxed e-con e-parent\" data-id=\"18c9317\" data-element_type=\"container\" data-e-type=\"container\" data-settings=\"{&quot;ekit_has_onepagescroll_dot&quot;:&quot;yes&quot;}\">\n\t\t\t\t\t<div class=\"e-con-inner\">\n\t\t\t\t<div class=\"elementor-element elementor-element-7e27506f elementor-widget elementor-widget-text-editor\" data-id=\"7e27506f\" data-element_type=\"widget\" data-e-type=\"widget\" data-settings=\"{&quot;ekit_we_effect_on&quot;:&quot;none&quot;}\" data-widget_type=\"text-editor.default\">\n\t\t\t\t\t\t\t\t\t<h2>SAVAGE FITNESS 30000 Puffs - \u00a1Donde el estilo se une al rendimiento!<\/h2><h3>\u00a0<\/h3><h3>\u00a1Desata el poder de la innovaci\u00f3n con cada calada!<\/h3><p>En <strong>SAVAGE FITNESS 30000 Puffs<\/strong> es m\u00e1s que un simple dispositivo de vapeo, es una declaraci\u00f3n de estilo y funcionalidad. Con su exclusivo dise\u00f1o en forma de anillo, su enorme capacidad de calada y sus irresistibles sabores, este dispositivo es perfecto para los vapeadores que quieren destacar mientras disfrutan de un rendimiento de primer nivel.<\/p><p>\u00a0<\/p><h3>Caracter\u00edsticas que distinguen a SAVAGE FITNESS 30000<\/h3><p>\u2705 <strong>30.000 Puffs<\/strong> - Disfrute de un rendimiento duradero sin interrupciones.<br \/>\u2705 <strong>Capacidad de 30 ml de e-l\u00edquido<\/strong> - Precargado para un uso prolongado y c\u00f3modo.<br \/>\u2705 <strong>Opciones de sales de nic de 0\/20\/30\/50 mg<\/strong> - Adapte la potencia de nicotina a sus preferencias.<br \/>\u2705 <strong>Anillo estilo Fidget Spinner<\/strong> - Un complemento divertido y elegante para tu experiencia de vapeo.<br \/>\u2705 <strong>150 g Dise\u00f1o ligero<\/strong> - Port\u00e1til y f\u00e1cil de llevar a todas partes.<\/p><p>\u00a0<\/p><h3>Sabores que le har\u00e1n volver<\/h3><p>\u2714 \ud83c\udf53 <strong>Bayas negras mixtas<\/strong> - Una rica mezcla de bayas dulces y \u00e1cidas.<br \/>\u2714 \u2744\ufe0f <strong>Helado de grosella<\/strong> - Grosella negra atrevida con un refrescante toque helado.<br \/>\u2714 \ud83e\uded0\ud83c\udf6c <strong>Blueberry Gum Blue Razz<\/strong> - Una explosi\u00f3n afrutada de ar\u00e1ndanos y frambuesa azul con un final de chicle.<br \/>\u2714 \ud83c\udf4b\ud83e\udd64 <strong>Limonada<\/strong> - Sabrosos y refrescantes c\u00edtricos.<br \/>\u2714 \ud83c\udf52\ud83c\udf89 <strong>Fiesta de la cereza<\/strong> - Una celebraci\u00f3n de cereza dulce y \u00e1cida en cada calada.<\/p><p>\u00a0<\/p><h3>Especificaciones t\u00e9cnicas<\/h3><p>Bater\u00eda: Rendimiento de larga duraci\u00f3n para sesiones prolongadas<br \/>\ud83d\udca7 Capacidad de E-l\u00edquido: 30ml (Pre-llenado)<br \/>\u2699\ufe0f Dise\u00f1o: Anillo estilo Fidget Spinner para mayor funcionalidad<br \/>\ud83d\udce6 <strong>Env\u00edo r\u00e1pido desde el almac\u00e9n de la UE:<\/strong> Entrega en s\u00f3lo <em>3-5 d\u00edas<\/em>!<\/p><p>\u00a0<\/p><p>\u00a1Atr\u00e9vete con el SAVAGE FITNESS 30000! Combinando un dise\u00f1o innovador, sabores premium y un rendimiento sin igual, este dispositivo es perfecto para los vapeadores que lo quieren todo. P\u00eddelo ahora y eleva tu experiencia de vapeo.<\/p>\t\t\t\t\t\t\t\t<\/div>\n\t\t\t\t\t<\/div>\n\t\t\t\t<\/div>\n\t\t\t\t<\/div>","protected":false},"excerpt":{"rendered":"<p>En <strong>SAVAGE FITNESS 30000 Puffs<\/strong> es m\u00e1s que un simple dispositivo de vapeo, es una declaraci\u00f3n de estilo y funcionalidad. Con su exclusivo dise\u00f1o en forma de anillo, su enorme capacidad de calada y sus irresistibles sabores, este dispositivo es perfecto para los vapeadores que quieren destacar mientras disfrutan de un rendimiento de primer nivel.<\/p>","protected":false},"featured_media":1391,"comment_status":"open","ping_status":"closed","template":"","meta":[],"product_brand":[230],"product_cat":[2267,237],"product_tag":[],"class_list":{"0":"post-1381","1":"product","2":"type-product","3":"status-publish","4":"has-post-thumbnail","6":"product_brand-savage-vape","7":"product_cat-savage-disposable-vapes","8":"product_cat-disposable-vapes","9":"pa_battery-capacity-650-mah","10":"pa_charging-type-usb-c","11":"pa_e-liquid-capacity-30ml","12":"pa_puff-count-approx-30000","14":"first","15":"instock","16":"shipping-taxable","17":"purchasable","18":"product-type-variable"},"_links":{"self":[{"href":"https:\/\/vapenex.com\/es\/wp-json\/wp\/v2\/product\/1381","targetHints":{"allow":["GET"]}}],"collection":[{"href":"https:\/\/vapenex.com\/es\/wp-json\/wp\/v2\/product"}],"about":[{"href":"https:\/\/vapenex.com\/es\/wp-json\/wp\/v2\/types\/product"}],"replies":[{"embeddable":true,"href":"https:\/\/vapenex.com\/es\/wp-json\/wp\/v2\/comments?post=1381"}],"version-history":[{"count":1,"href":"https:\/\/vapenex.com\/es\/wp-json\/wp\/v2\/product\/1381\/revisions"}],"predecessor-version":[{"id":3676,"href":"https:\/\/vapenex.com\/es\/wp-json\/wp\/v2\/product\/1381\/revisions\/3676"}],"wp:featuredmedia":[{"embeddable":true,"href":"https:\/\/vapenex.com\/es\/wp-json\/wp\/v2\/media\/1391"}],"wp:attachment":[{"href":"https:\/\/vapenex.com\/es\/wp-json\/wp\/v2\/media?parent=1381"}],"wp:term":[{"taxonomy":"product_brand","embeddable":true,"href":"https:\/\/vapenex.com\/es\/wp-json\/wp\/v2\/product_brand?post=1381"},{"taxonomy":"product_cat","embeddable":true,"href":"https:\/\/vapenex.com\/es\/wp-json\/wp\/v2\/product_cat?post=1381"},{"taxonomy":"product_tag","embeddable":true,"href":"https:\/\/vapenex.com\/es\/wp-json\/wp\/v2\/product_tag?post=1381"}],"curies":[{"name":"wp","href":"https:\/\/api.w.org\/{rel}","templated":true}]}}