{"id":1437,"date":"2024-12-17T19:09:10","date_gmt":"2024-12-17T19:09:10","guid":{"rendered":"http:\/\/vapenex.com\/?post_type=product&#038;p=1437"},"modified":"2026-04-06T14:29:57","modified_gmt":"2026-04-06T14:29:57","slug":"savage-s-power-vape-desechable-30000-puffs","status":"publish","type":"product","link":"https:\/\/vapenex.com\/es\/savage-s-power-disposable-vape-30000-puffs\/","title":{"rendered":"Savage S Power Vape Desechable 30000 Caladas"},"content":{"rendered":"<div data-elementor-type=\"product-post\" data-elementor-id=\"1437\" class=\"elementor elementor-1437\" data-elementor-post-type=\"product\">\n\t\t\t\t<div class=\"elementor-element elementor-element-3ac0b305 e-flex e-con-boxed e-con e-parent\" data-id=\"3ac0b305\" data-element_type=\"container\" data-e-type=\"container\" data-settings=\"{&quot;ekit_has_onepagescroll_dot&quot;:&quot;yes&quot;}\">\n\t\t\t\t\t<div class=\"e-con-inner\">\n\t\t\t\t<div class=\"elementor-element elementor-element-79fcd3de elementor-widget elementor-widget-text-editor\" data-id=\"79fcd3de\" data-element_type=\"widget\" data-e-type=\"widget\" data-settings=\"{&quot;ekit_we_effect_on&quot;:&quot;none&quot;}\" data-widget_type=\"text-editor.default\">\n\t\t\t\t\t\t\t\t\t<h2>SAVAGE S POWER 30000 Puffs - \u00a1La potencia se une a la precisi\u00f3n!<\/h2><h3>\u00a0<\/h3><h3>Explosi\u00f3n de sabor, funciones avanzadas y rendimiento imparable.<\/h3><p>Prep\u00e1rese para redefinir su experiencia de vapeo con el <strong>SAVAGE S POWER 30000 Puffs<\/strong>. Este dispositivo est\u00e1 dise\u00f1ado para los vapeadores que exigen el equilibrio perfecto entre estilo, potencia e innovaci\u00f3n. Si usted es un conocedor de sabores o un entusiasta de la nube, el SAVAGE S POWER 30000 ofrece en todos los frentes.<\/p><h3>\u00a0<\/h3><h3>\u00bfQu\u00e9 hace que SAVAGE S POWER 30000 sea excepcional?<\/h3><p>\u2705 <strong>30.000 Puffs<\/strong> - Dise\u00f1ado para un uso prolongado sin concesiones.<br \/>\u2705 <strong>Capacidad de 29 ml de E-l\u00edquido<\/strong> - Precargado para sesiones de vapeo ininterrumpidas.<br \/>\u2705 <strong>Opciones de sales de nic de 0\/20\/30\/50 mg<\/strong> - Elija la potencia de nicotina que se adapte a sus necesidades.<br \/>\u2705 <strong>Cuatro modos de calefacci\u00f3n<\/strong> - Adapte cada bocanada exactamente a sus preferencias.<br \/>\u2705 <strong>Tecnolog\u00eda de bobina de malla<\/strong> - Desbloquea sabores intensos y una suave producci\u00f3n de vapor.<br \/>\u2705 <strong>Flujo de aire ajustable<\/strong> - Personaliza tu inhalaci\u00f3n para conseguir la calada perfecta.<br \/>\u2705 <strong>Bloqueo de seguridad para ni\u00f1os<\/strong> - Seguridad y comodidad combinadas.<br \/>\u2705 <strong>120 g Dise\u00f1o ligero<\/strong> - Port\u00e1til y elegante para llevarla a todas partes.<\/p><h3>\u00a0<\/h3><h3>Sabores que le har\u00e1n volver<\/h3><p>\u2714 \ud83c\udf53\ud83e\udd6d <strong>Mango y fresa<\/strong> - Una fusi\u00f3n tropical de fresas dulces y mangos maduros.<br \/>\u2714 \ud83c\udf49\u2744\ufe0f <strong>Helado de sand\u00eda<\/strong> - Jugosa sand\u00eda con un fr\u00edo helado.<br \/>\u2714 \ud83c\udf53\ud83e\udd5d <strong>Kiwi fresa<\/strong> - Un d\u00fao agridulce de frutas cl\u00e1sicas.<br \/>\u2714 \ud83e\uded0\u2744\ufe0f <strong>Helado de ar\u00e1ndanos<\/strong> - Ar\u00e1ndanos dulces con un toque helado.<br \/>\u2714 \ud83e\uded0\u2744\ufe0f <strong>Helado de frambuesa azul<\/strong> - Una \u00e1cida explosi\u00f3n de frambuesa azul con un refrescante frescor.<br \/>\u2714 \ud83c\udf47\ud83c\udf38 <strong>Uvas Sakura<\/strong> - Una delicada mezcla de sakura floral y uvas jugosas.<br \/>\u2714 \ud83c\udf52\ud83c\udf4e <strong>Cereza granada<\/strong> - Una atrevida mezcla de cerezas dulces y granada \u00e1cida.<br \/>\u2714 \ud83c\udf53\ud83c\udf52 <strong>Bayas mixtas<\/strong> - Una mezcla de bayas llenas de sabor.<br \/>\u2714 \ud83e\udd64\u2744\ufe0f <strong>Hielo de cola<\/strong> - Cola cl\u00e1sica con un acabado escarchado.<br \/>\u2714 \ud83c\udf53\ud83c\udf49 <strong>Fresa Sand\u00eda<\/strong> - Una jugosa combinaci\u00f3n de las frutas favoritas del verano.<\/p><p>\u00a0<\/p><h3>Especificaciones t\u00e9cnicas<\/h3><p>\ud83d\udd0b Bater\u00eda: 700mAh (recargable mediante Type-C)<br \/>\ud83d\udca7 Capacidad de E-l\u00edquido: 29ml (Pre-llenado)<br \/>\u2699\ufe0f Bobina: Bobina de malla para un rendimiento superior<br \/>\ud83c\udf2c\ufe0f Flujo de aire: Ajustable seg\u00fan tus preferencias<br \/>\ud83d\udce6 <strong>Env\u00edo r\u00e1pido desde el almac\u00e9n de la UE:<\/strong> Entrega en s\u00f3lo <em>3-5 d\u00edas<\/em>!<\/p><p>\u00a0<\/p><p>\u00a1Aumenta tus vapeos con el SAVAGE S POWER 30000 Puffs! Repleto de funciones avanzadas y sabores irresistibles, este dispositivo est\u00e1 dise\u00f1ado para impresionar y rendir a todos los niveles. No esperes m\u00e1s, \u00a1haz tu pedido hoy mismo y disfruta del vapeo como nunca antes!<\/p>\t\t\t\t\t\t\t\t<\/div>\n\t\t\t\t\t<\/div>\n\t\t\t\t<\/div>\n\t\t\t\t<\/div>","protected":false},"excerpt":{"rendered":"<p>Prep\u00e1rese para redefinir su experiencia de vapeo con el <strong>SAVAGE S POWER 30000<\/strong>. Este dispositivo est\u00e1 dise\u00f1ado para los vapeadores que exigen el equilibrio perfecto entre estilo, potencia e innovaci\u00f3n. Si usted es un conocedor de sabores o un entusiasta de la nube, el SAVAGE S POWER 30000 ofrece en todos los frentes.<\/p>","protected":false},"featured_media":1439,"comment_status":"open","ping_status":"closed","template":"","meta":[],"product_brand":[230],"product_cat":[2267,237],"product_tag":[],"class_list":{"0":"post-1437","1":"product","2":"type-product","3":"status-publish","4":"has-post-thumbnail","6":"product_brand-savage-vape","7":"product_cat-savage-disposable-vapes","8":"product_cat-disposable-vapes","9":"pa_battery-capacity-650-mah","10":"pa_charging-type-usb-c","11":"pa_e-liquid-capacity-29ml","12":"pa_puff-count-approx-30000","14":"first","15":"instock","16":"shipping-taxable","17":"purchasable","18":"product-type-variable"},"_links":{"self":[{"href":"https:\/\/vapenex.com\/es\/wp-json\/wp\/v2\/product\/1437","targetHints":{"allow":["GET"]}}],"collection":[{"href":"https:\/\/vapenex.com\/es\/wp-json\/wp\/v2\/product"}],"about":[{"href":"https:\/\/vapenex.com\/es\/wp-json\/wp\/v2\/types\/product"}],"replies":[{"embeddable":true,"href":"https:\/\/vapenex.com\/es\/wp-json\/wp\/v2\/comments?post=1437"}],"version-history":[{"count":1,"href":"https:\/\/vapenex.com\/es\/wp-json\/wp\/v2\/product\/1437\/revisions"}],"predecessor-version":[{"id":3675,"href":"https:\/\/vapenex.com\/es\/wp-json\/wp\/v2\/product\/1437\/revisions\/3675"}],"wp:featuredmedia":[{"embeddable":true,"href":"https:\/\/vapenex.com\/es\/wp-json\/wp\/v2\/media\/1439"}],"wp:attachment":[{"href":"https:\/\/vapenex.com\/es\/wp-json\/wp\/v2\/media?parent=1437"}],"wp:term":[{"taxonomy":"product_brand","embeddable":true,"href":"https:\/\/vapenex.com\/es\/wp-json\/wp\/v2\/product_brand?post=1437"},{"taxonomy":"product_cat","embeddable":true,"href":"https:\/\/vapenex.com\/es\/wp-json\/wp\/v2\/product_cat?post=1437"},{"taxonomy":"product_tag","embeddable":true,"href":"https:\/\/vapenex.com\/es\/wp-json\/wp\/v2\/product_tag?post=1437"}],"curies":[{"name":"wp","href":"https:\/\/api.w.org\/{rel}","templated":true}]}}