{"id":1491,"date":"2024-12-18T19:55:19","date_gmt":"2024-12-18T19:55:19","guid":{"rendered":"http:\/\/vapenex.com\/?post_type=product&#038;p=1491"},"modified":"2026-04-06T14:29:57","modified_gmt":"2026-04-06T14:29:57","slug":"savage-monster-z-vape-desechable-30000-caladas","status":"publish","type":"product","link":"https:\/\/vapenex.com\/es\/savage-monster-z-disposable-vape-30000-puffs\/","title":{"rendered":"Savage Monster Z Vape Desechable 30000 Caladas"},"content":{"rendered":"<div data-elementor-type=\"product-post\" data-elementor-id=\"1491\" class=\"elementor elementor-1491\" data-elementor-post-type=\"product\">\n\t\t\t\t<div class=\"elementor-element elementor-element-542ba5c9 e-flex e-con-boxed e-con e-parent\" data-id=\"542ba5c9\" data-element_type=\"container\" data-e-type=\"container\" data-settings=\"{&quot;ekit_has_onepagescroll_dot&quot;:&quot;yes&quot;}\">\n\t\t\t\t\t<div class=\"e-con-inner\">\n\t\t\t\t<div class=\"elementor-element elementor-element-35acdedc elementor-widget elementor-widget-text-editor\" data-id=\"35acdedc\" data-element_type=\"widget\" data-e-type=\"widget\" data-settings=\"{&quot;ekit_we_effect_on&quot;:&quot;none&quot;}\" data-widget_type=\"text-editor.default\">\n\t\t\t\t\t\t\t\t\t<h2>SAVAGE MONSTER Z 30000 Puffs - \u00a1Desata a la bestia que llevas dentro!<\/h2><h3>\u00a0<\/h3><h3>Potente rendimiento, sabores atrevidos y dise\u00f1o vanguardista.<\/h3><p>En <strong>MONSTRUO SALVAJE Z 30000 Puffs<\/strong> no es s\u00f3lo un vapeador, es toda una declaraci\u00f3n. Dise\u00f1ado para aquellos que exigen lo mejor, este dispositivo ofrece nubes masivas, sabores intensos y una funcionalidad superior. Tanto si eres un entusiasta del sabor o un cazador de nubes, esta central el\u00e9ctrica est\u00e1 hecha para satisfacer.<\/p><p>\u00a0<\/p><h3>\u00bfPor qu\u00e9 elegir SAVAGE MONSTER Z 30000?<\/h3><p>\u2705 <strong>30.000 Puffs<\/strong> - Dise\u00f1ado para durar y disfrutar sin interrupciones.<br \/>\u2705 <strong>Capacidad de 30 ml de e-l\u00edquido<\/strong> - Precargado para largas sesiones de vapeo.<br \/>\u2705 <strong>Opciones de sales de nic de 0\/20\/30\/50 mg<\/strong> - Adapte la potencia de nicotina a sus necesidades.<br \/>\u2705 <strong>Cuatro modos de potencia<\/strong> - Personaliza tu experiencia de vapeo con facilidad.<br \/>\u2705 <strong>Tecnolog\u00eda de doble bobina de malla<\/strong> - Sabor mejorado y producci\u00f3n de vapor denso.<br \/>\u2705 <strong>Flujo de aire ajustable<\/strong> - Controla perfectamente tu inhalaci\u00f3n para caladas suaves.<br \/>\u2705 <strong>Bater\u00eda recargable Tipo-C de 700 mAh<\/strong> - Energ\u00eda fiable con carga r\u00e1pida para usarla todo el d\u00eda.<br \/>\u2705 <strong>Peso ligero de 120 g<\/strong> - Port\u00e1til y f\u00e1cil de llevar a todas partes.<\/p><p>\u00a0<\/p><h3>Sabores que encienden sus sentidos<\/h3><p>\u2714 \ud83c\udf51\u2744\ufe0f <strong>Helado de melocot\u00f3n<\/strong> - Melocot\u00f3n dulce con un final helado.<br \/>\u2714 \ud83c\udf4b\ud83d\udc9a <strong>Romance de lima<\/strong> - Una explosi\u00f3n c\u00edtrica \u00e1cida con un toque refrescante.<br \/>\u2714 \ud83c\udf31\u2744\ufe0f <strong>Menta fresca<\/strong> - Frescor mentolado crujiente y tonificante.<br \/>\u2714 \ud83c\udf53\ud83c\udf4c <strong>Fresa y pl\u00e1tano<\/strong> - Una cremosa mezcla de fresas dulces y pl\u00e1tanos maduros.<br \/>\u2714 \ud83e\uded0\u2744\ufe0f <strong>Hielo Raz Azul<\/strong> - Una explosi\u00f3n de frambuesa azul \u00e1cida con un toque helado.<br \/>\u2714 \ud83c\udf53\ud83e\udd6d <strong>Mango y fresa<\/strong> - Una fusi\u00f3n tropical de jugosas fresas y mangos maduros.<br \/>\u2714 \ud83c\udf49\ud83c\udf6c <strong>Sand\u00eda jugosa<\/strong> - Refrescante sand\u00eda con un toque dulce.<br \/>\u2714 \ud83c\udf53\ud83c\udf49 <strong>Fresa Sand\u00eda<\/strong> - Una combinaci\u00f3n cl\u00e1sica de las frutas favoritas del verano.<br \/>\u2714 \ud83e\uded0\u2744\ufe0f <strong>Helado de frambuesa azul<\/strong> - Sabor atrevido a bayas con un fr\u00edo helado.<br \/>\u2714 \ud83c\udf51\ud83c\udf49\u2744\ufe0f <strong>Sand\u00eda agria y melocot\u00f3n<\/strong> - Una mezcla agridulce con un final refrescante.<\/p><p>\u00a0<\/p><h3>Especificaciones t\u00e9cnicas<\/h3><p>\ud83d\udd0b Bater\u00eda: 700mAh (recargable mediante Type-C)<br \/>\ud83d\udca7 Capacidad de E-l\u00edquido: 30ml (Pre-llenado)<br \/>\u2699\ufe0f Bobina: Dual Mesh Coil para un rendimiento superior<br \/>\ud83c\udf2c\ufe0f Flujo de aire: Ajustable seg\u00fan tus preferencias<br \/>\ud83d\udce6 <strong>Env\u00edo r\u00e1pido desde el almac\u00e9n de la UE:<\/strong> Entrega en s\u00f3lo <em>3-5 d\u00edas<\/em>!<\/p><p>\u00a0<\/p><p>\u00bfListo para llevar su experiencia de vapeo al siguiente nivel? En <strong>MONSTRUO SALVAJE Z 30000 Puffs<\/strong> combina estilo, rendimiento y variedad de sabores como ning\u00fan otro dispositivo del mercado. No esperes m\u00e1s, \u00a1haz tu pedido hoy y libera a la bestia que llevas dentro!<\/p>\t\t\t\t\t\t\t\t<\/div>\n\t\t\t\t\t<\/div>\n\t\t\t\t<\/div>\n\t\t\t\t<\/div>","protected":false},"excerpt":{"rendered":"<p>En <strong>MONSTRUO SALVAJE Z 30000<\/strong> no es s\u00f3lo un vapeador, es toda una declaraci\u00f3n. Dise\u00f1ado para aquellos que exigen lo mejor, este dispositivo ofrece nubes masivas, sabores intensos y una funcionalidad superior. Tanto si eres un entusiasta del sabor o un cazador de nubes, esta central el\u00e9ctrica est\u00e1 hecha para satisfacer.<\/p>","protected":false},"featured_media":1503,"comment_status":"open","ping_status":"closed","template":"","meta":[],"product_brand":[230],"product_cat":[2267,237],"product_tag":[],"class_list":{"0":"post-1491","1":"product","2":"type-product","3":"status-publish","4":"has-post-thumbnail","6":"product_brand-savage-vape","7":"product_cat-savage-disposable-vapes","8":"product_cat-disposable-vapes","9":"pa_battery-capacity-700-mah","10":"pa_charging-type-usb-c","11":"pa_e-liquid-capacity-30ml","12":"pa_power-modes-eco","13":"pa_power-modes-max","14":"pa_power-modes-plus","15":"pa_power-modes-pro","16":"pa_puff-count-approx-30000","18":"first","19":"instock","20":"shipping-taxable","21":"purchasable","22":"product-type-variable"},"_links":{"self":[{"href":"https:\/\/vapenex.com\/es\/wp-json\/wp\/v2\/product\/1491","targetHints":{"allow":["GET"]}}],"collection":[{"href":"https:\/\/vapenex.com\/es\/wp-json\/wp\/v2\/product"}],"about":[{"href":"https:\/\/vapenex.com\/es\/wp-json\/wp\/v2\/types\/product"}],"replies":[{"embeddable":true,"href":"https:\/\/vapenex.com\/es\/wp-json\/wp\/v2\/comments?post=1491"}],"version-history":[{"count":1,"href":"https:\/\/vapenex.com\/es\/wp-json\/wp\/v2\/product\/1491\/revisions"}],"predecessor-version":[{"id":3674,"href":"https:\/\/vapenex.com\/es\/wp-json\/wp\/v2\/product\/1491\/revisions\/3674"}],"wp:featuredmedia":[{"embeddable":true,"href":"https:\/\/vapenex.com\/es\/wp-json\/wp\/v2\/media\/1503"}],"wp:attachment":[{"href":"https:\/\/vapenex.com\/es\/wp-json\/wp\/v2\/media?parent=1491"}],"wp:term":[{"taxonomy":"product_brand","embeddable":true,"href":"https:\/\/vapenex.com\/es\/wp-json\/wp\/v2\/product_brand?post=1491"},{"taxonomy":"product_cat","embeddable":true,"href":"https:\/\/vapenex.com\/es\/wp-json\/wp\/v2\/product_cat?post=1491"},{"taxonomy":"product_tag","embeddable":true,"href":"https:\/\/vapenex.com\/es\/wp-json\/wp\/v2\/product_tag?post=1491"}],"curies":[{"name":"wp","href":"https:\/\/api.w.org\/{rel}","templated":true}]}}