{"id":1545,"date":"2024-12-18T21:13:11","date_gmt":"2024-12-18T21:13:11","guid":{"rendered":"http:\/\/vapenex.com\/?post_type=product&#038;p=1545"},"modified":"2026-04-06T14:29:56","modified_gmt":"2026-04-06T14:29:56","slug":"savage-vape-fort-shisha-vape-desechable-45000-caladas","status":"publish","type":"product","link":"https:\/\/vapenex.com\/es\/savage-vape-fort-shisha-disposable-vape-45000-puffs\/","title":{"rendered":"Savage Vape Fort Shisha Vape Desechable 45000 Caladas"},"content":{"rendered":"<div data-elementor-type=\"product-post\" data-elementor-id=\"1545\" class=\"elementor elementor-1545\" data-elementor-post-type=\"product\">\n\t\t\t\t<div class=\"elementor-element elementor-element-5ebcf080 e-flex e-con-boxed e-con e-parent\" data-id=\"5ebcf080\" data-element_type=\"container\" data-e-type=\"container\" data-settings=\"{&quot;ekit_has_onepagescroll_dot&quot;:&quot;yes&quot;}\">\n\t\t\t\t\t<div class=\"e-con-inner\">\n\t\t\t\t<div class=\"elementor-element elementor-element-29f93ab6 elementor-widget elementor-widget-text-editor\" data-id=\"29f93ab6\" data-element_type=\"widget\" data-e-type=\"widget\" data-settings=\"{&quot;ekit_we_effect_on&quot;:&quot;none&quot;}\" data-widget_type=\"text-editor.default\">\n\t\t\t\t\t\t\t\t\t<h2>FORT SHISHA 45000 - \u00a1Potencia, sabor y estilo en cada calada!<\/h2><h3>\u00a0<\/h3><h3>Libera a la bestia: \u00a1grandes nubes, sabores atrevidos y un rendimiento imparable!<\/h3><p>Ad\u00e9ntrese en el futuro del vapeo con el <strong>FUERTE SHISHA 45000<\/strong>. Dise\u00f1ado para aquellos que exigen la excelencia, este dispositivo combina tecnolog\u00eda de vanguardia con un dise\u00f1o ex\u00f3tico que destaca. Tanto si persigues enormes nubes como si te deleitas con ricos sabores, el FORT SHISHA 45000 es tu compa\u00f1ero definitivo.<\/p><p>\u00a0<\/p><h3>\u00bfPor qu\u00e9 elegir FORT SHISHA 45000?<\/h3><p>\u2705 <strong>45.000 Puffs<\/strong> - Construido para durar y disfrutar sin fin.<br \/>\u2705 <strong>Capacidad de 30 ml de e-l\u00edquido<\/strong> - Precargado para largas sesiones de vapeo.<br \/>\u2705 <strong>3 mg de nicotina<\/strong> - Entrega de nicotina suave pero satisfactoria.<br \/>\u2705 <strong>Tecnolog\u00eda de bobina de malla<\/strong> - Desbloquea sabores intensos y nubes densas.<br \/>\u2705 <strong>Flujo de aire ajustable<\/strong> - Adapta tu inhalaci\u00f3n a la perfecci\u00f3n.<br \/>\u2705 <strong>Bater\u00eda recargable de 650 mAh<\/strong> - Energ\u00eda fiable con carga r\u00e1pida Type-C.<br \/>\u2705 <strong>150 g Dise\u00f1o ligero<\/strong> - Port\u00e1til y elegante para llevarla a todas partes.<\/p><p>\u00a0<\/p><h3>Sabores que excitan los sentidos<\/h3><p>\u2714 \u26a1Red Bull - Energiza tus papilas gustativas con este sabor ic\u00f3nico.<br \/>\u2714 \ud83c\udf53\ud83c\udf52 <strong>Bayas mixtas<\/strong> - Una explosi\u00f3n dulce y \u00e1cida de delicias de bayas.<br \/>\u2714 \ud83e\udd64\u2744\ufe0f <strong>Hielo de cola<\/strong> - Cola cl\u00e1sica con un acabado escarchado.<br \/>\u2714 \ud83c\udf53\u2744\ufe0f <strong>Helado de fresa<\/strong> - Jugosas fresas con un toque helado.<br \/>\u2714 \ud83e\uded0\u2744\ufe0f <strong>Hielo de frambuesa azul<\/strong> - Una explosi\u00f3n \u00e1cida de frambuesa azul con un toque refrescante.<br \/>\u2714 \ud83e\uded0\u2744\ufe0f <strong>Helado de ar\u00e1ndanos<\/strong> - Ar\u00e1ndanos dulces combinados con un refrescante fr\u00edo.<br \/>\u2714 \ud83c\udf49\u2744\ufe0f <strong>Helado de sand\u00eda<\/strong> - La jugosa sand\u00eda se une al frescor helado.<br \/>\u2714 \ud83c\udf51\ud83c\udf49 <strong>Mango Melocot\u00f3n Sand\u00eda<\/strong> - Una mezcla de frutas tropicales que da en el clavo.<br \/>\u2714 \ud83c\udf47\u2744\ufe0f <strong>Hielo de uva<\/strong> - Atrevido sabor a uva con un toque helado.<br \/>\u2714 \ud83c\udf53\ud83c\udf49 <strong>Fresa Sand\u00eda<\/strong> - Una combinaci\u00f3n cl\u00e1sica de las mejores frutas del verano.<\/p><p>\u00a0<\/p><h3>Especificaciones t\u00e9cnicas<\/h3><p>\ud83d\udd0b Bater\u00eda: 650mAh (Recargable)<br \/>\ud83d\udca7 Capacidad de E-l\u00edquido: 30ml (Pre-llenado)<br \/>\u2699\ufe0f Bobina: Bobina de malla para un rendimiento superior<br \/>\ud83c\udf2c\ufe0f Flujo de aire: Ajustable para caladas personalizadas<br \/>\ud83d\udce6 <strong>Env\u00edo r\u00e1pido desde el almac\u00e9n de la UE:<\/strong> Entrega en s\u00f3lo <em>3-5 d\u00edas<\/em>!<\/p><p>\u00a0<\/p><p>Descubre el equilibrio perfecto entre potencia y elegancia con el FORT SHISHA 45000. Tanto si eres un cazador de nubes como un entusiasta del sabor, este dispositivo est\u00e1 hecho para impresionar y rendir. No esperes m\u00e1s, \u00a1hazte con el tuyo hoy mismo y convierte cada calada en algo extraordinario!<\/p>\t\t\t\t\t\t\t\t<\/div>\n\t\t\t\t\t<\/div>\n\t\t\t\t<\/div>\n\t\t\t\t<\/div>","protected":false},"excerpt":{"rendered":"<p>Ad\u00e9ntrese en el futuro del vapeo con el <strong>FUERTE SHISHA 45000<\/strong>. Dise\u00f1ado para aquellos que exigen la excelencia, este dispositivo combina tecnolog\u00eda de vanguardia con un dise\u00f1o ex\u00f3tico que destaca. Tanto si persigues enormes nubes como si te deleitas con ricos sabores, el FORT SHISHA 45000 es tu compa\u00f1ero definitivo.<\/p>","protected":false},"featured_media":1547,"comment_status":"open","ping_status":"closed","template":"","meta":[],"product_brand":[230],"product_cat":[2267,237],"product_tag":[],"class_list":{"0":"post-1545","1":"product","2":"type-product","3":"status-publish","4":"has-post-thumbnail","6":"product_brand-savage-vape","7":"product_cat-savage-disposable-vapes","8":"product_cat-disposable-vapes","9":"pa_battery-capacity-650-mah","10":"pa_charging-type-usb-c","11":"pa_e-liquid-capacity-30ml","12":"pa_puff-count-approx-45000","14":"first","15":"instock","16":"shipping-taxable","17":"purchasable","18":"product-type-variable"},"_links":{"self":[{"href":"https:\/\/vapenex.com\/es\/wp-json\/wp\/v2\/product\/1545","targetHints":{"allow":["GET"]}}],"collection":[{"href":"https:\/\/vapenex.com\/es\/wp-json\/wp\/v2\/product"}],"about":[{"href":"https:\/\/vapenex.com\/es\/wp-json\/wp\/v2\/types\/product"}],"replies":[{"embeddable":true,"href":"https:\/\/vapenex.com\/es\/wp-json\/wp\/v2\/comments?post=1545"}],"version-history":[{"count":1,"href":"https:\/\/vapenex.com\/es\/wp-json\/wp\/v2\/product\/1545\/revisions"}],"predecessor-version":[{"id":3673,"href":"https:\/\/vapenex.com\/es\/wp-json\/wp\/v2\/product\/1545\/revisions\/3673"}],"wp:featuredmedia":[{"embeddable":true,"href":"https:\/\/vapenex.com\/es\/wp-json\/wp\/v2\/media\/1547"}],"wp:attachment":[{"href":"https:\/\/vapenex.com\/es\/wp-json\/wp\/v2\/media?parent=1545"}],"wp:term":[{"taxonomy":"product_brand","embeddable":true,"href":"https:\/\/vapenex.com\/es\/wp-json\/wp\/v2\/product_brand?post=1545"},{"taxonomy":"product_cat","embeddable":true,"href":"https:\/\/vapenex.com\/es\/wp-json\/wp\/v2\/product_cat?post=1545"},{"taxonomy":"product_tag","embeddable":true,"href":"https:\/\/vapenex.com\/es\/wp-json\/wp\/v2\/product_tag?post=1545"}],"curies":[{"name":"wp","href":"https:\/\/api.w.org\/{rel}","templated":true}]}}