{"id":206,"date":"2024-12-03T21:30:48","date_gmt":"2024-12-03T21:30:48","guid":{"rendered":"http:\/\/vapenex.com\/?post_type=product&#038;p=206"},"modified":"2026-04-06T14:29:57","modified_gmt":"2026-04-06T14:29:57","slug":"savage-crystal-600-vape-desechable","status":"publish","type":"product","link":"https:\/\/vapenex.com\/es\/savage-crystal-600-disposable-vape\/","title":{"rendered":"Savage Crystal Vape Desechable 600 Caladas"},"content":{"rendered":"<div data-elementor-type=\"product-post\" data-elementor-id=\"206\" class=\"elementor elementor-206\" data-elementor-post-type=\"product\">\n\t\t\t\t<div class=\"elementor-element elementor-element-30650af6 e-flex e-con-boxed e-con e-parent\" data-id=\"30650af6\" data-element_type=\"container\" data-e-type=\"container\" data-settings=\"{&quot;ekit_has_onepagescroll_dot&quot;:&quot;yes&quot;}\">\n\t\t\t\t\t<div class=\"e-con-inner\">\n\t\t\t\t<div class=\"elementor-element elementor-element-4fa516a6 elementor-widget elementor-widget-text-editor\" data-id=\"4fa516a6\" data-element_type=\"widget\" data-e-type=\"widget\" data-settings=\"{&quot;ekit_we_effect_on&quot;:&quot;none&quot;}\" data-widget_type=\"text-editor.default\">\n\t\t\t\t\t\t\t\t\t<h3>SAVAGE CRYSTAL 600 Puffs - \u00a1Compacto, elegante y refrescante!<\/h3><h4>\u00a0<\/h4><h4>El vapor de bolsillo perfecto para los amantes de los sabores.<\/h4><p>En <strong>SAVAGE CRYSTAL 600 Puffs<\/strong> es el dispositivo de vapeo compacto definitivo, dise\u00f1ado para aquellos que valoran la comodidad y el estilo sin comprometer el rendimiento. Con su elegante dise\u00f1o, su satisfactoria capacidad de calada y una gran variedad de atrevidos sabores, este dispositivo es perfecto tanto para principiantes como para vapeadores experimentados.<\/p><p>\u00a0<\/p><h3>\u00bfPor qu\u00e9 elegir SAVAGE CRYSTAL 600 Puffs?<\/h3><p>\u2705 <strong>600 Puffs<\/strong> - Ideal para sesiones de vapeo r\u00e1pidas y satisfactorias.<br \/>\u2705 <strong>Capacidad de 2 ml de E-l\u00edquido<\/strong> - Precargado para un uso sin complicaciones.<br \/>\u2705 <strong>20mg Nic Sal Fuerza<\/strong> - Suministro de nicotina suave y satisfactorio.<br \/>\u2705 <strong>Tecnolog\u00eda de bobina de malla<\/strong> - Sabor mejorado y suave producci\u00f3n de vapor.<br \/>\u2705 <strong>Bater\u00eda integrada de 550 mAh<\/strong> - Potencia fiable para todo el d\u00eda.<br \/>\u2705 <strong>Peso ligero de 34 g<\/strong> - Ultraport\u00e1til y f\u00e1cil de llevar a cualquier parte.<\/p><p>\u00a0<\/p><h3>Opciones de sabor que entusiasman<\/h3><p>\u2714 \ud83c\udf4e\ud83c\udf51 <strong>Melocot\u00f3n manzana<\/strong> - Una mezcla dulce y jugosa de manzanas crujientes y melocotones maduros.<br \/>\u2714 \ud83c\udf4d\ud83c\udf51\ud83e\udd6d <strong>Pi\u00f1a Melocot\u00f3n Mango<\/strong> - Un tr\u00edo tropical rebosante de sabor afrutado.<br \/>\u2714 \ud83c\udf31\u2744\ufe0f <strong>Menta verde<\/strong> - Una refrescante explosi\u00f3n de frescor mentolado.<br \/>\u2714 \ud83c\udf49\ud83c\udf6c\u2744\ufe0f <strong>Helado de chicle de sand\u00eda<\/strong> - Jugosa sand\u00eda con un toque helado de chicle.<br \/>\u2714 \ud83c\udf4c\u2744\ufe0f <strong>Helado de pl\u00e1tano<\/strong> - Pl\u00e1tano cremoso combinado con un refrescante fr\u00edo.<br \/>\u2714 \ud83e\uded0\ud83c\udf52 <strong>Ar\u00e1ndano Ar\u00e1ndano Cereza<\/strong> - Una atrevida mezcla de bayas dulces y \u00e1cidas.<br \/>\u2714 \ud83c\udf4a <strong>Pomelo rosado<\/strong> - Pomelo picante con un toque agridulce.<br \/>\u2714 \ud83d\udfe9\ud83d\udc3b <strong>Osito de goma verde<\/strong> - Un juguet\u00f3n estallido de dulzura inspirada en los caramelos.<br \/>\u2714 \ud83c\udf34\u2744\ufe0f <strong>Hielo de lichi<\/strong> - Lichi ex\u00f3tico combinado con un final helado.<\/p><p>\u00a0<\/p><h3>Especificaciones t\u00e9cnicas<\/h3><p><br \/>\ud83d\udd0b <strong>Bater\u00eda:<\/strong> 550 mAh incorporados para un rendimiento fiable<br \/>\ud83d\udca7 <strong>Capacidad de e-l\u00edquido:<\/strong> 2 ml (precargada)<br \/>\u2699\ufe0f <strong>Bobina:<\/strong> Tecnolog\u00eda Mesh Coil para mejorar el sabor y la producci\u00f3n de vapor<br \/>\u2696\ufe0f <strong>Peso:<\/strong> 34g<br \/>\ud83d\udce6 <strong>Env\u00edo r\u00e1pido desde el almac\u00e9n de la UE:<\/strong> Entrega en s\u00f3lo <em>3-5 d\u00edas<\/em>!<\/p><p>\u00a0<\/p><p>El SAVAGE CRYSTAL 600 Puffs combina portabilidad, estilo y sabores atrevidos en un paquete elegante. Perfecto para vapear sobre la marcha o como compa\u00f1ero diario, este dispositivo es imprescindible para cualquier entusiasta del vapeo. Pide el tuyo hoy y disfruta de la calada perfecta en todo momento.<\/p>\t\t\t\t\t\t\t\t<\/div>\n\t\t\t\t\t<\/div>\n\t\t\t\t<\/div>\n\t\t\t\t<\/div>","protected":false},"excerpt":{"rendered":"<p><em>El vapor de bolsillo perfecto para los amantes de los sabores.<\/em><br \/>En <strong>SAVAGE CRYSTAL 600 Puffs<\/strong> es el dispositivo de vapeo compacto definitivo, dise\u00f1ado para aquellos que valoran la comodidad y el estilo sin comprometer el rendimiento. Con su elegante dise\u00f1o, su satisfactoria capacidad de calada y una gran variedad de atrevidos sabores, este dispositivo es perfecto tanto para principiantes como para vapeadores experimentados.<\/p>","protected":false},"featured_media":3112,"comment_status":"open","ping_status":"closed","template":"","meta":[],"product_brand":[230],"product_cat":[2267,237],"product_tag":[],"class_list":{"0":"post-206","1":"product","2":"type-product","3":"status-publish","4":"has-post-thumbnail","6":"product_brand-savage-vape","7":"product_cat-savage-disposable-vapes","8":"product_cat-disposable-vapes","9":"pa_battery-capacity-500-mah","10":"pa_e-liquid-capacity-2ml","11":"pa_puff-count-approx-600","13":"first","14":"instock","15":"shipping-taxable","16":"purchasable","17":"product-type-variable"},"_links":{"self":[{"href":"https:\/\/vapenex.com\/es\/wp-json\/wp\/v2\/product\/206","targetHints":{"allow":["GET"]}}],"collection":[{"href":"https:\/\/vapenex.com\/es\/wp-json\/wp\/v2\/product"}],"about":[{"href":"https:\/\/vapenex.com\/es\/wp-json\/wp\/v2\/types\/product"}],"replies":[{"embeddable":true,"href":"https:\/\/vapenex.com\/es\/wp-json\/wp\/v2\/comments?post=206"}],"version-history":[{"count":1,"href":"https:\/\/vapenex.com\/es\/wp-json\/wp\/v2\/product\/206\/revisions"}],"predecessor-version":[{"id":3683,"href":"https:\/\/vapenex.com\/es\/wp-json\/wp\/v2\/product\/206\/revisions\/3683"}],"wp:featuredmedia":[{"embeddable":true,"href":"https:\/\/vapenex.com\/es\/wp-json\/wp\/v2\/media\/3112"}],"wp:attachment":[{"href":"https:\/\/vapenex.com\/es\/wp-json\/wp\/v2\/media?parent=206"}],"wp:term":[{"taxonomy":"product_brand","embeddable":true,"href":"https:\/\/vapenex.com\/es\/wp-json\/wp\/v2\/product_brand?post=206"},{"taxonomy":"product_cat","embeddable":true,"href":"https:\/\/vapenex.com\/es\/wp-json\/wp\/v2\/product_cat?post=206"},{"taxonomy":"product_tag","embeddable":true,"href":"https:\/\/vapenex.com\/es\/wp-json\/wp\/v2\/product_tag?post=206"}],"curies":[{"name":"wp","href":"https:\/\/api.w.org\/{rel}","templated":true}]}}