{"id":2273,"date":"2024-12-23T22:21:55","date_gmt":"2024-12-23T22:21:55","guid":{"rendered":"http:\/\/vapenex.com\/?post_type=product&#038;p=2273"},"modified":"2026-04-06T14:29:56","modified_gmt":"2026-04-06T14:29:56","slug":"savage-nana-snap-vape-desechable-vaina-reemplazable-20000-puffs","status":"publish","type":"product","link":"https:\/\/vapenex.com\/es\/savage-nana-snap-disposable-vape-replaceable-pod-20000-puffs\/","title":{"rendered":"Savage Nanasnap Vape Desechable Pod Reemplazable 20000 Caladas"},"content":{"rendered":"<div data-elementor-type=\"product-post\" data-elementor-id=\"2273\" class=\"elementor elementor-2273\" data-elementor-post-type=\"product\">\n\t\t\t\t<div class=\"elementor-element elementor-element-27bf783d e-flex e-con-boxed e-con e-parent\" data-id=\"27bf783d\" data-element_type=\"container\" data-e-type=\"container\" data-settings=\"{&quot;ekit_has_onepagescroll_dot&quot;:&quot;yes&quot;}\">\n\t\t\t\t\t<div class=\"e-con-inner\">\n\t\t\t\t<div class=\"elementor-element elementor-element-570b12ff elementor-widget elementor-widget-text-editor\" data-id=\"570b12ff\" data-element_type=\"widget\" data-e-type=\"widget\" data-settings=\"{&quot;ekit_we_effect_on&quot;:&quot;none&quot;}\" data-widget_type=\"text-editor.default\">\n\t\t\t\t\t\t\t\t\t<h2>NANASNAP DTL 20000 Puffs Pod Reemplazable - \u00a1Extienda su vapeo!<\/h2><h3>\u00a0<\/h3><h3>Grandes nubes, sabores atrevidos y comodidad sin igual.<\/h3><p>En <strong>NANASNAP DTL 20000<\/strong> es tu dispositivo para una experiencia de vapeo premium. Dise\u00f1ado para los entusiastas del vapeo directo al pulm\u00f3n (DTL), este vapeador desechable combina un rendimiento excepcional, ricos sabores y un dise\u00f1o elegante para ofrecer satisfacci\u00f3n en cada calada.<\/p><p>\u00a0<\/p><h3>\u00bfPor qu\u00e9 elegir NANASNAP DTL 20000?<\/h3><p>\u2705 <strong>20.000 Puffs<\/strong> - Disfrute durante mucho tiempo sin interrupciones.<br \/>\u2705 <strong>Capacidad de 20 ml de E-l\u00edquido<\/strong> - Precargados y listos para su uso prolongado.<br \/>\u2705 <strong>6 mg de nicotina<\/strong> - Un golpe de nicotina suave y satisfactorio.<br \/>\u2705 <strong>Bater\u00eda recargable de 650 mAh<\/strong> - Energ\u00eda fiable con carga r\u00e1pida Type-C.<br \/>\u2705 <strong>Sistema de c\u00e1psulas desechables sustituibles<\/strong> - Vaping c\u00f3modo y sin complicaciones.<br \/>\u2705 <strong>Tecnolog\u00eda Big Cloud DTL<\/strong> - Perfecto para una producci\u00f3n masiva de vapor y suaves caladas.<\/p><p>\u00a0<\/p><h3>Sabores disponibles para satisfacer sus antojos<\/h3><p>\u2714 \ud83c\udf31\u2744\ufe0f <strong>Menta fresca<\/strong> - Frescor mentolado crujiente y refrescante.<br \/>\u2714 \ud83e\uded0\u2744\ufe0f <strong>Hielo de frambuesa azul<\/strong> - Una explosi\u00f3n \u00e1cida de frambuesa azul con un final helado.<br \/>\u2714 \ud83c\udf4f\u2744\ufe0f <strong>Helado de manzana agria<\/strong> - Manzana verde \u00e1cida combinada con un fr\u00edo helado.<br \/>\u2714 \ud83c\udf49\ud83c\udf6c <strong>Chicle de sand\u00eda<\/strong> - La jugosa sand\u00eda se une a la cl\u00e1sica dulzura del chicle.<br \/>\u2714 \u26a1 <strong>Toro rojo<\/strong> - El ic\u00f3nico sabor de la bebida energ\u00e9tica en forma de vaporizador.<br \/>\u2714 \ud83c\udf51\ud83c\udf49 <strong>Melocot\u00f3n Mango Sand\u00eda<\/strong> - Un tr\u00edo tropical de delicias afrutadas.<br \/>\u2714 \ud83c\udf4a\u2744\ufe0f <strong>Helado de pomelo<\/strong> - Pomelo \u00e1cido con un toque fresco y refrescante.<br \/>\u2714 \ud83e\udd64 <strong>Cola de cereza<\/strong> - Cola cl\u00e1sica infusionada con notas dulces de cereza.<br \/>\u2714 \ud83c\udf51\u2744\ufe0f <strong>Helado de melocot\u00f3n<\/strong> - Melocot\u00f3n dulce con un final helado.<br \/>\u2714 \ud83c\udf53\ud83c\udf52 <strong>Fresa Frambuesa Cereza<\/strong> - Una atrevida mezcla de bayas dulces y \u00e1cidas.<\/p><p>\u00a0<\/p><h3>Especificaciones t\u00e9cnicas<\/h3><p>\ud83d\udd0b Bater\u00eda: 650mAh (Recargable)<br \/>\ud83d\udca7 Capacidad de E-l\u00edquido: 20ml (Pre-llenado)<br \/>\u2699\ufe0f Sistema Pod: Pods desechables reemplazables para facilitar su uso<br \/>\ud83d\udce6 <strong>Env\u00edo r\u00e1pido desde el almac\u00e9n de la UE:<\/strong> Entrega en s\u00f3lo <em>3-5 d\u00edas<\/em>!<\/p><p>\u00a0<\/p><p>\u00a1Eleva tu experiencia de vapeo con el NANASNAP DTL 20000! Dise\u00f1ado tanto para los amantes del sabor como para los entusiastas de las nubes, este dispositivo ofrece un rendimiento y un estilo incomparables. P\u00eddelo ahora y lleva tu experiencia de vapeo al siguiente nivel.<\/p>\t\t\t\t\t\t\t\t<\/div>\n\t\t\t\t\t<\/div>\n\t\t\t\t<\/div>\n\t\t\t\t<\/div>","protected":false},"excerpt":{"rendered":"<p>En\u00a0<strong>NANASNAP DTL 20000 Puffs Pod Sustituible<\/strong>\u00a0es tu dispositivo para una experiencia de vapeo premium. Dise\u00f1ado para los entusiastas del vapeo directo al pulm\u00f3n (DTL), este vapeador desechable combina un rendimiento excepcional, ricos sabores y un dise\u00f1o elegante para ofrecer satisfacci\u00f3n en cada calada.<\/p>","protected":false},"featured_media":2291,"comment_status":"open","ping_status":"closed","template":"","meta":[],"product_brand":[230],"product_cat":[2267,237],"product_tag":[],"class_list":{"0":"post-2273","1":"product","2":"type-product","3":"status-publish","4":"has-post-thumbnail","6":"product_brand-savage-vape","7":"product_cat-savage-disposable-vapes","8":"product_cat-disposable-vapes","9":"pa_battery-capacity-650-mah","10":"pa_charging-type-usb-c","11":"pa_puff-count-approx-20000","13":"first","14":"instock","15":"shipping-taxable","16":"purchasable","17":"product-type-variable"},"_links":{"self":[{"href":"https:\/\/vapenex.com\/es\/wp-json\/wp\/v2\/product\/2273","targetHints":{"allow":["GET"]}}],"collection":[{"href":"https:\/\/vapenex.com\/es\/wp-json\/wp\/v2\/product"}],"about":[{"href":"https:\/\/vapenex.com\/es\/wp-json\/wp\/v2\/types\/product"}],"replies":[{"embeddable":true,"href":"https:\/\/vapenex.com\/es\/wp-json\/wp\/v2\/comments?post=2273"}],"version-history":[{"count":1,"href":"https:\/\/vapenex.com\/es\/wp-json\/wp\/v2\/product\/2273\/revisions"}],"predecessor-version":[{"id":3671,"href":"https:\/\/vapenex.com\/es\/wp-json\/wp\/v2\/product\/2273\/revisions\/3671"}],"wp:featuredmedia":[{"embeddable":true,"href":"https:\/\/vapenex.com\/es\/wp-json\/wp\/v2\/media\/2291"}],"wp:attachment":[{"href":"https:\/\/vapenex.com\/es\/wp-json\/wp\/v2\/media?parent=2273"}],"wp:term":[{"taxonomy":"product_brand","embeddable":true,"href":"https:\/\/vapenex.com\/es\/wp-json\/wp\/v2\/product_brand?post=2273"},{"taxonomy":"product_cat","embeddable":true,"href":"https:\/\/vapenex.com\/es\/wp-json\/wp\/v2\/product_cat?post=2273"},{"taxonomy":"product_tag","embeddable":true,"href":"https:\/\/vapenex.com\/es\/wp-json\/wp\/v2\/product_tag?post=2273"}],"curies":[{"name":"wp","href":"https:\/\/api.w.org\/{rel}","templated":true}]}}