{"id":2341,"date":"2024-12-23T23:39:09","date_gmt":"2024-12-23T23:39:09","guid":{"rendered":"http:\/\/vapenex.com\/?post_type=product&#038;p=2341"},"modified":"2025-08-29T16:26:37","modified_gmt":"2025-08-29T16:26:37","slug":"fire-vape-dual-desechable-20000-30000-caladas","status":"publish","type":"product","link":"https:\/\/vapenex.com\/es\/fire-vape-dual-disposable-vape-20000-30000-puffs\/","title":{"rendered":"Fire Vape Dual Vape Desechable 20000\/30000 Caladas"},"content":{"rendered":"<div data-elementor-type=\"product-post\" data-elementor-id=\"2341\" class=\"elementor elementor-2341\" data-elementor-post-type=\"product\">\n\t\t\t\t<div class=\"elementor-element elementor-element-2ba9a00e e-flex e-con-boxed e-con e-parent\" data-id=\"2ba9a00e\" data-element_type=\"container\" data-e-type=\"container\" data-settings=\"{&quot;ekit_has_onepagescroll_dot&quot;:&quot;yes&quot;}\">\n\t\t\t\t\t<div class=\"e-con-inner\">\n\t\t\t\t<div class=\"elementor-element elementor-element-2b43904d elementor-widget elementor-widget-text-editor\" data-id=\"2b43904d\" data-element_type=\"widget\" data-e-type=\"widget\" data-settings=\"{&quot;ekit_we_effect_on&quot;:&quot;none&quot;}\" data-widget_type=\"text-editor.default\">\n\t\t\t\t\t\t\t\t\t<h2 class=\"wp-block-heading\">FIRE VAPE VOLCANO 20000\/30000 Puffs - \u00a1Redefine tu experiencia de vapeo!<\/h2><h3>\u00a0<\/h3><h3>Rendimiento inigualable, sabores incre\u00edbles y satisfacci\u00f3n duradera.<\/h3><p>En <strong>FUEGO VAPE VOLCANO<\/strong><strong> 20000\/30000<\/strong> es el dispositivo definitivo para los vapeadores que exigen potencia, sabor y comodidad. Con sus caracter\u00edsticas de vanguardia y un dise\u00f1o elegante, este dispositivo es perfecto tanto para principiantes como para entusiastas experimentados.<\/p><p>\u00a0<\/p><h3 class=\"wp-block-heading\">\u00bfPor qu\u00e9 elegir FIRE VAPE VOLCANO?<\/h3><p>\u2705 <strong>30.000 caladas en modo normal y 20.000 caladas en modo Boost<\/strong> - Longevidad inigualable para disfrutar sin parar.<br \/>\u2705 <strong>Capacidad de 30 ml de e-l\u00edquido<\/strong> - No hay necesidad de preocuparse por recargas constantes.<br \/>\u2705 <strong>Potencia ajustable<\/strong> - Personaliza la intensidad de vaporizaci\u00f3n para adaptarla a tu estado de \u00e1nimo.<br \/>\u2705 <strong>Bater\u00eda recargable de 650 mAh<\/strong> - Carga Type-C r\u00e1pida y c\u00f3moda para usarla todo el d\u00eda.<br \/>\u2705 <strong>Pantalla inteligente integrada<\/strong> - Controla f\u00e1cilmente la duraci\u00f3n de la bater\u00eda y el n\u00famero de caladas.<br \/>\u2705 <strong>Tecnolog\u00eda de doble bobina de malla<\/strong> - Sabor mejorado y producci\u00f3n de vapor m\u00e1s suave.<br \/>\u2705 <strong>Seguro para ni\u00f1os<\/strong> - Tranquilidad para un uso seguro.<\/p><p>\u00a0<\/p><h3 class=\"wp-block-heading\">Deliciosos sabores para elegir<\/h3><p>\u2714 \ud83e\uded0 <strong>Ar\u00e1ndano Frambuesa<\/strong> - Un equilibrio perfecto de bayas dulces y \u00e1cidas.<br \/>\u2714 \ud83e\udd64 <strong>Cola de cereza<\/strong> - Cola cl\u00e1sica con un toque de cereza.<br \/>\u2714 \ud83c\udf47\ud83c\udf53 <strong>Fresa Uva<\/strong> - Una deliciosa mezcla de jugosas fresas y uvas.<br \/>\u2714 \u2744\ufe0f\ud83c\udf53 <strong>Helado de triple baya<\/strong> - Una refrescante mezcla de frutas del bosque con un final helado.<br \/>\u2714 \ud83e\uded0\u2744\ufe0f <strong>Helado de ar\u00e1ndanos<\/strong> - Ar\u00e1ndanos dulces con un fr\u00edo helado.<br \/>\u2714 \ud83c\udf53\ud83e\udd5d <strong>Kiwi fresa<\/strong> - Una fusi\u00f3n tropical de fresas y kiwi.<br \/>\u2714 \ud83c\udf49\u2744\ufe0f <strong>Helado de sand\u00eda<\/strong> - Jugosa sand\u00eda con sensaci\u00f3n refrescante.<br \/>\u2714 \ud83c\udf4f\ud83c\udf47 <strong>Uva y manzana agria<\/strong> - Una combinaci\u00f3n agridulce que no pasa desapercibida.<br \/>\u2714 \u26a1 <strong>Toro rojo<\/strong> - El ic\u00f3nico sabor de la bebida energ\u00e9tica en forma de vaporizador.<br \/>\u2714 \ud83c\udf53\ud83c\udf49 <strong>Fresa Sand\u00eda<\/strong> - Un jugoso d\u00fao de las frutas favoritas del verano.<br \/>\u2714 \ud83c\udf47\u2744\ufe0f <strong>Triple helado de uva<\/strong> - Atrevido sabor a uva con un toque helado.<br \/>\u2714 \ud83c\udf53\ud83d\udc09 <strong>12 Fruta del drag\u00f3n fresa<\/strong> - Ex\u00f3tica fruta del drag\u00f3n combinada con fresas dulces.<\/p><p>\u00a0<\/p><h3 class=\"wp-block-heading\">Especificaciones t\u00e9cnicas<\/h3><p>\ud83d\udd0b Bater\u00eda: 650mAh (Recargable)<br \/>\ud83d\udca7 Capacidad del E-l\u00edquido: 30ml<br \/>\u2699\ufe0f Bobina: Dual Mesh Coil para un rendimiento superior<br \/>\ud83d\udcca Pantalla: Pantalla inteligente para facilitar la supervisi\u00f3n<br \/>\ud83e\uddd2 Seguridad: Bloqueo para ni\u00f1os incluido<br \/>\ud83d\udce6 <strong>Env\u00edo r\u00e1pido desde el almac\u00e9n de la UE:<\/strong> Entrega en s\u00f3lo <em>3-5 d\u00edas<\/em>!<\/p><p>\u00a0<\/p><p>\u00a1No te conformes con menos cuando puedes tenerlo todo! El FIRE VAPE VOLCANO es su puerta de entrada a un sabor excepcional, nubes masivas, y un rendimiento inmejorable. \u00a1P\u00eddelo ahora y experimenta el siguiente nivel de vapeo!<\/p>\t\t\t\t\t\t\t\t<\/div>\n\t\t\t\t\t<\/div>\n\t\t\t\t<\/div>\n\t\t\t\t<\/div>","protected":false},"excerpt":{"rendered":"<p>En\u00a0<strong>FUEGO VAPE VOLCANO 20000\/30000<\/strong>\u00a0es el dispositivo definitivo para los vapeadores que exigen potencia, sabor y comodidad. Con sus caracter\u00edsticas de vanguardia y un dise\u00f1o elegante, este dispositivo es perfecto tanto para principiantes como para entusiastas experimentados.<\/p>","protected":false},"featured_media":2392,"comment_status":"open","ping_status":"closed","template":"","meta":[],"product_brand":[231],"product_cat":[237],"product_tag":[],"class_list":{"0":"post-2341","1":"product","2":"type-product","3":"status-publish","4":"has-post-thumbnail","6":"product_brand-fire-vape","7":"product_cat-disposable-vapes","8":"pa_battery-capacity-650-mah","9":"pa_charging-type-usb-c","10":"pa_e-liquid-capacity-30ml","11":"pa_power-modes-eco","12":"pa_power-modes-max","13":"pa_puff-count-approx-20000","14":"pa_puff-count-approx-30000","16":"first","17":"instock","18":"shipping-taxable","19":"purchasable","20":"product-type-variable"},"_links":{"self":[{"href":"https:\/\/vapenex.com\/es\/wp-json\/wp\/v2\/product\/2341","targetHints":{"allow":["GET"]}}],"collection":[{"href":"https:\/\/vapenex.com\/es\/wp-json\/wp\/v2\/product"}],"about":[{"href":"https:\/\/vapenex.com\/es\/wp-json\/wp\/v2\/types\/product"}],"replies":[{"embeddable":true,"href":"https:\/\/vapenex.com\/es\/wp-json\/wp\/v2\/comments?post=2341"}],"version-history":[{"count":1,"href":"https:\/\/vapenex.com\/es\/wp-json\/wp\/v2\/product\/2341\/revisions"}],"predecessor-version":[{"id":3669,"href":"https:\/\/vapenex.com\/es\/wp-json\/wp\/v2\/product\/2341\/revisions\/3669"}],"wp:featuredmedia":[{"embeddable":true,"href":"https:\/\/vapenex.com\/es\/wp-json\/wp\/v2\/media\/2392"}],"wp:attachment":[{"href":"https:\/\/vapenex.com\/es\/wp-json\/wp\/v2\/media?parent=2341"}],"wp:term":[{"taxonomy":"product_brand","embeddable":true,"href":"https:\/\/vapenex.com\/es\/wp-json\/wp\/v2\/product_brand?post=2341"},{"taxonomy":"product_cat","embeddable":true,"href":"https:\/\/vapenex.com\/es\/wp-json\/wp\/v2\/product_cat?post=2341"},{"taxonomy":"product_tag","embeddable":true,"href":"https:\/\/vapenex.com\/es\/wp-json\/wp\/v2\/product_tag?post=2341"}],"curies":[{"name":"wp","href":"https:\/\/api.w.org\/{rel}","templated":true}]}}