{"id":2394,"date":"2024-12-24T01:53:16","date_gmt":"2024-12-24T01:53:16","guid":{"rendered":"http:\/\/vapenex.com\/?post_type=product&#038;p=2394"},"modified":"2025-08-29T16:26:37","modified_gmt":"2025-08-29T16:26:37","slug":"fire-vape-hurricane-vape-desechable-27000-caladas","status":"publish","type":"product","link":"https:\/\/vapenex.com\/es\/fire-vape-hurricane-disposable-vape-27000-puffs\/","title":{"rendered":"Fire Vape Hurricane Vape Desechable 27000 Caladas"},"content":{"rendered":"<div data-elementor-type=\"product-post\" data-elementor-id=\"2394\" class=\"elementor elementor-2394\" data-elementor-post-type=\"product\">\n\t\t\t\t<div class=\"elementor-element elementor-element-54db8151 e-flex e-con-boxed e-con e-parent\" data-id=\"54db8151\" data-element_type=\"container\" data-e-type=\"container\" data-settings=\"{&quot;ekit_has_onepagescroll_dot&quot;:&quot;yes&quot;}\">\n\t\t\t\t\t<div class=\"e-con-inner\">\n\t\t\t\t<div class=\"elementor-element elementor-element-947206e elementor-widget elementor-widget-text-editor\" data-id=\"947206e\" data-element_type=\"widget\" data-e-type=\"widget\" data-settings=\"{&quot;ekit_we_effect_on&quot;:&quot;none&quot;}\" data-widget_type=\"text-editor.default\">\n\t\t\t\t\t\t\t\t\t<h2>FIRE VAPE HURRICANE 27000 Puffs - \u00a1La Experiencia Vaping Definitiva!<\/h2>\n<h4>\u00a0<\/h4>\n<h4>Nubes masivas, sabor intenso y rendimiento del m\u00e1s alto nivel.<\/h4>\n<p>El FIRE VAPE HURRICANE 27000 est\u00e1 dise\u00f1ado para aquellos que anhelan potentes caladas, ricos sabores y un uso prolongado. Dise\u00f1ado para el vapeo DTL (directo al pulm\u00f3n), este vapeador desechable ofrece la asombrosa cifra de 27.000 caladas, lo que lo convierte en una de las opciones m\u00e1s duraderas del mercado.<\/p>\n<p>\u00a0<\/p>\n<h3><strong>\u00bfPor qu\u00e9 elegir Hurricane 27000 Puffs?<\/strong><\/h3>\n<p>\u2705 <strong>27.000 Puffs<\/strong> - Longevidad extrema para un disfrute ininterrumpido<br \/>\u2705 <strong>Potencia de salida de 22 W<\/strong> - Producci\u00f3n masiva de vapor con golpes suaves<br \/>\u2705 <strong>6 mg de nicotina<\/strong> - Suministro de nicotina suave y satisfactorio<br \/>\u2705 <strong>Capacidad de 30 ml de e-l\u00edquido<\/strong> - Sin recargas, puro placer de vapear<br \/>\u2705 <strong>Bater\u00eda recargable de 650 mAh<\/strong> - Carga r\u00e1pida tipo C para mayor comodidad<br \/>\u2705 <strong>Pantalla inteligente integrada<\/strong> - Seguimiento de la bater\u00eda y el e-l\u00edquido de un vistazo<br \/>\u2705 <strong>Flujo de aire ajustable<\/strong> - Personaliza tu inhalaci\u00f3n para obtener caladas perfectas<br \/>\u2705 <strong>Bobina de malla doble<\/strong> - Mayor sabor e intensidad del vapor<\/p>\n<p>\u00a0<\/p>\n<h3>Sabores disponibles\u00a0<\/h3>\n<p>\u2714 <strong>\ud83c\udf53 Mezcla de bayas<\/strong> - Una jugosa explosi\u00f3n de bayas dulces y \u00e1cidas<br \/>\u2714 <strong>\ud83e\uded0\ud83c\udf47 Ar\u00e1ndano Uva<\/strong> - Una atrevida fusi\u00f3n de ar\u00e1ndanos y uvas dulces<br \/>\u2714 <strong>\ud83c\udf51\u2744\ufe0f Melocot\u00f3n helado<\/strong> - Melocot\u00f3n dulce con un toque helado para un vape refrescante<br \/>\u2714 <strong>\ud83e\uded0\ud83c\udf4b Limonada Blue Razz<\/strong> - Frambuesa azul \u00e1cida y limonada picante<br \/>\u2714 <strong>\ud83e\uded0\ud83c\udf6c Ar\u00e1ndano Bubblegum<\/strong> - Chicle cl\u00e1sico con un toque afrutado de ar\u00e1ndanos<br \/>\u2714 <strong>\ud83c\udf53\ud83e\udd4a Ponche de fresa<\/strong> - Una golosina de fresa dulce y \u00e1cida<br \/>\u2714 <strong>\u2744\ufe0f\ud83c\udf31 Menta fresca<\/strong> - Menta crujiente y helada para un golpe refrescante y suave<br \/>\u2714 <strong>\ud83c\udf49\u2744\ufe0f Hielo de sand\u00eda<\/strong> - Jugosa sand\u00eda con un final fresco y helado<br \/>\u2714 <strong>\ud83c\udf4f\ud83c\udf4e Shisha Doble Manzana<\/strong> - Mezcla cl\u00e1sica de manzana roja y verde al estilo shisha<br \/>\u2714 <strong>\ud83e\udd5d\ud83c\udf4d\ud83c\udf48 Kiwi Maracuy\u00e1 Guayaba<\/strong> - Una mezcla tropical de sabores ex\u00f3ticos<br \/>\u2714 <strong>\ud83d\udd25 Mezcla de sabores (los 10)<\/strong> - Lo mejor de todos los mundos en un solo dispositivo.<\/p>\n<p>\u00a0<\/p>\n<p><strong>\ud83d\udccd Se env\u00eda desde el almac\u00e9n de la UE - \u00a1entre 3 y 5 d\u00edas de entrega r\u00e1pida!<\/strong><\/p>\n<p>\u00a0<\/p>\n<p><strong>\u00a1Mejora tu experiencia de vapeo con el FIRE VAPE HURRICANE 27000!<\/strong> <strong>Enormes nubes, sabores insuperables y rendimiento de primer nivel.<\/strong> <strong>\u00a1HAGA SU PEDIDO AHORA antes de que se agote!<\/strong><\/p>\t\t\t\t\t\t\t\t<\/div>\n\t\t\t\t\t<\/div>\n\t\t\t\t<\/div>\n\t\t\t\t<\/div>","protected":false},"excerpt":{"rendered":"<p>El FIRE VAPE HURRICANE 27000 est\u00e1 dise\u00f1ado para aquellos que anhelan potentes caladas, ricos sabores y un uso prolongado. Dise\u00f1ado para el vapeo DTL (directo al pulm\u00f3n), este vapeador desechable ofrece la asombrosa cifra de 27.000 caladas, lo que lo convierte en una de las opciones m\u00e1s duraderas del mercado.<\/p>","protected":false},"featured_media":2405,"comment_status":"open","ping_status":"closed","template":"","meta":[],"product_brand":[231],"product_cat":[237],"product_tag":[],"class_list":{"0":"post-2394","1":"product","2":"type-product","3":"status-publish","4":"has-post-thumbnail","6":"product_brand-fire-vape","7":"product_cat-disposable-vapes","8":"pa_battery-capacity-650-mah","9":"pa_charging-type-usb-c","10":"pa_e-liquid-capacity-30ml","11":"pa_puff-count-approx-27000","13":"first","14":"instock","15":"shipping-taxable","16":"purchasable","17":"product-type-variable"},"_links":{"self":[{"href":"https:\/\/vapenex.com\/es\/wp-json\/wp\/v2\/product\/2394","targetHints":{"allow":["GET"]}}],"collection":[{"href":"https:\/\/vapenex.com\/es\/wp-json\/wp\/v2\/product"}],"about":[{"href":"https:\/\/vapenex.com\/es\/wp-json\/wp\/v2\/types\/product"}],"replies":[{"embeddable":true,"href":"https:\/\/vapenex.com\/es\/wp-json\/wp\/v2\/comments?post=2394"}],"version-history":[{"count":1,"href":"https:\/\/vapenex.com\/es\/wp-json\/wp\/v2\/product\/2394\/revisions"}],"predecessor-version":[{"id":3668,"href":"https:\/\/vapenex.com\/es\/wp-json\/wp\/v2\/product\/2394\/revisions\/3668"}],"wp:featuredmedia":[{"embeddable":true,"href":"https:\/\/vapenex.com\/es\/wp-json\/wp\/v2\/media\/2405"}],"wp:attachment":[{"href":"https:\/\/vapenex.com\/es\/wp-json\/wp\/v2\/media?parent=2394"}],"wp:term":[{"taxonomy":"product_brand","embeddable":true,"href":"https:\/\/vapenex.com\/es\/wp-json\/wp\/v2\/product_brand?post=2394"},{"taxonomy":"product_cat","embeddable":true,"href":"https:\/\/vapenex.com\/es\/wp-json\/wp\/v2\/product_cat?post=2394"},{"taxonomy":"product_tag","embeddable":true,"href":"https:\/\/vapenex.com\/es\/wp-json\/wp\/v2\/product_tag?post=2394"}],"curies":[{"name":"wp","href":"https:\/\/api.w.org\/{rel}","templated":true}]}}