{"id":2420,"date":"2024-12-24T02:27:53","date_gmt":"2024-12-24T02:27:53","guid":{"rendered":"http:\/\/vapenex.com\/?post_type=product&#038;p=2420"},"modified":"2025-08-29T16:26:35","modified_gmt":"2025-08-29T16:26:35","slug":"piloto-vape-desechable-14000-28000-caladas","status":"publish","type":"product","link":"https:\/\/vapenex.com\/es\/pilot-disposable-vape-14000-28000-puffs\/","title":{"rendered":"Pilot Vape Desechable 14000\/28000 Caladas"},"content":{"rendered":"<div data-elementor-type=\"product-post\" data-elementor-id=\"2420\" class=\"elementor elementor-2420\" data-elementor-post-type=\"product\">\n\t\t\t\t<div class=\"elementor-element elementor-element-39a352f5 e-flex e-con-boxed e-con e-parent\" data-id=\"39a352f5\" data-element_type=\"container\" data-e-type=\"container\" data-settings=\"{&quot;ekit_has_onepagescroll_dot&quot;:&quot;yes&quot;}\">\n\t\t\t\t\t<div class=\"e-con-inner\">\n\t\t\t\t<div class=\"elementor-element elementor-element-5a4e4167 elementor-widget elementor-widget-text-editor\" data-id=\"5a4e4167\" data-element_type=\"widget\" data-e-type=\"widget\" data-settings=\"{&quot;ekit_we_effect_on&quot;:&quot;none&quot;}\" data-widget_type=\"text-editor.default\">\n\t\t\t\t\t\t\t\t\t<h2>Pilot Vape Desechable 28000 Puffs - \u00a1Potencia, Rendimiento y Puro Sabor!<\/h2>\n<p><br \/>Aumenta tus posibilidades con el <strong>Piloto 28000<\/strong>el vape desechable definitivo dise\u00f1ado para los que exigen <strong>rendimiento excepcional, satisfacci\u00f3n duradera y sabores inigualables.<\/strong> Con una enorme <strong>28.000 bocanadas<\/strong>un generoso <strong>28 ml de capacidad de e-l\u00edquido<\/strong>y un potente <strong>Bater\u00eda recargable Type-C de 850 mAh<\/strong>Este vaporizador est\u00e1 dise\u00f1ado para que sigas funcionando sin interrupciones.<\/p>\n<h3><br \/>\u00bfPor qu\u00e9 elegir Pilot Vape 28000 Puffs?<\/h3>\n<p>\ud83d\udd25 <strong>Cantidad masiva de Puff<\/strong> - Disfrute de hasta <strong>28.000 bocanadas<\/strong> para vapear durante m\u00e1s tiempo sin preocuparse de que se acabe.<br \/>\ud83d\udd0b <strong>Comodidad recargable<\/strong> - Equipado con <strong>Bater\u00eda de 850 mAh y carga Type-C<\/strong> para conseguir potenciadores r\u00e1pidos y eficaces.<br \/>\ud83c\udf2a <strong>Tecnolog\u00eda de bobina de malla<\/strong> - Entrega <strong>sabores m\u00e1s ricos<\/strong> y <strong>golpes m\u00e1s suaves<\/strong> con cada calada.<br \/>\ud83d\udca1 <strong>Pantalla LED inteligente<\/strong> - Controla la duraci\u00f3n de la bater\u00eda y los niveles de e-l\u00edquido en tiempo real.<\/p>\n<p>\u00a0<\/p>\n<p><strong>Modos duales:<\/strong><\/p>\n<p>\u267b\ufe0f <strong>Modo ECO<\/strong> (28.000 inhalaciones) para un uso prolongado.<br \/>\u26a1 <strong>Modo MAX<\/strong> (14.000 bocanadas) para obtener nubes intensas y potentes.<\/p>\n<p>\u00a0<\/p>\n<h3>Experimente una variedad de sabores de primera calidad para satisfacer cualquier antojo<\/h3>\n<p>\u2705 <strong>Osito de goma<\/strong> - Dulce, masticable y deliciosamente nost\u00e1lgico.<br \/>\u2705 <strong>Lima lim\u00f3n<\/strong> - Una explosi\u00f3n de c\u00edtricos con un final refrescante.<br \/>\u2705 <strong>Ar\u00e1ndano Cereza Ar\u00e1ndano<\/strong> - Una mezcla din\u00e1mica de picante, dulce y \u00e1cido.<br \/>\u2705 <strong>Manzana doble<\/strong> - Crujiente y jugosa perfecci\u00f3n de manzana.<br \/>\u2705 <strong>Naranja Melocot\u00f3n Mango<\/strong> - Una fusi\u00f3n tropical para un vape suave y ex\u00f3tico.<br \/>\u2705 <strong>Chicle de fresa y cereza<\/strong> - Una mezcla divertida y afrutada con un toque de chicle.<br \/>\u2705 <strong>Blueberry Razz Ice<\/strong> - Una sensaci\u00f3n fresca y refrescante de bayas.<br \/>\u2705 <strong>Helado de fresa y sand\u00eda<\/strong> - Una jugosa mezcla veraniega con un toque helado.<br \/>\u2705 <strong>Ar\u00e1ndano y frambuesa agria<\/strong> - El dulce se une al \u00e1cido en esta atrevida combinaci\u00f3n de bayas.<br \/>\u2705 <strong>Helado de sand\u00eda<\/strong> - Un refrescante golpe de sand\u00eda.<\/p>\n<p><br \/><strong>Precios exclusivos - \u00a1Las mejores ofertas para pedidos al por mayor!<\/strong>\u00a0<\/p>\n<p>\u00a0<\/p>\n<p>\ud83d\ude80 <strong>Env\u00edo r\u00e1pido y fiable<\/strong> - Enviamos directamente desde nuestra <strong>Almac\u00e9n de la UE<\/strong>con entrega en <strong>\u00a1s\u00f3lo 3-5 d\u00edas!<\/strong><\/p>\n<p><br \/>Tanto si eres un minorista que busca abastecerse de lo \u00faltimo en vapeadores desechables como si eres un vapeador que busca lo mejor en calidad y rendimiento, <strong>Piloto 28000<\/strong> es su elecci\u00f3n perfecta.<\/p>\t\t\t\t\t\t\t\t<\/div>\n\t\t\t\t\t<\/div>\n\t\t\t\t<\/div>\n\t\t\t\t<\/div>","protected":false},"excerpt":{"rendered":"<p>Pilot DisposaStep up your vaping game with the <strong>Piloto 28000<\/strong>el vape desechable definitivo dise\u00f1ado para los que exigen <strong>rendimiento excepcional, satisfacci\u00f3n duradera y sabores inigualables.<\/strong><\/p>","protected":false},"featured_media":2441,"comment_status":"open","ping_status":"closed","template":"","meta":[],"product_brand":[232],"product_cat":[237],"product_tag":[],"class_list":{"0":"post-2420","1":"product","2":"type-product","3":"status-publish","4":"has-post-thumbnail","6":"product_brand-pilot-vape","7":"product_cat-disposable-vapes","8":"pa_battery-capacity-850-mah","9":"pa_charging-type-usb-c","10":"pa_power-modes-eco","11":"pa_power-modes-max","12":"pa_puff-count-approx-14000","13":"pa_puff-count-approx-28000","15":"first","16":"instock","17":"shipping-taxable","18":"purchasable","19":"product-type-variable"},"_links":{"self":[{"href":"https:\/\/vapenex.com\/es\/wp-json\/wp\/v2\/product\/2420","targetHints":{"allow":["GET"]}}],"collection":[{"href":"https:\/\/vapenex.com\/es\/wp-json\/wp\/v2\/product"}],"about":[{"href":"https:\/\/vapenex.com\/es\/wp-json\/wp\/v2\/types\/product"}],"replies":[{"embeddable":true,"href":"https:\/\/vapenex.com\/es\/wp-json\/wp\/v2\/comments?post=2420"}],"version-history":[{"count":1,"href":"https:\/\/vapenex.com\/es\/wp-json\/wp\/v2\/product\/2420\/revisions"}],"predecessor-version":[{"id":3667,"href":"https:\/\/vapenex.com\/es\/wp-json\/wp\/v2\/product\/2420\/revisions\/3667"}],"wp:featuredmedia":[{"embeddable":true,"href":"https:\/\/vapenex.com\/es\/wp-json\/wp\/v2\/media\/2441"}],"wp:attachment":[{"href":"https:\/\/vapenex.com\/es\/wp-json\/wp\/v2\/media?parent=2420"}],"wp:term":[{"taxonomy":"product_brand","embeddable":true,"href":"https:\/\/vapenex.com\/es\/wp-json\/wp\/v2\/product_brand?post=2420"},{"taxonomy":"product_cat","embeddable":true,"href":"https:\/\/vapenex.com\/es\/wp-json\/wp\/v2\/product_cat?post=2420"},{"taxonomy":"product_tag","embeddable":true,"href":"https:\/\/vapenex.com\/es\/wp-json\/wp\/v2\/product_tag?post=2420"}],"curies":[{"name":"wp","href":"https:\/\/api.w.org\/{rel}","templated":true}]}}