{"id":916,"date":"2024-12-16T04:33:18","date_gmt":"2024-12-16T04:33:18","guid":{"rendered":"http:\/\/vapenex.com\/?post_type=product&#038;p=916"},"modified":"2026-04-06T14:29:57","modified_gmt":"2026-04-06T14:29:57","slug":"savage-monster-x8000-vape-desechable-8000-caladas","status":"publish","type":"product","link":"https:\/\/vapenex.com\/es\/savage-monster-x8000-disposable-vape-8000-puffs\/","title":{"rendered":"Savage Monster X8000 Vape Desechable 8000 Caladas"},"content":{"rendered":"<div data-elementor-type=\"product-post\" data-elementor-id=\"916\" class=\"elementor elementor-916\" data-elementor-post-type=\"product\">\n\t\t\t\t<div class=\"elementor-element elementor-element-2c577f4b e-flex e-con-boxed e-con e-parent\" data-id=\"2c577f4b\" data-element_type=\"container\" data-e-type=\"container\" data-settings=\"{&quot;ekit_has_onepagescroll_dot&quot;:&quot;yes&quot;}\">\n\t\t\t\t\t<div class=\"e-con-inner\">\n\t\t\t\t<div class=\"elementor-element elementor-element-2bb8e97e elementor-widget elementor-widget-text-editor\" data-id=\"2bb8e97e\" data-element_type=\"widget\" data-e-type=\"widget\" data-settings=\"{&quot;ekit_we_effect_on&quot;:&quot;none&quot;}\" data-widget_type=\"text-editor.default\">\n\t\t\t\t\t\t\t\t\t<h3>SAVAGE MONSTER X 8000 Puffs - \u00a1Potencia compacta, sabores audaces!<\/h3><h4>\u00a0<\/h4><h4>La mejor experiencia de vapeo con un dise\u00f1o elegante.<\/h4><p>En <strong>SAVAGE MONSTER X 8000 Puffs<\/strong> es un dispositivo de vapeo compacto pero potente, dise\u00f1ado para los vapeadores que exigen un rendimiento y una comodidad excepcionales. Con su construcci\u00f3n ligera, la tecnolog\u00eda avanzada de bobina de malla, y una variedad de sabores irresistibles, este dispositivo es perfecto para los entusiastas de vaping on-the-go.<\/p><p>\u00a0<\/p><h3>\u00bfPor qu\u00e9 elegir SAVAGE MONSTER X 8000?<\/h3><p>\u2705 <strong>8.000 Puffs<\/strong> - Rendimiento duradero para un disfrute prolongado.<br \/>\u2705 <strong>Capacidad de 12 ml de E-l\u00edquido<\/strong> - Precargado para vapear sin complicaciones.<br \/>\u2705 <strong>50mg Nic Sal Fuerza<\/strong> - Suministro de nicotina suave y satisfactorio.<br \/>\u2705 <strong>Tecnolog\u00eda de bobina de malla<\/strong> - Sabor mejorado y producci\u00f3n de vapor denso.<br \/>\u2705 <strong>Bater\u00eda recargable de tipo C<\/strong> - Carga r\u00e1pida para usarlo todo el d\u00eda.<br \/>\u2705 <strong>Peso ligero de 75 g<\/strong> - Compacta y port\u00e1til para mayor comodidad.<\/p><p>\u00a0<\/p><h3>Opciones de sabor que entusiasman<\/h3><p>\u2714 \ud83c\udf0c\u2728 <strong>Sue\u00f1o salvaje<\/strong> - Una mezcla \u00fanica de sabores atrevidos y dulces.<br \/>\u2714 \ud83c\udf51\ud83c\udf49\ud83e\udd6d <strong>Melocot\u00f3n Mango Sand\u00eda<\/strong> - Un tr\u00edo tropical de delicias afrutadas.<br \/>\u2714 \u26a1 <strong>Toro salvaje<\/strong> - El ic\u00f3nico sabor de la bebida energ\u00e9tica en forma de vaporizador.<br \/>\u2714 \ud83c\udf53\ud83c\udf47 <strong>Bayas locas<\/strong> - Una mezcla de bayas dulces y \u00e1cidas.<br \/>\u2714 \ud83c\udf31\ud83c\udf47 <strong>Aloe Vera<\/strong> - Una refrescante mezcla de aloe vera y jugosas uvas.<br \/>\u2714 \ud83c\udf53\ud83c\udf49 <strong>Fresa Sand\u00eda<\/strong> - Un jugoso d\u00fao de las frutas favoritas del verano.<br \/>\u2714 \ud83e\uded0\u2744\ufe0f <strong>Hielo de frambuesa azul<\/strong> - Frambuesa azul \u00e1cida con un final escarchado.<br \/>\u2714 \ud83e\uded0\u2744\ufe0f <strong>Helado de ar\u00e1ndanos<\/strong> - Ar\u00e1ndanos dulces combinados con un fr\u00edo helado.<br \/>\u2714 \ud83e\udd64\u2744\ufe0f <strong>Hielo de cola<\/strong> - Sabor cl\u00e1sico a cola con un toque helado.<br \/>\u2714 \ud83c\udf49\u2744\ufe0f <strong>Helado de sand\u00eda<\/strong> - Jugosa sand\u00eda con un refrescante frescor.<\/p><p>\u00a0<\/p><h3>Especificaciones t\u00e9cnicas<\/h3><p>\ud83d\udd0b <strong>Bater\u00eda:<\/strong> Recargable Tipo-C para una carga r\u00e1pida y fiable<br \/>\ud83d\udca7 <strong>Capacidad de e-l\u00edquido:<\/strong> 12 ml (precargada)<br \/>\u2699\ufe0f <strong>Bobina:<\/strong> Tecnolog\u00eda Mesh Coil para un sabor mejorado y una producci\u00f3n de vapor suave<br \/>\u2696\ufe0f <strong>Peso:<\/strong> 75g<br \/>\ud83d\udce6 <strong>Env\u00edo r\u00e1pido desde el almac\u00e9n de la UE:<\/strong> Entrega en s\u00f3lo <em>3-5 d\u00edas<\/em>!<\/p><p>\u00a0<\/p><p>El SAVAGE MONSTER X 8000 Puffs combina un dise\u00f1o elegante, tecnolog\u00eda avanzada y sabores atrevidos para ofrecer una experiencia de vapeo extraordinaria. \u00a1Pida el suyo hoy y eleve cada calada!<\/p>\t\t\t\t\t\t\t\t<\/div>\n\t\t\t\t\t<\/div>\n\t\t\t\t<\/div>\n\t\t\t\t<\/div>","protected":false},"excerpt":{"rendered":"<p>En <strong>SAVAGE MONSTER X 8000 Puffs<\/strong> es un dispositivo de vapeo compacto pero potente, dise\u00f1ado para los vapeadores que exigen un rendimiento y una comodidad excepcionales. Con su construcci\u00f3n ligera, tecnolog\u00eda avanzada de bobina de malla, y una variedad de sabores irresistibles, este dispositivo es perfecto para los entusiastas del vapeo sobre la marcha.<\/p>","protected":false},"featured_media":927,"comment_status":"open","ping_status":"closed","template":"","meta":[],"product_brand":[230],"product_cat":[2267,237],"product_tag":[],"class_list":{"0":"post-916","1":"product","2":"type-product","3":"status-publish","4":"has-post-thumbnail","6":"product_brand-savage-vape","7":"product_cat-savage-disposable-vapes","8":"product_cat-disposable-vapes","9":"pa_battery-capacity-500-mah","10":"pa_charging-type-usb-c","11":"pa_e-liquid-capacity-12ml","12":"pa_puff-count-approx-8000","14":"first","15":"instock","16":"shipping-taxable","17":"purchasable","18":"product-type-variable"},"_links":{"self":[{"href":"https:\/\/vapenex.com\/es\/wp-json\/wp\/v2\/product\/916","targetHints":{"allow":["GET"]}}],"collection":[{"href":"https:\/\/vapenex.com\/es\/wp-json\/wp\/v2\/product"}],"about":[{"href":"https:\/\/vapenex.com\/es\/wp-json\/wp\/v2\/types\/product"}],"replies":[{"embeddable":true,"href":"https:\/\/vapenex.com\/es\/wp-json\/wp\/v2\/comments?post=916"}],"version-history":[{"count":1,"href":"https:\/\/vapenex.com\/es\/wp-json\/wp\/v2\/product\/916\/revisions"}],"predecessor-version":[{"id":3682,"href":"https:\/\/vapenex.com\/es\/wp-json\/wp\/v2\/product\/916\/revisions\/3682"}],"wp:featuredmedia":[{"embeddable":true,"href":"https:\/\/vapenex.com\/es\/wp-json\/wp\/v2\/media\/927"}],"wp:attachment":[{"href":"https:\/\/vapenex.com\/es\/wp-json\/wp\/v2\/media?parent=916"}],"wp:term":[{"taxonomy":"product_brand","embeddable":true,"href":"https:\/\/vapenex.com\/es\/wp-json\/wp\/v2\/product_brand?post=916"},{"taxonomy":"product_cat","embeddable":true,"href":"https:\/\/vapenex.com\/es\/wp-json\/wp\/v2\/product_cat?post=916"},{"taxonomy":"product_tag","embeddable":true,"href":"https:\/\/vapenex.com\/es\/wp-json\/wp\/v2\/product_tag?post=916"}],"curies":[{"name":"wp","href":"https:\/\/api.w.org\/{rel}","templated":true}]}}