{"id":965,"date":"2024-12-16T20:48:07","date_gmt":"2024-12-16T20:48:07","guid":{"rendered":"http:\/\/vapenex.com\/?post_type=product&#038;p=965"},"modified":"2026-04-06T14:29:57","modified_gmt":"2026-04-06T14:29:57","slug":"savage-cola-botella-vape-desechable-8000-puffs","status":"publish","type":"product","link":"https:\/\/vapenex.com\/es\/savage-cola-bottle-disposable-vape-8000-puffs\/","title":{"rendered":"Savage Cola Botella Vape Desechable 8000 Caladas"},"content":{"rendered":"<div data-elementor-type=\"product-post\" data-elementor-id=\"965\" class=\"elementor elementor-965\" data-elementor-post-type=\"product\">\n\t\t\t\t<div class=\"elementor-element elementor-element-12412042 e-flex e-con-boxed e-con e-parent\" data-id=\"12412042\" data-element_type=\"container\" data-e-type=\"container\" data-settings=\"{&quot;ekit_has_onepagescroll_dot&quot;:&quot;yes&quot;}\">\n\t\t\t\t\t<div class=\"e-con-inner\">\n\t\t\t\t<div class=\"elementor-element elementor-element-1ca574d3 elementor-widget elementor-widget-text-editor\" data-id=\"1ca574d3\" data-element_type=\"widget\" data-e-type=\"widget\" data-settings=\"{&quot;ekit_we_effect_on&quot;:&quot;none&quot;}\" data-widget_type=\"text-editor.default\">\n\t\t\t\t\t\t\t\t\t<h3>BOTELLA SAVAGE COLA 8000 Puffs - \u00a1Compacta, elegante y sabrosa!<\/h3><h4>\u00a0<\/h4><h4>Perfectamente dise\u00f1ado para vapear sin problemas en cualquier momento y lugar.<\/h4><p>En <strong>SAVAGE COLA BOTELLA 8000 Puffs<\/strong> es un dispositivo de vapeo elegante y port\u00e1til que combina estilo, rendimiento y comodidad. Con su dise\u00f1o \u00fanico inspirado en una botella y una variedad de sabores atrevidos, este dispositivo es perfecto para los vapeadores que quieren una experiencia sin complicaciones pero de primera calidad.<\/p><p>\u00a0<\/p><h3>\u00bfPor qu\u00e9 elegir SAVAGE COLA BOTTLE 8000?<\/h3><p>\u2705 <strong>8.000 Puffs<\/strong> - Disfrute de largas sesiones de vapeo sin interrupciones.<br \/>\u2705 <strong>Capacidad de 20 ml de E-l\u00edquido<\/strong> - Precargado para un uso duradero.<br \/>\u2705 <strong>50 mg de nicotina<\/strong> - Suministro de nicotina satisfactorio y suave.<br \/>\u2705 <strong>Tecnolog\u00eda de bobina de malla<\/strong> - Sabor mejorado y producci\u00f3n de vapor denso.<br \/>\u2705 <strong>Bater\u00eda recargable Type-C de 650 mAh<\/strong> - Carga r\u00e1pida para rendir todo el d\u00eda.<br \/>\u2705 <strong>Peso ligero de 78 g<\/strong> - Compacto y port\u00e1til para vapear sobre la marcha.<\/p><p>\u00a0<\/p><h3>Opciones de sabor que entusiasman<\/h3><p>\u2714 \ud83e\uded0\u2744\ufe0f <strong>Hielo de frambuesa azul<\/strong> - Una explosi\u00f3n \u00e1cida de frambuesa azul con un final helado.<br \/>\u2714 \ud83c\udf53\u2744\ufe0f <strong>Helado de triple baya<\/strong> - Una refrescante mezcla de bayas dulces y \u00e1cidas con un toque helado.<br \/>\u2714 \ud83c\udf49\u2744\ufe0f <strong>Helado de sand\u00eda<\/strong> - Jugosa sand\u00eda combinada con una sensaci\u00f3n refrescante.<br \/>\u2714 \u26a1 <strong>Energ\u00eda<\/strong> - El ic\u00f3nico sabor de la bebida energ\u00e9tica en forma de vaporizador.<br \/>\u2714 \ud83c\udf48\ud83c\udf49 <strong>Mel\u00f3n triple<\/strong> - Una mezcla de melones dulces para una escapada tropical.<br \/>\u2714 \ud83e\udd5d\ud83c\udf34\ud83c\udf50 <strong>Kiwi Maracuy\u00e1 Guayaba<\/strong> - Un tr\u00edo tropical de frutas ex\u00f3ticas.<br \/>\u2714 \ud83c\udf4d\ud83e\udd65 <strong>Pi\u00f1a Coco<\/strong> - Una cremosa mezcla de pi\u00f1a dulce y coco.<br \/>\u2714 \ud83e\udd6d\ud83c\udf51 <strong>Triple Mango<\/strong> - Atrevido sabor a mango con un toque tropical.<br \/>\u2714 \ud83c\udf53\ud83e\udd5d <strong>Kiwi fresa<\/strong> - Una fusi\u00f3n cl\u00e1sica de fresas dulces y kiwi \u00e1cido.<br \/>\u2714 \ud83e\uded0\u2744\ufe0f <strong>Helado de ar\u00e1ndanos<\/strong> - Ar\u00e1ndanos dulces con un refrescante toque helado.<\/p><p>\u00a0<\/p><h3>Especificaciones t\u00e9cnicas<\/h3><p>\ud83d\udd0b <strong>Bater\u00eda:<\/strong> 650 mAh (recargable mediante Type-C)<br \/>\ud83d\udca7 <strong>Capacidad de e-l\u00edquido:<\/strong> 20 ml (precargada)<br \/>\u2699\ufe0f <strong>Bobina:<\/strong> Tecnolog\u00eda Mesh Coil para un sabor mejorado y una producci\u00f3n de vapor suave<br \/>\ud83d\udcd0 <strong>Dimensiones:<\/strong> 30 x 108 mm<br \/>\u2696\ufe0f <strong>Peso:<\/strong> 78g<br \/>\ud83d\udce6 <strong>Env\u00edo r\u00e1pido desde el almac\u00e9n de la UE:<\/strong> Entrega en s\u00f3lo <em>3-5 d\u00edas<\/em>!<\/p><p>\u00a0<\/p><p>El SAVAGE COLA BOTTLE 8000 Puffs es la mezcla perfecta de comodidad, estilo y rendimiento excepcional. Pida la suya hoy mismo y disfrute de una experiencia de vapeo extraordinaria.<\/p>\t\t\t\t\t\t\t\t<\/div>\n\t\t\t\t\t<\/div>\n\t\t\t\t<\/div>\n\t\t\t\t<\/div>","protected":false},"excerpt":{"rendered":"<p>En <strong>SAVAGE COLA BOTELLA 8000 Puffs<\/strong> es un dispositivo de vapeo elegante y port\u00e1til que combina estilo, rendimiento y comodidad. Con su dise\u00f1o \u00fanico inspirado en una botella y una variedad de sabores atrevidos, este dispositivo es perfecto para los vapeadores que quieren una experiencia sin complicaciones pero de primera calidad.<\/p>","protected":false},"featured_media":982,"comment_status":"open","ping_status":"closed","template":"","meta":[],"product_brand":[230],"product_cat":[2267,237],"product_tag":[],"class_list":{"0":"post-965","1":"product","2":"type-product","3":"status-publish","4":"has-post-thumbnail","6":"product_brand-savage-vape","7":"product_cat-savage-disposable-vapes","8":"product_cat-disposable-vapes","9":"pa_battery-capacity-650-mah","10":"pa_charging-type-usb-c","11":"pa_e-liquid-capacity-20ml","12":"pa_puff-count-approx-8000","14":"first","15":"instock","16":"shipping-taxable","17":"purchasable","18":"product-type-variable"},"_links":{"self":[{"href":"https:\/\/vapenex.com\/es\/wp-json\/wp\/v2\/product\/965","targetHints":{"allow":["GET"]}}],"collection":[{"href":"https:\/\/vapenex.com\/es\/wp-json\/wp\/v2\/product"}],"about":[{"href":"https:\/\/vapenex.com\/es\/wp-json\/wp\/v2\/types\/product"}],"replies":[{"embeddable":true,"href":"https:\/\/vapenex.com\/es\/wp-json\/wp\/v2\/comments?post=965"}],"version-history":[{"count":1,"href":"https:\/\/vapenex.com\/es\/wp-json\/wp\/v2\/product\/965\/revisions"}],"predecessor-version":[{"id":3681,"href":"https:\/\/vapenex.com\/es\/wp-json\/wp\/v2\/product\/965\/revisions\/3681"}],"wp:featuredmedia":[{"embeddable":true,"href":"https:\/\/vapenex.com\/es\/wp-json\/wp\/v2\/media\/982"}],"wp:attachment":[{"href":"https:\/\/vapenex.com\/es\/wp-json\/wp\/v2\/media?parent=965"}],"wp:term":[{"taxonomy":"product_brand","embeddable":true,"href":"https:\/\/vapenex.com\/es\/wp-json\/wp\/v2\/product_brand?post=965"},{"taxonomy":"product_cat","embeddable":true,"href":"https:\/\/vapenex.com\/es\/wp-json\/wp\/v2\/product_cat?post=965"},{"taxonomy":"product_tag","embeddable":true,"href":"https:\/\/vapenex.com\/es\/wp-json\/wp\/v2\/product_tag?post=965"}],"curies":[{"name":"wp","href":"https:\/\/api.w.org\/{rel}","templated":true}]}}