{"id":989,"date":"2024-12-16T21:35:17","date_gmt":"2024-12-16T21:35:17","guid":{"rendered":"http:\/\/vapenex.com\/?post_type=product&#038;p=989"},"modified":"2026-04-06T14:29:57","modified_gmt":"2026-04-06T14:29:57","slug":"savage-bubble-vape-desechable-15000-caladas","status":"publish","type":"product","link":"https:\/\/vapenex.com\/es\/savage-bubble-disposable-vape-15000-puffs\/","title":{"rendered":"Savage Bubble Vape Desechable 15000 Caladas"},"content":{"rendered":"<div data-elementor-type=\"product-post\" data-elementor-id=\"989\" class=\"elementor elementor-989\" data-elementor-post-type=\"product\">\n\t\t\t\t<div class=\"elementor-element elementor-element-2ec1d44d e-flex e-con-boxed e-con e-parent\" data-id=\"2ec1d44d\" data-element_type=\"container\" data-e-type=\"container\" data-settings=\"{&quot;ekit_has_onepagescroll_dot&quot;:&quot;yes&quot;}\">\n\t\t\t\t\t<div class=\"e-con-inner\">\n\t\t\t\t<div class=\"elementor-element elementor-element-409c262b elementor-widget elementor-widget-text-editor\" data-id=\"409c262b\" data-element_type=\"widget\" data-e-type=\"widget\" data-settings=\"{&quot;ekit_we_effect_on&quot;:&quot;none&quot;}\" data-widget_type=\"text-editor.default\">\n\t\t\t\t\t\t\t\t\t<h2>SAVAGE BUBBLE 15000 Puffs - \u00a1Dise\u00f1o compacto, gran impacto!<\/h2><h3>\u00a0<\/h3><h3>Vaping sin esfuerzo, con estilo y rendimiento.<\/h3><p>En <strong>SAVAGE BUBBLE 15000 Puffs<\/strong> es la elecci\u00f3n definitiva para los vapeadores que exigen un dise\u00f1o elegante, portabilidad y un rendimiento excepcional. Con sus caracter\u00edsticas avanzadas, sabores audaces, y la construcci\u00f3n compacta, este dispositivo garantiza una experiencia vaping prima cada vez.<\/p><p>\u00a0<\/p><h3>Ventajas de SAVAGE BUBBLE 15000 Puffs<\/h3><p>\u2705 <strong>15.000 Puffs<\/strong> - Dise\u00f1ado para un uso prolongado sin interrupciones.<br \/>\u2705 <strong>Capacidad de 26 ml de E-l\u00edquido<\/strong> - Precargado para vapear sin complicaciones.<br \/>\u2705 <strong>20mg \/ 30mg \/ 50mg Opciones de sales de nic<\/strong> - Personaliza la potencia de nicotina para adaptarla a tus necesidades.<br \/>\u2705 <strong>Tecnolog\u00eda de bobina de malla<\/strong> - Sabor mejorado y suave producci\u00f3n de vapor.<br \/>\u2705 <strong>Pantalla inteligente integrada<\/strong> - Controla f\u00e1cilmente el uso y la duraci\u00f3n de la bater\u00eda.<br \/>\u2705 <strong>Bater\u00eda recargable Type-C de 650 mAh<\/strong> - Carga r\u00e1pida y fiable para usarla todo el d\u00eda.<br \/>\u2705 <strong>Compacto y ligero (21 x 97 x 44 mm, 110 g)<\/strong> - Dise\u00f1ado para la comodidad sobre la marcha.<\/p><p>\u00a0<\/p><h3>Opciones de sabor que entusiasman<\/h3><p>\u2714 \ud83c\udf51\ud83c\udf49\ud83e\udd6d <strong>Melocot\u00f3n Mango Sand\u00eda<\/strong> - Un tr\u00edo tropical de delicias afrutadas.<br \/>\u2714 \ud83c\udf0c\u2728 <strong>Sue\u00f1o salvaje<\/strong> - Una mezcla \u00fanica de sabores atrevidos y dulces.<br \/>\u2714 \ud83e\uded0\u2744\ufe0f <strong>Hielo de frambuesa azul<\/strong> - Frambuesa azul \u00e1cida con un final escarchado.<br \/>\u2714 \ud83c\udf49\u2744\ufe0f <strong>Helado de sand\u00eda<\/strong> - Jugosa sand\u00eda combinada con un fr\u00edo helado.<br \/>\u2714 \ud83c\udf53\ud83c\udf47 <strong>Bayas locas<\/strong> - Una mezcla de bayas dulces y \u00e1cidas.<br \/>\u2714 \ud83d\udd35\u2744\ufe0f\ud83d\udd34 <strong>Azul Rojo Menta<\/strong> - Una refrescante mezcla de menta con atrevidos matices de bayas.<br \/>\u2714 \ud83c\udf47\ud83c\udf3f <strong>Parche morado<\/strong> - Una experiencia rica y vibrante inspirada en la uva.<br \/>\u2714 \ud83c\udf53\ud83c\udf66 <strong>Helado de fresa<\/strong> - Fresas dulces con un toque cremoso.<br \/>\u2714 \ud83e\udd64\u2744\ufe0f <strong>Hielo de cola<\/strong> - Sabor cl\u00e1sico a cola con un toque helado.<\/p><p>\u00a0<\/p><h3>Especificaciones t\u00e9cnicas<\/h3><p>\ud83d\udd0b <strong>Bater\u00eda:<\/strong> 650 mAh (recargable mediante Type-C)<br \/>\ud83d\udca7 <strong>Capacidad de e-l\u00edquido:<\/strong> 26 ml (precargada)<br \/>\u2699\ufe0f <strong>Bobina:<\/strong> Tecnolog\u00eda Mesh Coil para un sabor mejorado y una producci\u00f3n de vapor suave<br \/>\ud83d\udcf1 <strong>Pantalla:<\/strong> Pantalla inteligente integrada para controlar f\u00e1cilmente el uso y la duraci\u00f3n de la bater\u00eda<br \/>\ud83d\udcd0 <strong>Dimensiones:<\/strong> 21 x 97 x 44 mm<br \/>\u2696\ufe0f <strong>Peso:<\/strong> 110g<br \/>\ud83d\udce6 <strong>Env\u00edo r\u00e1pido desde el almac\u00e9n de la UE:<\/strong> Entrega en s\u00f3lo <em>3-5 d\u00edas<\/em>!<\/p><p>\u00a0<\/p><p>El SAVAGE BUBBLE 15000 combina tecnolog\u00eda avanzada, sabores irresistibles y un dise\u00f1o elegante para ofrecer una experiencia de vapeo inigualable. \u00a1Pide el tuyo hoy y disfruta al m\u00e1ximo de cada calada!<\/p>\t\t\t\t\t\t\t\t<\/div>\n\t\t\t\t\t<\/div>\n\t\t\t\t<\/div>\n\t\t\t\t<\/div>","protected":false},"excerpt":{"rendered":"<p>En <strong>SAVAGE BUBBLE 15000 Puffs<\/strong> es la elecci\u00f3n definitiva para los vapeadores que exigen un dise\u00f1o elegante, portabilidad y un rendimiento excepcional. Con sus caracter\u00edsticas avanzadas, sabores audaces, y la construcci\u00f3n compacta, este dispositivo garantiza una experiencia vaping prima cada vez.<\/p>","protected":false},"featured_media":1009,"comment_status":"open","ping_status":"closed","template":"","meta":[],"product_brand":[230],"product_cat":[2267,237],"product_tag":[],"class_list":{"0":"post-989","1":"product","2":"type-product","3":"status-publish","4":"has-post-thumbnail","6":"product_brand-savage-vape","7":"product_cat-savage-disposable-vapes","8":"product_cat-disposable-vapes","9":"pa_battery-capacity-650-mah","10":"pa_charging-type-usb-c","11":"pa_e-liquid-capacity-26ml","12":"pa_puff-count-approx-15000","14":"first","15":"instock","16":"shipping-taxable","17":"purchasable","18":"product-type-variable"},"_links":{"self":[{"href":"https:\/\/vapenex.com\/es\/wp-json\/wp\/v2\/product\/989","targetHints":{"allow":["GET"]}}],"collection":[{"href":"https:\/\/vapenex.com\/es\/wp-json\/wp\/v2\/product"}],"about":[{"href":"https:\/\/vapenex.com\/es\/wp-json\/wp\/v2\/types\/product"}],"replies":[{"embeddable":true,"href":"https:\/\/vapenex.com\/es\/wp-json\/wp\/v2\/comments?post=989"}],"version-history":[{"count":1,"href":"https:\/\/vapenex.com\/es\/wp-json\/wp\/v2\/product\/989\/revisions"}],"predecessor-version":[{"id":3680,"href":"https:\/\/vapenex.com\/es\/wp-json\/wp\/v2\/product\/989\/revisions\/3680"}],"wp:featuredmedia":[{"embeddable":true,"href":"https:\/\/vapenex.com\/es\/wp-json\/wp\/v2\/media\/1009"}],"wp:attachment":[{"href":"https:\/\/vapenex.com\/es\/wp-json\/wp\/v2\/media?parent=989"}],"wp:term":[{"taxonomy":"product_brand","embeddable":true,"href":"https:\/\/vapenex.com\/es\/wp-json\/wp\/v2\/product_brand?post=989"},{"taxonomy":"product_cat","embeddable":true,"href":"https:\/\/vapenex.com\/es\/wp-json\/wp\/v2\/product_cat?post=989"},{"taxonomy":"product_tag","embeddable":true,"href":"https:\/\/vapenex.com\/es\/wp-json\/wp\/v2\/product_tag?post=989"}],"curies":[{"name":"wp","href":"https:\/\/api.w.org\/{rel}","templated":true}]}}