{"id":1104,"date":"2024-12-16T23:18:04","date_gmt":"2024-12-16T23:18:04","guid":{"rendered":"http:\/\/vapenex.com\/?post_type=product&#038;p=1104"},"modified":"2026-04-06T14:29:57","modified_gmt":"2026-04-06T14:29:57","slug":"savage-camera-jetable-vape-18000-puffs","status":"publish","type":"product","link":"https:\/\/vapenex.com\/fr\/savage-camera-disposable-vape-18000-puffs\/","title":{"rendered":"Savage Camera Vape Jetable 18000 Puffs"},"content":{"rendered":"<div data-elementor-type=\"product-post\" data-elementor-id=\"1104\" class=\"elementor elementor-1104\" data-elementor-post-type=\"product\">\n\t\t\t\t<div class=\"elementor-element elementor-element-1bad4d1e e-flex e-con-boxed e-con e-parent\" data-id=\"1bad4d1e\" data-element_type=\"container\" data-e-type=\"container\" data-settings=\"{&quot;ekit_has_onepagescroll_dot&quot;:&quot;yes&quot;}\">\n\t\t\t\t\t<div class=\"e-con-inner\">\n\t\t\t\t<div class=\"elementor-element elementor-element-6f42892c elementor-widget elementor-widget-text-editor\" data-id=\"6f42892c\" data-element_type=\"widget\" data-e-type=\"widget\" data-settings=\"{&quot;ekit_we_effect_on&quot;:&quot;none&quot;}\" data-widget_type=\"text-editor.default\">\n\t\t\t\t\t\t\t\t\t<h2>SAVAGE CAMERA 18000 bouff\u00e9es - Capturez chaque moment de vapotage !<\/h2><p>\u00a0<\/p><h3>Un design \u00e9l\u00e9gant qui offre performance et saveur !<\/h3><p>Le <strong>CAM\u00c9RA SAUVAGE 18000<\/strong> est un dispositif de vapotage r\u00e9volutionnaire qui associe une technologie de pointe \u00e0 un design \u00e9l\u00e9gant inspir\u00e9 d'un appareil photo. Avec ses fonctions avanc\u00e9es, sa capacit\u00e9 de bouff\u00e9e \u00e9tendue et une vari\u00e9t\u00e9 de saveurs irr\u00e9sistibles, cet appareil est parfait pour les vapoteurs qui exigent du style et de la substance.<\/p><p>\u00a0<\/p><h3>Avantages de SAVAGE CAMERA 18000 Puffs<\/h3><p>\u2705 <strong>18 000 bouff\u00e9es<\/strong> - Profitez de sessions de longue dur\u00e9e sans interruption.<br \/>\u2705 <strong>Capacit\u00e9 de 28ml de E-Liquide<\/strong> - Capacit\u00e9 g\u00e9n\u00e9reuse pour un vapotage en toute tranquillit\u00e9.<br \/>\u2705 <strong>20mg \/ 50mg Options de sel de nicotine<\/strong> - Adaptez votre taux de nicotine \u00e0 vos pr\u00e9f\u00e9rences.<br \/>\u2705 <strong>Technologie de la bobine en maille<\/strong> - D\u00e9couvrez une saveur am\u00e9lior\u00e9e et une production de vapeur douce.<br \/>\u2705 <strong>\u00c9cran num\u00e9rique<\/strong> - Contr\u00f4lez votre utilisation avec facilit\u00e9 et pr\u00e9cision.<br \/>\u2705 <strong>Batterie rechargeable Type-C 650mAh<\/strong> - Chargement rapide pour des performances tout au long de la journ\u00e9e.<br \/>\u2705 <strong>Conception compacte (24 x 44 x 85 mm)<\/strong> - L\u00e9ger et portable pour une commodit\u00e9 optimale.<\/p><p>\u00a0<\/p><h3>Des options gustatives qui s\u00e9duisent<\/h3><p>\u2714 \ud83c\udf53\ud83c\udf4c <strong>Fraise Banane<\/strong> - Un m\u00e9lange cr\u00e9meux de fraises sucr\u00e9es et de bananes m\u00fbres.<br \/>\u2714 \ud83e\uded0\u2744\ufe0f <strong>Glace Razz Bleue<\/strong> - Une explosion de framboises bleues acidul\u00e9es avec une finale glac\u00e9e.<br \/>\u2714 \ud83d\udc09\u2744\ufe0f <strong>Glace du dragon noir<\/strong> - Fruit du dragon audacieux avec une pointe de givre.<br \/>\u2714 \ud83c\udf49\ud83c\udf6c <strong>Gomme \u00e0 m\u00e2cher \u00e0 la past\u00e8que<\/strong> - La past\u00e8que juteuse rencontre la douceur classique du chewing-gum.<br \/>\u2714 \ud83c\udf53\ud83e\udd5d <strong>Fraise Kiwi<\/strong> - Une fusion tropicale de fraises sucr\u00e9es et de kiwis acidul\u00e9s.<br \/>\u2714 \ud83c\udf53\ud83c\udf49 <strong>Fraise Past\u00e8que<\/strong> - Un duo juteux des fruits pr\u00e9f\u00e9r\u00e9s de l'\u00e9t\u00e9.<br \/>\u2714 \ud83c\udf53\ud83c\udf79 <strong>Jus de fraise<\/strong> - Du pur bonheur \u00e0 la fraise dans chaque bouff\u00e9e.<br \/>\u2714 \ud83c\udf4f\u2744\ufe0f <strong>Pomme acide Framboise<\/strong> - Un m\u00e9lange acidul\u00e9 et sucr\u00e9 de pomme verte et de framboise avec un rafra\u00eechissement.<br \/>\u2714 \ud83e\uded0\u2744\ufe0f <strong>Glace aux myrtilles<\/strong> - Des myrtilles sucr\u00e9es associ\u00e9es \u00e0 une fra\u00eecheur glac\u00e9e.<br \/>\u2714 \ud83c\udf4a\ud83e\udd64 <strong>Soda \u00e0 l&#039;orange<\/strong> - Saveur d'orange piquante avec une touche de soda p\u00e9tillant.<\/p><p>\u00a0<\/p><h3>Sp\u00e9cifications techniques<\/h3><p>\ud83d\udd0b <strong>Batterie :<\/strong> 650mAh (rechargeable via Type-C, charge rapide)<br \/>\ud83d\udca7 <strong>Capacit\u00e9 d'e-liquide :<\/strong> 28ml (pr\u00e9-rempli)<br \/>\u2699\ufe0f <strong>Bobine :<\/strong> Technologie Mesh Coil pour une meilleure saveur et une production de vapeur en douceur<br \/>\ud83d\udcf1 <strong>Affichage :<\/strong> \u00c9cran num\u00e9rique pour un contr\u00f4le facile de l'utilisation<br \/>\ud83d\udcd0 <strong>Dimensions :<\/strong> 24 x 44 x 85mm<br \/>\ud83d\udce6 <strong>Exp\u00e9dition rapide depuis l'entrep\u00f4t de l'UE :<\/strong> Livraison dans un d\u00e9lai de <em>3-5 jours<\/em>!<\/p><p>\u00a0<\/p><p>La SAVAGE CAMERA 18000 combine un design innovant, une technologie avanc\u00e9e et des saveurs audacieuses pour offrir une exp\u00e9rience de vapotage exceptionnelle. N'attendez pas - commandez maintenant et laissez chaque bouff\u00e9e raconter votre histoire !<\/p>\t\t\t\t\t\t\t\t<\/div>\n\t\t\t\t\t<\/div>\n\t\t\t\t<\/div>\n\t\t\t\t<\/div>","protected":false},"excerpt":{"rendered":"<p>Le <strong>CAM\u00c9RA SAUVAGE 18000<\/strong> est un dispositif de vapotage r\u00e9volutionnaire qui associe une technologie de pointe \u00e0 un design \u00e9l\u00e9gant inspir\u00e9 d'un appareil photo. Avec ses fonctions avanc\u00e9es, sa capacit\u00e9 de bouff\u00e9e \u00e9tendue et une vari\u00e9t\u00e9 de saveurs irr\u00e9sistibles, cet appareil est parfait pour les vapoteurs qui exigent du style et de la substance.<\/p>","protected":false},"featured_media":1171,"comment_status":"open","ping_status":"closed","template":"","meta":[],"product_brand":[230],"product_cat":[2267,237],"product_tag":[],"class_list":{"0":"post-1104","1":"product","2":"type-product","3":"status-publish","4":"has-post-thumbnail","6":"product_brand-savage-vape","7":"product_cat-savage-disposable-vapes","8":"product_cat-disposable-vapes","9":"pa_battery-capacity-650-mah","10":"pa_charging-type-usb-c","11":"pa_e-liquid-capacity-28ml","12":"pa_puff-count-approx-18000","14":"first","15":"instock","16":"shipping-taxable","17":"purchasable","18":"product-type-variable"},"_links":{"self":[{"href":"https:\/\/vapenex.com\/fr\/wp-json\/wp\/v2\/product\/1104","targetHints":{"allow":["GET"]}}],"collection":[{"href":"https:\/\/vapenex.com\/fr\/wp-json\/wp\/v2\/product"}],"about":[{"href":"https:\/\/vapenex.com\/fr\/wp-json\/wp\/v2\/types\/product"}],"replies":[{"embeddable":true,"href":"https:\/\/vapenex.com\/fr\/wp-json\/wp\/v2\/comments?post=1104"}],"version-history":[{"count":1,"href":"https:\/\/vapenex.com\/fr\/wp-json\/wp\/v2\/product\/1104\/revisions"}],"predecessor-version":[{"id":3679,"href":"https:\/\/vapenex.com\/fr\/wp-json\/wp\/v2\/product\/1104\/revisions\/3679"}],"wp:featuredmedia":[{"embeddable":true,"href":"https:\/\/vapenex.com\/fr\/wp-json\/wp\/v2\/media\/1171"}],"wp:attachment":[{"href":"https:\/\/vapenex.com\/fr\/wp-json\/wp\/v2\/media?parent=1104"}],"wp:term":[{"taxonomy":"product_brand","embeddable":true,"href":"https:\/\/vapenex.com\/fr\/wp-json\/wp\/v2\/product_brand?post=1104"},{"taxonomy":"product_cat","embeddable":true,"href":"https:\/\/vapenex.com\/fr\/wp-json\/wp\/v2\/product_cat?post=1104"},{"taxonomy":"product_tag","embeddable":true,"href":"https:\/\/vapenex.com\/fr\/wp-json\/wp\/v2\/product_tag?post=1104"}],"curies":[{"name":"wp","href":"https:\/\/api.w.org\/{rel}","templated":true}]}}