{"id":1222,"date":"2024-12-17T00:09:32","date_gmt":"2024-12-17T00:09:32","guid":{"rendered":"http:\/\/vapenex.com\/?post_type=product&#038;p=1222"},"modified":"2026-04-06T14:29:57","modified_gmt":"2026-04-06T14:29:57","slug":"savage-stars-jetable-vape-20000-puffs","status":"publish","type":"product","link":"https:\/\/vapenex.com\/fr\/savage-stars-disposable-vape-20000-puffs\/","title":{"rendered":"Savage Stars Vape Jetable 20000 Puffs"},"content":{"rendered":"<div data-elementor-type=\"product-post\" data-elementor-id=\"1222\" class=\"elementor elementor-1222\" data-elementor-post-type=\"product\">\n\t\t\t\t<div class=\"elementor-element elementor-element-1ebca356 e-flex e-con-boxed e-con e-parent\" data-id=\"1ebca356\" data-element_type=\"container\" data-e-type=\"container\" data-settings=\"{&quot;ekit_has_onepagescroll_dot&quot;:&quot;yes&quot;}\">\n\t\t\t\t\t<div class=\"e-con-inner\">\n\t\t\t\t<div class=\"elementor-element elementor-element-4deacb8b elementor-widget elementor-widget-text-editor\" data-id=\"4deacb8b\" data-element_type=\"widget\" data-e-type=\"widget\" data-settings=\"{&quot;ekit_we_effect_on&quot;:&quot;none&quot;}\" data-widget_type=\"text-editor.default\">\n\t\t\t\t\t\t\t\t\t<h2>SAVAGE STARS 20000 Puffs - Illuminez votre exp\u00e9rience de vapotage !<\/h2><h3>\u00a0<\/h3><h3>Un design \u00e9l\u00e9gant, des fonctions intelligentes et des saveurs inoubliables !<\/h3><p>Le <strong>SAVAGE STARS 20000 Puffs<\/strong> est un dispositif de vapotage de pointe qui associe une technologie avanc\u00e9e \u00e0 un design \u00e9l\u00e9gant. Avec son affichage plein \u00e9cran, son syst\u00e8me de bobines \u00e0 double maille et une large s\u00e9lection d'ar\u00f4mes audacieux, cet appareil est parfait pour les vapoteurs qui recherchent le style et la performance dans un seul et m\u00eame ensemble.<\/p><p>\u00a0<\/p><h3>Avantages de SAVAGE STARS 20000 Puffs<\/h3><p>\u2705 <strong>20 000 bouff\u00e9es<\/strong> - Con\u00e7u pour un plaisir durable, sans interruption.<br \/>\u2705 <strong>Capacit\u00e9 de 29ml de E-Liquide<\/strong> - Pr\u00e9-rempli pour une utilisation prolong\u00e9e.<br \/>\u2705 <strong>0\/20\/30\/50mg Nic Salt Options<\/strong> - Adaptez votre taux de nicotine \u00e0 vos pr\u00e9f\u00e9rences.<br \/>\u2705 <strong>Technologie Dual Mesh Coil<\/strong> - Saveur am\u00e9lior\u00e9e et production de vapeur douce.<br \/>\u2705 <strong>Minuterie de vapotage intelligente<\/strong> - Suivez vos sessions avec pr\u00e9cision.<br \/>\u2705 <strong>Affichage plein \u00e9cran<\/strong> - Design \u00e9l\u00e9gant et moderne pour un contr\u00f4le facile.<br \/>\u2705 <strong>Chargement rapide USB-C (45 minutes)<\/strong> - Une alimentation rapide et fiable d\u00e8s que vous en avez besoin.<br \/>\u2705 <strong>L\u00e9ger (100 g)<\/strong> - Portable et pratique pour le vapotage en d\u00e9placement.<\/p><p>\u00a0<\/p><h3>Des options gustatives qui s\u00e9duisent<\/h3><p>\u2714 \ud83c\udf47\u2744\ufe0f <strong>Glace au raisin<\/strong> - Raisins doux avec une finale rafra\u00eechissante.<br \/>\u2714 \ud83c\udf53\ud83c\udf49 <strong>Fraise Past\u00e8que<\/strong> - Un duo d'\u00e9t\u00e9 rafra\u00eechissant.<br \/>\u2714 \ud83e\udd64\ud83c\udf52 <strong>Cola cerise<\/strong> - Un cola classique avec une touche de cerise.<br \/>\u2714 \ud83c\udf4a\ud83e\udd6d <strong>Fruit de la passion Orange Goyave<\/strong> - Un m\u00e9lange de paradis tropical.<br \/>\u2714 \ud83e\uded0\u2744\ufe0f <strong>Glace aux myrtilles<\/strong> - Des myrtilles sucr\u00e9es avec une touche glac\u00e9e.<br \/>\u2714 \ud83c\udf51\ud83e\udd6d\ud83c\udf49 <strong>P\u00eache Mangue Past\u00e8que<\/strong> - Une sensation de triple fruit.<br \/>\u2714 \ud83c\udf49\u2744\ufe0f <strong>Glace \u00e0 la past\u00e8que<\/strong> - Melon d'eau juteux avec une finale givr\u00e9e.<br \/>\u2714 \ud83e\udd5d\ud83c\udf4d\ud83c\udf51 <strong>Kiwi Ananas P\u00eache<\/strong> - Un m\u00e9lange de fruits exotiques.<br \/>\u2714 \ud83e\uded0\u2744\ufe0f <strong>Glace Razz Bleue<\/strong> - Framboise bleue acidul\u00e9e avec une finale fra\u00eeche.<br \/>\u2714 \ud83c\udf4d\ud83d\udc09 <strong>Ananas Pitaya Pamplemousse<\/strong> - Une fusion audacieuse d'agrumes.<\/p><p>\u00a0<\/p><h3>Sp\u00e9cifications techniques<\/h3><p>\ud83d\udd0b <strong>Batterie :<\/strong> Rechargeable en USB-C (charge rapide de 45 minutes)<br \/>\ud83d\udca7 <strong>Capacit\u00e9 d'e-liquide :<\/strong> 29ml (pr\u00e9-rempli)<br \/>\u2699\ufe0f <strong>Bobine :<\/strong> Technologie Dual Mesh Coil pour une meilleure saveur et une meilleure production de vapeur<br \/>\ud83d\udcf1 <strong>Affichage :<\/strong> Affichage plein \u00e9cran avec minuterie de vapotage intelligente<br \/>\ud83d\udce6 <strong>Exp\u00e9dition rapide depuis l'entrep\u00f4t de l'UE :<\/strong> Livraison dans un d\u00e9lai de <em>3-5 jours<\/em>!<\/p><p>\u00a0<\/p><p>Le SAVAGE STARS 20000 est le choix ultime pour les vapoteurs qui veulent combiner une technologie de pointe, un design \u00e9l\u00e9gant et des saveurs all\u00e9chantes dans un seul appareil. Commandez le v\u00f4tre d\u00e8s aujourd'hui et brillez de mille feux \u00e0 chaque bouff\u00e9e !<\/p>\t\t\t\t\t\t\t\t<\/div>\n\t\t\t\t\t<\/div>\n\t\t\t\t<\/div>\n\t\t\t\t<\/div>","protected":false},"excerpt":{"rendered":"<p>Le <strong>SAVAGE STARS 20000 Puffs<\/strong> est con\u00e7u pour les vapoteurs qui recherchent la performance et le style. Avec son affichage plein \u00e9cran, sa technologie de bobine double et sa grande vari\u00e9t\u00e9 de saveurs, cet appareil est parfait pour ceux qui veulent \u00e9lever leur jeu de vapotage.<\/p>","protected":false},"featured_media":1268,"comment_status":"open","ping_status":"closed","template":"","meta":[],"product_brand":[230],"product_cat":[2267,237],"product_tag":[],"class_list":{"0":"post-1222","1":"product","2":"type-product","3":"status-publish","4":"has-post-thumbnail","6":"product_brand-savage-vape","7":"product_cat-savage-disposable-vapes","8":"product_cat-disposable-vapes","9":"pa_battery-capacity-650-mah","10":"pa_charging-type-fast-charging","11":"pa_charging-type-usb-c","12":"pa_e-liquid-capacity-29ml","13":"pa_puff-count-approx-20000","14":"pa_timer-smart-timer","16":"first","17":"instock","18":"shipping-taxable","19":"purchasable","20":"product-type-variable"},"_links":{"self":[{"href":"https:\/\/vapenex.com\/fr\/wp-json\/wp\/v2\/product\/1222","targetHints":{"allow":["GET"]}}],"collection":[{"href":"https:\/\/vapenex.com\/fr\/wp-json\/wp\/v2\/product"}],"about":[{"href":"https:\/\/vapenex.com\/fr\/wp-json\/wp\/v2\/types\/product"}],"replies":[{"embeddable":true,"href":"https:\/\/vapenex.com\/fr\/wp-json\/wp\/v2\/comments?post=1222"}],"version-history":[{"count":1,"href":"https:\/\/vapenex.com\/fr\/wp-json\/wp\/v2\/product\/1222\/revisions"}],"predecessor-version":[{"id":3678,"href":"https:\/\/vapenex.com\/fr\/wp-json\/wp\/v2\/product\/1222\/revisions\/3678"}],"wp:featuredmedia":[{"embeddable":true,"href":"https:\/\/vapenex.com\/fr\/wp-json\/wp\/v2\/media\/1268"}],"wp:attachment":[{"href":"https:\/\/vapenex.com\/fr\/wp-json\/wp\/v2\/media?parent=1222"}],"wp:term":[{"taxonomy":"product_brand","embeddable":true,"href":"https:\/\/vapenex.com\/fr\/wp-json\/wp\/v2\/product_brand?post=1222"},{"taxonomy":"product_cat","embeddable":true,"href":"https:\/\/vapenex.com\/fr\/wp-json\/wp\/v2\/product_cat?post=1222"},{"taxonomy":"product_tag","embeddable":true,"href":"https:\/\/vapenex.com\/fr\/wp-json\/wp\/v2\/product_tag?post=1222"}],"curies":[{"name":"wp","href":"https:\/\/api.w.org\/{rel}","templated":true}]}}