{"id":1282,"date":"2024-12-17T01:58:20","date_gmt":"2024-12-17T01:58:20","guid":{"rendered":"http:\/\/vapenex.com\/?post_type=product&#038;p=1282"},"modified":"2026-04-06T14:29:57","modified_gmt":"2026-04-06T14:29:57","slug":"savage-monster-jetable-vape-20000-puffs","status":"publish","type":"product","link":"https:\/\/vapenex.com\/fr\/savage-monster-disposable-vape-20000-puffs\/","title":{"rendered":"Savage Monster+ Vape Jetable 20000 Puffs"},"content":{"rendered":"<div data-elementor-type=\"product-post\" data-elementor-id=\"1282\" class=\"elementor elementor-1282\" data-elementor-post-type=\"product\">\n\t\t\t\t<div class=\"elementor-element elementor-element-51afa936 e-flex e-con-boxed e-con e-parent\" data-id=\"51afa936\" data-element_type=\"container\" data-e-type=\"container\" data-settings=\"{&quot;ekit_has_onepagescroll_dot&quot;:&quot;yes&quot;}\">\n\t\t\t\t\t<div class=\"e-con-inner\">\n\t\t\t\t<div class=\"elementor-element elementor-element-669269bd elementor-widget elementor-widget-text-editor\" data-id=\"669269bd\" data-element_type=\"widget\" data-e-type=\"widget\" data-settings=\"{&quot;ekit_we_effect_on&quot;:&quot;none&quot;}\" data-widget_type=\"text-editor.default\">\n\t\t\t\t\t\t\t\t\t<h2>SAVAGE MONSTER+ 20000 bouff\u00e9es - Con\u00e7u pour un usage audacieux !<\/h2><h3>\u00a0<\/h3><h3>Un design compact, de grandes performances et des saveurs irr\u00e9sistibles !<\/h3><p>Le <strong>MONSTRE SAUVAGE+ 20000 <strong>Puffs<\/strong><\/strong> est con\u00e7u pour offrir une exp\u00e9rience de vapotage sans faille gr\u00e2ce \u00e0 son design \u00e9l\u00e9gant, ses performances puissantes et sa vari\u00e9t\u00e9 d'ar\u00f4mes exceptionnelle. Parfait pour ceux qui appr\u00e9cient la commodit\u00e9 et le style, cet appareil offre tout ce dont vous avez besoin dans un ensemble compact.<\/p><h3>\u00a0<\/h3><h3>Qu'est-ce qui distingue SAVAGE MONSTER+ 20000 ?<\/h3><p>\u2705 <strong>20 000 bouff\u00e9es<\/strong> - Profitez d'une utilisation prolong\u00e9e sans interruption.<br \/>\u2705 <strong>Capacit\u00e9 de 20ml de E-Liquide<\/strong> - Pr\u00e9-rempli pour un vapotage sans souci.<br \/>\u2705 <strong>0\/20\/30\/50mg Nic Salt Options<\/strong> - Ajustez le taux de nicotine selon vos pr\u00e9f\u00e9rences.<br \/>\u2705 <strong>Syst\u00e8me de dosettes jetables et rempla\u00e7ables<\/strong> - Facile \u00e0 utiliser et \u00e0 entretenir.<br \/>\u2705 <strong>Batterie rechargeable 650mAh<\/strong> - Une alimentation fiable gr\u00e2ce \u00e0 la charge rapide de type C.<br \/>\u2705 <strong>L\u00e9ger (110 g)<\/strong> - Con\u00e7u pour la portabilit\u00e9 et le confort.<\/p><h3>\u00a0<\/h3><h3>Des options gustatives qui s\u00e9duisent<\/h3><p>\u2714 \ud83c\udf31\u2744\ufe0f <strong>Monnaie de Miami<\/strong> - Une explosion rafra\u00eechissante de menthe fra\u00eeche.<br \/>\u2714 \ud83e\uded0\ud83c\udf4b <strong>Limonade Blue Razz<\/strong> - La framboise bleue acidul\u00e9e rencontre la limonade piquante.<br \/>\u2714 \ud83c\udf4b\u2744\ufe0f <strong>Citron vert<\/strong> - Un duo d'agrumes compos\u00e9 de citron et de lime.<br \/>\u2714 \ud83c\udf49\u2744\ufe0f <strong>Glace \u00e0 la past\u00e8que<\/strong> - Melon d'eau juteux avec une finale givr\u00e9e.<br \/>\u2714 \ud83e\udd6d\u2744\ufe0f <strong>Glace \u00e0 la mangue<\/strong> - Une mangue sucr\u00e9e associ\u00e9e \u00e0 un froid glacial.<br \/>\u2714 \ud83c\udf66\ud83c\udf3f <strong>Vanicr\u00e8me Tabac<\/strong> - Cr\u00e8me de vanille onctueuse m\u00e9lang\u00e9e \u00e0 du tabac robuste.<br \/>\u2714 \ud83c\udf47\u2744\ufe0f <strong>Glace au raisin<\/strong> - Une saveur de raisin audacieuse avec un c\u00f4t\u00e9 glac\u00e9 et rafra\u00eechissant.<br \/>\u2714 \ud83d\udc09\ud83c\udf4c\ud83c\udf52 <strong>Fruit du dragon Banane Cerise<\/strong> - Un m\u00e9lange tropical de fruits exotiques.<br \/>\u2714 \ud83c\udf53\ud83c\udf52 <strong>Baies m\u00e9lang\u00e9es<\/strong> - Une explosion de baies sucr\u00e9es et acidul\u00e9es.<br \/>\u2714 \ud83e\udd64\ud83c\udf52 <strong>Cola cerise<\/strong> - Un cola classique infus\u00e9 de notes de cerises sucr\u00e9es.<\/p><h3>\u00a0<\/h3><h3>Sp\u00e9cifications techniques<\/h3><p>\ud83d\udd0b Batterie : 650mAh (rechargeable via Type-C)<br \/>\ud83d\udca7 Capacit\u00e9 en e-liquide : 20ml (pr\u00e9-rempli)<br \/>\u2699\ufe0f Syst\u00e8me de dosettes : Pods jetables et rempla\u00e7ables<br \/>\ud83d\udce6 <strong>Exp\u00e9dition rapide depuis l'entrep\u00f4t de l'UE :<\/strong> Livraison en seulement <em>3-5 jours<\/em>!<\/p><p>\u00a0<\/p><p>Le SAVAGE MONSTER+ 20000 est le choix parfait pour les vapoteurs qui recherchent la commodit\u00e9, le style et des performances exceptionnelles dans un seul appareil. Commandez maintenant et am\u00e9liorez votre exp\u00e9rience de vapotage d\u00e8s aujourd'hui !<\/p>\t\t\t\t\t\t\t\t<\/div>\n\t\t\t\t\t<\/div>\n\t\t\t\t<\/div>\n\t\t\t\t<\/div>","protected":false},"excerpt":{"rendered":"<p>Le <strong>MONSTRE SAUVAGE+ 20000<\/strong> est con\u00e7u pour offrir une exp\u00e9rience de vapotage sans faille gr\u00e2ce \u00e0 son design \u00e9l\u00e9gant, ses performances puissantes et sa vari\u00e9t\u00e9 d'ar\u00f4mes exceptionnelle. Parfait pour ceux qui appr\u00e9cient la commodit\u00e9 et le style, cet appareil offre tout ce dont vous avez besoin dans un ensemble compact.<\/p>","protected":false},"featured_media":1326,"comment_status":"open","ping_status":"closed","template":"","meta":[],"product_brand":[230],"product_cat":[2267,237],"product_tag":[],"class_list":{"0":"post-1282","1":"product","2":"type-product","3":"status-publish","4":"has-post-thumbnail","6":"product_brand-savage-vape","7":"product_cat-savage-disposable-vapes","8":"product_cat-disposable-vapes","9":"pa_battery-capacity-650-mah","10":"pa_charging-type-usb-c","11":"pa_e-liquid-capacity-20ml","12":"pa_puff-count-approx-20000","14":"first","15":"instock","16":"shipping-taxable","17":"purchasable","18":"product-type-variable"},"_links":{"self":[{"href":"https:\/\/vapenex.com\/fr\/wp-json\/wp\/v2\/product\/1282","targetHints":{"allow":["GET"]}}],"collection":[{"href":"https:\/\/vapenex.com\/fr\/wp-json\/wp\/v2\/product"}],"about":[{"href":"https:\/\/vapenex.com\/fr\/wp-json\/wp\/v2\/types\/product"}],"replies":[{"embeddable":true,"href":"https:\/\/vapenex.com\/fr\/wp-json\/wp\/v2\/comments?post=1282"}],"version-history":[{"count":1,"href":"https:\/\/vapenex.com\/fr\/wp-json\/wp\/v2\/product\/1282\/revisions"}],"predecessor-version":[{"id":3677,"href":"https:\/\/vapenex.com\/fr\/wp-json\/wp\/v2\/product\/1282\/revisions\/3677"}],"wp:featuredmedia":[{"embeddable":true,"href":"https:\/\/vapenex.com\/fr\/wp-json\/wp\/v2\/media\/1326"}],"wp:attachment":[{"href":"https:\/\/vapenex.com\/fr\/wp-json\/wp\/v2\/media?parent=1282"}],"wp:term":[{"taxonomy":"product_brand","embeddable":true,"href":"https:\/\/vapenex.com\/fr\/wp-json\/wp\/v2\/product_brand?post=1282"},{"taxonomy":"product_cat","embeddable":true,"href":"https:\/\/vapenex.com\/fr\/wp-json\/wp\/v2\/product_cat?post=1282"},{"taxonomy":"product_tag","embeddable":true,"href":"https:\/\/vapenex.com\/fr\/wp-json\/wp\/v2\/product_tag?post=1282"}],"curies":[{"name":"wp","href":"https:\/\/api.w.org\/{rel}","templated":true}]}}