{"id":1437,"date":"2024-12-17T19:09:10","date_gmt":"2024-12-17T19:09:10","guid":{"rendered":"http:\/\/vapenex.com\/?post_type=product&#038;p=1437"},"modified":"2026-04-06T14:29:57","modified_gmt":"2026-04-06T14:29:57","slug":"savage-s-power-disposable-vape-30000-puffs","status":"publish","type":"product","link":"https:\/\/vapenex.com\/fr\/savage-s-power-disposable-vape-30000-puffs\/","title":{"rendered":"Savage S Power Vape Jetable 30000 Puffs"},"content":{"rendered":"<div data-elementor-type=\"product-post\" data-elementor-id=\"1437\" class=\"elementor elementor-1437\" data-elementor-post-type=\"product\">\n\t\t\t\t<div class=\"elementor-element elementor-element-3ac0b305 e-flex e-con-boxed e-con e-parent\" data-id=\"3ac0b305\" data-element_type=\"container\" data-e-type=\"container\" data-settings=\"{&quot;ekit_has_onepagescroll_dot&quot;:&quot;yes&quot;}\">\n\t\t\t\t\t<div class=\"e-con-inner\">\n\t\t\t\t<div class=\"elementor-element elementor-element-79fcd3de elementor-widget elementor-widget-text-editor\" data-id=\"79fcd3de\" data-element_type=\"widget\" data-e-type=\"widget\" data-settings=\"{&quot;ekit_we_effect_on&quot;:&quot;none&quot;}\" data-widget_type=\"text-editor.default\">\n\t\t\t\t\t\t\t\t\t<h2>SAVAGE S POWER 30000 Puffs - La puissance rencontre la pr\u00e9cision !<\/h2><h3>\u00a0<\/h3><h3>Explosion d'ar\u00f4mes, fonctions avanc\u00e9es et performances imparables !<\/h3><p>Pr\u00e9parez-vous \u00e0 red\u00e9finir votre exp\u00e9rience de vapotage avec le <strong>SAVAGE S POWER 30000 Puffs<\/strong>. Cet appareil est con\u00e7u pour les vapoteurs qui exigent un \u00e9quilibre parfait entre le style, la puissance et l'innovation. Que vous soyez un connaisseur de saveurs ou un amateur de nuages, le SAVAGE S POWER 30000 est \u00e0 la hauteur sur tous les fronts.<\/p><h3>\u00a0<\/h3><h3>Qu'est-ce qui rend SAVAGE S POWER 30000 exceptionnel ?<\/h3><p>\u2705 <strong>30 000 bouff\u00e9es<\/strong> - Con\u00e7u pour une utilisation prolong\u00e9e sans compromis.<br \/>\u2705 <strong>Capacit\u00e9 de 29ml de E-Liquide<\/strong> - Pr\u00e9-rempli pour des sessions de vapotage ininterrompues.<br \/>\u2705 <strong>0\/20\/30\/50mg Nic Salt Options<\/strong> - Choisissez le taux de nicotine qui vous convient.<br \/>\u2705 <strong>Quatre modes de chauffage<\/strong> - Chaque bouff\u00e9e est adapt\u00e9e \u00e0 vos pr\u00e9f\u00e9rences.<br \/>\u2705 <strong>Technologie de la bobine en maille<\/strong> - D\u00e9bloquez des saveurs intenses et une production de vapeur douce.<br \/>\u2705 <strong>Flux d'air r\u00e9glable<\/strong> - Personnalisez votre inspiration pour un tirage parfait.<br \/>\u2705 <strong>Dispositif de verrouillage \u00e0 l'\u00e9preuve des enfants<\/strong> - S\u00e9curit\u00e9 et confort combin\u00e9s.<br \/>\u2705 <strong>120g Conception l\u00e9g\u00e8re<\/strong> - Portable et \u00e9l\u00e9gant pour une utilisation en d\u00e9placement.<\/p><h3>\u00a0<\/h3><h3>Des saveurs qui vous feront revenir<\/h3><p>\u2714 \ud83c\udf53\ud83e\udd6d <strong>Fraise Mangue<\/strong> - Une fusion tropicale de fraises sucr\u00e9es et de mangues m\u00fbres.<br \/>\u2714 \ud83c\udf49\u2744\ufe0f <strong>Glace \u00e0 la past\u00e8que<\/strong> - Une past\u00e8que juteuse avec un froid glacial.<br \/>\u2714 \ud83c\udf53\ud83e\udd5d <strong>Fraise Kiwi<\/strong> - Un duo acidul\u00e9 et sucr\u00e9 de fruits classiques.<br \/>\u2714 \ud83e\uded0\u2744\ufe0f <strong>Glace aux myrtilles<\/strong> - Myrtilles sucr\u00e9es avec une pointe glac\u00e9e.<br \/>\u2714 \ud83e\uded0\u2744\ufe0f <strong>Glace \u00e0 la framboise bleue<\/strong> - Une explosion de framboises bleues acidul\u00e9es avec une fra\u00eecheur rafra\u00eechissante.<br \/>\u2714 \ud83c\udf47\ud83c\udf38 <strong>Raisins Sakura<\/strong> - Un m\u00e9lange d\u00e9licat de sakura floral et de raisins juteux.<br \/>\u2714 \ud83c\udf52\ud83c\udf4e <strong>Cerise Grenade<\/strong> - Un m\u00e9lange audacieux de cerises sucr\u00e9es et de grenade acidul\u00e9e.<br \/>\u2714 \ud83c\udf53\ud83c\udf52 <strong>Baies m\u00e9lang\u00e9es<\/strong> - Un pot-pourri de baies d\u00e9bordant de saveur.<br \/>\u2714 \ud83e\udd64\u2744\ufe0f <strong>Glace au cola<\/strong> - Cola classique avec un fini givr\u00e9.<br \/>\u2714 \ud83c\udf53\ud83c\udf49 <strong>Fraise Past\u00e8que<\/strong> - Une combinaison juteuse des fruits pr\u00e9f\u00e9r\u00e9s de l'\u00e9t\u00e9.<\/p><p>\u00a0<\/p><h3>Sp\u00e9cifications techniques<\/h3><p>\ud83d\udd0b Batterie : 700mAh (rechargeable via Type-C)<br \/>\ud83d\udca7 Capacit\u00e9 en e-liquide : 29ml (pr\u00e9-rempli)<br \/>\u2699\ufe0f Coil : Bobine en maille pour des performances sup\u00e9rieures<br \/>\ud83c\udf2c\ufe0f Airflow : R\u00e9glable selon vos pr\u00e9f\u00e9rences<br \/>\ud83d\udce6 <strong>Exp\u00e9dition rapide depuis l'entrep\u00f4t de l'UE :<\/strong> Livraison en seulement <em>3-5 jours<\/em>!<\/p><p>\u00a0<\/p><p>Am\u00e9liorez votre jeu de vapotage avec le SAVAGE S POWER 30000 Puffs ! Dot\u00e9 de fonctions avanc\u00e9es et de saveurs irr\u00e9sistibles, cet appareil est con\u00e7u pour impressionner et \u00eatre performant \u00e0 tous les niveaux. N'attendez pas, commandez le v\u00f4tre d\u00e8s aujourd'hui et vivez une exp\u00e9rience de vapotage sans pr\u00e9c\u00e9dent !<\/p>\t\t\t\t\t\t\t\t<\/div>\n\t\t\t\t\t<\/div>\n\t\t\t\t<\/div>\n\t\t\t\t<\/div>","protected":false},"excerpt":{"rendered":"<p>Pr\u00e9parez-vous \u00e0 red\u00e9finir votre exp\u00e9rience de vapotage avec le <strong>SAVAGE S POWER 30000<\/strong>. Cet appareil est con\u00e7u pour les vapoteurs qui exigent un \u00e9quilibre parfait entre le style, la puissance et l'innovation. Que vous soyez un connaisseur de saveurs ou un amateur de nuages, le SAVAGE S POWER 30000 est \u00e0 la hauteur sur tous les fronts.<\/p>","protected":false},"featured_media":1439,"comment_status":"open","ping_status":"closed","template":"","meta":[],"product_brand":[230],"product_cat":[2267,237],"product_tag":[],"class_list":{"0":"post-1437","1":"product","2":"type-product","3":"status-publish","4":"has-post-thumbnail","6":"product_brand-savage-vape","7":"product_cat-savage-disposable-vapes","8":"product_cat-disposable-vapes","9":"pa_battery-capacity-650-mah","10":"pa_charging-type-usb-c","11":"pa_e-liquid-capacity-29ml","12":"pa_puff-count-approx-30000","14":"first","15":"instock","16":"shipping-taxable","17":"purchasable","18":"product-type-variable"},"_links":{"self":[{"href":"https:\/\/vapenex.com\/fr\/wp-json\/wp\/v2\/product\/1437","targetHints":{"allow":["GET"]}}],"collection":[{"href":"https:\/\/vapenex.com\/fr\/wp-json\/wp\/v2\/product"}],"about":[{"href":"https:\/\/vapenex.com\/fr\/wp-json\/wp\/v2\/types\/product"}],"replies":[{"embeddable":true,"href":"https:\/\/vapenex.com\/fr\/wp-json\/wp\/v2\/comments?post=1437"}],"version-history":[{"count":1,"href":"https:\/\/vapenex.com\/fr\/wp-json\/wp\/v2\/product\/1437\/revisions"}],"predecessor-version":[{"id":3675,"href":"https:\/\/vapenex.com\/fr\/wp-json\/wp\/v2\/product\/1437\/revisions\/3675"}],"wp:featuredmedia":[{"embeddable":true,"href":"https:\/\/vapenex.com\/fr\/wp-json\/wp\/v2\/media\/1439"}],"wp:attachment":[{"href":"https:\/\/vapenex.com\/fr\/wp-json\/wp\/v2\/media?parent=1437"}],"wp:term":[{"taxonomy":"product_brand","embeddable":true,"href":"https:\/\/vapenex.com\/fr\/wp-json\/wp\/v2\/product_brand?post=1437"},{"taxonomy":"product_cat","embeddable":true,"href":"https:\/\/vapenex.com\/fr\/wp-json\/wp\/v2\/product_cat?post=1437"},{"taxonomy":"product_tag","embeddable":true,"href":"https:\/\/vapenex.com\/fr\/wp-json\/wp\/v2\/product_tag?post=1437"}],"curies":[{"name":"wp","href":"https:\/\/api.w.org\/{rel}","templated":true}]}}