{"id":1491,"date":"2024-12-18T19:55:19","date_gmt":"2024-12-18T19:55:19","guid":{"rendered":"http:\/\/vapenex.com\/?post_type=product&#038;p=1491"},"modified":"2026-04-06T14:29:57","modified_gmt":"2026-04-06T14:29:57","slug":"savage-monster-z-jetable-vape-30000-puffs","status":"publish","type":"product","link":"https:\/\/vapenex.com\/fr\/savage-monster-z-disposable-vape-30000-puffs\/","title":{"rendered":"Savage Monster Z Vape Jetable 30000 Puffs"},"content":{"rendered":"<div data-elementor-type=\"product-post\" data-elementor-id=\"1491\" class=\"elementor elementor-1491\" data-elementor-post-type=\"product\">\n\t\t\t\t<div class=\"elementor-element elementor-element-542ba5c9 e-flex e-con-boxed e-con e-parent\" data-id=\"542ba5c9\" data-element_type=\"container\" data-e-type=\"container\" data-settings=\"{&quot;ekit_has_onepagescroll_dot&quot;:&quot;yes&quot;}\">\n\t\t\t\t\t<div class=\"e-con-inner\">\n\t\t\t\t<div class=\"elementor-element elementor-element-35acdedc elementor-widget elementor-widget-text-editor\" data-id=\"35acdedc\" data-element_type=\"widget\" data-e-type=\"widget\" data-settings=\"{&quot;ekit_we_effect_on&quot;:&quot;none&quot;}\" data-widget_type=\"text-editor.default\">\n\t\t\t\t\t\t\t\t\t<h2>SAVAGE MONSTER Z 30000 Puffs - Lib\u00e9rez la b\u00eate qui sommeille en vous !<\/h2><h3>\u00a0<\/h3><h3>Des performances puissantes, des ar\u00f4mes audacieux et un design d'avant-garde !<\/h3><p>Le <strong>SAVAGE MONSTER Z 30000 Puffs<\/strong> n'est pas seulement une vape, c'est une d\u00e9claration. Con\u00e7u pour ceux qui exigent le meilleur, cet appareil offre des nuages massifs, des saveurs intenses et des fonctionnalit\u00e9s sup\u00e9rieures. Que vous soyez un amateur de saveurs ou un chasseur de nuages, cette centrale est con\u00e7ue pour vous satisfaire.<\/p><p>\u00a0<\/p><h3>Pourquoi choisir SAVAGE MONSTER Z 30000 ?<\/h3><p>\u2705 <strong>30 000 bouff\u00e9es<\/strong> - Con\u00e7u pour durer et pour un plaisir ininterrompu.<br \/>\u2705 <strong>Capacit\u00e9 de 30ml de E-Liquide<\/strong> - Pr\u00e9-rempli pour des sessions de vapotage prolong\u00e9es.<br \/>\u2705 <strong>0\/20\/30\/50mg Nic Salt Options<\/strong> - Adaptez votre taux de nicotine \u00e0 vos besoins.<br \/>\u2705 <strong>Quatre modes d'alimentation<\/strong> - Personnalisez votre exp\u00e9rience de vapotage en toute simplicit\u00e9.<br \/>\u2705 <strong>Technologie Dual Mesh Coil<\/strong> - Saveur am\u00e9lior\u00e9e et production de vapeur dense.<br \/>\u2705 <strong>Flux d'air r\u00e9glable<\/strong> - Contr\u00f4lez parfaitement votre inspiration pour des tirages en douceur.<br \/>\u2705 <strong>Batterie rechargeable Type-C 700mAh<\/strong> - Alimentation fiable avec charge rapide pour une utilisation tout au long de la journ\u00e9e.<br \/>\u2705 <strong>L\u00e9ger (120 g)<\/strong> - Portable et facile \u00e0 transporter o\u00f9 que vous alliez.<\/p><p>\u00a0<\/p><h3>Des saveurs qui \u00e9veillent les sens<\/h3><p>\u2714 \ud83c\udf51\u2744\ufe0f <strong>Glace \u00e0 la p\u00eache<\/strong> - P\u00eache douce avec une finale givr\u00e9e.<br \/>\u2714 \ud83c\udf4b\ud83d\udc9a <strong>Romance au citron vert<\/strong> - Une explosion d'agrumes acidul\u00e9s avec une touche de fra\u00eecheur.<br \/>\u2714 \ud83c\udf31\u2744\ufe0f <strong>Menthe fra\u00eeche<\/strong> - Fra\u00eecheur menthol\u00e9e fra\u00eeche et vivifiante.<br \/>\u2714 \ud83c\udf53\ud83c\udf4c <strong>Fraise Banane<\/strong> - Un m\u00e9lange cr\u00e9meux de fraises sucr\u00e9es et de bananes m\u00fbres.<br \/>\u2714 \ud83e\uded0\u2744\ufe0f <strong>Glace bleue Raz<\/strong> - Une explosion de framboises bleues acidul\u00e9es avec une pointe glac\u00e9e.<br \/>\u2714 \ud83c\udf53\ud83e\udd6d <strong>Fraise Mangue<\/strong> - Une fusion tropicale de fraises juteuses et de mangues m\u00fbres.<br \/>\u2714 \ud83c\udf49\ud83c\udf6c <strong>Past\u00e8que juteuse<\/strong> - Melon d'eau rafra\u00eechissant avec un soup\u00e7on de douceur.<br \/>\u2714 \ud83c\udf53\ud83c\udf49 <strong>Fraise Past\u00e8que<\/strong> - Une combinaison classique des fruits pr\u00e9f\u00e9r\u00e9s de l'\u00e9t\u00e9.<br \/>\u2714 \ud83e\uded0\u2744\ufe0f <strong>Glace \u00e0 la framboise bleue<\/strong> - Une saveur de baies audacieuse avec un froid glacial.<br \/>\u2714 \ud83c\udf51\ud83c\udf49\u2744\ufe0f <strong>Past\u00e8que et p\u00eache acidul\u00e9e<\/strong> - Un m\u00e9lange acidul\u00e9 et sucr\u00e9 avec une finale rafra\u00eechissante.<\/p><p>\u00a0<\/p><h3>Sp\u00e9cifications techniques<\/h3><p>\ud83d\udd0b Batterie : 700mAh (rechargeable via Type-C)<br \/>\ud83d\udca7 Capacit\u00e9 en e-liquide : 30ml (pr\u00e9-rempli)<br \/>\u2699\ufe0f Coil : Dual Mesh Coil pour des performances sup\u00e9rieures<br \/>\ud83c\udf2c\ufe0f Airflow : R\u00e9glable selon vos pr\u00e9f\u00e9rences<br \/>\ud83d\udce6 <strong>Exp\u00e9dition rapide depuis l'entrep\u00f4t de l'UE :<\/strong> Livraison en seulement <em>3-5 jours<\/em>!<\/p><p>\u00a0<\/p><p>Pr\u00eat \u00e0 passer \u00e0 la vitesse sup\u00e9rieure ? Les <strong>SAVAGE MONSTER Z 30000 Puffs<\/strong> combine style, performance et vari\u00e9t\u00e9 de saveurs comme aucun autre appareil sur le march\u00e9. N'attendez pas, commandez le v\u00f4tre d\u00e8s aujourd'hui et lib\u00e9rez la b\u00eate qui sommeille en vous !<\/p>\t\t\t\t\t\t\t\t<\/div>\n\t\t\t\t\t<\/div>\n\t\t\t\t<\/div>\n\t\t\t\t<\/div>","protected":false},"excerpt":{"rendered":"<p>Le <strong>SAVAGE MONSTER Z 30000<\/strong> n'est pas seulement une vape, c'est une d\u00e9claration. Con\u00e7u pour ceux qui exigent le meilleur, cet appareil offre des nuages massifs, des saveurs intenses et des fonctionnalit\u00e9s sup\u00e9rieures. Que vous soyez un amateur de saveurs ou un chasseur de nuages, cette centrale est con\u00e7ue pour vous satisfaire.<\/p>","protected":false},"featured_media":1503,"comment_status":"open","ping_status":"closed","template":"","meta":[],"product_brand":[230],"product_cat":[2267,237],"product_tag":[],"class_list":{"0":"post-1491","1":"product","2":"type-product","3":"status-publish","4":"has-post-thumbnail","6":"product_brand-savage-vape","7":"product_cat-savage-disposable-vapes","8":"product_cat-disposable-vapes","9":"pa_battery-capacity-700-mah","10":"pa_charging-type-usb-c","11":"pa_e-liquid-capacity-30ml","12":"pa_power-modes-eco","13":"pa_power-modes-max","14":"pa_power-modes-plus","15":"pa_power-modes-pro","16":"pa_puff-count-approx-30000","18":"first","19":"instock","20":"shipping-taxable","21":"purchasable","22":"product-type-variable"},"_links":{"self":[{"href":"https:\/\/vapenex.com\/fr\/wp-json\/wp\/v2\/product\/1491","targetHints":{"allow":["GET"]}}],"collection":[{"href":"https:\/\/vapenex.com\/fr\/wp-json\/wp\/v2\/product"}],"about":[{"href":"https:\/\/vapenex.com\/fr\/wp-json\/wp\/v2\/types\/product"}],"replies":[{"embeddable":true,"href":"https:\/\/vapenex.com\/fr\/wp-json\/wp\/v2\/comments?post=1491"}],"version-history":[{"count":1,"href":"https:\/\/vapenex.com\/fr\/wp-json\/wp\/v2\/product\/1491\/revisions"}],"predecessor-version":[{"id":3674,"href":"https:\/\/vapenex.com\/fr\/wp-json\/wp\/v2\/product\/1491\/revisions\/3674"}],"wp:featuredmedia":[{"embeddable":true,"href":"https:\/\/vapenex.com\/fr\/wp-json\/wp\/v2\/media\/1503"}],"wp:attachment":[{"href":"https:\/\/vapenex.com\/fr\/wp-json\/wp\/v2\/media?parent=1491"}],"wp:term":[{"taxonomy":"product_brand","embeddable":true,"href":"https:\/\/vapenex.com\/fr\/wp-json\/wp\/v2\/product_brand?post=1491"},{"taxonomy":"product_cat","embeddable":true,"href":"https:\/\/vapenex.com\/fr\/wp-json\/wp\/v2\/product_cat?post=1491"},{"taxonomy":"product_tag","embeddable":true,"href":"https:\/\/vapenex.com\/fr\/wp-json\/wp\/v2\/product_tag?post=1491"}],"curies":[{"name":"wp","href":"https:\/\/api.w.org\/{rel}","templated":true}]}}