{"id":1545,"date":"2024-12-18T21:13:11","date_gmt":"2024-12-18T21:13:11","guid":{"rendered":"http:\/\/vapenex.com\/?post_type=product&#038;p=1545"},"modified":"2026-04-06T14:29:56","modified_gmt":"2026-04-06T14:29:56","slug":"savage-vape-fort-shisha-jetable-vape-45000-bouffees","status":"publish","type":"product","link":"https:\/\/vapenex.com\/fr\/savage-vape-fort-shisha-disposable-vape-45000-puffs\/","title":{"rendered":"Savage Vape Fort Shisha Vape Jetable 45000 Puffs"},"content":{"rendered":"<div data-elementor-type=\"product-post\" data-elementor-id=\"1545\" class=\"elementor elementor-1545\" data-elementor-post-type=\"product\">\n\t\t\t\t<div class=\"elementor-element elementor-element-5ebcf080 e-flex e-con-boxed e-con e-parent\" data-id=\"5ebcf080\" data-element_type=\"container\" data-e-type=\"container\" data-settings=\"{&quot;ekit_has_onepagescroll_dot&quot;:&quot;yes&quot;}\">\n\t\t\t\t\t<div class=\"e-con-inner\">\n\t\t\t\t<div class=\"elementor-element elementor-element-29f93ab6 elementor-widget elementor-widget-text-editor\" data-id=\"29f93ab6\" data-element_type=\"widget\" data-e-type=\"widget\" data-settings=\"{&quot;ekit_we_effect_on&quot;:&quot;none&quot;}\" data-widget_type=\"text-editor.default\">\n\t\t\t\t\t\t\t\t\t<h2>FORT SHISHA 45000 - Puissance, saveur et style \u00e0 chaque bouff\u00e9e !<\/h2><h3>\u00a0<\/h3><h3>Lib\u00e9rez la b\u00eate - Gros nuages, ar\u00f4mes audacieux et performances imparables !<\/h3><p>Entrez dans l'avenir du vapotage avec le <strong>FORT SHISHA 45000<\/strong>. Con\u00e7u pour ceux qui exigent l'excellence, cet appareil associe une technologie de pointe \u00e0 un design exotique qui se d\u00e9marque. Que vous soyez \u00e0 la recherche de nuages massifs ou que vous vous laissiez tenter par de riches saveurs, le FORT SHISHA 45000 est votre compagnon ultime.<\/p><p>\u00a0<\/p><h3>Pourquoi choisir FORT SHISHA 45000 ?<\/h3><p>\u2705 <strong>45 000 bouff\u00e9es<\/strong> - Construit pour durer, pour un plaisir sans fin.<br \/>\u2705 <strong>Capacit\u00e9 de 30ml de E-Liquide<\/strong> - Pr\u00e9-rempli pour des sessions de vapotage prolong\u00e9es.<br \/>\u2705 <strong>3 mg de nicotine<\/strong> - Une nicotine douce et satisfaisante.<br \/>\u2705 <strong>Technologie de la bobine en maille<\/strong> - D\u00e9bloque des saveurs intenses et des nuages denses.<br \/>\u2705 <strong>Flux d'air r\u00e9glable<\/strong> - Adaptez votre inspiration \u00e0 la perfection.<br \/>\u2705 <strong>Batterie rechargeable 650mAh<\/strong> - Une alimentation fiable gr\u00e2ce \u00e0 la charge rapide de type C.<br \/>\u2705 <strong>150g Conception l\u00e9g\u00e8re<\/strong> - Portable et \u00e9l\u00e9gant pour une utilisation en d\u00e9placement.<\/p><p>\u00a0<\/p><h3>Des saveurs qui excitent les sens<\/h3><p>\u2714 \u26a1Red Bull - \u00c9nergisez vos papilles avec cette saveur embl\u00e9matique.<br \/>\u2714 \ud83c\udf53\ud83c\udf52 <strong>Baies m\u00e9lang\u00e9es<\/strong> - Une explosion sucr\u00e9e et acidul\u00e9e de baies.<br \/>\u2714 \ud83e\udd64\u2744\ufe0f <strong>Glace au cola<\/strong> - Cola classique avec un fini givr\u00e9.<br \/>\u2714 \ud83c\udf53\u2744\ufe0f <strong>Glace \u00e0 la fraise<\/strong> - Des fraises juteuses avec une touche glac\u00e9e.<br \/>\u2714 \ud83e\uded0\u2744\ufe0f <strong>Glace Razz Bleue<\/strong> - Une explosion de framboises bleues acidul\u00e9es avec une pointe de fra\u00eecheur.<br \/>\u2714 \ud83e\uded0\u2744\ufe0f <strong>Glace aux myrtilles<\/strong> - Des myrtilles sucr\u00e9es associ\u00e9es \u00e0 un rafra\u00eechissement.<br \/>\u2714 \ud83c\udf49\u2744\ufe0f <strong>Glace \u00e0 la past\u00e8que<\/strong> - La past\u00e8que juteuse rencontre la fra\u00eecheur glac\u00e9e.<br \/>\u2714 \ud83c\udf51\ud83c\udf49 <strong>Mangue P\u00eache Past\u00e8que<\/strong> - Un m\u00e9lange de fruits tropicaux qui fait mouche.<br \/>\u2714 \ud83c\udf47\u2744\ufe0f <strong>Glace au raisin<\/strong> - Une saveur de raisin audacieuse avec un coup de fouet glac\u00e9.<br \/>\u2714 \ud83c\udf53\ud83c\udf49 <strong>Fraise Past\u00e8que<\/strong> - Une combinaison classique des meilleurs fruits de l'\u00e9t\u00e9.<\/p><p>\u00a0<\/p><h3>Sp\u00e9cifications techniques<\/h3><p>\ud83d\udd0b Batterie : 650mAh (rechargeable)<br \/>\ud83d\udca7 Capacit\u00e9 en e-liquide : 30ml (pr\u00e9-rempli)<br \/>\u2699\ufe0f Coil : Bobine en maille pour des performances sup\u00e9rieures<br \/>\ud83c\udf2c\ufe0f Airflow : R\u00e9glable pour des tirages personnalis\u00e9s<br \/>\ud83d\udce6 <strong>Exp\u00e9dition rapide depuis l'entrep\u00f4t de l'UE :<\/strong> Livraison dans un d\u00e9lai de <em>3-5 jours<\/em>!<\/p><p>\u00a0<\/p><p>D\u00e9couvrez l'\u00e9quilibre parfait entre puissance et \u00e9l\u00e9gance avec le FORT SHISHA 45000 ! Que vous soyez un chasseur de nuages ou un amateur d'ar\u00f4mes, cet appareil est con\u00e7u pour impressionner et performer. N'attendez pas, prenez le v\u00f4tre d\u00e8s aujourd'hui et rendez chaque bouff\u00e9e extraordinaire !<\/p>\t\t\t\t\t\t\t\t<\/div>\n\t\t\t\t\t<\/div>\n\t\t\t\t<\/div>\n\t\t\t\t<\/div>","protected":false},"excerpt":{"rendered":"<p>Entrez dans l'avenir du vapotage avec le <strong>FORT SHISHA 45000<\/strong>. Con\u00e7u pour ceux qui exigent l'excellence, cet appareil associe une technologie de pointe \u00e0 un design exotique qui se d\u00e9marque. Que vous soyez \u00e0 la recherche de nuages massifs ou que vous vous laissiez tenter par de riches saveurs, le FORT SHISHA 45000 est votre compagnon ultime.<\/p>","protected":false},"featured_media":1547,"comment_status":"open","ping_status":"closed","template":"","meta":[],"product_brand":[230],"product_cat":[2267,237],"product_tag":[],"class_list":{"0":"post-1545","1":"product","2":"type-product","3":"status-publish","4":"has-post-thumbnail","6":"product_brand-savage-vape","7":"product_cat-savage-disposable-vapes","8":"product_cat-disposable-vapes","9":"pa_battery-capacity-650-mah","10":"pa_charging-type-usb-c","11":"pa_e-liquid-capacity-30ml","12":"pa_puff-count-approx-45000","14":"first","15":"instock","16":"shipping-taxable","17":"purchasable","18":"product-type-variable"},"_links":{"self":[{"href":"https:\/\/vapenex.com\/fr\/wp-json\/wp\/v2\/product\/1545","targetHints":{"allow":["GET"]}}],"collection":[{"href":"https:\/\/vapenex.com\/fr\/wp-json\/wp\/v2\/product"}],"about":[{"href":"https:\/\/vapenex.com\/fr\/wp-json\/wp\/v2\/types\/product"}],"replies":[{"embeddable":true,"href":"https:\/\/vapenex.com\/fr\/wp-json\/wp\/v2\/comments?post=1545"}],"version-history":[{"count":1,"href":"https:\/\/vapenex.com\/fr\/wp-json\/wp\/v2\/product\/1545\/revisions"}],"predecessor-version":[{"id":3673,"href":"https:\/\/vapenex.com\/fr\/wp-json\/wp\/v2\/product\/1545\/revisions\/3673"}],"wp:featuredmedia":[{"embeddable":true,"href":"https:\/\/vapenex.com\/fr\/wp-json\/wp\/v2\/media\/1547"}],"wp:attachment":[{"href":"https:\/\/vapenex.com\/fr\/wp-json\/wp\/v2\/media?parent=1545"}],"wp:term":[{"taxonomy":"product_brand","embeddable":true,"href":"https:\/\/vapenex.com\/fr\/wp-json\/wp\/v2\/product_brand?post=1545"},{"taxonomy":"product_cat","embeddable":true,"href":"https:\/\/vapenex.com\/fr\/wp-json\/wp\/v2\/product_cat?post=1545"},{"taxonomy":"product_tag","embeddable":true,"href":"https:\/\/vapenex.com\/fr\/wp-json\/wp\/v2\/product_tag?post=1545"}],"curies":[{"name":"wp","href":"https:\/\/api.w.org\/{rel}","templated":true}]}}