{"id":206,"date":"2024-12-03T21:30:48","date_gmt":"2024-12-03T21:30:48","guid":{"rendered":"http:\/\/vapenex.com\/?post_type=product&#038;p=206"},"modified":"2026-04-06T14:29:57","modified_gmt":"2026-04-06T14:29:57","slug":"savage-crystal-600-jetable-vape","status":"publish","type":"product","link":"https:\/\/vapenex.com\/fr\/savage-crystal-600-disposable-vape\/","title":{"rendered":"Savage Crystal Vape Jetable 600 Puffs"},"content":{"rendered":"<div data-elementor-type=\"product-post\" data-elementor-id=\"206\" class=\"elementor elementor-206\" data-elementor-post-type=\"product\">\n\t\t\t\t<div class=\"elementor-element elementor-element-30650af6 e-flex e-con-boxed e-con e-parent\" data-id=\"30650af6\" data-element_type=\"container\" data-e-type=\"container\" data-settings=\"{&quot;ekit_has_onepagescroll_dot&quot;:&quot;yes&quot;}\">\n\t\t\t\t\t<div class=\"e-con-inner\">\n\t\t\t\t<div class=\"elementor-element elementor-element-4fa516a6 elementor-widget elementor-widget-text-editor\" data-id=\"4fa516a6\" data-element_type=\"widget\" data-e-type=\"widget\" data-settings=\"{&quot;ekit_we_effect_on&quot;:&quot;none&quot;}\" data-widget_type=\"text-editor.default\">\n\t\t\t\t\t\t\t\t\t<h3>SAVAGE CRYSTAL 600 Puffs - Compact, \u00e9l\u00e9gant et rafra\u00eechissant !<\/h3><h4>\u00a0<\/h4><h4>La vaporisation de poche parfaite pour les amateurs d'ar\u00f4mes !<\/h4><p>Le <strong>SAVAGE CRYSTAL 600 Puffs<\/strong> est l'appareil de vapotage compact par excellence, con\u00e7u pour ceux qui appr\u00e9cient la commodit\u00e9 et le style sans faire de compromis sur les performances. Avec son design \u00e9l\u00e9gant, sa capacit\u00e9 de bouff\u00e9e satisfaisante et une vari\u00e9t\u00e9 de saveurs audacieuses, cet appareil est parfait pour les d\u00e9butants comme pour les vapoteurs chevronn\u00e9s.<\/p><p>\u00a0<\/p><h3>Pourquoi choisir SAVAGE CRYSTAL 600 Puffs ?<\/h3><p>\u2705 <strong>600 Puffs<\/strong> - Id\u00e9al pour des sessions de vapotage rapides et satisfaisantes.<br \/>\u2705 <strong>Capacit\u00e9 de 2ml de E-Liquide<\/strong> - Pr\u00e9-rempli pour une utilisation sans probl\u00e8me.<br \/>\u2705 <strong>20mg Nic Salt Strength<\/strong> - La nicotine est d\u00e9livr\u00e9e de mani\u00e8re douce et satisfaisante.<br \/>\u2705 <strong>Technologie de la bobine en maille<\/strong> - Saveur am\u00e9lior\u00e9e et production de vapeur douce.<br \/>\u2705 <strong>Batterie int\u00e9gr\u00e9e de 550mAh<\/strong> - Une alimentation fiable pour tenir toute la journ\u00e9e.<br \/>\u2705 <strong>L\u00e9ger (34 g)<\/strong> - Ultra-portable et facile \u00e0 transporter partout.<\/p><p>\u00a0<\/p><h3>Des options gustatives qui s\u00e9duisent<\/h3><p>\u2714 \ud83c\udf4e\ud83c\udf51 <strong>Pomme P\u00eache<\/strong> - Un m\u00e9lange doux et juteux de pommes croquantes et de p\u00eaches m\u00fbres.<br \/>\u2714 \ud83c\udf4d\ud83c\udf51\ud83e\udd6d <strong>Ananas P\u00eache Mangue<\/strong> - Un trio tropical d\u00e9bordant de bonnes choses fruit\u00e9es.<br \/>\u2714 \ud83c\udf31\u2744\ufe0f <strong>Menthe verte<\/strong> - Une explosion de fra\u00eecheur menthol\u00e9e.<br \/>\u2714 \ud83c\udf49\ud83c\udf6c\u2744\ufe0f <strong>Glace au chewing-gum et \u00e0 la past\u00e8que<\/strong> - Past\u00e8que juteuse avec une touche givr\u00e9e de bubblegum.<br \/>\u2714 \ud83c\udf4c\u2744\ufe0f <strong>Glace \u00e0 la banane<\/strong> - Une banane cr\u00e9meuse associ\u00e9e \u00e0 une fra\u00eecheur rafra\u00eechissante.<br \/>\u2714 \ud83e\uded0\ud83c\udf52 <strong>Myrtille Canneberge Cerise<\/strong> - Un m\u00e9lange audacieux de baies sucr\u00e9es et acidul\u00e9es.<br \/>\u2714 \ud83c\udf4a <strong>Pamplemousse rose<\/strong> - Pamplemousse piquant avec une touche acidul\u00e9e et sucr\u00e9e.<br \/>\u2714 \ud83d\udfe9\ud83d\udc3b <strong>Ours en g\u00e9latine vert<\/strong> - Une explosion ludique de douceur inspir\u00e9e des bonbons.<br \/>\u2714 \ud83c\udf34\u2744\ufe0f <strong>Glace au litchi<\/strong> - Litchi exotique associ\u00e9 \u00e0 une finale glac\u00e9e.<\/p><p>\u00a0<\/p><h3>Sp\u00e9cifications techniques<\/h3><p><br \/>\ud83d\udd0b <strong>Batterie :<\/strong> 550mAh int\u00e9gr\u00e9 pour une performance fiable<br \/>\ud83d\udca7 <strong>Capacit\u00e9 d'e-liquide :<\/strong> 2ml (pr\u00e9-rempli)<br \/>\u2699\ufe0f <strong>Bobine :<\/strong> Technologie Mesh Coil pour une meilleure saveur et une meilleure production de vapeur<br \/>\u2696\ufe0f <strong>Poids :<\/strong> 34g<br \/>\ud83d\udce6 <strong>Exp\u00e9dition rapide depuis l'entrep\u00f4t de l'UE :<\/strong> Livraison dans un d\u00e9lai de <em>3-5 jours<\/em>!<\/p><p>\u00a0<\/p><p>Le SAVAGE CRYSTAL 600 Puffs combine portabilit\u00e9, style et saveurs audacieuses dans un ensemble \u00e9l\u00e9gant. Parfait pour le vapotage en d\u00e9placement ou comme compagnon de tous les jours, cet appareil est un must pour tout amateur de vapotage. Commandez le v\u00f4tre d\u00e8s aujourd'hui et profitez d'une bouff\u00e9e parfaite \u00e0 chaque fois !<\/p>\t\t\t\t\t\t\t\t<\/div>\n\t\t\t\t\t<\/div>\n\t\t\t\t<\/div>\n\t\t\t\t<\/div>","protected":false},"excerpt":{"rendered":"<p><em>La vaporisation de poche parfaite pour les amateurs d'ar\u00f4mes !<\/em><br \/>Le <strong>SAVAGE CRYSTAL 600 Puffs<\/strong> est l'appareil de vapotage compact par excellence, con\u00e7u pour ceux qui appr\u00e9cient la commodit\u00e9 et le style sans faire de compromis sur les performances. Avec son design \u00e9l\u00e9gant, sa capacit\u00e9 de bouff\u00e9e satisfaisante et une vari\u00e9t\u00e9 de saveurs audacieuses, cet appareil est parfait pour les d\u00e9butants comme pour les vapoteurs chevronn\u00e9s.<\/p>","protected":false},"featured_media":3112,"comment_status":"open","ping_status":"closed","template":"","meta":[],"product_brand":[230],"product_cat":[2267,237],"product_tag":[],"class_list":{"0":"post-206","1":"product","2":"type-product","3":"status-publish","4":"has-post-thumbnail","6":"product_brand-savage-vape","7":"product_cat-savage-disposable-vapes","8":"product_cat-disposable-vapes","9":"pa_battery-capacity-500-mah","10":"pa_e-liquid-capacity-2ml","11":"pa_puff-count-approx-600","13":"first","14":"instock","15":"shipping-taxable","16":"purchasable","17":"product-type-variable"},"_links":{"self":[{"href":"https:\/\/vapenex.com\/fr\/wp-json\/wp\/v2\/product\/206","targetHints":{"allow":["GET"]}}],"collection":[{"href":"https:\/\/vapenex.com\/fr\/wp-json\/wp\/v2\/product"}],"about":[{"href":"https:\/\/vapenex.com\/fr\/wp-json\/wp\/v2\/types\/product"}],"replies":[{"embeddable":true,"href":"https:\/\/vapenex.com\/fr\/wp-json\/wp\/v2\/comments?post=206"}],"version-history":[{"count":1,"href":"https:\/\/vapenex.com\/fr\/wp-json\/wp\/v2\/product\/206\/revisions"}],"predecessor-version":[{"id":3683,"href":"https:\/\/vapenex.com\/fr\/wp-json\/wp\/v2\/product\/206\/revisions\/3683"}],"wp:featuredmedia":[{"embeddable":true,"href":"https:\/\/vapenex.com\/fr\/wp-json\/wp\/v2\/media\/3112"}],"wp:attachment":[{"href":"https:\/\/vapenex.com\/fr\/wp-json\/wp\/v2\/media?parent=206"}],"wp:term":[{"taxonomy":"product_brand","embeddable":true,"href":"https:\/\/vapenex.com\/fr\/wp-json\/wp\/v2\/product_brand?post=206"},{"taxonomy":"product_cat","embeddable":true,"href":"https:\/\/vapenex.com\/fr\/wp-json\/wp\/v2\/product_cat?post=206"},{"taxonomy":"product_tag","embeddable":true,"href":"https:\/\/vapenex.com\/fr\/wp-json\/wp\/v2\/product_tag?post=206"}],"curies":[{"name":"wp","href":"https:\/\/api.w.org\/{rel}","templated":true}]}}