{"id":2273,"date":"2024-12-23T22:21:55","date_gmt":"2024-12-23T22:21:55","guid":{"rendered":"http:\/\/vapenex.com\/?post_type=product&#038;p=2273"},"modified":"2026-04-06T14:29:56","modified_gmt":"2026-04-06T14:29:56","slug":"savage-nana-snap-jetable-vape-replaceable-pod-20000-puffs","status":"publish","type":"product","link":"https:\/\/vapenex.com\/fr\/savage-nana-snap-disposable-vape-replaceable-pod-20000-puffs\/","title":{"rendered":"Savage Nanasnap Vape Jetable Pod Rempla\u00e7able 20000 Puffs"},"content":{"rendered":"<div data-elementor-type=\"product-post\" data-elementor-id=\"2273\" class=\"elementor elementor-2273\" data-elementor-post-type=\"product\">\n\t\t\t\t<div class=\"elementor-element elementor-element-27bf783d e-flex e-con-boxed e-con e-parent\" data-id=\"27bf783d\" data-element_type=\"container\" data-e-type=\"container\" data-settings=\"{&quot;ekit_has_onepagescroll_dot&quot;:&quot;yes&quot;}\">\n\t\t\t\t\t<div class=\"e-con-inner\">\n\t\t\t\t<div class=\"elementor-element elementor-element-570b12ff elementor-widget elementor-widget-text-editor\" data-id=\"570b12ff\" data-element_type=\"widget\" data-e-type=\"widget\" data-settings=\"{&quot;ekit_we_effect_on&quot;:&quot;none&quot;}\" data-widget_type=\"text-editor.default\">\n\t\t\t\t\t\t\t\t\t<h2>NANASNAP DTL 20000 Puffs Replaceable Pod - Prolongez votre plaisir de fumer !<\/h2><h3>\u00a0<\/h3><h3>De gros nuages, des ar\u00f4mes puissants et une commodit\u00e9 in\u00e9gal\u00e9e !<\/h3><p>Le <strong>NANASNAP DTL 20000<\/strong> est votre appareil de pr\u00e9dilection pour une exp\u00e9rience de vapotage haut de gamme. Con\u00e7ue pour les adeptes du Direct-to-Lung (DTL), cette vape jetable combine des performances exceptionnelles, des saveurs riches et un design \u00e9l\u00e9gant pour vous satisfaire \u00e0 chaque bouff\u00e9e.<\/p><p>\u00a0<\/p><h3>Pourquoi choisir NANASNAP DTL 20000 ?<\/h3><p>\u2705 <strong>20 000 bouff\u00e9es<\/strong> - Un plaisir durable sans interruption.<br \/>\u2705 <strong>Capacit\u00e9 de 20ml de E-Liquide<\/strong> - Pr\u00e9-rempli et pr\u00eat \u00e0 l'emploi pour une utilisation prolong\u00e9e.<br \/>\u2705 <strong>6 mg de nicotine<\/strong> - Une touche de nicotine douce et satisfaisante.<br \/>\u2705 <strong>Batterie rechargeable 650mAh<\/strong> - Une alimentation fiable gr\u00e2ce \u00e0 la charge rapide de type C.<br \/>\u2705 <strong>Syst\u00e8me de dosettes jetables et rempla\u00e7ables<\/strong> - Vaporisation pratique et sans souci.<br \/>\u2705 <strong>DTL Big Cloud Technology<\/strong> - Parfaite pour une production massive de vapeur et des frappes douces.<\/p><p>\u00a0<\/p><h3>Des saveurs disponibles pour satisfaire vos envies<\/h3><p>\u2714 \ud83c\udf31\u2744\ufe0f <strong>Menthe fra\u00eeche<\/strong> - Fra\u00eecheur menthol\u00e9e vive et rafra\u00eechissante.<br \/>\u2714 \ud83e\uded0\u2744\ufe0f <strong>Glace Razz Bleue<\/strong> - Une explosion acidul\u00e9e de framboises bleues avec une finale glac\u00e9e.<br \/>\u2714 \ud83c\udf4f\u2744\ufe0f <strong>Glace \u00e0 la pomme acidul\u00e9e<\/strong> - Une pomme verte acidul\u00e9e associ\u00e9e \u00e0 un froid glacial.<br \/>\u2714 \ud83c\udf49\ud83c\udf6c <strong>Gomme \u00e0 m\u00e2cher \u00e0 la past\u00e8que<\/strong> - La past\u00e8que juteuse rencontre la douceur classique du chewing-gum.<br \/>\u2714 \u26a1 <strong>Red Bull<\/strong> - L'ar\u00f4me embl\u00e9matique de la boisson \u00e9nergisante sous forme de vape.<br \/>\u2714 \ud83c\udf51\ud83c\udf49 <strong>P\u00eache Mangue Past\u00e8que<\/strong> - Un trio tropical de saveurs fruit\u00e9es.<br \/>\u2714 \ud83c\udf4a\u2744\ufe0f <strong>Glace au pamplemousse<\/strong> - Pamplemousse acidul\u00e9 avec une touche de fra\u00eecheur.<br \/>\u2714 \ud83e\udd64 <strong>Cola cerise<\/strong> - Un cola classique infus\u00e9 de notes de cerises sucr\u00e9es.<br \/>\u2714 \ud83c\udf51\u2744\ufe0f <strong>Glace \u00e0 la p\u00eache<\/strong> - P\u00eache douce avec une finale givr\u00e9e.<br \/>\u2714 \ud83c\udf53\ud83c\udf52 <strong>Fraise Framboise Cerise<\/strong> - Un m\u00e9lange audacieux de baies sucr\u00e9es et acidul\u00e9es.<\/p><p>\u00a0<\/p><h3>Sp\u00e9cifications techniques<\/h3><p>\ud83d\udd0b Batterie : 650mAh (rechargeable)<br \/>\ud83d\udca7 Capacit\u00e9 en e-liquide : 20ml (pr\u00e9-rempli)<br \/>\u2699\ufe0f Syst\u00e8me de dosettes : Pods jetables et rempla\u00e7ables pour une plus grande facilit\u00e9 d'utilisation<br \/>\ud83d\udce6 <strong>Exp\u00e9dition rapide depuis l'entrep\u00f4t de l'UE :<\/strong> Livraison dans un d\u00e9lai de <em>3-5 jours<\/em>!<\/p><p>\u00a0<\/p><p>Am\u00e9liorez votre exp\u00e9rience de vapotage avec le NANASNAP DTL 20000 ! Con\u00e7u pour les chasseurs de saveurs et les amateurs de nuages, cet appareil offre des performances et un style in\u00e9gal\u00e9s. Commandez d\u00e8s maintenant et faites passer votre jeu de vapotage au niveau sup\u00e9rieur !<\/p>\t\t\t\t\t\t\t\t<\/div>\n\t\t\t\t\t<\/div>\n\t\t\t\t<\/div>\n\t\t\t\t<\/div>","protected":false},"excerpt":{"rendered":"<p>Le\u00a0<strong>NANASNAP DTL 20000 Puffs Replaceable Pod (Pod rempla\u00e7able)<\/strong>\u00a0est votre appareil de pr\u00e9dilection pour une exp\u00e9rience de vapotage haut de gamme. Con\u00e7ue pour les adeptes du Direct-to-Lung (DTL), cette vape jetable combine des performances exceptionnelles, des saveurs riches et un design \u00e9l\u00e9gant pour vous satisfaire \u00e0 chaque bouff\u00e9e.<\/p>","protected":false},"featured_media":2291,"comment_status":"open","ping_status":"closed","template":"","meta":[],"product_brand":[230],"product_cat":[2267,237],"product_tag":[],"class_list":{"0":"post-2273","1":"product","2":"type-product","3":"status-publish","4":"has-post-thumbnail","6":"product_brand-savage-vape","7":"product_cat-savage-disposable-vapes","8":"product_cat-disposable-vapes","9":"pa_battery-capacity-650-mah","10":"pa_charging-type-usb-c","11":"pa_puff-count-approx-20000","13":"first","14":"instock","15":"shipping-taxable","16":"purchasable","17":"product-type-variable"},"_links":{"self":[{"href":"https:\/\/vapenex.com\/fr\/wp-json\/wp\/v2\/product\/2273","targetHints":{"allow":["GET"]}}],"collection":[{"href":"https:\/\/vapenex.com\/fr\/wp-json\/wp\/v2\/product"}],"about":[{"href":"https:\/\/vapenex.com\/fr\/wp-json\/wp\/v2\/types\/product"}],"replies":[{"embeddable":true,"href":"https:\/\/vapenex.com\/fr\/wp-json\/wp\/v2\/comments?post=2273"}],"version-history":[{"count":1,"href":"https:\/\/vapenex.com\/fr\/wp-json\/wp\/v2\/product\/2273\/revisions"}],"predecessor-version":[{"id":3671,"href":"https:\/\/vapenex.com\/fr\/wp-json\/wp\/v2\/product\/2273\/revisions\/3671"}],"wp:featuredmedia":[{"embeddable":true,"href":"https:\/\/vapenex.com\/fr\/wp-json\/wp\/v2\/media\/2291"}],"wp:attachment":[{"href":"https:\/\/vapenex.com\/fr\/wp-json\/wp\/v2\/media?parent=2273"}],"wp:term":[{"taxonomy":"product_brand","embeddable":true,"href":"https:\/\/vapenex.com\/fr\/wp-json\/wp\/v2\/product_brand?post=2273"},{"taxonomy":"product_cat","embeddable":true,"href":"https:\/\/vapenex.com\/fr\/wp-json\/wp\/v2\/product_cat?post=2273"},{"taxonomy":"product_tag","embeddable":true,"href":"https:\/\/vapenex.com\/fr\/wp-json\/wp\/v2\/product_tag?post=2273"}],"curies":[{"name":"wp","href":"https:\/\/api.w.org\/{rel}","templated":true}]}}