{"id":2297,"date":"2024-12-23T22:40:40","date_gmt":"2024-12-23T22:40:40","guid":{"rendered":"http:\/\/vapenex.com\/?post_type=product&#038;p=2297"},"modified":"2026-04-06T14:29:56","modified_gmt":"2026-04-06T14:29:56","slug":"savage-nana-snap-jetable-vape-30000-puffs","status":"publish","type":"product","link":"https:\/\/vapenex.com\/fr\/savage-nana-snap-disposable-vape-30000-puffs\/","title":{"rendered":"Savage Nanasnap Vape Jetable 30000 Puffs"},"content":{"rendered":"<div data-elementor-type=\"product-post\" data-elementor-id=\"2297\" class=\"elementor elementor-2297\" data-elementor-post-type=\"product\">\n\t\t\t\t<div class=\"elementor-element elementor-element-1ec47bf0 e-flex e-con-boxed e-con e-parent\" data-id=\"1ec47bf0\" data-element_type=\"container\" data-e-type=\"container\" data-settings=\"{&quot;ekit_has_onepagescroll_dot&quot;:&quot;yes&quot;}\">\n\t\t\t\t\t<div class=\"e-con-inner\">\n\t\t\t\t<div class=\"elementor-element elementor-element-2c6bc0a elementor-widget elementor-widget-text-editor\" data-id=\"2c6bc0a\" data-element_type=\"widget\" data-e-type=\"widget\" data-settings=\"{&quot;ekit_we_effect_on&quot;:&quot;none&quot;}\" data-widget_type=\"text-editor.default\">\n\t\t\t\t\t\t\t\t\t<h2>NANASNAP DTL 30000 Puffs - Votre porte d'entr\u00e9e vers les gros nuages et les saveurs audacieuses !<\/h2><h3>\u00a0<\/h3><h3>Faites l'exp\u00e9rience d'une performance in\u00e9gal\u00e9e, d'une vari\u00e9t\u00e9 de saveurs et d'une satisfaction durable !<\/h3><p>Le <strong>NANASNAP DTL 30000 bouff\u00e9es<\/strong>\u00a0est con\u00e7u pour les vapoteurs qui exigent la combinaison ultime de puissance, de saveur et de style. Parfait pour les adeptes du Direct-to-Lung (DTL), cet appareil garantit des nuages massifs, des frappes douces et une exp\u00e9rience de vapotage de premier ordre.<\/p><p>\u00a0<\/p><h3>Pourquoi choisir NANASNAP DTL 30000 Puffs ?<\/h3><p>\u2705 <strong>30 000 bouff\u00e9es<\/strong> - Une long\u00e9vit\u00e9 exceptionnelle pour un plaisir ininterrompu.<br \/>\u2705 <strong>Capacit\u00e9 de 30ml de E-Liquide<\/strong> - Fini les remplissages fr\u00e9quents.<br \/>\u2705 <strong>6 mg de nicotine<\/strong> - Parfaitement \u00e9quilibr\u00e9 pour une vape satisfaisante.<br \/>\u2705 <strong>Technologie Dual Mesh Coil<\/strong> - Saveur am\u00e9lior\u00e9e et production de vapeur dense.<br \/>\u2705 <strong>Flux d'air r\u00e9glable<\/strong> - Personnalisez votre inspiration pour un tirage parfait.<br \/>\u2705 <strong>Anneau de style \"Fidget Spinner<\/strong> - Un compl\u00e9ment amusant et \u00e9l\u00e9gant \u00e0 votre exp\u00e9rience de vapotage.<br \/>\u2705 <strong>Batterie rechargeable 650mAh<\/strong> - Chargement rapide Type-C pratique pour une utilisation tout au long de la journ\u00e9e.<\/p><p>\u00a0<\/p><h3 class=\"wp-block-heading\">Des saveurs pour satisfaire tous les palais :<\/h3><p>\u2714 \ud83c\udf47 <strong>Glace au raisin<\/strong> - Une explosion givr\u00e9e de raisins juteux.<br \/>\u2714 \ud83c\udf53\ud83c\udf4c <strong>Fraise Banane<\/strong> - Un m\u00e9lange cr\u00e9meux de fraises sucr\u00e9es et de bananes m\u00fbres.<br \/>\u2714 \ud83c\udf51\ud83c\udf49 <strong>P\u00eache Mangue Past\u00e8que<\/strong> - Un trio tropical de saveurs fruit\u00e9es.<br \/>\u2714 \ud83c\udf52 <strong>M\u00fbre Cerise<\/strong> - Un m\u00e9lange audacieux de m\u00fbres acidul\u00e9es et de cerises douces.<br \/>\u2714 \ud83c\udf49\u2744\ufe0f <strong>Glace \u00e0 la past\u00e8que<\/strong> - Une past\u00e8que rafra\u00eechissante avec une touche glac\u00e9e.<br \/>\u2714 \ud83c\udf4a\ud83c\udf3a <strong>Pamplemousse Fruit de la Passion<\/strong> - Un d\u00e9lice tropical acidul\u00e9 et sucr\u00e9.<br \/>\u2714 \ud83e\uded0\ud83c\udf4b <strong>Limonade Blue Razz<\/strong> - Limonade piquante avec un punch \u00e0 la framboise bleue.<br \/>\u2714 \ud83c\udf31\u2744\ufe0f <strong>Menthe poivr\u00e9e<\/strong> - Fra\u00eecheur menthol\u00e9e vive et rafra\u00eechissante.<br \/>\u2714 \ud83e\udd5d\ud83c\udf34\ud83c\udf48 <strong>Kiwi Fruit de la passion Goyave<\/strong> - Un m\u00e9lange tropical de fruits exotiques.<br \/>\u2714 \ud83c\udf4d\ud83d\udc09\ud83c\udf4a <strong>Ananas Pitaya Pamplemousse<\/strong> - Une fusion audacieuse de saveurs tropicales.<\/p><p>\u00a0<\/p><h3>Sp\u00e9cifications techniques<\/h3><p>\ud83d\udd0b Batterie : 650mAh (rechargeable)<br \/>\ud83d\udca7 Capacit\u00e9 de E-Liquide : 30ml<br \/>\u2699\ufe0f Coil : Dual Mesh Coil pour des performances sup\u00e9rieures<br \/>\ud83c\udf2c\ufe0f Airflow : R\u00e9glable pour des tirages personnalis\u00e9s<\/p><p>\ud83d\udce6 <strong>Exp\u00e9dition rapide depuis l'entrep\u00f4t de l'UE :<\/strong> Livraison dans un d\u00e9lai de <em>3-5 jours<\/em>!<\/p><p>\u00a0<\/p><p>Am\u00e9liorez votre jeu de vapotage avec le NANASNAP DTL 30000 Puffs ! Que vous soyez \u00e0 la recherche de nuages ou que vous savouriez des saveurs audacieuses, cet appareil est votre compagnon id\u00e9al. Commandez d\u00e8s maintenant et vivez une exp\u00e9rience de vapotage sans pr\u00e9c\u00e9dent !<\/p>\t\t\t\t\t\t\t\t<\/div>\n\t\t\t\t\t<\/div>\n\t\t\t\t<\/div>\n\t\t\t\t<\/div>","protected":false},"excerpt":{"rendered":"<p>Le <strong>NANASNAP DTL 30000<\/strong> est con\u00e7u pour les vapoteurs qui exigent la combinaison ultime de puissance, de saveur et de style. Parfait pour les adeptes du Direct-to-Lung (DTL), cet appareil garantit des nuages massifs, des frappes douces et une exp\u00e9rience de vapotage de premier ordre.<\/p>","protected":false},"featured_media":2308,"comment_status":"open","ping_status":"closed","template":"","meta":[],"product_brand":[230],"product_cat":[2267,237],"product_tag":[],"class_list":{"0":"post-2297","1":"product","2":"type-product","3":"status-publish","4":"has-post-thumbnail","6":"product_brand-savage-vape","7":"product_cat-savage-disposable-vapes","8":"product_cat-disposable-vapes","9":"pa_battery-capacity-650-mah","10":"pa_charging-type-usb-c","11":"pa_puff-count-approx-20000","13":"first","14":"instock","15":"shipping-taxable","16":"purchasable","17":"product-type-variable"},"_links":{"self":[{"href":"https:\/\/vapenex.com\/fr\/wp-json\/wp\/v2\/product\/2297","targetHints":{"allow":["GET"]}}],"collection":[{"href":"https:\/\/vapenex.com\/fr\/wp-json\/wp\/v2\/product"}],"about":[{"href":"https:\/\/vapenex.com\/fr\/wp-json\/wp\/v2\/types\/product"}],"replies":[{"embeddable":true,"href":"https:\/\/vapenex.com\/fr\/wp-json\/wp\/v2\/comments?post=2297"}],"version-history":[{"count":1,"href":"https:\/\/vapenex.com\/fr\/wp-json\/wp\/v2\/product\/2297\/revisions"}],"predecessor-version":[{"id":3670,"href":"https:\/\/vapenex.com\/fr\/wp-json\/wp\/v2\/product\/2297\/revisions\/3670"}],"wp:featuredmedia":[{"embeddable":true,"href":"https:\/\/vapenex.com\/fr\/wp-json\/wp\/v2\/media\/2308"}],"wp:attachment":[{"href":"https:\/\/vapenex.com\/fr\/wp-json\/wp\/v2\/media?parent=2297"}],"wp:term":[{"taxonomy":"product_brand","embeddable":true,"href":"https:\/\/vapenex.com\/fr\/wp-json\/wp\/v2\/product_brand?post=2297"},{"taxonomy":"product_cat","embeddable":true,"href":"https:\/\/vapenex.com\/fr\/wp-json\/wp\/v2\/product_cat?post=2297"},{"taxonomy":"product_tag","embeddable":true,"href":"https:\/\/vapenex.com\/fr\/wp-json\/wp\/v2\/product_tag?post=2297"}],"curies":[{"name":"wp","href":"https:\/\/api.w.org\/{rel}","templated":true}]}}