{"id":2341,"date":"2024-12-23T23:39:09","date_gmt":"2024-12-23T23:39:09","guid":{"rendered":"http:\/\/vapenex.com\/?post_type=product&#038;p=2341"},"modified":"2025-08-29T16:26:37","modified_gmt":"2025-08-29T16:26:37","slug":"fire-vape-dual-disposable-vape-20000-30000-puffs","status":"publish","type":"product","link":"https:\/\/vapenex.com\/fr\/fire-vape-dual-disposable-vape-20000-30000-puffs\/","title":{"rendered":"Fire Vape Dual Vape Jetable 20000\/30000 Puffs"},"content":{"rendered":"<div data-elementor-type=\"product-post\" data-elementor-id=\"2341\" class=\"elementor elementor-2341\" data-elementor-post-type=\"product\">\n\t\t\t\t<div class=\"elementor-element elementor-element-2ba9a00e e-flex e-con-boxed e-con e-parent\" data-id=\"2ba9a00e\" data-element_type=\"container\" data-e-type=\"container\" data-settings=\"{&quot;ekit_has_onepagescroll_dot&quot;:&quot;yes&quot;}\">\n\t\t\t\t\t<div class=\"e-con-inner\">\n\t\t\t\t<div class=\"elementor-element elementor-element-2b43904d elementor-widget elementor-widget-text-editor\" data-id=\"2b43904d\" data-element_type=\"widget\" data-e-type=\"widget\" data-settings=\"{&quot;ekit_we_effect_on&quot;:&quot;none&quot;}\" data-widget_type=\"text-editor.default\">\n\t\t\t\t\t\t\t\t\t<h2 class=\"wp-block-heading\">FIRE VAPE VOLCANO 20000\/30000 Puffs - Red\u00e9finissez votre exp\u00e9rience de vapotage !<\/h2><h3>\u00a0<\/h3><h3>Des performances in\u00e9gal\u00e9es, des ar\u00f4mes incroyables et une satisfaction durable !<\/h3><p>Le <strong>FEU VAPE VOLCAN<\/strong><strong> 20000\/30000<\/strong> est l'appareil ultime pour les vapoteurs qui exigent puissance, saveur et commodit\u00e9. Avec ses caract\u00e9ristiques de pointe et son design \u00e9l\u00e9gant, cet appareil est parfait pour les d\u00e9butants comme pour les amateurs chevronn\u00e9s.<\/p><p>\u00a0<\/p><h3 class=\"wp-block-heading\">Pourquoi choisir FIRE VAPE VOLCANO ?<\/h3><p>\u2705 <strong>30 000 bouff\u00e9es en mode normal et 20 000 bouff\u00e9es en mode boost<\/strong> - Une long\u00e9vit\u00e9 in\u00e9gal\u00e9e pour un plaisir ininterrompu.<br \/>\u2705 <strong>Capacit\u00e9 de 30ml de E-Liquide<\/strong> - Plus besoin de se pr\u00e9occuper des recharges constantes.<br \/>\u2705 <strong>R\u00e9glages de puissance ajustables<\/strong> - Personnalisez l'intensit\u00e9 de votre vapotage en fonction de votre humeur.<br \/>\u2705 <strong>Batterie rechargeable 650mAh<\/strong> - Chargement Type-C rapide et pratique pour une utilisation tout au long de la journ\u00e9e.<br \/>\u2705 <strong>\u00c9cran d'affichage intelligent int\u00e9gr\u00e9<\/strong> - Contr\u00f4lez facilement l'autonomie de la batterie et le nombre de bouff\u00e9es.<br \/>\u2705 <strong>Technologie Dual Mesh Coil<\/strong> - Saveur am\u00e9lior\u00e9e et production de vapeur plus douce.<br \/>\u2705 <strong>Dispositif de s\u00e9curit\u00e9 pour les enfants<\/strong> - La tranquillit\u00e9 d'esprit pour une utilisation s\u00e9curis\u00e9e.<\/p><p>\u00a0<\/p><h3 class=\"wp-block-heading\">Un choix de saveurs d\u00e9licieuses<\/h3><p>\u2714 \ud83e\uded0 <strong>Myrtille Framboise<\/strong> - Un \u00e9quilibre parfait entre les baies sucr\u00e9es et les baies acidul\u00e9es.<br \/>\u2714 \ud83e\udd64 <strong>Cola cerise<\/strong> - Un cola classique avec une touche de cerise.<br \/>\u2714 \ud83c\udf47\ud83c\udf53 <strong>Fraise Raisin<\/strong> - Un m\u00e9lange succulent de fraises et de raisins juteux.<br \/>\u2714 \u2744\ufe0f\ud83c\udf53 <strong>Glace aux trois baies<\/strong> - Un m\u00e9lange rafra\u00eechissant de baies avec une finale givr\u00e9e.<br \/>\u2714 \ud83e\uded0\u2744\ufe0f <strong>Glace aux myrtilles<\/strong> - Des myrtilles sucr\u00e9es avec un froid glacial.<br \/>\u2714 \ud83c\udf53\ud83e\udd5d <strong>Fraise Kiwi<\/strong> - Une fusion tropicale de fraises et de kiwis.<br \/>\u2714 \ud83c\udf49\u2744\ufe0f <strong>Glace \u00e0 la past\u00e8que<\/strong> - Past\u00e8que juteuse avec une sensation de fra\u00eecheur.<br \/>\u2714 \ud83c\udf4f\ud83c\udf47 <strong>Pomme aigre-douce au raisin<\/strong> - Un m\u00e9lange acidul\u00e9 et sucr\u00e9 qui ne manque pas de punch.<br \/>\u2714 \u26a1 <strong>Red Bull<\/strong> - L'ar\u00f4me embl\u00e9matique de la boisson \u00e9nergisante sous forme de vape.<br \/>\u2714 \ud83c\udf53\ud83c\udf49 <strong>Fraise Past\u00e8que<\/strong> - Un duo juteux des fruits pr\u00e9f\u00e9r\u00e9s de l'\u00e9t\u00e9.<br \/>\u2714 \ud83c\udf47\u2744\ufe0f <strong>Glace au raisin triple<\/strong> - Une saveur de raisin audacieuse avec une pointe de glace.<br \/>\u2714 \ud83c\udf53\ud83d\udc09 <strong>12 Fruit du dragon \u00e0 la fraise<\/strong> - Fruit du dragon exotique associ\u00e9 \u00e0 des fraises sucr\u00e9es.<\/p><p>\u00a0<\/p><h3 class=\"wp-block-heading\">Sp\u00e9cifications techniques<\/h3><p>\ud83d\udd0b Batterie : 650mAh (rechargeable)<br \/>\ud83d\udca7 Capacit\u00e9 de E-Liquide : 30ml<br \/>\u2699\ufe0f Coil : Dual Mesh Coil pour des performances sup\u00e9rieures<br \/>Affichage : \u00c9cran intelligent pour une surveillance facile<br \/>\ud83e\uddd2 S\u00e9curit\u00e9 : S\u00e9curit\u00e9 enfant incluse<br \/>\ud83d\udce6 <strong>Exp\u00e9dition rapide depuis l'entrep\u00f4t de l'UE :<\/strong> Livraison dans un d\u00e9lai de <em>3-5 jours<\/em>!<\/p><p>\u00a0<\/p><p>Ne vous contentez pas de moins quand vous pouvez tout avoir ! Le FIRE VAPE VOLCANO est votre porte d'entr\u00e9e vers une saveur exceptionnelle, des nuages massifs et une performance imbattable. Commandez maintenant et exp\u00e9rimentez le prochain niveau de vapotage !<\/p>\t\t\t\t\t\t\t\t<\/div>\n\t\t\t\t\t<\/div>\n\t\t\t\t<\/div>\n\t\t\t\t<\/div>","protected":false},"excerpt":{"rendered":"<p>Le\u00a0<strong>FEU VAPE VOLCANO 20000\/30000<\/strong>\u00a0est l'appareil ultime pour les vapoteurs qui exigent puissance, saveur et commodit\u00e9. Avec ses caract\u00e9ristiques de pointe et son design \u00e9l\u00e9gant, cet appareil est parfait pour les d\u00e9butants comme pour les amateurs chevronn\u00e9s.<\/p>","protected":false},"featured_media":2392,"comment_status":"open","ping_status":"closed","template":"","meta":[],"product_brand":[231],"product_cat":[237],"product_tag":[],"class_list":{"0":"post-2341","1":"product","2":"type-product","3":"status-publish","4":"has-post-thumbnail","6":"product_brand-fire-vape","7":"product_cat-disposable-vapes","8":"pa_battery-capacity-650-mah","9":"pa_charging-type-usb-c","10":"pa_e-liquid-capacity-30ml","11":"pa_power-modes-eco","12":"pa_power-modes-max","13":"pa_puff-count-approx-20000","14":"pa_puff-count-approx-30000","16":"first","17":"instock","18":"shipping-taxable","19":"purchasable","20":"product-type-variable"},"_links":{"self":[{"href":"https:\/\/vapenex.com\/fr\/wp-json\/wp\/v2\/product\/2341","targetHints":{"allow":["GET"]}}],"collection":[{"href":"https:\/\/vapenex.com\/fr\/wp-json\/wp\/v2\/product"}],"about":[{"href":"https:\/\/vapenex.com\/fr\/wp-json\/wp\/v2\/types\/product"}],"replies":[{"embeddable":true,"href":"https:\/\/vapenex.com\/fr\/wp-json\/wp\/v2\/comments?post=2341"}],"version-history":[{"count":1,"href":"https:\/\/vapenex.com\/fr\/wp-json\/wp\/v2\/product\/2341\/revisions"}],"predecessor-version":[{"id":3669,"href":"https:\/\/vapenex.com\/fr\/wp-json\/wp\/v2\/product\/2341\/revisions\/3669"}],"wp:featuredmedia":[{"embeddable":true,"href":"https:\/\/vapenex.com\/fr\/wp-json\/wp\/v2\/media\/2392"}],"wp:attachment":[{"href":"https:\/\/vapenex.com\/fr\/wp-json\/wp\/v2\/media?parent=2341"}],"wp:term":[{"taxonomy":"product_brand","embeddable":true,"href":"https:\/\/vapenex.com\/fr\/wp-json\/wp\/v2\/product_brand?post=2341"},{"taxonomy":"product_cat","embeddable":true,"href":"https:\/\/vapenex.com\/fr\/wp-json\/wp\/v2\/product_cat?post=2341"},{"taxonomy":"product_tag","embeddable":true,"href":"https:\/\/vapenex.com\/fr\/wp-json\/wp\/v2\/product_tag?post=2341"}],"curies":[{"name":"wp","href":"https:\/\/api.w.org\/{rel}","templated":true}]}}