{"id":2420,"date":"2024-12-24T02:27:53","date_gmt":"2024-12-24T02:27:53","guid":{"rendered":"http:\/\/vapenex.com\/?post_type=product&#038;p=2420"},"modified":"2025-08-29T16:26:35","modified_gmt":"2025-08-29T16:26:35","slug":"pilote-jetable-vape-14000-28000-bouffees","status":"publish","type":"product","link":"https:\/\/vapenex.com\/fr\/pilot-disposable-vape-14000-28000-puffs\/","title":{"rendered":"Pilot Vape Jetable 14000\/28000 Puffs"},"content":{"rendered":"<div data-elementor-type=\"product-post\" data-elementor-id=\"2420\" class=\"elementor elementor-2420\" data-elementor-post-type=\"product\">\n\t\t\t\t<div class=\"elementor-element elementor-element-39a352f5 e-flex e-con-boxed e-con e-parent\" data-id=\"39a352f5\" data-element_type=\"container\" data-e-type=\"container\" data-settings=\"{&quot;ekit_has_onepagescroll_dot&quot;:&quot;yes&quot;}\">\n\t\t\t\t\t<div class=\"e-con-inner\">\n\t\t\t\t<div class=\"elementor-element elementor-element-5a4e4167 elementor-widget elementor-widget-text-editor\" data-id=\"5a4e4167\" data-element_type=\"widget\" data-e-type=\"widget\" data-settings=\"{&quot;ekit_we_effect_on&quot;:&quot;none&quot;}\" data-widget_type=\"text-editor.default\">\n\t\t\t\t\t\t\t\t\t<h2>Pilot Disposable Vape 28000 Puffs - Puissance, performance et saveur pure !<\/h2>\n<p><br \/>Am\u00e9liorez votre jeu de vapotage avec le <strong>Pilote 28000<\/strong>La vape jetable ultime, con\u00e7ue pour ceux qui exigent une vape de qualit\u00e9. <strong>des performances exceptionnelles, une satisfaction durable et des saveurs imbattables.<\/strong> Avec un \u00e9norme <strong>28 000 bouff\u00e9es<\/strong>, une g\u00e9n\u00e9reuse <strong>Capacit\u00e9 de 28 ml d'e-liquide<\/strong>et d'un puissant <strong>Batterie rechargeable Type-C de 850mAh<\/strong>Cette vape est con\u00e7ue pour vous permettre de continuer \u00e0 fumer sans interruption.<\/p>\n<h3><br \/>Pourquoi choisir Pilot Vape 28000 Puffs ?<\/h3>\n<p>\ud83d\udd25 <strong>Nombre massif de bouff\u00e9es<\/strong> - Profitez de jusqu'\u00e0 <strong>28 000 bouff\u00e9es<\/strong> pour un usage prolong\u00e9 sans craindre d'\u00eatre \u00e0 court d'eau.<br \/>\ud83d\udd0b <strong>Rechargeable Pratique<\/strong> - \u00c9quip\u00e9 de <strong>Batterie de 850mAh et charge de type C<\/strong> pour obtenir des bonus rapides et efficaces.<br \/>\ud83c\udf2a <strong>Technologie de la bobine en maille<\/strong> - D\u00e9livre <strong>des saveurs plus riches<\/strong> et <strong>des frappes plus douces<\/strong> \u00e0 chaque bouff\u00e9e.<br \/>\ud83d\udca1 <strong>\u00c9cran LED intelligent<\/strong> - Contr\u00f4lez l'autonomie de la batterie et les niveaux d'e-liquide en temps r\u00e9el.<\/p>\n<p>\u00a0<\/p>\n<p><strong>Deux modes :<\/strong><\/p>\n<p>\u267b\ufe0f <strong>Mode ECO<\/strong> (28 000 bouff\u00e9es) pour une utilisation prolong\u00e9e.<br \/>\u26a1 <strong>Mode MAX<\/strong> (14 000 bouff\u00e9es) pour des nuages intenses et puissants.<\/p>\n<p>\u00a0<\/p>\n<h3>D\u00e9couvrez une vari\u00e9t\u00e9 d'ar\u00f4mes de qualit\u00e9 sup\u00e9rieure pour satisfaire toutes les envies.<\/h3>\n<p>\u2705 <strong>Ours en g\u00e9latine<\/strong> - Sucr\u00e9, moelleux et d\u00e9licieusement nostalgique.<br \/>\u2705 <strong>Citron vert<\/strong> - Une explosion d'agrumes piquante avec une finale rafra\u00eechissante.<br \/>\u2705 <strong>Myrtille Cerise Canneberge<\/strong> - Un m\u00e9lange dynamique de piquant, de sucr\u00e9 et d'acidul\u00e9.<br \/>\u2705 <strong>Double pomme<\/strong> - La perfection de la pomme croquante et juteuse.<br \/>\u2705 <strong>Orange P\u00eache Mangue<\/strong> - Une fusion tropicale pour une vape douce et exotique.<br \/>\u2705 <strong>Chewing-gum \u00e0 la fraise et \u00e0 la cerise<\/strong> - Un m\u00e9lange amusant et fruit\u00e9 avec une touche de bubblegum.<br \/>\u2705 <strong>Glace aux myrtilles<\/strong> - Une sensation de baies fra\u00eeche et rafra\u00eechissante.<br \/>\u2705 <strong>Glace \u00e0 la fraise et \u00e0 la past\u00e8que<\/strong> - Un m\u00e9lange estival juteux avec une touche glac\u00e9e.<br \/>\u2705 <strong>Myrtilles et framboises acidul\u00e9es<\/strong> - Le sucr\u00e9 rencontre l'acide dans cette combinaison de baies audacieuse.<br \/>\u2705 <strong>Glace \u00e0 la past\u00e8que<\/strong> - Un coup de melon d'eau rafra\u00eechissant et rafra\u00eechissant.<\/p>\n<p><br \/><strong>Prix exclusifs - Meilleures offres pour les commandes en gros !<\/strong>\u00a0<\/p>\n<p>\u00a0<\/p>\n<p>\ud83d\ude80 <strong>Exp\u00e9dition rapide et fiable<\/strong> - Nous exp\u00e9dions directement depuis notre <strong>Entrep\u00f4t de l'UE<\/strong>, avec livraison en <strong>seulement 3-5 jours !<\/strong><\/p>\n<p><br \/>Que vous soyez un d\u00e9taillant cherchant \u00e0 s'approvisionner en produits de vapotage jetables ou un vapoteur \u00e0 la recherche de la meilleure qualit\u00e9 et des meilleures performances, <strong>Pilote 28000<\/strong> est votre choix id\u00e9al.<\/p>\t\t\t\t\t\t\t\t<\/div>\n\t\t\t\t\t<\/div>\n\t\t\t\t<\/div>\n\t\t\t\t<\/div>","protected":false},"excerpt":{"rendered":"<p>Pilot DisposaStep up your vaping game with the <strong>Pilote 28000<\/strong>La vape jetable ultime, con\u00e7ue pour ceux qui exigent une vape de qualit\u00e9. <strong>des performances exceptionnelles, une satisfaction durable et des saveurs imbattables.<\/strong><\/p>","protected":false},"featured_media":2441,"comment_status":"open","ping_status":"closed","template":"","meta":[],"product_brand":[232],"product_cat":[237],"product_tag":[],"class_list":{"0":"post-2420","1":"product","2":"type-product","3":"status-publish","4":"has-post-thumbnail","6":"product_brand-pilot-vape","7":"product_cat-disposable-vapes","8":"pa_battery-capacity-850-mah","9":"pa_charging-type-usb-c","10":"pa_power-modes-eco","11":"pa_power-modes-max","12":"pa_puff-count-approx-14000","13":"pa_puff-count-approx-28000","15":"first","16":"instock","17":"shipping-taxable","18":"purchasable","19":"product-type-variable"},"_links":{"self":[{"href":"https:\/\/vapenex.com\/fr\/wp-json\/wp\/v2\/product\/2420","targetHints":{"allow":["GET"]}}],"collection":[{"href":"https:\/\/vapenex.com\/fr\/wp-json\/wp\/v2\/product"}],"about":[{"href":"https:\/\/vapenex.com\/fr\/wp-json\/wp\/v2\/types\/product"}],"replies":[{"embeddable":true,"href":"https:\/\/vapenex.com\/fr\/wp-json\/wp\/v2\/comments?post=2420"}],"version-history":[{"count":1,"href":"https:\/\/vapenex.com\/fr\/wp-json\/wp\/v2\/product\/2420\/revisions"}],"predecessor-version":[{"id":3667,"href":"https:\/\/vapenex.com\/fr\/wp-json\/wp\/v2\/product\/2420\/revisions\/3667"}],"wp:featuredmedia":[{"embeddable":true,"href":"https:\/\/vapenex.com\/fr\/wp-json\/wp\/v2\/media\/2441"}],"wp:attachment":[{"href":"https:\/\/vapenex.com\/fr\/wp-json\/wp\/v2\/media?parent=2420"}],"wp:term":[{"taxonomy":"product_brand","embeddable":true,"href":"https:\/\/vapenex.com\/fr\/wp-json\/wp\/v2\/product_brand?post=2420"},{"taxonomy":"product_cat","embeddable":true,"href":"https:\/\/vapenex.com\/fr\/wp-json\/wp\/v2\/product_cat?post=2420"},{"taxonomy":"product_tag","embeddable":true,"href":"https:\/\/vapenex.com\/fr\/wp-json\/wp\/v2\/product_tag?post=2420"}],"curies":[{"name":"wp","href":"https:\/\/api.w.org\/{rel}","templated":true}]}}