{"id":916,"date":"2024-12-16T04:33:18","date_gmt":"2024-12-16T04:33:18","guid":{"rendered":"http:\/\/vapenex.com\/?post_type=product&#038;p=916"},"modified":"2026-04-06T14:29:57","modified_gmt":"2026-04-06T14:29:57","slug":"savage-monster-x8000-jetable-vape-8000-puffs","status":"publish","type":"product","link":"https:\/\/vapenex.com\/fr\/savage-monster-x8000-disposable-vape-8000-puffs\/","title":{"rendered":"Savage Monster X8000 Vape Jetable 8000 Puffs"},"content":{"rendered":"<div data-elementor-type=\"product-post\" data-elementor-id=\"916\" class=\"elementor elementor-916\" data-elementor-post-type=\"product\">\n\t\t\t\t<div class=\"elementor-element elementor-element-2c577f4b e-flex e-con-boxed e-con e-parent\" data-id=\"2c577f4b\" data-element_type=\"container\" data-e-type=\"container\" data-settings=\"{&quot;ekit_has_onepagescroll_dot&quot;:&quot;yes&quot;}\">\n\t\t\t\t\t<div class=\"e-con-inner\">\n\t\t\t\t<div class=\"elementor-element elementor-element-2bb8e97e elementor-widget elementor-widget-text-editor\" data-id=\"2bb8e97e\" data-element_type=\"widget\" data-e-type=\"widget\" data-settings=\"{&quot;ekit_we_effect_on&quot;:&quot;none&quot;}\" data-widget_type=\"text-editor.default\">\n\t\t\t\t\t\t\t\t\t<h3>SAVAGE MONSTER X 8000 Puffs - Puissance compacte, saveurs audacieuses !<\/h3><h4>\u00a0<\/h4><h4>Une exp\u00e9rience de vapotage ultime dans un design \u00e9pur\u00e9 !<\/h4><p>Le <strong>SAVAGE MONSTER X 8000 Puffs<\/strong> est un dispositif de vapotage compact mais puissant, con\u00e7u pour les vapoteurs qui exigent des performances et une commodit\u00e9 exceptionnelles. Avec sa construction l\u00e9g\u00e8re, sa technologie avanc\u00e9e de bobine en maille et une vari\u00e9t\u00e9 de saveurs irr\u00e9sistibles, cet appareil est parfait pour les amateurs de vapotage en d\u00e9placement.<\/p><p>\u00a0<\/p><h3>Pourquoi choisir SAVAGE MONSTER X 8000 ?<\/h3><p>\u2705 <strong>8 000 bouff\u00e9es<\/strong> - Des performances durables pour un plaisir prolong\u00e9.<br \/>\u2705 <strong>Capacit\u00e9 de 12ml de E-Liquide<\/strong> - Pr\u00e9-rempli pour un vapotage sans souci.<br \/>\u2705 <strong>50mg Nic Salt Strength<\/strong> - La nicotine est d\u00e9livr\u00e9e de mani\u00e8re douce et satisfaisante.<br \/>\u2705 <strong>Technologie de la bobine en maille<\/strong> - Saveur am\u00e9lior\u00e9e et production de vapeur dense.<br \/>\u2705 <strong>Batterie rechargeable de type C<\/strong> - Chargement rapide pour une utilisation toute la journ\u00e9e.<br \/>\u2705 <strong>L\u00e9ger (75 g)<\/strong> - Compact et portable pour une commodit\u00e9 optimale.<\/p><p>\u00a0<\/p><h3>Des options gustatives qui s\u00e9duisent<\/h3><p>\u2714 \ud83c\udf0c\u2728 <strong>R\u00eave sauvage<\/strong> - Un m\u00e9lange unique de saveurs audacieuses et sucr\u00e9es.<br \/>\u2714 \ud83c\udf51\ud83c\udf49\ud83e\udd6d <strong>P\u00eache Mangue Past\u00e8que<\/strong> - Un trio tropical de saveurs fruit\u00e9es.<br \/>\u2714 \u26a1 <strong>Taureau sauvage<\/strong> - L'ar\u00f4me embl\u00e9matique de la boisson \u00e9nergisante sous forme de vape.<br \/>\u2714 \ud83c\udf53\ud83c\udf47 <strong>Baies folles<\/strong> - Un m\u00e9lange de baies sucr\u00e9es et acidul\u00e9es.<br \/>\u2714 \ud83c\udf31\ud83c\udf47 <strong>Raisin d&#039;Aloe<\/strong> - Un m\u00e9lange rafra\u00eechissant d'aloe vera et de raisins juteux.<br \/>\u2714 \ud83c\udf53\ud83c\udf49 <strong>Fraise Past\u00e8que<\/strong> - Un duo juteux des fruits pr\u00e9f\u00e9r\u00e9s de l'\u00e9t\u00e9.<br \/>\u2714 \ud83e\uded0\u2744\ufe0f <strong>Glace Razz Bleue<\/strong> - Framboise bleue acidul\u00e9e avec une finale givr\u00e9e.<br \/>\u2714 \ud83e\uded0\u2744\ufe0f <strong>Glace aux myrtilles<\/strong> - Des myrtilles sucr\u00e9es associ\u00e9es \u00e0 un froid glacial.<br \/>\u2714 \ud83e\udd64\u2744\ufe0f <strong>Glace au cola<\/strong> - Go\u00fbt classique de cola avec une pointe de givre.<br \/>\u2714 \ud83c\udf49\u2744\ufe0f <strong>Glace \u00e0 la past\u00e8que<\/strong> - Melon d'eau juteux et rafra\u00eechissant.<\/p><p>\u00a0<\/p><h3>Sp\u00e9cifications techniques<\/h3><p>\ud83d\udd0b <strong>Batterie :<\/strong> Type-C rechargeable pour une charge rapide et fiable<br \/>\ud83d\udca7 <strong>Capacit\u00e9 d'e-liquide :<\/strong> 12ml (pr\u00e9-rempli)<br \/>\u2699\ufe0f <strong>Bobine :<\/strong> Technologie Mesh Coil pour une meilleure saveur et une production de vapeur en douceur<br \/>\u2696\ufe0f <strong>Poids :<\/strong> 75g<br \/>\ud83d\udce6 <strong>Exp\u00e9dition rapide depuis l'entrep\u00f4t de l'UE :<\/strong> Livraison dans un d\u00e9lai de <em>3-5 jours<\/em>!<\/p><p>\u00a0<\/p><p>Le SAVAGE MONSTER X 8000 Puffs combine un design \u00e9l\u00e9gant, une technologie avanc\u00e9e et des saveurs audacieuses pour offrir une exp\u00e9rience de vapotage extraordinaire. Commandez la v\u00f4tre d\u00e8s aujourd'hui et \u00e9levez chaque bouff\u00e9e !<\/p>\t\t\t\t\t\t\t\t<\/div>\n\t\t\t\t\t<\/div>\n\t\t\t\t<\/div>\n\t\t\t\t<\/div>","protected":false},"excerpt":{"rendered":"<p>Le <strong>SAVAGE MONSTER X 8000 Puffs<\/strong> est un dispositif de vapotage compact mais puissant, con\u00e7u pour les vapoteurs qui exigent des performances et une commodit\u00e9 exceptionnelles. Avec sa construction l\u00e9g\u00e8re, sa technologie avanc\u00e9e de bobine en maille et une vari\u00e9t\u00e9 d'ar\u00f4mes irr\u00e9sistibles, cet appareil est parfait pour les amateurs de vapotage en d\u00e9placement.<\/p>","protected":false},"featured_media":927,"comment_status":"open","ping_status":"closed","template":"","meta":[],"product_brand":[230],"product_cat":[2267,237],"product_tag":[],"class_list":{"0":"post-916","1":"product","2":"type-product","3":"status-publish","4":"has-post-thumbnail","6":"product_brand-savage-vape","7":"product_cat-savage-disposable-vapes","8":"product_cat-disposable-vapes","9":"pa_battery-capacity-500-mah","10":"pa_charging-type-usb-c","11":"pa_e-liquid-capacity-12ml","12":"pa_puff-count-approx-8000","14":"first","15":"instock","16":"shipping-taxable","17":"purchasable","18":"product-type-variable"},"_links":{"self":[{"href":"https:\/\/vapenex.com\/fr\/wp-json\/wp\/v2\/product\/916","targetHints":{"allow":["GET"]}}],"collection":[{"href":"https:\/\/vapenex.com\/fr\/wp-json\/wp\/v2\/product"}],"about":[{"href":"https:\/\/vapenex.com\/fr\/wp-json\/wp\/v2\/types\/product"}],"replies":[{"embeddable":true,"href":"https:\/\/vapenex.com\/fr\/wp-json\/wp\/v2\/comments?post=916"}],"version-history":[{"count":1,"href":"https:\/\/vapenex.com\/fr\/wp-json\/wp\/v2\/product\/916\/revisions"}],"predecessor-version":[{"id":3682,"href":"https:\/\/vapenex.com\/fr\/wp-json\/wp\/v2\/product\/916\/revisions\/3682"}],"wp:featuredmedia":[{"embeddable":true,"href":"https:\/\/vapenex.com\/fr\/wp-json\/wp\/v2\/media\/927"}],"wp:attachment":[{"href":"https:\/\/vapenex.com\/fr\/wp-json\/wp\/v2\/media?parent=916"}],"wp:term":[{"taxonomy":"product_brand","embeddable":true,"href":"https:\/\/vapenex.com\/fr\/wp-json\/wp\/v2\/product_brand?post=916"},{"taxonomy":"product_cat","embeddable":true,"href":"https:\/\/vapenex.com\/fr\/wp-json\/wp\/v2\/product_cat?post=916"},{"taxonomy":"product_tag","embeddable":true,"href":"https:\/\/vapenex.com\/fr\/wp-json\/wp\/v2\/product_tag?post=916"}],"curies":[{"name":"wp","href":"https:\/\/api.w.org\/{rel}","templated":true}]}}