{"id":965,"date":"2024-12-16T20:48:07","date_gmt":"2024-12-16T20:48:07","guid":{"rendered":"http:\/\/vapenex.com\/?post_type=product&#038;p=965"},"modified":"2026-04-06T14:29:57","modified_gmt":"2026-04-06T14:29:57","slug":"savage-cola-bottle-disposable-vape-8000-puffs","status":"publish","type":"product","link":"https:\/\/vapenex.com\/fr\/savage-cola-bottle-disposable-vape-8000-puffs\/","title":{"rendered":"Savage Cola Bottle Vape Jetable 8000 Puffs"},"content":{"rendered":"<div data-elementor-type=\"product-post\" data-elementor-id=\"965\" class=\"elementor elementor-965\" data-elementor-post-type=\"product\">\n\t\t\t\t<div class=\"elementor-element elementor-element-12412042 e-flex e-con-boxed e-con e-parent\" data-id=\"12412042\" data-element_type=\"container\" data-e-type=\"container\" data-settings=\"{&quot;ekit_has_onepagescroll_dot&quot;:&quot;yes&quot;}\">\n\t\t\t\t\t<div class=\"e-con-inner\">\n\t\t\t\t<div class=\"elementor-element elementor-element-1ca574d3 elementor-widget elementor-widget-text-editor\" data-id=\"1ca574d3\" data-element_type=\"widget\" data-e-type=\"widget\" data-settings=\"{&quot;ekit_we_effect_on&quot;:&quot;none&quot;}\" data-widget_type=\"text-editor.default\">\n\t\t\t\t\t\t\t\t\t<h3>SAVAGE COLA BOTTLE 8000 Puffs - Compact, \u00e9l\u00e9gant et savoureux !<\/h3><h4>\u00a0<\/h4><h4>Parfaitement con\u00e7u pour un vapotage en douceur, \u00e0 tout moment et en tout lieu !<\/h4><p>Le <strong>SAVAGE COLA BOTTLE 8000 Puffs<\/strong> est un dispositif de vapotage \u00e9l\u00e9gant et portable qui allie style, performance et commodit\u00e9. Avec son design unique inspir\u00e9 des bouteilles et une vari\u00e9t\u00e9 d'ar\u00f4mes audacieux, cet appareil est parfait pour les vapoteurs qui veulent une exp\u00e9rience sans tracas mais de qualit\u00e9 sup\u00e9rieure.<\/p><p>\u00a0<\/p><h3>Pourquoi choisir SAVAGE COLA BOTTLE 8000 ?<\/h3><p>\u2705 <strong>8 000 bouff\u00e9es<\/strong> - Profitez de sessions de vapotage prolong\u00e9es sans interruption.<br \/>\u2705 <strong>Capacit\u00e9 de 20ml de E-Liquide<\/strong> - Pr\u00e9-rempli pour une utilisation de longue dur\u00e9e.<br \/>\u2705 <strong>50 mg de nicotine<\/strong> - La nicotine est d\u00e9livr\u00e9e de mani\u00e8re satisfaisante et douce.<br \/>\u2705 <strong>Technologie de la bobine en maille<\/strong> - Saveur am\u00e9lior\u00e9e et production de vapeur dense.<br \/>\u2705 <strong>Batterie rechargeable Type-C 650mAh<\/strong> - Chargement rapide pour des performances tout au long de la journ\u00e9e.<br \/>\u2705 <strong>L\u00e9ger (78 g)<\/strong> - Compact et portable pour le vapotage en d\u00e9placement.<\/p><p>\u00a0<\/p><h3>Des options gustatives qui s\u00e9duisent<\/h3><p>\u2714 \ud83e\uded0\u2744\ufe0f <strong>Glace Razz Bleue<\/strong> - Une explosion de framboises bleues acidul\u00e9es avec une finale givr\u00e9e.<br \/>\u2714 \ud83c\udf53\u2744\ufe0f <strong>Glace aux trois baies<\/strong> - Un m\u00e9lange rafra\u00eechissant de baies sucr\u00e9es et acidul\u00e9es avec une touche glac\u00e9e.<br \/>\u2714 \ud83c\udf49\u2744\ufe0f <strong>Glace \u00e0 la past\u00e8que<\/strong> - Une past\u00e8que juteuse associ\u00e9e \u00e0 une sensation de fra\u00eecheur.<br \/>\u2714 \u26a1 <strong>\u00c9nergie<\/strong> - L'ar\u00f4me embl\u00e9matique de la boisson \u00e9nergisante sous forme de vape.<br \/>\u2714 \ud83c\udf48\ud83c\udf49 <strong>Melon triple<\/strong> - Un m\u00e9lange de melons sucr\u00e9s pour une \u00e9vasion tropicale.<br \/>\u2714 \ud83e\udd5d\ud83c\udf34\ud83c\udf50 <strong>Kiwi Fruit de la Passion Goyave<\/strong> - Un trio tropical de fruits exotiques.<br \/>\u2714 \ud83c\udf4d\ud83e\udd65 <strong>Ananas Noix de coco<\/strong> - Un m\u00e9lange cr\u00e9meux d'ananas sucr\u00e9 et de noix de coco.<br \/>\u2714 \ud83e\udd6d\ud83c\udf51 <strong>Triple Mangue<\/strong> - Une saveur de mangue audacieuse avec une touche tropicale.<br \/>\u2714 \ud83c\udf53\ud83e\udd5d <strong>Fraise Kiwi<\/strong> - Une fusion classique de fraises sucr\u00e9es et de kiwis acidul\u00e9s.<br \/>\u2714 \ud83e\uded0\u2744\ufe0f <strong>Glace aux myrtilles<\/strong> - Des myrtilles sucr\u00e9es avec une pointe de glace rafra\u00eechissante.<\/p><p>\u00a0<\/p><h3>Sp\u00e9cifications techniques<\/h3><p>\ud83d\udd0b <strong>Batterie :<\/strong> 650mAh (rechargeable via Type-C)<br \/>\ud83d\udca7 <strong>Capacit\u00e9 d'e-liquide :<\/strong> 20ml (pr\u00e9-rempli)<br \/>\u2699\ufe0f <strong>Bobine :<\/strong> Technologie Mesh Coil pour une meilleure saveur et une production de vapeur en douceur<br \/>\ud83d\udcd0 <strong>Dimensions :<\/strong> 30 x 108mm<br \/>\u2696\ufe0f <strong>Poids :<\/strong> 78g<br \/>\ud83d\udce6 <strong>Exp\u00e9dition rapide depuis l'entrep\u00f4t de l'UE :<\/strong> Livraison dans un d\u00e9lai de <em>3-5 jours<\/em>!<\/p><p>\u00a0<\/p><p>Le SAVAGE COLA BOTTLE 8000 Puffs est le m\u00e9lange parfait de commodit\u00e9, de style et de performance exceptionnelle. Commandez le v\u00f4tre aujourd'hui et profitez d'une exp\u00e9rience de vapotage extraordinaire !<\/p>\t\t\t\t\t\t\t\t<\/div>\n\t\t\t\t\t<\/div>\n\t\t\t\t<\/div>\n\t\t\t\t<\/div>","protected":false},"excerpt":{"rendered":"<p>Le <strong>SAVAGE COLA BOTTLE 8000 Puffs<\/strong> est un dispositif de vapotage \u00e9l\u00e9gant et portable qui allie style, performance et commodit\u00e9. Avec son design unique inspir\u00e9 des bouteilles et une vari\u00e9t\u00e9 d'ar\u00f4mes audacieux, cet appareil est parfait pour les vapoteurs qui veulent une exp\u00e9rience sans tracas mais de qualit\u00e9 sup\u00e9rieure.<\/p>","protected":false},"featured_media":982,"comment_status":"open","ping_status":"closed","template":"","meta":[],"product_brand":[230],"product_cat":[2267,237],"product_tag":[],"class_list":{"0":"post-965","1":"product","2":"type-product","3":"status-publish","4":"has-post-thumbnail","6":"product_brand-savage-vape","7":"product_cat-savage-disposable-vapes","8":"product_cat-disposable-vapes","9":"pa_battery-capacity-650-mah","10":"pa_charging-type-usb-c","11":"pa_e-liquid-capacity-20ml","12":"pa_puff-count-approx-8000","14":"first","15":"instock","16":"shipping-taxable","17":"purchasable","18":"product-type-variable"},"_links":{"self":[{"href":"https:\/\/vapenex.com\/fr\/wp-json\/wp\/v2\/product\/965","targetHints":{"allow":["GET"]}}],"collection":[{"href":"https:\/\/vapenex.com\/fr\/wp-json\/wp\/v2\/product"}],"about":[{"href":"https:\/\/vapenex.com\/fr\/wp-json\/wp\/v2\/types\/product"}],"replies":[{"embeddable":true,"href":"https:\/\/vapenex.com\/fr\/wp-json\/wp\/v2\/comments?post=965"}],"version-history":[{"count":1,"href":"https:\/\/vapenex.com\/fr\/wp-json\/wp\/v2\/product\/965\/revisions"}],"predecessor-version":[{"id":3681,"href":"https:\/\/vapenex.com\/fr\/wp-json\/wp\/v2\/product\/965\/revisions\/3681"}],"wp:featuredmedia":[{"embeddable":true,"href":"https:\/\/vapenex.com\/fr\/wp-json\/wp\/v2\/media\/982"}],"wp:attachment":[{"href":"https:\/\/vapenex.com\/fr\/wp-json\/wp\/v2\/media?parent=965"}],"wp:term":[{"taxonomy":"product_brand","embeddable":true,"href":"https:\/\/vapenex.com\/fr\/wp-json\/wp\/v2\/product_brand?post=965"},{"taxonomy":"product_cat","embeddable":true,"href":"https:\/\/vapenex.com\/fr\/wp-json\/wp\/v2\/product_cat?post=965"},{"taxonomy":"product_tag","embeddable":true,"href":"https:\/\/vapenex.com\/fr\/wp-json\/wp\/v2\/product_tag?post=965"}],"curies":[{"name":"wp","href":"https:\/\/api.w.org\/{rel}","templated":true}]}}