{"id":1104,"date":"2024-12-16T23:18:04","date_gmt":"2024-12-16T23:18:04","guid":{"rendered":"http:\/\/vapenex.com\/?post_type=product&#038;p=1104"},"modified":"2026-04-06T14:29:57","modified_gmt":"2026-04-06T14:29:57","slug":"savage-kamera-engangs-vape-18000-puffer","status":"publish","type":"product","link":"https:\/\/vapenex.com\/no\/savage-camera-disposable-vape-18000-puffs\/","title":{"rendered":"Savage Camera Engangs Vape 18000 Puffer"},"content":{"rendered":"<div data-elementor-type=\"product-post\" data-elementor-id=\"1104\" class=\"elementor elementor-1104\" data-elementor-post-type=\"product\">\n\t\t\t\t<div class=\"elementor-element elementor-element-1bad4d1e e-flex e-con-boxed e-con e-parent\" data-id=\"1bad4d1e\" data-element_type=\"container\" data-e-type=\"container\" data-settings=\"{&quot;ekit_has_onepagescroll_dot&quot;:&quot;yes&quot;}\">\n\t\t\t\t\t<div class=\"e-con-inner\">\n\t\t\t\t<div class=\"elementor-element elementor-element-6f42892c elementor-widget elementor-widget-text-editor\" data-id=\"6f42892c\" data-element_type=\"widget\" data-e-type=\"widget\" data-settings=\"{&quot;ekit_we_effect_on&quot;:&quot;none&quot;}\" data-widget_type=\"text-editor.default\">\n\t\t\t\t\t\t\t\t\t<h2>SAVAGE CAMERA 18000 Puffs - Fang hvert eneste damp\u00f8yeblikk!<\/h2><p>\u00a0<\/p><h3>Stilig design fullpakket med ytelse og smak!<\/h3><p>Den <strong>SAVAGE CAMERA 18000<\/strong> er en revolusjonerende dampenhet som kombinerer banebrytende teknologi med et elegant, kamerainspirert design. Med sine avanserte funksjoner, utvidede puffkapasitet og en rekke uimotst\u00e5elige smaker er denne enheten perfekt for dampere som krever stil og substans.<\/p><p>\u00a0<\/p><h3>Fordeler med SAVAGE CAMERA 18000 Puffs<\/h3><p>\u2705 <strong>18 000 Puffs<\/strong> - Nyt langvarige \u00f8kter uten avbrudd.<br \/>\u2705 <strong>28 ml e-v\u00e6ske-kapasitet<\/strong> - Gener\u00f8s kapasitet for problemfri damping.<br \/>\u2705 <strong>20 mg \/ 50 mg Nic Salt-alternativer<\/strong> - Skreddersy nikotinstyrken etter dine preferanser.<br \/>\u2705 <strong>Mesh Coil-teknologi<\/strong> - Opplev forbedret smak og jevn dampproduksjon.<br \/>\u2705 <strong>Digital skjerm<\/strong> - Overv\u00e5k bruken din med enkelhet og presisjon.<br \/>\u2705 <strong>650 mAh Type-C oppladbart batteri<\/strong> - Hurtiglading for ytelse hele dagen.<br \/>\u2705 <strong>Kompakt design (24 x 44 x 85 mm)<\/strong> - Lett og b\u00e6rbar for optimal brukervennlighet.<\/p><p>\u00a0<\/p><h3>Smaksalternativer som begeistrer<\/h3><p>\u2714 \ud83c\udf53\ud83c\udf4c <strong>Jordb\u00e6r Banan<\/strong> - En kremet blanding av s\u00f8te jordb\u00e6r og modne bananer.<br \/>\u2714 \ud83e\uded0\u2744\ufe0f <strong>Blue Razz Ice<\/strong> - En syrlig bl\u00e5 bringeb\u00e6reksplosjon med en isete avslutning.<br \/>\u2714 \ud83d\udc09\u2744\ufe0f <strong>Black Dragon Ice<\/strong> - Fet dragefrukt med en frostig kant.<br \/>\u2714 \ud83c\udf49\ud83c\udf6c <strong>Vannmelon Bubble Gum<\/strong> - Saftig vannmelon m\u00f8ter klassisk tyggegummis\u00f8dme.<br \/>\u2714 \ud83c\udf53\ud83e\udd5d <strong>Jordb\u00e6r Kiwi<\/strong> - En tropisk blanding av s\u00f8te jordb\u00e6r og syrlig kiwi.<br \/>\u2714 \ud83c\udf53\ud83c\udf49 <strong>Jordb\u00e6r vannmelon<\/strong> - En saftig duo av sommerens favorittfrukter.<br \/>\u2714 \ud83c\udf53\ud83c\udf79 <strong>Jordb\u00e6rjuice<\/strong> - Ren jordb\u00e6rgodhet i hvert eneste drag.<br \/>\u2714 \ud83c\udf4f\u2744\ufe0f <strong>Surt eple bringeb\u00e6r<\/strong> - En syrlig-s\u00f8t blanding av gr\u00f8nt eple og bringeb\u00e6r med en forfriskende kj\u00f8lighet.<br \/>\u2714 \ud83e\uded0\u2744\ufe0f <strong>Bl\u00e5b\u00e6ris<\/strong> - S\u00f8te bl\u00e5b\u00e6r kombinert med iskald kj\u00f8lighet.<br \/>\u2714 \ud83c\udf4a\ud83e\udd64 <strong>Appelsin brus<\/strong> - Pikant appelsinsmak med en brusende vri.<\/p><p>\u00a0<\/p><h3>Tekniske spesifikasjoner<\/h3><p>\ud83d\udd0b <strong>Batteri:<\/strong> 650 mAh (oppladbar via Type-C, hurtiglading)<br \/>\ud83d\udca7 <strong>E-v\u00e6ske kapasitet:<\/strong> 28 ml (ferdigfylt)<br \/>\u2699\ufe0f <strong>Spole:<\/strong> Mesh Coil-teknologi for forbedret smak og jevn dampproduksjon<br \/>\ud83d\udcf1 <strong>Visning:<\/strong> Digital skjerm for enkel overv\u00e5king av bruken<br \/>\ud83d\udcd0 <strong>Dimensjoner:<\/strong> 24 x 44 x 85 mm<br \/>\ud83d\udce6 <strong>Rask levering fra EU-lageret:<\/strong> Levering innen bare <em>3-5 dager<\/em>!<\/p><p>\u00a0<\/p><p>SAVAGE CAMERA 18000 kombinerer innovativ design, avansert teknologi og dristige smaker for \u00e5 levere en eksepsjonell dampopplevelse. Ikke vent - bestill n\u00e5 og la hvert drag fortelle din historie!<\/p>\t\t\t\t\t\t\t\t<\/div>\n\t\t\t\t\t<\/div>\n\t\t\t\t<\/div>\n\t\t\t\t<\/div>","protected":false},"excerpt":{"rendered":"<p>Den <strong>SAVAGE CAMERA 18000<\/strong> er en revolusjonerende dampenhet som kombinerer banebrytende teknologi med et elegant, kamerainspirert design. Med sine avanserte funksjoner, utvidede puffkapasitet og en rekke uimotst\u00e5elige smaker er denne enheten perfekt for dampere som krever stil og substans.<\/p>","protected":false},"featured_media":1171,"comment_status":"open","ping_status":"closed","template":"","meta":[],"product_brand":[230],"product_cat":[2267,237],"product_tag":[],"class_list":{"0":"post-1104","1":"product","2":"type-product","3":"status-publish","4":"has-post-thumbnail","6":"product_brand-savage-vape","7":"product_cat-savage-disposable-vapes","8":"product_cat-disposable-vapes","9":"pa_battery-capacity-650-mah","10":"pa_charging-type-usb-c","11":"pa_e-liquid-capacity-28ml","12":"pa_puff-count-approx-18000","14":"first","15":"instock","16":"shipping-taxable","17":"purchasable","18":"product-type-variable"},"_links":{"self":[{"href":"https:\/\/vapenex.com\/no\/wp-json\/wp\/v2\/product\/1104","targetHints":{"allow":["GET"]}}],"collection":[{"href":"https:\/\/vapenex.com\/no\/wp-json\/wp\/v2\/product"}],"about":[{"href":"https:\/\/vapenex.com\/no\/wp-json\/wp\/v2\/types\/product"}],"replies":[{"embeddable":true,"href":"https:\/\/vapenex.com\/no\/wp-json\/wp\/v2\/comments?post=1104"}],"version-history":[{"count":1,"href":"https:\/\/vapenex.com\/no\/wp-json\/wp\/v2\/product\/1104\/revisions"}],"predecessor-version":[{"id":3679,"href":"https:\/\/vapenex.com\/no\/wp-json\/wp\/v2\/product\/1104\/revisions\/3679"}],"wp:featuredmedia":[{"embeddable":true,"href":"https:\/\/vapenex.com\/no\/wp-json\/wp\/v2\/media\/1171"}],"wp:attachment":[{"href":"https:\/\/vapenex.com\/no\/wp-json\/wp\/v2\/media?parent=1104"}],"wp:term":[{"taxonomy":"product_brand","embeddable":true,"href":"https:\/\/vapenex.com\/no\/wp-json\/wp\/v2\/product_brand?post=1104"},{"taxonomy":"product_cat","embeddable":true,"href":"https:\/\/vapenex.com\/no\/wp-json\/wp\/v2\/product_cat?post=1104"},{"taxonomy":"product_tag","embeddable":true,"href":"https:\/\/vapenex.com\/no\/wp-json\/wp\/v2\/product_tag?post=1104"}],"curies":[{"name":"wp","href":"https:\/\/api.w.org\/{rel}","templated":true}]}}