{"id":1282,"date":"2024-12-17T01:58:20","date_gmt":"2024-12-17T01:58:20","guid":{"rendered":"http:\/\/vapenex.com\/?post_type=product&#038;p=1282"},"modified":"2026-04-06T14:29:57","modified_gmt":"2026-04-06T14:29:57","slug":"savage-monster-engangs-vape-20000-puffer","status":"publish","type":"product","link":"https:\/\/vapenex.com\/no\/savage-monster-disposable-vape-20000-puffs\/","title":{"rendered":"Savage Monster+ Engangs Vape 20000 Puffer"},"content":{"rendered":"<div data-elementor-type=\"product-post\" data-elementor-id=\"1282\" class=\"elementor elementor-1282\" data-elementor-post-type=\"product\">\n\t\t\t\t<div class=\"elementor-element elementor-element-51afa936 e-flex e-con-boxed e-con e-parent\" data-id=\"51afa936\" data-element_type=\"container\" data-e-type=\"container\" data-settings=\"{&quot;ekit_has_onepagescroll_dot&quot;:&quot;yes&quot;}\">\n\t\t\t\t\t<div class=\"e-con-inner\">\n\t\t\t\t<div class=\"elementor-element elementor-element-669269bd elementor-widget elementor-widget-text-editor\" data-id=\"669269bd\" data-element_type=\"widget\" data-e-type=\"widget\" data-settings=\"{&quot;ekit_we_effect_on&quot;:&quot;none&quot;}\" data-widget_type=\"text-editor.default\">\n\t\t\t\t\t\t\t\t\t<h2>SAVAGE MONSTER+ 20000 Puffs - Bygget for dristig damping!<\/h2><h3>\u00a0<\/h3><h3>Kompakt design, stor ytelse og uimotst\u00e5elige smaker!<\/h3><p>Den <strong>VILT MONSTER + 20000 <strong>Puffs<\/strong><\/strong> er laget for \u00e5 levere en s\u00f8ml\u00f8s dampopplevelse med sin elegante design, kraftige ytelse og eksepsjonelle smaksvariasjon. Denne enheten er perfekt for deg som setter pris p\u00e5 bekvemmelighet og stil, og tilbyr alt du trenger i en kompakt pakke.<\/p><h3>\u00a0<\/h3><h3>Hva gj\u00f8r at SAVAGE MONSTER+ 20000 skiller seg ut?<\/h3><p>\u2705 <strong>20 000 Puffs<\/strong> - Nyt langvarig bruk uten avbrudd.<br \/>\u2705 <strong>20 ml e-v\u00e6ske-kapasitet<\/strong> - Ferdigfylt for problemfri damping.<br \/>\u2705 <strong>0\/20\/30\/50 mg Nic Salt-alternativer<\/strong> - Juster nikotinstyrken etter dine preferanser.<br \/>\u2705 <strong>Utskiftbart pod-system for engangsbruk<\/strong> - Enkel \u00e5 bruke og vedlikeholde.<br \/>\u2705 <strong>650 mAh oppladbart batteri<\/strong> - P\u00e5litelig str\u00f8m med rask Type-C-lading.<br \/>\u2705 <strong>Lettvekt p\u00e5 110 g<\/strong> - Designet for b\u00e6rbarhet og komfort.<\/p><h3>\u00a0<\/h3><h3>Smaksalternativer som begeistrer<\/h3><p>\u2714 \ud83c\udf31\u2744\ufe0f <strong>Miami Mint<\/strong> - En forfriskende smak av kj\u00f8lig mynte.<br \/>\u2714 \ud83e\uded0\ud83c\udf4b <strong>Blue Razz Lemonade<\/strong> - Syrlig bl\u00e5 bringeb\u00e6r m\u00f8ter syrlig limonade.<br \/>\u2714 \ud83c\udf4b\u2744\ufe0f <strong>Sitron Lime<\/strong> - En sitrusaktig duo av fet sitron og lime.<br \/>\u2714 \ud83c\udf49\u2744\ufe0f <strong>Vannmelon is<\/strong> - Saftig vannmelon med en frostig avslutning.<br \/>\u2714 \ud83e\udd6d\u2744\ufe0f <strong>Mango is<\/strong> - S\u00f8t mango kombinert med en iskald nedkj\u00f8ling.<br \/>\u2714 \ud83c\udf66\ud83c\udf3f <strong>Vanicreme Tobakk<\/strong> - Glatt vaniljekrem blandet med robust tobakk.<br \/>\u2714 \ud83c\udf47\u2744\ufe0f <strong>Drue is<\/strong> - Fet druesmak med en forfriskende, isete kant.<br \/>\u2714 \ud83d\udc09\ud83c\udf4c\ud83c\udf52 <strong>Dragefrukt Banankirseb\u00e6r<\/strong> - En tropisk blanding av eksotiske frukter.<br \/>\u2714 \ud83c\udf53\ud83c\udf52 <strong>Blandede b\u00e6r<\/strong> - En s\u00f8t og syrlig b\u00e6reksplosjon.<br \/>\u2714 \ud83e\udd64\ud83c\udf52 <strong>Cherry Cola<\/strong> - Klassisk cola tilsatt s\u00f8te kirseb\u00e6rtoner.<\/p><h3>\u00a0<\/h3><h3>Tekniske spesifikasjoner<\/h3><p>\ud83d\udd0b Batteri: 650 mAh (oppladbart via Type-C)<br \/>\ud83d\udca7 E-v\u00e6skekapasitet: 20 ml (ferdigfylt)<br \/>\u2699\ufe0f Pod-system: Utskiftbare pods til engangsbruk<br \/>\ud83d\udce6 <strong>Rask levering fra EU-lageret:<\/strong> Levering p\u00e5 bare <em>3-5 dager<\/em>!<\/p><p>\u00a0<\/p><p>SAVAGE MONSTER+ 20000 er det perfekte valget for dampere som krever bekvemmelighet, stil og eksepsjonell ytelse i \u00e9n og samme enhet. Bestill n\u00e5 og f\u00e5 en bedre dampopplevelse i dag!<\/p>\t\t\t\t\t\t\t\t<\/div>\n\t\t\t\t\t<\/div>\n\t\t\t\t<\/div>\n\t\t\t\t<\/div>","protected":false},"excerpt":{"rendered":"<p>Den <strong>VILT MONSTER + 20000<\/strong> er laget for \u00e5 levere en s\u00f8ml\u00f8s dampopplevelse med sin elegante design, kraftige ytelse og eksepsjonelle smaksvariasjon. Denne enheten er perfekt for deg som setter pris p\u00e5 bekvemmelighet og stil, og tilbyr alt du trenger i en kompakt pakke.<\/p>","protected":false},"featured_media":1326,"comment_status":"open","ping_status":"closed","template":"","meta":[],"product_brand":[230],"product_cat":[2267,237],"product_tag":[],"class_list":{"0":"post-1282","1":"product","2":"type-product","3":"status-publish","4":"has-post-thumbnail","6":"product_brand-savage-vape","7":"product_cat-savage-disposable-vapes","8":"product_cat-disposable-vapes","9":"pa_battery-capacity-650-mah","10":"pa_charging-type-usb-c","11":"pa_e-liquid-capacity-20ml","12":"pa_puff-count-approx-20000","14":"first","15":"instock","16":"shipping-taxable","17":"purchasable","18":"product-type-variable"},"_links":{"self":[{"href":"https:\/\/vapenex.com\/no\/wp-json\/wp\/v2\/product\/1282","targetHints":{"allow":["GET"]}}],"collection":[{"href":"https:\/\/vapenex.com\/no\/wp-json\/wp\/v2\/product"}],"about":[{"href":"https:\/\/vapenex.com\/no\/wp-json\/wp\/v2\/types\/product"}],"replies":[{"embeddable":true,"href":"https:\/\/vapenex.com\/no\/wp-json\/wp\/v2\/comments?post=1282"}],"version-history":[{"count":1,"href":"https:\/\/vapenex.com\/no\/wp-json\/wp\/v2\/product\/1282\/revisions"}],"predecessor-version":[{"id":3677,"href":"https:\/\/vapenex.com\/no\/wp-json\/wp\/v2\/product\/1282\/revisions\/3677"}],"wp:featuredmedia":[{"embeddable":true,"href":"https:\/\/vapenex.com\/no\/wp-json\/wp\/v2\/media\/1326"}],"wp:attachment":[{"href":"https:\/\/vapenex.com\/no\/wp-json\/wp\/v2\/media?parent=1282"}],"wp:term":[{"taxonomy":"product_brand","embeddable":true,"href":"https:\/\/vapenex.com\/no\/wp-json\/wp\/v2\/product_brand?post=1282"},{"taxonomy":"product_cat","embeddable":true,"href":"https:\/\/vapenex.com\/no\/wp-json\/wp\/v2\/product_cat?post=1282"},{"taxonomy":"product_tag","embeddable":true,"href":"https:\/\/vapenex.com\/no\/wp-json\/wp\/v2\/product_tag?post=1282"}],"curies":[{"name":"wp","href":"https:\/\/api.w.org\/{rel}","templated":true}]}}