{"id":1381,"date":"2024-12-17T18:35:54","date_gmt":"2024-12-17T18:35:54","guid":{"rendered":"http:\/\/vapenex.com\/?post_type=product&#038;p=1381"},"modified":"2026-04-06T14:29:57","modified_gmt":"2026-04-06T14:29:57","slug":"savage-fitness-engangs-vape-30000-puffer","status":"publish","type":"product","link":"https:\/\/vapenex.com\/no\/savage-fitness-disposable-vape-30000-puffs\/","title":{"rendered":"Savage Fitness Engangs Vape 30000 Puffer"},"content":{"rendered":"<div data-elementor-type=\"product-post\" data-elementor-id=\"1381\" class=\"elementor elementor-1381\" data-elementor-post-type=\"product\">\n\t\t\t\t<div class=\"elementor-element elementor-element-18c9317 e-flex e-con-boxed e-con e-parent\" data-id=\"18c9317\" data-element_type=\"container\" data-e-type=\"container\" data-settings=\"{&quot;ekit_has_onepagescroll_dot&quot;:&quot;yes&quot;}\">\n\t\t\t\t\t<div class=\"e-con-inner\">\n\t\t\t\t<div class=\"elementor-element elementor-element-7e27506f elementor-widget elementor-widget-text-editor\" data-id=\"7e27506f\" data-element_type=\"widget\" data-e-type=\"widget\" data-settings=\"{&quot;ekit_we_effect_on&quot;:&quot;none&quot;}\" data-widget_type=\"text-editor.default\">\n\t\t\t\t\t\t\t\t\t<h2>SAVAGE FITNESS 30000 Puffs - der stil m\u00f8ter ytelse!<\/h2><h3>\u00a0<\/h3><h3>Slipp l\u00f8s innovasjonskraften med hver eneste puff!<\/h3><p>Den <strong>SAVAGE FITNESS 30000 Puffs<\/strong> er mer enn bare en dampenhet - den er et uttrykk for stil og funksjonalitet. Med sin unike fidget spinner-ringdesign, enorme puffkapasitet og uimotst\u00e5elige smaker er denne enheten perfekt for dampere som \u00f8nsker \u00e5 skille seg ut og samtidig nyte f\u00f8rsteklasses ytelse.<\/p><p>\u00a0<\/p><h3>Funksjoner som skiller SAVAGE FITNESS 30000 fra andre<\/h3><p>\u2705 <strong>30 000 Puffs<\/strong> - Nyt langvarig ytelse uten avbrudd.<br \/>\u2705 <strong>30 ml e-v\u00e6ske-kapasitet<\/strong> - Ferdigfylt for utvidet bruk og bekvemmelighet.<br \/>\u2705 <strong>0\/20\/30\/50 mg Nic Salt-alternativer<\/strong> - Skreddersy nikotinstyrken etter dine preferanser.<br \/>\u2705 <strong>Ring i fidget spinner-stil<\/strong> - Et morsomt og stilig tilskudd til dampopplevelsen din.<br \/>\u2705 <strong>150 g Lettvektsdesign<\/strong> - B\u00e6rbar og enkel \u00e5 ta med seg overalt.<\/p><p>\u00a0<\/p><h3>Smaker som f\u00e5r deg til \u00e5 komme tilbake<\/h3><p>\u2714 \ud83c\udf53 <strong>Blandede b\u00e6r svart<\/strong> - En rik blanding av s\u00f8te og syrlige b\u00e6r.<br \/>\u2714 \u2744\ufe0f <strong>Rips is<\/strong> - Fet solb\u00e6r med en forfriskende, isete vri.<br \/>\u2714 \ud83e\uded0\ud83c\udf6c <strong>Blueberry Gum Blue Razz<\/strong> - En fruktig eksplosjon av bl\u00e5b\u00e6r og bl\u00e5 bringeb\u00e6r med en avslutning av tyggegummi.<br \/>\u2714 \ud83c\udf4b\ud83e\udd64 <strong>Lemonade<\/strong> - Syrlig og forfriskende sitrus.<br \/>\u2714 \ud83c\udf52\ud83c\udf89 <strong>Cherry Fiesta<\/strong> - En s\u00f8t og syrlig kirseb\u00e6rfeiring i hvert eneste drag.<\/p><p>\u00a0<\/p><h3>Tekniske spesifikasjoner<\/h3><p>\ud83d\udd0b Batteri: Langvarig ytelse for lengre \u00f8kter<br \/>\ud83d\udca7 E-v\u00e6skekapasitet: 30 ml (ferdigfylt)<br \/>\u2699\ufe0f Design: Fidget Spinner Style Ring for ekstra funksjonalitet<br \/>\ud83d\udce6 <strong>Rask levering fra EU-lageret:<\/strong> Levering p\u00e5 bare <em>3-5 dager<\/em>!<\/p><p>\u00a0<\/p><p>Gj\u00f8r en dristig uttalelse med SAVAGE FITNESS 30000! Denne enheten kombinerer innovativ design, f\u00f8rsteklasses smaker og uovertruffen ytelse, og er perfekt for dampere som vil ha alt. Bestill n\u00e5 og l\u00f8ft dampopplevelsen din i dag!<\/p>\t\t\t\t\t\t\t\t<\/div>\n\t\t\t\t\t<\/div>\n\t\t\t\t<\/div>\n\t\t\t\t<\/div>","protected":false},"excerpt":{"rendered":"<p>Den <strong>SAVAGE FITNESS 30000 Puffs<\/strong> er mer enn bare en dampenhet - den er et uttrykk for stil og funksjonalitet. Med sin unike fidget spinner-ringdesign, enorme puffkapasitet og uimotst\u00e5elige smaker er denne enheten perfekt for dampere som \u00f8nsker \u00e5 skille seg ut og samtidig nyte f\u00f8rsteklasses ytelse.<\/p>","protected":false},"featured_media":1391,"comment_status":"open","ping_status":"closed","template":"","meta":[],"product_brand":[230],"product_cat":[2267,237],"product_tag":[],"class_list":{"0":"post-1381","1":"product","2":"type-product","3":"status-publish","4":"has-post-thumbnail","6":"product_brand-savage-vape","7":"product_cat-savage-disposable-vapes","8":"product_cat-disposable-vapes","9":"pa_battery-capacity-650-mah","10":"pa_charging-type-usb-c","11":"pa_e-liquid-capacity-30ml","12":"pa_puff-count-approx-30000","14":"first","15":"instock","16":"shipping-taxable","17":"purchasable","18":"product-type-variable"},"_links":{"self":[{"href":"https:\/\/vapenex.com\/no\/wp-json\/wp\/v2\/product\/1381","targetHints":{"allow":["GET"]}}],"collection":[{"href":"https:\/\/vapenex.com\/no\/wp-json\/wp\/v2\/product"}],"about":[{"href":"https:\/\/vapenex.com\/no\/wp-json\/wp\/v2\/types\/product"}],"replies":[{"embeddable":true,"href":"https:\/\/vapenex.com\/no\/wp-json\/wp\/v2\/comments?post=1381"}],"version-history":[{"count":1,"href":"https:\/\/vapenex.com\/no\/wp-json\/wp\/v2\/product\/1381\/revisions"}],"predecessor-version":[{"id":3676,"href":"https:\/\/vapenex.com\/no\/wp-json\/wp\/v2\/product\/1381\/revisions\/3676"}],"wp:featuredmedia":[{"embeddable":true,"href":"https:\/\/vapenex.com\/no\/wp-json\/wp\/v2\/media\/1391"}],"wp:attachment":[{"href":"https:\/\/vapenex.com\/no\/wp-json\/wp\/v2\/media?parent=1381"}],"wp:term":[{"taxonomy":"product_brand","embeddable":true,"href":"https:\/\/vapenex.com\/no\/wp-json\/wp\/v2\/product_brand?post=1381"},{"taxonomy":"product_cat","embeddable":true,"href":"https:\/\/vapenex.com\/no\/wp-json\/wp\/v2\/product_cat?post=1381"},{"taxonomy":"product_tag","embeddable":true,"href":"https:\/\/vapenex.com\/no\/wp-json\/wp\/v2\/product_tag?post=1381"}],"curies":[{"name":"wp","href":"https:\/\/api.w.org\/{rel}","templated":true}]}}