{"id":1437,"date":"2024-12-17T19:09:10","date_gmt":"2024-12-17T19:09:10","guid":{"rendered":"http:\/\/vapenex.com\/?post_type=product&#038;p=1437"},"modified":"2026-04-06T14:29:57","modified_gmt":"2026-04-06T14:29:57","slug":"savage-s-power-engangs-vape-30000-puffer","status":"publish","type":"product","link":"https:\/\/vapenex.com\/no\/savage-s-power-disposable-vape-30000-puffs\/","title":{"rendered":"Savage S Power Engangs Vape 30000 Puffer"},"content":{"rendered":"<div data-elementor-type=\"product-post\" data-elementor-id=\"1437\" class=\"elementor elementor-1437\" data-elementor-post-type=\"product\">\n\t\t\t\t<div class=\"elementor-element elementor-element-3ac0b305 e-flex e-con-boxed e-con e-parent\" data-id=\"3ac0b305\" data-element_type=\"container\" data-e-type=\"container\" data-settings=\"{&quot;ekit_has_onepagescroll_dot&quot;:&quot;yes&quot;}\">\n\t\t\t\t\t<div class=\"e-con-inner\">\n\t\t\t\t<div class=\"elementor-element elementor-element-79fcd3de elementor-widget elementor-widget-text-editor\" data-id=\"79fcd3de\" data-element_type=\"widget\" data-e-type=\"widget\" data-settings=\"{&quot;ekit_we_effect_on&quot;:&quot;none&quot;}\" data-widget_type=\"text-editor.default\">\n\t\t\t\t\t\t\t\t\t<h2>SAVAGE S POWER 30000 Puffs - Kraft m\u00f8ter presisjon!<\/h2><h3>\u00a0<\/h3><h3>Smakseksplosjon, avanserte funksjoner og ustoppelig ytelse!<\/h3><p>Gj\u00f8r deg klar til \u00e5 omdefinere dampopplevelsen din med <strong>SAVAGE S POWER 30000 Puffs<\/strong>. Denne enheten er laget for dampere som krever den perfekte balansen mellom stil, kraft og innovasjon. Enten du er en smakskjenner eller en skyentusiast, leverer SAVAGE S POWER 30000 p\u00e5 alle fronter.<\/p><h3>\u00a0<\/h3><h3>Hva gj\u00f8r SAVAGE S POWER 30000 til noe helt spesielt?<\/h3><p>\u2705 <strong>30 000 Puffs<\/strong> - Designet for langvarig bruk uten kompromisser.<br \/>\u2705 <strong>29 ml e-v\u00e6ske-kapasitet<\/strong> - Ferdigfylt for uavbrutte damp\u00f8kter.<br \/>\u2705 <strong>0\/20\/30\/50 mg Nic Salt-alternativer<\/strong> - Velg den nikotinstyrken som passer dine behov.<br \/>\u2705 <strong>Fire oppvarmingsmoduser<\/strong> - Skreddersy hver eneste puff til akkurat dine preferanser.<br \/>\u2705 <strong>Mesh Coil-teknologi<\/strong> - F\u00e5 intense smaker og jevn dampproduksjon.<br \/>\u2705 <strong>Justerbar luftstr\u00f8m<\/strong> - Tilpass inhaleringen for \u00e5 f\u00e5 det perfekte trekket.<br \/>\u2705 <strong>Barnesikret l\u00e5sefunksjon<\/strong> - Sikkerhet og bekvemmelighet i skj\u00f8nn forening.<br \/>\u2705 <strong>120 g Lettvektsdesign<\/strong> - B\u00e6rbar og elegant for bruk p\u00e5 farten.<\/p><h3>\u00a0<\/h3><h3>Smaker som f\u00e5r deg til \u00e5 komme tilbake<\/h3><p>\u2714 \ud83c\udf53\ud83e\udd6d <strong>Jordb\u00e6r Mango<\/strong> - En tropisk blanding av s\u00f8te jordb\u00e6r og moden mango.<br \/>\u2714 \ud83c\udf49\u2744\ufe0f <strong>Vannmelon is<\/strong> - Saftig vannmelon med en kj\u00f8lig kulde.<br \/>\u2714 \ud83c\udf53\ud83e\udd5d <strong>Jordb\u00e6r Kiwi<\/strong> - En syrlig-s\u00f8t duo av klassiske frukter.<br \/>\u2714 \ud83e\uded0\u2744\ufe0f <strong>Bl\u00e5b\u00e6ris<\/strong> - S\u00f8te bl\u00e5b\u00e6r med en isete kant.<br \/>\u2714 \ud83e\uded0\u2744\ufe0f <strong>Bl\u00e5 bringeb\u00e6ris<\/strong> - En syrlig bl\u00e5 bringeb\u00e6reksplosjon med en forfriskende kj\u00f8lighet.<br \/>\u2714 \ud83c\udf47\ud83c\udf38 <strong>Sakura-druer<\/strong> - En delikat blanding av blomstrende sakura og saftige druer.<br \/>\u2714 \ud83c\udf52\ud83c\udf4e <strong>Kirseb\u00e6rgranateple<\/strong> - En dristig blanding av s\u00f8te kirseb\u00e6r og syrlig granateple.<br \/>\u2714 \ud83c\udf53\ud83c\udf52 <strong>Blandede b\u00e6r<\/strong> - En blanding av b\u00e6r som sprudler av smak.<br \/>\u2714 \ud83e\udd64\u2744\ufe0f <strong>Cola is<\/strong> - Klassisk cola med en frostig finish.<br \/>\u2714 \ud83c\udf53\ud83c\udf49 <strong>Jordb\u00e6r vannmelon<\/strong> - En saftig kombinasjon av sommerens favorittfrukter.<\/p><p>\u00a0<\/p><h3>Tekniske spesifikasjoner<\/h3><p>\ud83d\udd0b Batteri: 700 mAh (oppladbart via Type-C)<br \/>\ud83d\udca7 E-v\u00e6skekapasitet: 29 ml (ferdigfylt)<br \/>\u2699\ufe0f Coil: Mesh-spole for overlegen ytelse<br \/>\ud83c\udf2c\ufe0f Luftstr\u00f8m: Justerbar for \u00e5 passe dine preferanser<br \/>\ud83d\udce6 <strong>Rask levering fra EU-lageret:<\/strong> Levering p\u00e5 bare <em>3-5 dager<\/em>!<\/p><p>\u00a0<\/p><p>F\u00e5 fart p\u00e5 dampingen din med SAVAGE S POWER 30000 Puffs! Denne enheten er fullpakket med avanserte funksjoner og uimotst\u00e5elige smaker, og er bygget for \u00e5 imponere og prestere p\u00e5 alle niv\u00e5er. Ikke vent - bestill din i dag og opplev damping som aldri f\u00f8r!<\/p>\t\t\t\t\t\t\t\t<\/div>\n\t\t\t\t\t<\/div>\n\t\t\t\t<\/div>\n\t\t\t\t<\/div>","protected":false},"excerpt":{"rendered":"<p>Gj\u00f8r deg klar til \u00e5 omdefinere dampopplevelsen din med <strong>SAVAGE S POWER 30000<\/strong>. Denne enheten er laget for dampere som krever den perfekte balansen mellom stil, kraft og innovasjon. Enten du er en smakskjenner eller en skyentusiast, leverer SAVAGE S POWER 30000 p\u00e5 alle fronter.<\/p>","protected":false},"featured_media":1439,"comment_status":"open","ping_status":"closed","template":"","meta":[],"product_brand":[230],"product_cat":[2267,237],"product_tag":[],"class_list":{"0":"post-1437","1":"product","2":"type-product","3":"status-publish","4":"has-post-thumbnail","6":"product_brand-savage-vape","7":"product_cat-savage-disposable-vapes","8":"product_cat-disposable-vapes","9":"pa_battery-capacity-650-mah","10":"pa_charging-type-usb-c","11":"pa_e-liquid-capacity-29ml","12":"pa_puff-count-approx-30000","14":"first","15":"instock","16":"shipping-taxable","17":"purchasable","18":"product-type-variable"},"_links":{"self":[{"href":"https:\/\/vapenex.com\/no\/wp-json\/wp\/v2\/product\/1437","targetHints":{"allow":["GET"]}}],"collection":[{"href":"https:\/\/vapenex.com\/no\/wp-json\/wp\/v2\/product"}],"about":[{"href":"https:\/\/vapenex.com\/no\/wp-json\/wp\/v2\/types\/product"}],"replies":[{"embeddable":true,"href":"https:\/\/vapenex.com\/no\/wp-json\/wp\/v2\/comments?post=1437"}],"version-history":[{"count":1,"href":"https:\/\/vapenex.com\/no\/wp-json\/wp\/v2\/product\/1437\/revisions"}],"predecessor-version":[{"id":3675,"href":"https:\/\/vapenex.com\/no\/wp-json\/wp\/v2\/product\/1437\/revisions\/3675"}],"wp:featuredmedia":[{"embeddable":true,"href":"https:\/\/vapenex.com\/no\/wp-json\/wp\/v2\/media\/1439"}],"wp:attachment":[{"href":"https:\/\/vapenex.com\/no\/wp-json\/wp\/v2\/media?parent=1437"}],"wp:term":[{"taxonomy":"product_brand","embeddable":true,"href":"https:\/\/vapenex.com\/no\/wp-json\/wp\/v2\/product_brand?post=1437"},{"taxonomy":"product_cat","embeddable":true,"href":"https:\/\/vapenex.com\/no\/wp-json\/wp\/v2\/product_cat?post=1437"},{"taxonomy":"product_tag","embeddable":true,"href":"https:\/\/vapenex.com\/no\/wp-json\/wp\/v2\/product_tag?post=1437"}],"curies":[{"name":"wp","href":"https:\/\/api.w.org\/{rel}","templated":true}]}}