{"id":2341,"date":"2024-12-23T23:39:09","date_gmt":"2024-12-23T23:39:09","guid":{"rendered":"http:\/\/vapenex.com\/?post_type=product&#038;p=2341"},"modified":"2025-08-29T16:26:37","modified_gmt":"2025-08-29T16:26:37","slug":"fire-vape-dual-engangs-vape-20000-30000-puffer","status":"publish","type":"product","link":"https:\/\/vapenex.com\/no\/fire-vape-dual-disposable-vape-20000-30000-puffs\/","title":{"rendered":"Fire Vape Dual Engangs Vape 20000\/30000 Puffer"},"content":{"rendered":"<div data-elementor-type=\"product-post\" data-elementor-id=\"2341\" class=\"elementor elementor-2341\" data-elementor-post-type=\"product\">\n\t\t\t\t<div class=\"elementor-element elementor-element-2ba9a00e e-flex e-con-boxed e-con e-parent\" data-id=\"2ba9a00e\" data-element_type=\"container\" data-e-type=\"container\" data-settings=\"{&quot;ekit_has_onepagescroll_dot&quot;:&quot;yes&quot;}\">\n\t\t\t\t\t<div class=\"e-con-inner\">\n\t\t\t\t<div class=\"elementor-element elementor-element-2b43904d elementor-widget elementor-widget-text-editor\" data-id=\"2b43904d\" data-element_type=\"widget\" data-e-type=\"widget\" data-settings=\"{&quot;ekit_we_effect_on&quot;:&quot;none&quot;}\" data-widget_type=\"text-editor.default\">\n\t\t\t\t\t\t\t\t\t<h2 class=\"wp-block-heading\">FIRE VAPE VOLCANO 20000\/30000 Puffs - Omdefiner din dampopplevelse!<\/h2><h3>\u00a0<\/h3><h3>Uovertruffen ytelse, utrolige smaker og langvarig tilfredshet!<\/h3><p>Den <strong>BRANN VAPE VULKAN<\/strong><strong> 20000\/30000<\/strong> er den ultimate enheten for dampere som krever kraft, smak og bekvemmelighet. Med sine banebrytende funksjoner og elegante design er denne enheten perfekt for b\u00e5de nybegynnere og erfarne entusiaster.<\/p><p>\u00a0<\/p><h3 class=\"wp-block-heading\">Hvorfor velge FIRE VAPE VOLCANO?<\/h3><p>\u2705 <strong>30 000 puffer i vanlig modus og 20 000 puffer i boost-modus<\/strong> - Uovertruffen lang levetid for uavbrutt glede.<br \/>\u2705 <strong>30 ml e-v\u00e6ske-kapasitet<\/strong> - Du trenger ikke \u00e5 bekymre deg for konstant p\u00e5fylling.<br \/>\u2705 <strong>Justerbare str\u00f8minnstillinger<\/strong> - Tilpass dampintensiteten etter hum\u00f8ret ditt.<br \/>\u2705 <strong>650 mAh oppladbart batteri<\/strong> - Rask og praktisk Type-C-lading for bruk hele dagen.<br \/>\u2705 <strong>Innebygd smart skjerm<\/strong> - Overv\u00e5k enkelt batterilevetiden og antall pust.<br \/>\u2705 <strong>Dual Mesh Coil-teknologi<\/strong> - Forbedret smak og jevnere dampproduksjon.<br \/>\u2705 <strong>Sikkerhetsfunksjon med barnesikring<\/strong> - Trygghet for sikker bruk.<\/p><p>\u00a0<\/p><h3 class=\"wp-block-heading\">Deilige smaker \u00e5 velge mellom<\/h3><p>\u2714 \ud83e\uded0 <strong>Bl\u00e5b\u00e6r bringeb\u00e6r<\/strong> - En perfekt balanse mellom s\u00f8te og syrlige b\u00e6r.<br \/>\u2714 \ud83e\udd64 <strong>Cherry Cola<\/strong> - Klassisk cola med en kirseb\u00e6rtwist.<br \/>\u2714 \ud83c\udf47\ud83c\udf53 <strong>Jordb\u00e6rdrue<\/strong> - En saftig blanding av saftige jordb\u00e6r og druer.<br \/>\u2714 \u2744\ufe0f\ud83c\udf53 <strong>Trippel b\u00e6ris<\/strong> - En forfriskende blanding av b\u00e6r med en frostig avslutning.<br \/>\u2714 \ud83e\uded0\u2744\ufe0f <strong>Bl\u00e5b\u00e6ris<\/strong> - S\u00f8te bl\u00e5b\u00e6r med en iskald kulde.<br \/>\u2714 \ud83c\udf53\ud83e\udd5d <strong>Jordb\u00e6r Kiwi<\/strong> - En tropisk blanding av jordb\u00e6r og kiwi.<br \/>\u2714 \ud83c\udf49\u2744\ufe0f <strong>Vannmelon is<\/strong> - Saftig vannmelon med en kj\u00f8lende f\u00f8lelse.<br \/>\u2714 \ud83c\udf4f\ud83c\udf47 <strong>Syrlig epledrue<\/strong> - En syrlig-s\u00f8t kombinasjon som gir full punch.<br \/>\u2714 \u26a1 <strong>Red Bull<\/strong> - Den ikoniske smaken av energidrikk i dampform.<br \/>\u2714 \ud83c\udf53\ud83c\udf49 <strong>Jordb\u00e6r vannmelon<\/strong> - En saftig duo av sommerens favorittfrukter.<br \/>\u2714 \ud83c\udf47\u2744\ufe0f <strong>Trippel drueis<\/strong> - Fet druesmak med en isete kant.<br \/>\u2714 \ud83c\udf53\ud83d\udc09 <strong>12 Jordb\u00e6r dragefrukt<\/strong> - Eksotisk dragefrukt sammen med s\u00f8te jordb\u00e6r.<\/p><p>\u00a0<\/p><h3 class=\"wp-block-heading\">Tekniske spesifikasjoner<\/h3><p>\ud83d\udd0b Batteri: 650 mAh (oppladbart)<br \/>\ud83d\udca7 E-v\u00e6ske kapasitet: 30 ml<br \/>\u2699\ufe0f Spole: Dual Mesh Coil for overlegen ytelse<br \/>\ud83d\udcca Skjerm: Smart skjerm for enkel overv\u00e5king<br \/>\ud83e\uddd2 Sikkerhet: Barnesikring inkludert<br \/>\ud83d\udce6 <strong>Rask levering fra EU-lageret:<\/strong> Levering innen bare <em>3-5 dager<\/em>!<\/p><p>\u00a0<\/p><p>Ikke n\u00f8y deg med mindre n\u00e5r du kan f\u00e5 alt! FIRE VAPE VOLCANO er din inngangsport til eksepsjonell smak, massive skyer og usl\u00e5elig ytelse. Bestill n\u00e5 og opplev neste niv\u00e5 av damping!<\/p>\t\t\t\t\t\t\t\t<\/div>\n\t\t\t\t\t<\/div>\n\t\t\t\t<\/div>\n\t\t\t\t<\/div>","protected":false},"excerpt":{"rendered":"<p>Den\u00a0<strong>FIRE VAPE VULKAN 20000\/30000<\/strong>\u00a0er den ultimate enheten for dampere som krever kraft, smak og bekvemmelighet. Med sine banebrytende funksjoner og elegante design er denne enheten perfekt for b\u00e5de nybegynnere og erfarne entusiaster.<\/p>","protected":false},"featured_media":2392,"comment_status":"open","ping_status":"closed","template":"","meta":[],"product_brand":[231],"product_cat":[237],"product_tag":[],"class_list":{"0":"post-2341","1":"product","2":"type-product","3":"status-publish","4":"has-post-thumbnail","6":"product_brand-fire-vape","7":"product_cat-disposable-vapes","8":"pa_battery-capacity-650-mah","9":"pa_charging-type-usb-c","10":"pa_e-liquid-capacity-30ml","11":"pa_power-modes-eco","12":"pa_power-modes-max","13":"pa_puff-count-approx-20000","14":"pa_puff-count-approx-30000","16":"first","17":"instock","18":"shipping-taxable","19":"purchasable","20":"product-type-variable"},"_links":{"self":[{"href":"https:\/\/vapenex.com\/no\/wp-json\/wp\/v2\/product\/2341","targetHints":{"allow":["GET"]}}],"collection":[{"href":"https:\/\/vapenex.com\/no\/wp-json\/wp\/v2\/product"}],"about":[{"href":"https:\/\/vapenex.com\/no\/wp-json\/wp\/v2\/types\/product"}],"replies":[{"embeddable":true,"href":"https:\/\/vapenex.com\/no\/wp-json\/wp\/v2\/comments?post=2341"}],"version-history":[{"count":1,"href":"https:\/\/vapenex.com\/no\/wp-json\/wp\/v2\/product\/2341\/revisions"}],"predecessor-version":[{"id":3669,"href":"https:\/\/vapenex.com\/no\/wp-json\/wp\/v2\/product\/2341\/revisions\/3669"}],"wp:featuredmedia":[{"embeddable":true,"href":"https:\/\/vapenex.com\/no\/wp-json\/wp\/v2\/media\/2392"}],"wp:attachment":[{"href":"https:\/\/vapenex.com\/no\/wp-json\/wp\/v2\/media?parent=2341"}],"wp:term":[{"taxonomy":"product_brand","embeddable":true,"href":"https:\/\/vapenex.com\/no\/wp-json\/wp\/v2\/product_brand?post=2341"},{"taxonomy":"product_cat","embeddable":true,"href":"https:\/\/vapenex.com\/no\/wp-json\/wp\/v2\/product_cat?post=2341"},{"taxonomy":"product_tag","embeddable":true,"href":"https:\/\/vapenex.com\/no\/wp-json\/wp\/v2\/product_tag?post=2341"}],"curies":[{"name":"wp","href":"https:\/\/api.w.org\/{rel}","templated":true}]}}