{"id":2420,"date":"2024-12-24T02:27:53","date_gmt":"2024-12-24T02:27:53","guid":{"rendered":"http:\/\/vapenex.com\/?post_type=product&#038;p=2420"},"modified":"2025-08-29T16:26:35","modified_gmt":"2025-08-29T16:26:35","slug":"pilot-engangs-vape-14000-28000-puffer","status":"publish","type":"product","link":"https:\/\/vapenex.com\/no\/pilot-disposable-vape-14000-28000-puffs\/","title":{"rendered":"Pilot Engangs Vape 14000\/28000 Puffer"},"content":{"rendered":"<div data-elementor-type=\"product-post\" data-elementor-id=\"2420\" class=\"elementor elementor-2420\" data-elementor-post-type=\"product\">\n\t\t\t\t<div class=\"elementor-element elementor-element-39a352f5 e-flex e-con-boxed e-con e-parent\" data-id=\"39a352f5\" data-element_type=\"container\" data-e-type=\"container\" data-settings=\"{&quot;ekit_has_onepagescroll_dot&quot;:&quot;yes&quot;}\">\n\t\t\t\t\t<div class=\"e-con-inner\">\n\t\t\t\t<div class=\"elementor-element elementor-element-5a4e4167 elementor-widget elementor-widget-text-editor\" data-id=\"5a4e4167\" data-element_type=\"widget\" data-e-type=\"widget\" data-settings=\"{&quot;ekit_we_effect_on&quot;:&quot;none&quot;}\" data-widget_type=\"text-editor.default\">\n\t\t\t\t\t\t\t\t\t<h2>Pilot Engangs Vape 28000 Puffs - Kraft, ytelse og ren smak!<\/h2>\n<p><br \/>Gj\u00f8r dampingen din enda bedre med <strong>Pilot 28000<\/strong>den ultimate engangsdamperen designet for de som krever <strong>eksepsjonell ytelse, langvarig tilfredshet og usl\u00e5elige smaker.<\/strong> Med en massiv <strong>28 000 pust<\/strong>, en sjener\u00f8s <strong>28 ml e-v\u00e6ske-kapasitet<\/strong>og en kraftig <strong>850 mAh oppladbart Type-C-batteri<\/strong>er denne dampen bygget for \u00e5 holde deg i gang uten avbrudd.<\/p>\n<h3><br \/>Hvorfor velge Pilot Vape 28000 Puffs?<\/h3>\n<p>\ud83d\udd25 <strong>Massivt antall puffer<\/strong> - Nyt opptil <strong>28 000 pust<\/strong> for langvarig damping uten \u00e5 bekymre deg for \u00e5 g\u00e5 tom.<br \/>\ud83d\udd0b <strong>Oppladbar bekvemmelighet<\/strong> - Utstyrt med <strong>850 mAh batteri og Type-C-lading<\/strong> for raske og effektive power-ups.<br \/>\ud83c\udf2a <strong>Mesh Coil-teknologi<\/strong> - Leverer <strong>rikere smaker<\/strong> og <strong>jevnere treff<\/strong> for hvert drag.<br \/>\ud83d\udca1 <strong>Smart LED-skjerm<\/strong> - Overv\u00e5k batterilevetiden og e-v\u00e6skeniv\u00e5et i sanntid.<\/p>\n<p>\u00a0<\/p>\n<p><strong>To moduser:<\/strong><\/p>\n<p>\u267b\ufe0f <strong>ECO-modus<\/strong> (28 000 pust) for lengre tids bruk.<br \/>\u26a1 <strong>MAX-modus<\/strong> (14 000 puffer) for intense og kraftige skyer.<\/p>\n<p>\u00a0<\/p>\n<h3>Opplev et utvalg av f\u00f8rsteklasses smaker for \u00e5 tilfredsstille ethvert begj\u00e6r<\/h3>\n<p>\u2705 <strong>Gummy Bear<\/strong> - S\u00f8t, seig og deilig nostalgisk.<br \/>\u2705 <strong>Sitron Lime<\/strong> - En syrlig sitrusopplevelse med en forfriskende finish.<br \/>\u2705 <strong>Bl\u00e5b\u00e6r Kirseb\u00e6r Traneb\u00e6r<\/strong> - En dynamisk blanding av syrlig, s\u00f8t og syrlig.<br \/>\u2705 <strong>Double Apple<\/strong> - Spr\u00f8, saftig epleperfeksjon.<br \/>\u2705 <strong>Orange Peach Mango<\/strong> - En tropisk fusjon for en myk og eksotisk vape.<br \/>\u2705 <strong>Strawberry Cherry Bubble Gum<\/strong> - En morsom og fruktig blanding med en tyggegummivariant.<br \/>\u2705 <strong>Bl\u00e5b\u00e6r Razz Ice<\/strong> - En kj\u00f8lig, forfriskende b\u00e6rf\u00f8lelse.<br \/>\u2705 <strong>Jordb\u00e6r vannmelon is<\/strong> - En saftig sommerblanding med et isete preg.<br \/>\u2705 <strong>Bl\u00e5b\u00e6rsur bringeb\u00e6r<\/strong> - S\u00f8tt m\u00f8ter syrlig i denne dristige b\u00e6rkombinasjonen.<br \/>\u2705 <strong>Vannmelon is<\/strong> - En forfriskende og avkj\u00f8lende vannmelon-hit.<\/p>\n<p><br \/><strong>Eksklusive priser - de beste tilbudene for bulkbestillinger!<\/strong>\u00a0<\/p>\n<p>\u00a0<\/p>\n<p>\ud83d\ude80 <strong>Rask og p\u00e5litelig frakt<\/strong> - Vi sender direkte fra v\u00e5r <strong>EU-lager<\/strong>, med levering i <strong>bare 3-5 dager!<\/strong><\/p>\n<p><br \/>Enten du er en forhandler som \u00f8nsker \u00e5 fylle opp lageret med de nyeste engangsampullene, eller en vaper p\u00e5 jakt etter det beste innen kvalitet og ytelse, <strong>Pilot 28000<\/strong> er det perfekte valget for deg.<\/p>\t\t\t\t\t\t\t\t<\/div>\n\t\t\t\t\t<\/div>\n\t\t\t\t<\/div>\n\t\t\t\t<\/div>","protected":false},"excerpt":{"rendered":"<p>Pilot DisposaStep opp din vaping game med <strong>Pilot 28000<\/strong>den ultimate engangsdamperen designet for de som krever <strong>eksepsjonell ytelse, langvarig tilfredshet og usl\u00e5elige smaker.<\/strong><\/p>","protected":false},"featured_media":2441,"comment_status":"open","ping_status":"closed","template":"","meta":[],"product_brand":[232],"product_cat":[237],"product_tag":[],"class_list":{"0":"post-2420","1":"product","2":"type-product","3":"status-publish","4":"has-post-thumbnail","6":"product_brand-pilot-vape","7":"product_cat-disposable-vapes","8":"pa_battery-capacity-850-mah","9":"pa_charging-type-usb-c","10":"pa_power-modes-eco","11":"pa_power-modes-max","12":"pa_puff-count-approx-14000","13":"pa_puff-count-approx-28000","15":"first","16":"instock","17":"shipping-taxable","18":"purchasable","19":"product-type-variable"},"_links":{"self":[{"href":"https:\/\/vapenex.com\/no\/wp-json\/wp\/v2\/product\/2420","targetHints":{"allow":["GET"]}}],"collection":[{"href":"https:\/\/vapenex.com\/no\/wp-json\/wp\/v2\/product"}],"about":[{"href":"https:\/\/vapenex.com\/no\/wp-json\/wp\/v2\/types\/product"}],"replies":[{"embeddable":true,"href":"https:\/\/vapenex.com\/no\/wp-json\/wp\/v2\/comments?post=2420"}],"version-history":[{"count":1,"href":"https:\/\/vapenex.com\/no\/wp-json\/wp\/v2\/product\/2420\/revisions"}],"predecessor-version":[{"id":3667,"href":"https:\/\/vapenex.com\/no\/wp-json\/wp\/v2\/product\/2420\/revisions\/3667"}],"wp:featuredmedia":[{"embeddable":true,"href":"https:\/\/vapenex.com\/no\/wp-json\/wp\/v2\/media\/2441"}],"wp:attachment":[{"href":"https:\/\/vapenex.com\/no\/wp-json\/wp\/v2\/media?parent=2420"}],"wp:term":[{"taxonomy":"product_brand","embeddable":true,"href":"https:\/\/vapenex.com\/no\/wp-json\/wp\/v2\/product_brand?post=2420"},{"taxonomy":"product_cat","embeddable":true,"href":"https:\/\/vapenex.com\/no\/wp-json\/wp\/v2\/product_cat?post=2420"},{"taxonomy":"product_tag","embeddable":true,"href":"https:\/\/vapenex.com\/no\/wp-json\/wp\/v2\/product_tag?post=2420"}],"curies":[{"name":"wp","href":"https:\/\/api.w.org\/{rel}","templated":true}]}}